{"id":86019,"date":"2024-04-04T11:26:23","date_gmt":"2024-04-04T09:26:23","guid":{"rendered":"https:\/\/scil-profile.de\/?post_type=product&#038;p=86019"},"modified":"2025-05-31T15:57:35","modified_gmt":"2025-05-31T13:57:35","slug":"manuskript-von-albisano","status":"publish","type":"product","link":"https:\/\/scil-profile.de\/ru\/produkt\/manuskript-von-albisano\/","title":{"rendered":"Manuskript von Albisano"},"content":{"rendered":"<div class=\"elementor-element elementor-element-6f4441b e-flex e-con-boxed e-con e-parent\" data-id=\"6f4441b\" data-element_type=\"container\" data-core-v316-plus=\"true\">\n<div class=\"e-con-inner\">\n<div class=\"elementor-element elementor-element-50c176f elementor-widget__width-initial elementor-widget elementor-widget-text-editor\" data-id=\"50c176f\" data-element_type=\"widget\" data-widget_type=\"text-editor.default\">\n<div class=\"elementor-widget-container\">\n<p><em>\u00bbSie kniet. Den Oberk\u00f6rper nach vorne gebeugt. Ihr Kopf liegt auf dem R\u00fccken der rechten Hand. Mit ihr h\u00e4lt sie den Keramikrand fest. So fest, dass sich die Haut \u00fcber den Kn\u00f6cheln wei\u00df verf\u00e4rbt. Ihr linker Arm schlingt sich wie der Tentakel eines Tintenfischs um das Toilettenbecken. Diese unangek\u00fcndigt auftretende, buchst\u00e4bliche \u00dcbelkeit ergreift nun schon seit ewigen Zeiten regelm\u00e4\u00dfig Besitz von ihr. So pl\u00f6tzlich wie sie auftritt, so schnell verschwindet sie auch wieder. Sie w\u00fcrgt an den Worten. Kein Erbrechen. Nur dieses langsam aus der Magengegend aufsteigende, allm\u00e4hlich die Kehle zuschn\u00fcrende gallige Gef\u00fchl. Der W\u00fcrgereiz sch\u00fcttelt sie. Doch die Buchstaben bleiben, wo sie sind. In ihr.\u00ab<\/em> (Manuskript von Albisano, Prolog)<\/p>\n<\/div>\n<\/div>\n<div class=\"elementor-element elementor-element-1ce81f0 elementor-widget elementor-widget-text-editor\" data-id=\"1ce81f0\" data-element_type=\"widget\" data-widget_type=\"text-editor.default\">\n<div class=\"elementor-widget-container\">\n<p>Wie viel <strong>Macht<\/strong> haben Worte? Und welche <strong>Worte<\/strong> haben Macht? Die eigenwillige Anna glaubt, \u00fcber das <strong>Wissen alter Seelen<\/strong> und\u00a0die <strong>Erkenntnis<\/strong> zu verf\u00fcgen, wie die <strong>Menschheit<\/strong> zur Umkehr und\u00a0einem friedvollen und verantwortungsbewussten <strong>Umgang mit\u00a0sich und der Welt<\/strong> bewegt werden kann. Sie will dieses Wissen\u00a0ver\u00f6ffentlichen, scheitert jedoch immer wieder an sich selbst.\u00a0Am Gardasee lernt sie den Werbetexter Alfredo kennen. In ihm\u00a0findet sie <strong>einen Verb\u00fcndeten<\/strong>, der ihr dabei hilft, ihre Einsichten\u00a0niederzuschreiben. Doch das Projekt entwickelt sich zu <strong>einer lebensbedrohenden\u00a0Gefahr<\/strong>. Geheimdienste wollen das Erscheinen\u00a0des Buches verhindern. Eingebettet in einen <strong>Thriller<\/strong> entsteht ein\u00a0<strong>Ringen um Buchstaben, Gedanken und Gef\u00fchle<\/strong> voll <strong>historischer,\u00a0politischer und philosophischer Betrachtungen<\/strong>.<\/p>\n<p><strong>Spannend, lehrreich und geheimnisvoll!<\/strong><\/p>\n<\/div>\n<\/div>\n<\/div>\n<\/div>\n","protected":false},"excerpt":{"rendered":"<p><strong>Nettopreis 23,36 \u20ac<\/strong> zzgl. 1,63 \u20ac 7% MwSt<\/p>\n<p>Wie viel <strong>Macht<\/strong> haben Worte? Und welche <strong>Worte<\/strong> haben Macht? Die eigenwillige Anna glaubt, \u00fcber das <strong>Wissen alter Seelen<\/strong> und\u00a0die <strong>Erkenntnis<\/strong> zu verf\u00fcgen, wie die <strong>Menschheit<\/strong> zur Umkehr und\u00a0einem friedvollen und verantwortungsbewussten <strong>Umgang mit\u00a0sich und der Welt<\/strong> bewegt werden kann. Sie will dieses Wissen\u00a0ver\u00f6ffentlichen, scheitert jedoch immer wieder an sich selbst.\u00a0Am Gardasee lernt sie den Werbetexter Alfredo kennen. In ihm\u00a0findet sie <strong>einen Verb\u00fcndeten<\/strong>, der ihr dabei hilft, ihre Einsichten\u00a0niederzuschreiben. Doch das Projekt entwickelt sich zu <strong>einer lebensbedrohenden\u00a0Gefahr<\/strong>. Geheimdienste wollen das Erscheinen\u00a0des Buches verhindern. Eingebettet in einen <strong>Thriller<\/strong> entsteht ein\u00a0<strong>Ringen um Buchstaben, Gedanken und Gef\u00fchle<\/strong> voll <strong>historischer,\u00a0politischer und philosophischer Betrachtungen<\/strong>.<\/p>\n<p><strong>Spannend, lehrreich und geheimnisvoll!<\/strong><\/p>\n","protected":false},"featured_media":99063,"template":"","meta":{"pmpro_default_level":""},"product_brand":[],"product_cat":[90],"product_tag":[],"class_list":{"0":"post-86019","1":"product","2":"type-product","3":"status-publish","4":"has-post-thumbnail","6":"product_cat-print","7":"pmpro-has-access","9":"first","10":"instock","11":"taxable","12":"shipping-taxable","13":"purchasable","14":"product-type-simple"},"yoast_head":"<!-- This site is optimized with the Yoast SEO plugin v27.3 - https:\/\/yoast.com\/product\/yoast-seo-wordpress\/ -->\n<title>Manuskript von Albisano - SCIL Profile<\/title>\n<meta name=\"robots\" content=\"index, follow, max-snippet:-1, max-image-preview:large, max-video-preview:-1\" \/>\n<link rel=\"canonical\" href=\"https:\/\/scil-profile.de\/produkt\/manuskript-von-albisano\/\" \/>\n<meta property=\"og:locale\" content=\"ru_RU\" \/>\n<meta property=\"og:type\" content=\"article\" \/>\n<meta property=\"og:title\" content=\"Manuskript von Albisano - SCIL Profile\" \/>\n<meta property=\"og:description\" content=\"Nettopreis 23,36 \u20ac zzgl. 1,63 \u20ac 7% MwSt  Wie viel Macht haben Worte? Und welche Worte haben Macht? Die eigenwillige Anna glaubt, \u00fcber das Wissen alter Seelen und\u00a0die Erkenntnis zu verf\u00fcgen, wie die Menschheit zur Umkehr und\u00a0einem friedvollen und verantwortungsbewussten Umgang mit\u00a0sich und der Welt bewegt werden kann. Sie will dieses Wissen\u00a0ver\u00f6ffentlichen, scheitert jedoch immer wieder an sich selbst.\u00a0Am Gardasee lernt sie den Werbetexter Alfredo kennen. In ihm\u00a0findet sie einen Verb\u00fcndeten, der ihr dabei hilft, ihre Einsichten\u00a0niederzuschreiben. Doch das Projekt entwickelt sich zu einer lebensbedrohenden\u00a0Gefahr. Geheimdienste wollen das Erscheinen\u00a0des Buches verhindern. Eingebettet in einen Thriller entsteht ein\u00a0Ringen um Buchstaben, Gedanken und Gef\u00fchle voll historischer,\u00a0politischer und philosophischer Betrachtungen.  Spannend, lehrreich und geheimnisvoll!\" \/>\n<meta property=\"og:url\" content=\"https:\/\/scil-profile.de\/produkt\/manuskript-von-albisano\/\" \/>\n<meta property=\"og:site_name\" content=\"SCIL Profile\" \/>\n<meta property=\"article:modified_time\" content=\"2025-05-31T13:57:35+00:00\" \/>\n<meta property=\"og:image\" content=\"https:\/\/scil-profile.de\/wp-content\/uploads\/2025\/01\/MMV_Mockup_Bornhaeusser_Manuskript-von-Albisano_24052024-642x1024.png\" \/>\n\t<meta property=\"og:image:width\" content=\"642\" \/>\n\t<meta property=\"og:image:height\" content=\"1024\" \/>\n\t<meta property=\"og:image:type\" content=\"image\/png\" \/>\n<meta name=\"twitter:card\" content=\"summary_large_image\" \/>\n<meta name=\"twitter:label1\" content=\"\u041f\u0440\u0438\u043c\u0435\u0440\u043d\u043e\u0435 \u0432\u0440\u0435\u043c\u044f \u0434\u043b\u044f \u0447\u0442\u0435\u043d\u0438\u044f\" \/>\n\t<meta name=\"twitter:data1\" content=\"2 \u043c\u0438\u043d\u0443\u0442\u044b\" \/>\n<script type=\"application\/ld+json\" class=\"yoast-schema-graph\">{\"@context\":\"https:\\\/\\\/schema.org\",\"@graph\":[{\"@type\":\"WebPage\",\"@id\":\"https:\\\/\\\/scil-profile.de\\\/produkt\\\/manuskript-von-albisano\\\/\",\"url\":\"https:\\\/\\\/scil-profile.de\\\/produkt\\\/manuskript-von-albisano\\\/\",\"name\":\"Manuskript von Albisano - SCIL Profile\",\"isPartOf\":{\"@id\":\"https:\\\/\\\/scil-profile.de\\\/#website\"},\"primaryImageOfPage\":{\"@id\":\"https:\\\/\\\/scil-profile.de\\\/produkt\\\/manuskript-von-albisano\\\/#primaryimage\"},\"image\":{\"@id\":\"https:\\\/\\\/scil-profile.de\\\/produkt\\\/manuskript-von-albisano\\\/#primaryimage\"},\"thumbnailUrl\":\"https:\\\/\\\/scil-profile.de\\\/wp-content\\\/uploads\\\/2025\\\/01\\\/MMV_Mockup_Bornhaeusser_Manuskript-von-Albisano_24052024.png\",\"datePublished\":\"2024-04-04T09:26:23+00:00\",\"dateModified\":\"2025-05-31T13:57:35+00:00\",\"breadcrumb\":{\"@id\":\"https:\\\/\\\/scil-profile.de\\\/produkt\\\/manuskript-von-albisano\\\/#breadcrumb\"},\"inLanguage\":\"ru-RU\",\"potentialAction\":[{\"@type\":\"ReadAction\",\"target\":[\"https:\\\/\\\/scil-profile.de\\\/produkt\\\/manuskript-von-albisano\\\/\"]}]},{\"@type\":\"ImageObject\",\"inLanguage\":\"ru-RU\",\"@id\":\"https:\\\/\\\/scil-profile.de\\\/produkt\\\/manuskript-von-albisano\\\/#primaryimage\",\"url\":\"https:\\\/\\\/scil-profile.de\\\/wp-content\\\/uploads\\\/2025\\\/01\\\/MMV_Mockup_Bornhaeusser_Manuskript-von-Albisano_24052024.png\",\"contentUrl\":\"https:\\\/\\\/scil-profile.de\\\/wp-content\\\/uploads\\\/2025\\\/01\\\/MMV_Mockup_Bornhaeusser_Manuskript-von-Albisano_24052024.png\",\"width\":1410,\"height\":2250},{\"@type\":\"BreadcrumbList\",\"@id\":\"https:\\\/\\\/scil-profile.de\\\/produkt\\\/manuskript-von-albisano\\\/#breadcrumb\",\"itemListElement\":[{\"@type\":\"ListItem\",\"position\":1,\"name\":\"Weiterbildung\",\"item\":\"https:\\\/\\\/scil-profile.de\\\/\"},{\"@type\":\"ListItem\",\"position\":2,\"name\":\"Shop\",\"item\":\"https:\\\/\\\/scil-profile.de\\\/shop\\\/\"},{\"@type\":\"ListItem\",\"position\":3,\"name\":\"Manuskript von Albisano\"}]},{\"@type\":\"WebSite\",\"@id\":\"https:\\\/\\\/scil-profile.de\\\/#website\",\"url\":\"https:\\\/\\\/scil-profile.de\\\/\",\"name\":\"SCIL Profile\",\"description\":\"Entdecke und entfalte Dein Charisma. Pers\u00f6nliche Wirkung und Wahrnehmung als Schl\u00fcssel f\u00fcr mehr Erfolg.\",\"potentialAction\":[{\"@type\":\"SearchAction\",\"target\":{\"@type\":\"EntryPoint\",\"urlTemplate\":\"https:\\\/\\\/scil-profile.de\\\/?s={search_term_string}\"},\"query-input\":{\"@type\":\"PropertyValueSpecification\",\"valueRequired\":true,\"valueName\":\"search_term_string\"}}],\"inLanguage\":\"ru-RU\"}]}<\/script>\n<!-- \/ Yoast SEO plugin. -->","yoast_head_json":{"title":"Manuskript von Albisano - SCIL Profile","robots":{"index":"index","follow":"follow","max-snippet":"max-snippet:-1","max-image-preview":"max-image-preview:large","max-video-preview":"max-video-preview:-1"},"canonical":"https:\/\/scil-profile.de\/produkt\/manuskript-von-albisano\/","og_locale":"ru_RU","og_type":"article","og_title":"Manuskript von Albisano - SCIL Profile","og_description":"Nettopreis 23,36 \u20ac zzgl. 1,63 \u20ac 7% MwSt  Wie viel Macht haben Worte? Und welche Worte haben Macht? Die eigenwillige Anna glaubt, \u00fcber das Wissen alter Seelen und\u00a0die Erkenntnis zu verf\u00fcgen, wie die Menschheit zur Umkehr und\u00a0einem friedvollen und verantwortungsbewussten Umgang mit\u00a0sich und der Welt bewegt werden kann. Sie will dieses Wissen\u00a0ver\u00f6ffentlichen, scheitert jedoch immer wieder an sich selbst.\u00a0Am Gardasee lernt sie den Werbetexter Alfredo kennen. In ihm\u00a0findet sie einen Verb\u00fcndeten, der ihr dabei hilft, ihre Einsichten\u00a0niederzuschreiben. Doch das Projekt entwickelt sich zu einer lebensbedrohenden\u00a0Gefahr. Geheimdienste wollen das Erscheinen\u00a0des Buches verhindern. Eingebettet in einen Thriller entsteht ein\u00a0Ringen um Buchstaben, Gedanken und Gef\u00fchle voll historischer,\u00a0politischer und philosophischer Betrachtungen.  Spannend, lehrreich und geheimnisvoll!","og_url":"https:\/\/scil-profile.de\/produkt\/manuskript-von-albisano\/","og_site_name":"SCIL Profile","article_modified_time":"2025-05-31T13:57:35+00:00","og_image":[{"width":642,"height":1024,"url":"https:\/\/scil-profile.de\/wp-content\/uploads\/2025\/01\/MMV_Mockup_Bornhaeusser_Manuskript-von-Albisano_24052024-642x1024.png","type":"image\/png"}],"twitter_card":"summary_large_image","twitter_misc":{"\u041f\u0440\u0438\u043c\u0435\u0440\u043d\u043e\u0435 \u0432\u0440\u0435\u043c\u044f \u0434\u043b\u044f \u0447\u0442\u0435\u043d\u0438\u044f":"2 \u043c\u0438\u043d\u0443\u0442\u044b"},"schema":{"@context":"https:\/\/schema.org","@graph":[{"@type":"WebPage","@id":"https:\/\/scil-profile.de\/produkt\/manuskript-von-albisano\/","url":"https:\/\/scil-profile.de\/produkt\/manuskript-von-albisano\/","name":"Manuskript von Albisano - SCIL Profile","isPartOf":{"@id":"https:\/\/scil-profile.de\/#website"},"primaryImageOfPage":{"@id":"https:\/\/scil-profile.de\/produkt\/manuskript-von-albisano\/#primaryimage"},"image":{"@id":"https:\/\/scil-profile.de\/produkt\/manuskript-von-albisano\/#primaryimage"},"thumbnailUrl":"https:\/\/scil-profile.de\/wp-content\/uploads\/2025\/01\/MMV_Mockup_Bornhaeusser_Manuskript-von-Albisano_24052024.png","datePublished":"2024-04-04T09:26:23+00:00","dateModified":"2025-05-31T13:57:35+00:00","breadcrumb":{"@id":"https:\/\/scil-profile.de\/produkt\/manuskript-von-albisano\/#breadcrumb"},"inLanguage":"ru-RU","potentialAction":[{"@type":"ReadAction","target":["https:\/\/scil-profile.de\/produkt\/manuskript-von-albisano\/"]}]},{"@type":"ImageObject","inLanguage":"ru-RU","@id":"https:\/\/scil-profile.de\/produkt\/manuskript-von-albisano\/#primaryimage","url":"https:\/\/scil-profile.de\/wp-content\/uploads\/2025\/01\/MMV_Mockup_Bornhaeusser_Manuskript-von-Albisano_24052024.png","contentUrl":"https:\/\/scil-profile.de\/wp-content\/uploads\/2025\/01\/MMV_Mockup_Bornhaeusser_Manuskript-von-Albisano_24052024.png","width":1410,"height":2250},{"@type":"BreadcrumbList","@id":"https:\/\/scil-profile.de\/produkt\/manuskript-von-albisano\/#breadcrumb","itemListElement":[{"@type":"ListItem","position":1,"name":"Weiterbildung","item":"https:\/\/scil-profile.de\/"},{"@type":"ListItem","position":2,"name":"Shop","item":"https:\/\/scil-profile.de\/shop\/"},{"@type":"ListItem","position":3,"name":"Manuskript von Albisano"}]},{"@type":"WebSite","@id":"https:\/\/scil-profile.de\/#website","url":"https:\/\/scil-profile.de\/","name":"SCIL Profile","description":"Entdecke und entfalte Dein Charisma. Pers\u00f6nliche Wirkung und Wahrnehmung als Schl\u00fcssel f\u00fcr mehr Erfolg.","potentialAction":[{"@type":"SearchAction","target":{"@type":"EntryPoint","urlTemplate":"https:\/\/scil-profile.de\/?s={search_term_string}"},"query-input":{"@type":"PropertyValueSpecification","valueRequired":true,"valueName":"search_term_string"}}],"inLanguage":"ru-RU"}]}},"_links":{"self":[{"href":"https:\/\/scil-profile.de\/ru\/wp-json\/wp\/v2\/product\/86019","targetHints":{"allow":["GET"]}}],"collection":[{"href":"https:\/\/scil-profile.de\/ru\/wp-json\/wp\/v2\/product"}],"about":[{"href":"https:\/\/scil-profile.de\/ru\/wp-json\/wp\/v2\/types\/product"}],"wp:featuredmedia":[{"embeddable":true,"href":"https:\/\/scil-profile.de\/ru\/wp-json\/wp\/v2\/media\/99063"}],"wp:attachment":[{"href":"https:\/\/scil-profile.de\/ru\/wp-json\/wp\/v2\/media?parent=86019"}],"wp:term":[{"taxonomy":"product_brand","embeddable":true,"href":"https:\/\/scil-profile.de\/ru\/wp-json\/wp\/v2\/product_brand?post=86019"},{"taxonomy":"product_cat","embeddable":true,"href":"https:\/\/scil-profile.de\/ru\/wp-json\/wp\/v2\/product_cat?post=86019"},{"taxonomy":"product_tag","embeddable":true,"href":"https:\/\/scil-profile.de\/ru\/wp-json\/wp\/v2\/product_tag?post=86019"}],"curies":[{"name":"wp","href":"https:\/\/api.w.org\/{rel}","templated":true}]}}