{"id":85324,"date":"2025-10-27T11:00:55","date_gmt":"2025-10-27T10:00:55","guid":{"rendered":"https:\/\/scil-profile.de\/?post_type=product&#038;p=85324"},"modified":"2025-11-08T09:44:09","modified_gmt":"2025-11-08T08:44:09","slug":"deeptalkspecial","status":"publish","type":"product","link":"https:\/\/scil-profile.de\/ru\/produkt\/deeptalkspecial\/","title":{"rendered":"DeepTalk-Special"},"content":{"rendered":"<p>Dieses Angebot, das gesamte Programm f\u00fcr 570,00 \u20ac statt f\u00fcr 1.950 \u20ac buchen zu k\u00f6nnen, machen wir exklusiv den G\u00e4ste des DeepTalks vom 04. November 2025. Du kannst Dich gerne jederzeit <span style=\"color: #0000ff;\"><a href=\"https:\/\/scil-profile.de\/deeptalk\" style=\"color: #0000ff;\"><strong>hi<\/strong><strong>er f\u00fcr die kostenlose Teilnahme am DeepTalk anmelden. <\/strong><\/a><\/span>Diese Sonderkonditionen gelten vom 05. bis 07.11.2025. Selbstverst\u00e4mdlich ist das Package vorher und nachher auch zum regul\u00e4ren Preis buchbar.<\/p>\n<p><img fetchpriority=\"high\" decoding=\"async\" src=\"https:\/\/scil-profile.de\/wp-content\/uploads\/2024\/03\/Bildschirmfoto-2024-03-01-um-15.01.09.png\" alt=\"\" width=\"379\" height=\"293\" class=\" wp-image-85330 alignleft\" srcset=\"https:\/\/scil-profile.de\/wp-content\/uploads\/2024\/03\/Bildschirmfoto-2024-03-01-um-15.01.09.png 479w, https:\/\/scil-profile.de\/wp-content\/uploads\/2024\/03\/Bildschirmfoto-2024-03-01-um-15.01.09-300x232.png 300w\" sizes=\"(max-width: 379px) 100vw, 379px\" \/><span><\/span><\/p>\n<p><span>Lass Dir Dein pers\u00f6nliches SCIL Profile erstellen. Du bekommst ein exaktes wissenschaftlich fundiertes Bild der aktuellen Auspr\u00e4gungen Deiner kommunikativen Intelligenz. Und mit dem<\/span> SCIL Profile Videocoaching trainierst Du die Erweiterung des entsprechenden Repertoires. Du sch\u00e4rfst Deine Wahrnehmung und st\u00e4rkst Deine Wirkung. Du gewinnst an Ausstrahlung. Anziehungskraft und Souver\u00e4nit\u00e4t. Damit Du in Zukunft noch \u00f6fter so wirkst, wie Du willst und noch mehr Menschen f\u00fcr Dich und Deine Sache gewinnst. Das DeepTalk-Special enth\u00e4lt<\/p>\n<ol>\n<li>Aufzeichnung des DeepTalks (zum Download)<\/li>\n<li>SCIL Profile Tiefenevaluation<\/li>\n<li>Auswertungsgespr\u00e4ch (via ZOOM-Call) mit Andreas Bornh\u00e4u\u00dfer, dem Urheber und Lizenzgeber des SCIL Profile<\/li>\n<li>34-seitige Dokumentation des Auswertungsergebnisses<strong> (Einzelpreis der ersten drei Positionen: \u20ac 720)<\/strong><\/li>\n<li>ein aus 16 Lektionen bestehendes interaktives Selbstlern-Programm, inkl. Tests, \u00dcbungssequenzen und Arbeitsmaterialien<\/li>\n<li>Feedbacks von Deinem Tutor zu den diversen von Dir eingereichten \u00dcbungsaufgaben <strong>(Einzelpreis der Positionen 5 und 6: \u20ac 980)<\/strong><\/li>\n<li>zum guten Schluss des Selbstlern-Programms (sp\u00e4t. nach zwei Jahren) eine zweite SCIL Profile Tiefenevaluation<\/li>\n<li>\u00a0Abschlussgespr\u00e4ch inkl. \u00dcbergabe des zweiten Evaluationsergebnisses <strong>(Einzelpreis der Positionen 7 und 8: \u20ac 720)<\/strong><\/li>\n<\/ol>\n<p><strong>Gesamtsumme der einzelnen Positionen: 2.420 \u20ac | Paketpreis: 1.950 \u20ac<\/strong><\/p>\n<p><span>Die SCIL Profile Diagnostik ist das von Andreas Bornh\u00e4u\u00dfer entwickelte Konzept zur objektiven Bestimmung der Wahrnehmung und Wirkung von Menschen. 150 Partner arbeiten in sieben L\u00e4ndern und vier Sprachen damit. Rund 40.000 Menschen haben in einem Zeitraum von 30 Jahren an den Testverfahren teilgenommen und damit zur wissenschaftlichen Absicherung der Diagnostik beigetragen. Im Gegensatz zu den g\u00e4ngigen Analysen und Diagnostik-Intrumentarien geht es hier nicht um\u00a0 das schematische\u00a0 Abbilden eines unver\u00e4nderbaren\u00a0 \u201eProfils\u201c. Vielmehr werden das momentane Wahrnehmungs- und Wirkungsrepertoire erfasst und konkrete Hilfestellungen abgeleitet, die dieses individuelle Repertoire erweitern helfen.<\/span><\/p>\n<p>Auf Basis Deines Profils kannst Du mit dem Videocoachingprogramm\u00a0 gezielt Deine Ausstrahlung und Anziehungskraft trainieren und Dein bestehendes Wirkungs- und Wahrnehmungs-Repertoire erweitern. Insgesamt 16 Lektionen mit zahlreichen interaktiven Lerneinheiten, Videos, \u00dcbungsaufgaben und Arbeitsmaterialien stehen Dir zwei Jahre lang zur Verf\u00fcgung zu den f\u00fcr kommunikative Intelligenz relevanten Kompetenzen<\/p>\n<ul>\n<li>Emotionalit\u00e4t<\/li>\n<li>Gestik<\/li>\n<li>Strukturiertheit<\/li>\n<li>Bildhaftigkeit<\/li>\n<li>Innere Pr\u00e4senz<\/li>\n<li>Erscheinungsbild<\/li>\n<li>Analytik<\/li>\n<li>Beredsamkeit<\/li>\n<li>Prozessorientierung<\/li>\n<li>R\u00e4umliche Pr\u00e4senz<\/li>\n<li>Sachlichkeit<\/li>\n<li>Artikulation<\/li>\n<li>Innere \u00dcberzeugung<\/li>\n<li>Mimik<\/li>\n<li>Zielorientierung<\/li>\n<li>Stimme<\/li>\n<\/ul>\n<p>Zu jedem Modul stehen diverse schriftliche \u00dcbungsmaterialien sowie ein Dokument \u201cDas Wichtigste in K\u00fcrze\u201d f\u00fcr Dich bereit, das die wichtigsten Inhalte des jeweiligen Moduls in der gebotenen K\u00fcrze beschreibt. Mit Bestellung des DeepTalk-Special erwirbst Du eine 2-j\u00e4hrige Nutzungs-Lizenz. Sp\u00e4testens 12 Stunden nach Bestellung und Bezahlung bekommst Du von uns Deinen Lizenzcode und alle weiteren notwendigen Informationen per eMail geschickt, damit Du sofort damit beginnen kannst Deine kommunikative Intelligenz zu trainieren.<\/p>\n<p><a href=\"https:\/\/scil-profile.de\/wp-content\/uploads\/2025\/10\/Schweitzer_Schweitzer-Forum_2025_Ausgabe-2-Mit-KI-ist-alles-drin.pdf\"><img decoding=\"async\" src=\"https:\/\/scil-profile.de\/wp-content\/uploads\/2024\/03\/KI_Titel-298x300.jpg\" alt=\"\" width=\"394\" height=\"397\" class=\"wp-image-118507 alignleft\" srcset=\"https:\/\/scil-profile.de\/wp-content\/uploads\/2024\/03\/KI_Titel-298x300.jpg 298w, https:\/\/scil-profile.de\/wp-content\/uploads\/2024\/03\/KI_Titel-150x150.jpg 150w, https:\/\/scil-profile.de\/wp-content\/uploads\/2024\/03\/KI_Titel-768x773.jpg 768w, https:\/\/scil-profile.de\/wp-content\/uploads\/2024\/03\/KI_Titel-624x628.jpg 624w, https:\/\/scil-profile.de\/wp-content\/uploads\/2024\/03\/KI_Titel-600x604.jpg 600w, https:\/\/scil-profile.de\/wp-content\/uploads\/2024\/03\/KI_Titel-100x100.jpg 100w, https:\/\/scil-profile.de\/wp-content\/uploads\/2024\/03\/KI_Titel.jpg 919w\" sizes=\"(max-width: 394px) 100vw, 394px\" \/><\/a>Und wenn Du zus\u00e4tzlich einige Gedankenanst\u00f6\u00dfe dazu haben m\u00f6chtest, warum gerade in Zeiten von k\u00fcnstlicher Intelligenz die analoge kommunikative Intelligenz immer wichtiger wird, lade Dir einenerst k\u00fcrzlich dazu von Andreas Bornh\u00e4u\u00dfer ver\u00f6ffntlichten Artikel herunter. Klicke dazu auf das Bild mit der Textzeile &#8220;Mit KI ist alles drin&#8221;.<\/p>\n<p>&nbsp;<\/p>\n<h6><\/h6>\n<h6><\/h6>\n<h6><\/h6>\n<h6><\/h6>\n<h6><\/h6>\n<h6><\/h6>\n<h6><\/h6>\n<h6><\/h6>\n<h6><strong>Ausschlu\u00df des Widerruffrechts:<\/strong><\/h6>\n<h6><strong>Es wird an dieser Stelle ausdr\u00fccklich darauf hingewiesen, dass das Widerrufsrecht erlischt, sobald\u00a0 die jeweiligen Kurse\u00a0 und\/oder Lizenzcodes f\u00fcr die Nutzung von Analyse-Tools freigeschaltet wurden. Der Zeitpunkt der Mitteilung \u00fcber die Freischaltung an die Kundin\/den Kunden gilt als Beginn der Ausf\u00fchrung des Vertrages. Geleistete Zahlungen werden ab diesem Zeitpunkt nicht zur\u00fcckerstattet. Siehe dazu auch unsere rechtskonforme Widerrusbelehrung: <a href=\"https:\/\/scil-profile.de\/ueber-uns\/widerrufsbelehrung\/\">https:\/\/scil-profile.de\/ueber-uns\/widerrufsbelehrung\/<\/a><\/strong><\/h6>\n<p>&nbsp;<\/p>\n","protected":false},"excerpt":{"rendered":"<p><strong>Nettopreis 1.638,66 \u20ac<\/strong> zzgl. 311,34 \u20ac 19% MwSt<\/p>\n<p>Kommunikative Intelligenz ist mehr als nur gefragt. Sie ist extrem hilfreich und n\u00fctzlich. Damit Du Missverst\u00e4ndnisse auf ein Minimum reduzieren kannst. Damit Du Konflikte, Streit und Stress weitgehend vermeidest. Damit bei den Empf\u00e4ngern das, was Du sendest, genau so gut ankommt, wie Du es gemeint hast. F\u00fcr alles das und noch viel mehr lohnt es sich, die Auspr\u00e4gungen Deiner pers\u00f6nlichen kommunikativen Intelligenz genau zu analysieren, so Deine Leistungsreserven und Handlungsfelder exakt zu bestimmen und sie in der Folge gezielt bearbeiten und trainieren zu k\u00f6nnen. So sch\u00e4rfst Du Deine Wahrnehmung. Dadurch st\u00e4rkst Du Deine Wirkung. Und schlie\u00dflich gewinnst Du an Ausstrahlung, Anziehungskraft und Souver\u00e4nit\u00e4t.<\/p>\n<h6><strong>Ausschlu\u00df des Widerruffrechts:<\/strong><\/h6>\n<h6><strong>Es wird an dieser Stelle ausdr\u00fccklich darauf hingewiesen, dass das Widerrufsrecht erlischt, sobald\u00a0 die jeweiligen Kurse\u00a0 und\/oder Lizenzcodes f\u00fcr die Nutzung von Analyse-Tools freigeschaltet wurden. Der Zeitpunkt der Mitteilung \u00fcber die Freischaltung an die Kundin\/den Kunden gilt als Beginn der Ausf\u00fchrung des Vertrages. Geleistete Zahlungen werden ab diesem Zeitpunkt nicht zur\u00fcckerstattet. <\/strong><strong>Siehe dazu auch unsere rechtskonforme Widerrufsbelehrung: <a href=\"https:\/\/scil-profile.de\/ueber-uns\/widerrufsbelehrung\/\">https:\/\/scil-profile.de\/ueber-uns\/widerrufsbelehrung\/<\/a><\/strong><\/h6>\n<h6><strong>\u00a0<\/strong><\/h6>\n","protected":false},"featured_media":118503,"template":"","meta":{"pmpro_default_level":""},"product_brand":[],"product_cat":[111,139],"product_tag":[],"class_list":{"0":"post-85324","1":"product","2":"type-product","3":"status-publish","4":"has-post-thumbnail","6":"product_cat-webbasiert","7":"product_cat-scil-profile","8":"pmpro-has-access","10":"first","11":"instock","12":"featured","13":"taxable","14":"shipping-taxable","15":"purchasable","16":"product-type-simple"},"yoast_head":"<!-- This site is optimized with the Yoast SEO plugin v27.3 - https:\/\/yoast.com\/product\/yoast-seo-wordpress\/ -->\n<title>DeepTalk-Special - SCIL Profile<\/title>\n<meta name=\"robots\" content=\"index, follow, max-snippet:-1, max-image-preview:large, max-video-preview:-1\" \/>\n<link rel=\"canonical\" href=\"https:\/\/scil-profile.de\/produkt\/deeptalkspecial\/\" \/>\n<meta property=\"og:locale\" content=\"ru_RU\" \/>\n<meta property=\"og:type\" content=\"article\" \/>\n<meta property=\"og:title\" content=\"DeepTalk-Special - SCIL Profile\" \/>\n<meta property=\"og:description\" content=\"Nettopreis 1.638,66 \u20ac zzgl. 311,34 \u20ac 19% MwSt  Kommunikative Intelligenz ist mehr als nur gefragt. Sie ist extrem hilfreich und n\u00fctzlich. Damit Du Missverst\u00e4ndnisse auf ein Minimum reduzieren kannst. Damit Du Konflikte, Streit und Stress weitgehend vermeidest. Damit bei den Empf\u00e4ngern das, was Du sendest, genau so gut ankommt, wie Du es gemeint hast. F\u00fcr alles das und noch viel mehr lohnt es sich, die Auspr\u00e4gungen Deiner pers\u00f6nlichen kommunikativen Intelligenz genau zu analysieren, so Deine Leistungsreserven und Handlungsfelder exakt zu bestimmen und sie in der Folge gezielt bearbeiten und trainieren zu k\u00f6nnen. So sch\u00e4rfst Du Deine Wahrnehmung. Dadurch st\u00e4rkst Du Deine Wirkung. Und schlie\u00dflich gewinnst Du an Ausstrahlung, Anziehungskraft und Souver\u00e4nit\u00e4t. Ausschlu\u00df des Widerruffrechts: Es wird an dieser Stelle ausdr\u00fccklich darauf hingewiesen, dass das Widerrufsrecht erlischt, sobald\u00a0 die jeweiligen Kurse\u00a0 und\/oder Lizenzcodes f\u00fcr die Nutzung von Analyse-Tools freigeschaltet wurden. Der Zeitpunkt der Mitteilung \u00fcber die Freischaltung an die Kundin\/den Kunden gilt als Beginn der Ausf\u00fchrung des Vertrages. Geleistete Zahlungen werden ab diesem Zeitpunkt nicht zur\u00fcckerstattet. Siehe dazu auch unsere rechtskonforme Widerrufsbelehrung: https:\/\/scil-profile.de\/ueber-uns\/widerrufsbelehrung\/ \u00a0\" \/>\n<meta property=\"og:url\" content=\"https:\/\/scil-profile.de\/produkt\/deeptalkspecial\/\" \/>\n<meta property=\"og:site_name\" content=\"SCIL Profile\" \/>\n<meta property=\"article:modified_time\" content=\"2025-11-08T08:44:09+00:00\" \/>\n<meta property=\"og:image\" content=\"https:\/\/scil-profile.de\/wp-content\/uploads\/2024\/03\/DeepTalk_Logo_schmal.png\" \/>\n\t<meta property=\"og:image:width\" content=\"1110\" \/>\n\t<meta property=\"og:image:height\" content=\"500\" \/>\n\t<meta property=\"og:image:type\" content=\"image\/png\" \/>\n<meta name=\"twitter:card\" content=\"summary_large_image\" \/>\n<meta name=\"twitter:label1\" content=\"\u041f\u0440\u0438\u043c\u0435\u0440\u043d\u043e\u0435 \u0432\u0440\u0435\u043c\u044f \u0434\u043b\u044f \u0447\u0442\u0435\u043d\u0438\u044f\" \/>\n\t<meta name=\"twitter:data1\" content=\"4 \u043c\u0438\u043d\u0443\u0442\u044b\" \/>\n<script type=\"application\/ld+json\" class=\"yoast-schema-graph\">{\"@context\":\"https:\\\/\\\/schema.org\",\"@graph\":[{\"@type\":\"WebPage\",\"@id\":\"https:\\\/\\\/scil-profile.de\\\/produkt\\\/deeptalkspecial\\\/\",\"url\":\"https:\\\/\\\/scil-profile.de\\\/produkt\\\/deeptalkspecial\\\/\",\"name\":\"DeepTalk-Special - SCIL Profile\",\"isPartOf\":{\"@id\":\"https:\\\/\\\/scil-profile.de\\\/#website\"},\"primaryImageOfPage\":{\"@id\":\"https:\\\/\\\/scil-profile.de\\\/produkt\\\/deeptalkspecial\\\/#primaryimage\"},\"image\":{\"@id\":\"https:\\\/\\\/scil-profile.de\\\/produkt\\\/deeptalkspecial\\\/#primaryimage\"},\"thumbnailUrl\":\"https:\\\/\\\/scil-profile.de\\\/wp-content\\\/uploads\\\/2024\\\/03\\\/DeepTalk_Logo_schmal.png\",\"datePublished\":\"2025-10-27T10:00:55+00:00\",\"dateModified\":\"2025-11-08T08:44:09+00:00\",\"breadcrumb\":{\"@id\":\"https:\\\/\\\/scil-profile.de\\\/produkt\\\/deeptalkspecial\\\/#breadcrumb\"},\"inLanguage\":\"ru-RU\",\"potentialAction\":[{\"@type\":\"ReadAction\",\"target\":[\"https:\\\/\\\/scil-profile.de\\\/produkt\\\/deeptalkspecial\\\/\"]}]},{\"@type\":\"ImageObject\",\"inLanguage\":\"ru-RU\",\"@id\":\"https:\\\/\\\/scil-profile.de\\\/produkt\\\/deeptalkspecial\\\/#primaryimage\",\"url\":\"https:\\\/\\\/scil-profile.de\\\/wp-content\\\/uploads\\\/2024\\\/03\\\/DeepTalk_Logo_schmal.png\",\"contentUrl\":\"https:\\\/\\\/scil-profile.de\\\/wp-content\\\/uploads\\\/2024\\\/03\\\/DeepTalk_Logo_schmal.png\",\"width\":1110,\"height\":500},{\"@type\":\"BreadcrumbList\",\"@id\":\"https:\\\/\\\/scil-profile.de\\\/produkt\\\/deeptalkspecial\\\/#breadcrumb\",\"itemListElement\":[{\"@type\":\"ListItem\",\"position\":1,\"name\":\"Weiterbildung\",\"item\":\"https:\\\/\\\/scil-profile.de\\\/\"},{\"@type\":\"ListItem\",\"position\":2,\"name\":\"Shop\",\"item\":\"https:\\\/\\\/scil-profile.de\\\/shop\\\/\"},{\"@type\":\"ListItem\",\"position\":3,\"name\":\"DeepTalk-Special\"}]},{\"@type\":\"WebSite\",\"@id\":\"https:\\\/\\\/scil-profile.de\\\/#website\",\"url\":\"https:\\\/\\\/scil-profile.de\\\/\",\"name\":\"SCIL Profile\",\"description\":\"Entdecke und entfalte Dein Charisma. Pers\u00f6nliche Wirkung und Wahrnehmung als Schl\u00fcssel f\u00fcr mehr Erfolg.\",\"potentialAction\":[{\"@type\":\"SearchAction\",\"target\":{\"@type\":\"EntryPoint\",\"urlTemplate\":\"https:\\\/\\\/scil-profile.de\\\/?s={search_term_string}\"},\"query-input\":{\"@type\":\"PropertyValueSpecification\",\"valueRequired\":true,\"valueName\":\"search_term_string\"}}],\"inLanguage\":\"ru-RU\"}]}<\/script>\n<!-- \/ Yoast SEO plugin. -->","yoast_head_json":{"title":"DeepTalk-Special - SCIL Profile","robots":{"index":"index","follow":"follow","max-snippet":"max-snippet:-1","max-image-preview":"max-image-preview:large","max-video-preview":"max-video-preview:-1"},"canonical":"https:\/\/scil-profile.de\/produkt\/deeptalkspecial\/","og_locale":"ru_RU","og_type":"article","og_title":"DeepTalk-Special - SCIL Profile","og_description":"Nettopreis 1.638,66 \u20ac zzgl. 311,34 \u20ac 19% MwSt  Kommunikative Intelligenz ist mehr als nur gefragt. Sie ist extrem hilfreich und n\u00fctzlich. Damit Du Missverst\u00e4ndnisse auf ein Minimum reduzieren kannst. Damit Du Konflikte, Streit und Stress weitgehend vermeidest. Damit bei den Empf\u00e4ngern das, was Du sendest, genau so gut ankommt, wie Du es gemeint hast. F\u00fcr alles das und noch viel mehr lohnt es sich, die Auspr\u00e4gungen Deiner pers\u00f6nlichen kommunikativen Intelligenz genau zu analysieren, so Deine Leistungsreserven und Handlungsfelder exakt zu bestimmen und sie in der Folge gezielt bearbeiten und trainieren zu k\u00f6nnen. So sch\u00e4rfst Du Deine Wahrnehmung. Dadurch st\u00e4rkst Du Deine Wirkung. Und schlie\u00dflich gewinnst Du an Ausstrahlung, Anziehungskraft und Souver\u00e4nit\u00e4t. Ausschlu\u00df des Widerruffrechts: Es wird an dieser Stelle ausdr\u00fccklich darauf hingewiesen, dass das Widerrufsrecht erlischt, sobald\u00a0 die jeweiligen Kurse\u00a0 und\/oder Lizenzcodes f\u00fcr die Nutzung von Analyse-Tools freigeschaltet wurden. Der Zeitpunkt der Mitteilung \u00fcber die Freischaltung an die Kundin\/den Kunden gilt als Beginn der Ausf\u00fchrung des Vertrages. Geleistete Zahlungen werden ab diesem Zeitpunkt nicht zur\u00fcckerstattet. Siehe dazu auch unsere rechtskonforme Widerrufsbelehrung: https:\/\/scil-profile.de\/ueber-uns\/widerrufsbelehrung\/ \u00a0","og_url":"https:\/\/scil-profile.de\/produkt\/deeptalkspecial\/","og_site_name":"SCIL Profile","article_modified_time":"2025-11-08T08:44:09+00:00","og_image":[{"width":1110,"height":500,"url":"https:\/\/scil-profile.de\/wp-content\/uploads\/2024\/03\/DeepTalk_Logo_schmal.png","type":"image\/png"}],"twitter_card":"summary_large_image","twitter_misc":{"\u041f\u0440\u0438\u043c\u0435\u0440\u043d\u043e\u0435 \u0432\u0440\u0435\u043c\u044f \u0434\u043b\u044f \u0447\u0442\u0435\u043d\u0438\u044f":"4 \u043c\u0438\u043d\u0443\u0442\u044b"},"schema":{"@context":"https:\/\/schema.org","@graph":[{"@type":"WebPage","@id":"https:\/\/scil-profile.de\/produkt\/deeptalkspecial\/","url":"https:\/\/scil-profile.de\/produkt\/deeptalkspecial\/","name":"DeepTalk-Special - SCIL Profile","isPartOf":{"@id":"https:\/\/scil-profile.de\/#website"},"primaryImageOfPage":{"@id":"https:\/\/scil-profile.de\/produkt\/deeptalkspecial\/#primaryimage"},"image":{"@id":"https:\/\/scil-profile.de\/produkt\/deeptalkspecial\/#primaryimage"},"thumbnailUrl":"https:\/\/scil-profile.de\/wp-content\/uploads\/2024\/03\/DeepTalk_Logo_schmal.png","datePublished":"2025-10-27T10:00:55+00:00","dateModified":"2025-11-08T08:44:09+00:00","breadcrumb":{"@id":"https:\/\/scil-profile.de\/produkt\/deeptalkspecial\/#breadcrumb"},"inLanguage":"ru-RU","potentialAction":[{"@type":"ReadAction","target":["https:\/\/scil-profile.de\/produkt\/deeptalkspecial\/"]}]},{"@type":"ImageObject","inLanguage":"ru-RU","@id":"https:\/\/scil-profile.de\/produkt\/deeptalkspecial\/#primaryimage","url":"https:\/\/scil-profile.de\/wp-content\/uploads\/2024\/03\/DeepTalk_Logo_schmal.png","contentUrl":"https:\/\/scil-profile.de\/wp-content\/uploads\/2024\/03\/DeepTalk_Logo_schmal.png","width":1110,"height":500},{"@type":"BreadcrumbList","@id":"https:\/\/scil-profile.de\/produkt\/deeptalkspecial\/#breadcrumb","itemListElement":[{"@type":"ListItem","position":1,"name":"Weiterbildung","item":"https:\/\/scil-profile.de\/"},{"@type":"ListItem","position":2,"name":"Shop","item":"https:\/\/scil-profile.de\/shop\/"},{"@type":"ListItem","position":3,"name":"DeepTalk-Special"}]},{"@type":"WebSite","@id":"https:\/\/scil-profile.de\/#website","url":"https:\/\/scil-profile.de\/","name":"SCIL Profile","description":"Entdecke und entfalte Dein Charisma. Pers\u00f6nliche Wirkung und Wahrnehmung als Schl\u00fcssel f\u00fcr mehr Erfolg.","potentialAction":[{"@type":"SearchAction","target":{"@type":"EntryPoint","urlTemplate":"https:\/\/scil-profile.de\/?s={search_term_string}"},"query-input":{"@type":"PropertyValueSpecification","valueRequired":true,"valueName":"search_term_string"}}],"inLanguage":"ru-RU"}]}},"_links":{"self":[{"href":"https:\/\/scil-profile.de\/ru\/wp-json\/wp\/v2\/product\/85324","targetHints":{"allow":["GET"]}}],"collection":[{"href":"https:\/\/scil-profile.de\/ru\/wp-json\/wp\/v2\/product"}],"about":[{"href":"https:\/\/scil-profile.de\/ru\/wp-json\/wp\/v2\/types\/product"}],"wp:featuredmedia":[{"embeddable":true,"href":"https:\/\/scil-profile.de\/ru\/wp-json\/wp\/v2\/media\/118503"}],"wp:attachment":[{"href":"https:\/\/scil-profile.de\/ru\/wp-json\/wp\/v2\/media?parent=85324"}],"wp:term":[{"taxonomy":"product_brand","embeddable":true,"href":"https:\/\/scil-profile.de\/ru\/wp-json\/wp\/v2\/product_brand?post=85324"},{"taxonomy":"product_cat","embeddable":true,"href":"https:\/\/scil-profile.de\/ru\/wp-json\/wp\/v2\/product_cat?post=85324"},{"taxonomy":"product_tag","embeddable":true,"href":"https:\/\/scil-profile.de\/ru\/wp-json\/wp\/v2\/product_tag?post=85324"}],"curies":[{"name":"wp","href":"https:\/\/api.w.org\/{rel}","templated":true}]}}