{"id":80546,"date":"2024-01-03T16:04:19","date_gmt":"2024-01-03T15:04:19","guid":{"rendered":"https:\/\/scil-profile.de\/?post_type=product&#038;p=80546"},"modified":"2026-02-18T15:10:02","modified_gmt":"2026-02-18T14:10:02","slug":"ok-coaching-lingua-frequenz-artikulation","status":"publish","type":"product","link":"https:\/\/scil-profile.de\/ru\/produkt\/ok-coaching-lingua-frequenz-artikulation\/","title":{"rendered":"OK Coaching | Lingua Frequenz Artikulation"},"content":{"rendered":"<strong>OK-Coaching<\/strong> ist die Abk\u00fcrzung f\u00fcr <strong><em>O<\/em><\/strong>nline<strong><em>K<\/em><\/strong>ommunikations-Coaching. <strong>Dieser Kurs besteht aus insgesamt 4 Lektionen, 25 Themenmodulen und enth\u00e4lt 8 unterschiedlich schwierige Tests bzw. interaktive Elemente<em>.<\/em><\/strong> Ziel des Kurses ist es, Dein Kommunikationsrepertoire auf der Lingua-Frequenz <strong>Artikulation<\/strong>\u00a0 zu festigen und zu erweitern. Und zwar so, wie es im folgenden beschrieben ist:<br><br>\r\n\r\nDu verf\u00fcgst \u00fcber ein stark entwickeltes Repertoire der Aussprache und Betonung. Du nutzt Deinen Atem bewusst oder unbewusst so, dass Du stets am Ende eines Satzes Luft holst und nur sehr selten mitten im Satz. Dadurch bist Du meist auch bis zum \u201eletzten Atemzug\u201c sehr gut zu verstehen. Du verstehst es, zum Beispiel durch Sprechpausen Spannung zu erzeugen und kannst es auch gut aushalten, wenn f\u00fcr einige Momente absolute Stille im Raum herrscht.\r\n\r\nAndere erleben Dich als Menschen, die Deinen v\u00f6llig normalen und nat\u00fcrlichen Sprachduktus beibeh\u00e4ltr und dennoch sehr deutlich artikuliert; ganz gleich, welchen Sprechtempos Du Dich gerade bedienst. Deine F\u00e4higkeit, die Sprechtempi zu variieren, tr\u00e4gt au\u00dferdem zu Deiner positiven Wirkung in diesem Bereich bei.<br><br>\r\n\r\nSelbst wenn Du einen Dialekt sprichst, sprichst Du ihn so, dass andere gut folgen k\u00f6nnen. Du wirst von anderen nicht selten als Personen erlebt, die ihren Dialekt als Ausdruck einer landsmann-schaftlichen Zugeh\u00f6rigkeit bewusst kultivierst und damit spielst. Bei Dir kann man h\u00e4ufig auch beobachten, dass Du verschiedene Dialekte gut nachmachen kannst und oft auch von einem sprachlichen Talent gekennzeichnet bist, also mehrere Sprachen sprichst.\r\n\r\nGeht dieses ausgepr\u00e4gte Artikulationsverm\u00f6gen mit einem hohen Betonungsverm\u00f6gen einher, kannst Du dadurch kritische Wirkungsfaktoren im k\u00f6rpersprachlichen oder sachlichen Bereich durchaus kompensieren. Dies funktioniert allerdings nur dann besonders gut, wenn Du auf Personen mit einer \u00e4hnlich gelagerten starken Auspr\u00e4gung in diesen Wirkungsfeldern triffst.<br><br>\r\n\r\n<img fetchpriority=\"high\" decoding=\"async\" src=\"https:\/\/scil-profile.de\/wp-content\/uploads\/2024\/01\/Icon_Artikulation-300x262.png\" alt=\"\" width=\"537\" height=\"469\" class=\" wp-image-120366 alignleft\" srcset=\"https:\/\/scil-profile.de\/wp-content\/uploads\/2024\/01\/Icon_Artikulation-300x262.png 300w, https:\/\/scil-profile.de\/wp-content\/uploads\/2024\/01\/Icon_Artikulation-1024x893.png 1024w, https:\/\/scil-profile.de\/wp-content\/uploads\/2024\/01\/Icon_Artikulation-768x670.png 768w, https:\/\/scil-profile.de\/wp-content\/uploads\/2024\/01\/Icon_Artikulation-1536x1340.png 1536w, https:\/\/scil-profile.de\/wp-content\/uploads\/2024\/01\/Icon_Artikulation-2048x1787.png 2048w, https:\/\/scil-profile.de\/wp-content\/uploads\/2024\/01\/Icon_Artikulation-624x544.png 624w, https:\/\/scil-profile.de\/wp-content\/uploads\/2024\/01\/Icon_Artikulation-600x523.png 600w\" sizes=\"(max-width: 537px) 100vw, 537px\" \/>Um Dich bei der Erweiterung Deines Repertoires in dem zuvor beschriebenen Sinne\u00a0<em><strong> <\/strong><\/em>erfolgreich begleiten zu k\u00f6nnen, behandeln wir in diesem Kurs u.a. die folgenden Fragen und trainieren die daraus resultierenden \u00dcbungen mit Dir:<br><br>\r\n<ul>\r\n \t<li><em>Wie folgst Du am besten der Empfehung Martin Luther&#8217;s &#8220;Mach&#8217;s Maul auf. Tritt keck auf. H\u00f6r bald auf!&#8221; und passt das \u00fcberhaupt zu Dir?<\/em><\/li>\r\n \t<li><em>Was genau ist die Korken-\u00dcbung und was bringt sie Dir?<\/em><\/li>\r\n \t<li><em>Ist das B\u00fcchlein &#8220;Der kleine Hey&#8221; f\u00fcr Jedefrau und Jedermann geeignet, oder nur f\u00fcr Angeh\u00f6rige der Schauspielzunft?<\/em><\/li>\r\n \t<li><em>Welche \u00dcbungen aus diesem Buch k\u00f6nnten Dich ggf. weiterbringen und Deine Artkulation verbessern helfen?<\/em><\/li>\r\n \t<li><em>Wie kannst Du Deine Atemfrequenzen gezielt trainieren?<\/em><\/li>\r\n \t<li><em>\u00dcber welche Schatten musst Du springen, um eine perfekte Aussprache zu entwickeln?<\/em><\/li>\r\n \t<li><em>Bist Du dann noch authentisch oder wirkt das eher gek\u00fcnstelt?<\/em><\/li>\r\n \t<li><em>Inwieweit sind Zungenbrecher hilfreich f\u00fcr die Verbesserung der Artikulation ?<\/em><\/li>\r\n \t<li><em>Arbeitest Du in diesem Kurs nur daran, dass Du als eine Pers\u00f6nlichkeit mit einer ausgepr\u00e4gten Artikulation wahrgenommen wirst, oder wirkt sich das auch dauerhaft auf Deine tats\u00e4chliche Artikulation aus?<\/em><\/li>\r\n<\/ul>\r\n\r\n<ul class=\"wp-block-list\"><!-- \/wp:post-content --><\/ul>\r\nAuf die letzte Frage hier schon mal eine erste konkrete Antwort, die so \u00fcbrigens\u00a0 auch f\u00fcr alle anderen Frequenzen gilt:<strong> Spiel wird zum Schein. Schein wird zum Sein. Sein wird zum Spiel. <\/strong>Du trainierst in diesem Kurs auf sehr spielerische Art und Weise, den beabsichtigten Eindruck zu erwecken. Arbeitest Du aktiv und intensiv genug an diesem Eindruck oder Schein, dringt dies \u00fcber kurz oder lang auch nach Innen. Die entsprechenden Kompetenzen werden mehr und mehr Teil Deiner Pers\u00f6nlichkeit. Und schlie\u00dflich wirst Du zunehmend Freude an dieser Art der Repertoire-Erweiterung\u00a0 haben, sodass Deine Motivation und die F\u00e4higkeiten steigen, immer wieder aufs Neue damit zu spielen und Dich weiterzuentwickeln.<em> Spiel wird zum Schein =<\/em><strong> Deine Wahrnehmung wird sch\u00e4rfer und Deine Ausstrahlung kontinuierlich souver\u00e4ner. <\/strong><em>Schein wird zum Sein =<\/em><strong>\u00a0 Du erweckst das Charisma in Dir wieder zum Leben und bringst es zur Entfaltung. <\/strong><em>Sein wird zum Spiel =\u00a0<\/em><strong>Du wirst sukzessive virtuoser und ziehst immer mehr Register gelingender und gewinnender Kommunikation.<\/strong><br><br>\r\n\r\n<strong>Ausschlu\u00df des Widerruffrechts:<\/strong>\r\n<h6><strong>Es wird an dieser Stelle ausdr\u00fccklich darauf hingewiesen, dass das Widerrufsrecht erlischt, sobald\u00a0 die jeweiligen Kurse\u00a0 und\/oder Lizenzcodes f\u00fcr die Nutzung von Analyse-Tools freigeschaltet wurden. Der Zeitpunkt der Mitteilung \u00fcber die Freischaltung an die Kundin\/den Kunden gilt als Beginn der Ausf\u00fchrung des Vertrages. Geleistete Zahlungen werden ab diesem Zeitpunkt nicht zur\u00fcckerstattet.<span>\u00a0<\/span><\/strong><strong>Siehe dazu auch unsere rechtskonforme Widerrufsbelehrung:<span>\u00a0<\/span><a href=\"https:\/\/scil-profile.de\/ueber-uns\/widerrufsbelehrung\/\">https:\/\/scil-profile.de\/ueber-uns\/widerrufsbelehrung\/<\/a><\/strong><\/h6><!-- \/wp:freeform -->","protected":false},"excerpt":{"rendered":"<p><strong>Nettopreis 79,83 \u20ac <\/strong>zzgl. 15,17 \u20ac 19% MwSt<\/p>\n<p><strong>OK-Coaching<\/strong> ist die Abk\u00fcrzung f\u00fcr <strong><em>O<\/em><\/strong>nline<strong><em>K<\/em><\/strong>ommunikations-Coaching. In diesem Kurs behandeln wir die Lingua-Kompetenz Artikulation. Selbst schwierigste Worte deutlich aussprechen, mit Lautst\u00e4rken und Betonung spielen, den Atem bewusst und geschickt einsetzen, und noch viele andere Aspekte mehr sind Ausdruck einer guten Artikulation. Und um diese geht es in diesem Coachingmodul. Wenn Du mehr dar\u00fcber erfahren m\u00f6chtest, schau einfach etwas weiter unten in die detaillierte Modulbeschreibung.<\/p>\n<h6><\/h6>\n<h6><\/h6>\n<h6>Ausschlu\u00df des Widerruffrechts:<\/h6>\n<h6>Es wird an dieser Stelle ausdr\u00fccklich darauf hingewiesen, dass das Widerrufsrecht erlischt, sobald\u00a0 die jeweiligen Kurse\u00a0 und\/oder Lizenzcodes f\u00fcr die Nutzung von Analyse-Tools freigeschaltet wurden. Der Zeitpunkt der Mitteilung \u00fcber die Freischaltung an die Kundin\/den Kunden gilt als Beginn der Ausf\u00fchrung des Vertrages. Geleistete Zahlungen werden ab diesem Zeitpunkt nicht zur\u00fcckerstattet.\u00a0Siehe dazu auch unsere rechtskonforme Widerrufsbelehrung:\u00a0<a href=\"https:\/\/scil-profile.de\/ueber-uns\/widerrufsbelehrung\/\">https:\/\/scil-profile.de\/ueber-uns\/widerrufsbelehrung\/<\/a><\/h6>\n","protected":false},"featured_media":80868,"template":"","meta":{"pmpro_default_level":""},"product_brand":[],"product_cat":[139],"product_tag":[],"class_list":{"0":"post-80546","1":"product","2":"type-product","3":"status-publish","4":"has-post-thumbnail","6":"product_cat-scil-profile","7":"pmpro-has-access","9":"first","10":"instock","11":"virtual","12":"taxable","13":"purchasable","14":"product-type-simple"},"yoast_head":"<!-- This site is optimized with the Yoast SEO plugin v27.3 - https:\/\/yoast.com\/product\/yoast-seo-wordpress\/ -->\n<title>OK Coaching | Lingua Frequenz Artikulation - SCIL Profile<\/title>\n<meta name=\"robots\" content=\"index, follow, max-snippet:-1, max-image-preview:large, max-video-preview:-1\" \/>\n<link rel=\"canonical\" href=\"https:\/\/scil-profile.de\/produkt\/ok-coaching-lingua-frequenz-artikulation\/\" \/>\n<meta property=\"og:locale\" content=\"ru_RU\" \/>\n<meta property=\"og:type\" content=\"article\" \/>\n<meta property=\"og:title\" content=\"OK Coaching | Lingua Frequenz Artikulation - SCIL Profile\" \/>\n<meta property=\"og:description\" content=\"Nettopreis 79,83 \u20ac zzgl. 15,17 \u20ac 19% MwSt  OK-Coaching ist die Abk\u00fcrzung f\u00fcr OnlineKommunikations-Coaching. In diesem Kurs behandeln wir die Lingua-Kompetenz Artikulation. Selbst schwierigste Worte deutlich aussprechen, mit Lautst\u00e4rken und Betonung spielen, den Atem bewusst und geschickt einsetzen, und noch viele andere Aspekte mehr sind Ausdruck einer guten Artikulation. Und um diese geht es in diesem Coachingmodul. Wenn Du mehr dar\u00fcber erfahren m\u00f6chtest, schau einfach etwas weiter unten in die detaillierte Modulbeschreibung.   Ausschlu\u00df des Widerruffrechts: Es wird an dieser Stelle ausdr\u00fccklich darauf hingewiesen, dass das Widerrufsrecht erlischt, sobald\u00a0 die jeweiligen Kurse\u00a0 und\/oder Lizenzcodes f\u00fcr die Nutzung von Analyse-Tools freigeschaltet wurden. Der Zeitpunkt der Mitteilung \u00fcber die Freischaltung an die Kundin\/den Kunden gilt als Beginn der Ausf\u00fchrung des Vertrages. Geleistete Zahlungen werden ab diesem Zeitpunkt nicht zur\u00fcckerstattet.\u00a0Siehe dazu auch unsere rechtskonforme Widerrufsbelehrung:\u00a0https:\/\/scil-profile.de\/ueber-uns\/widerrufsbelehrung\/\" \/>\n<meta property=\"og:url\" content=\"https:\/\/scil-profile.de\/produkt\/ok-coaching-lingua-frequenz-artikulation\/\" \/>\n<meta property=\"og:site_name\" content=\"SCIL Profile\" \/>\n<meta property=\"article:modified_time\" content=\"2026-02-18T14:10:02+00:00\" \/>\n<meta property=\"og:image\" content=\"https:\/\/scil-profile.de\/wp-content\/uploads\/2024\/01\/Artikulation.jpeg\" \/>\n\t<meta property=\"og:image:width\" content=\"1265\" \/>\n\t<meta property=\"og:image:height\" content=\"712\" \/>\n\t<meta property=\"og:image:type\" content=\"image\/jpeg\" \/>\n<meta name=\"twitter:card\" content=\"summary_large_image\" \/>\n<meta name=\"twitter:label1\" content=\"\u041f\u0440\u0438\u043c\u0435\u0440\u043d\u043e\u0435 \u0432\u0440\u0435\u043c\u044f \u0434\u043b\u044f \u0447\u0442\u0435\u043d\u0438\u044f\" \/>\n\t<meta name=\"twitter:data1\" content=\"5 \u043c\u0438\u043d\u0443\u0442\" \/>\n<script type=\"application\/ld+json\" class=\"yoast-schema-graph\">{\"@context\":\"https:\\\/\\\/schema.org\",\"@graph\":[{\"@type\":\"WebPage\",\"@id\":\"https:\\\/\\\/scil-profile.de\\\/produkt\\\/ok-coaching-lingua-frequenz-artikulation\\\/\",\"url\":\"https:\\\/\\\/scil-profile.de\\\/produkt\\\/ok-coaching-lingua-frequenz-artikulation\\\/\",\"name\":\"OK Coaching | Lingua Frequenz Artikulation - SCIL Profile\",\"isPartOf\":{\"@id\":\"https:\\\/\\\/scil-profile.de\\\/#website\"},\"primaryImageOfPage\":{\"@id\":\"https:\\\/\\\/scil-profile.de\\\/produkt\\\/ok-coaching-lingua-frequenz-artikulation\\\/#primaryimage\"},\"image\":{\"@id\":\"https:\\\/\\\/scil-profile.de\\\/produkt\\\/ok-coaching-lingua-frequenz-artikulation\\\/#primaryimage\"},\"thumbnailUrl\":\"https:\\\/\\\/scil-profile.de\\\/wp-content\\\/uploads\\\/2024\\\/01\\\/Artikulation.jpeg\",\"datePublished\":\"2024-01-03T15:04:19+00:00\",\"dateModified\":\"2026-02-18T14:10:02+00:00\",\"breadcrumb\":{\"@id\":\"https:\\\/\\\/scil-profile.de\\\/produkt\\\/ok-coaching-lingua-frequenz-artikulation\\\/#breadcrumb\"},\"inLanguage\":\"ru-RU\",\"potentialAction\":[{\"@type\":\"ReadAction\",\"target\":[\"https:\\\/\\\/scil-profile.de\\\/produkt\\\/ok-coaching-lingua-frequenz-artikulation\\\/\"]}]},{\"@type\":\"ImageObject\",\"inLanguage\":\"ru-RU\",\"@id\":\"https:\\\/\\\/scil-profile.de\\\/produkt\\\/ok-coaching-lingua-frequenz-artikulation\\\/#primaryimage\",\"url\":\"https:\\\/\\\/scil-profile.de\\\/wp-content\\\/uploads\\\/2024\\\/01\\\/Artikulation.jpeg\",\"contentUrl\":\"https:\\\/\\\/scil-profile.de\\\/wp-content\\\/uploads\\\/2024\\\/01\\\/Artikulation.jpeg\",\"width\":1265,\"height\":712},{\"@type\":\"BreadcrumbList\",\"@id\":\"https:\\\/\\\/scil-profile.de\\\/produkt\\\/ok-coaching-lingua-frequenz-artikulation\\\/#breadcrumb\",\"itemListElement\":[{\"@type\":\"ListItem\",\"position\":1,\"name\":\"Weiterbildung\",\"item\":\"https:\\\/\\\/scil-profile.de\\\/\"},{\"@type\":\"ListItem\",\"position\":2,\"name\":\"Shop\",\"item\":\"https:\\\/\\\/scil-profile.de\\\/shop\\\/\"},{\"@type\":\"ListItem\",\"position\":3,\"name\":\"OK Coaching | Lingua Frequenz Artikulation\"}]},{\"@type\":\"WebSite\",\"@id\":\"https:\\\/\\\/scil-profile.de\\\/#website\",\"url\":\"https:\\\/\\\/scil-profile.de\\\/\",\"name\":\"SCIL Profile\",\"description\":\"Entdecke und entfalte Dein Charisma. Pers\u00f6nliche Wirkung und Wahrnehmung als Schl\u00fcssel f\u00fcr mehr Erfolg.\",\"potentialAction\":[{\"@type\":\"SearchAction\",\"target\":{\"@type\":\"EntryPoint\",\"urlTemplate\":\"https:\\\/\\\/scil-profile.de\\\/?s={search_term_string}\"},\"query-input\":{\"@type\":\"PropertyValueSpecification\",\"valueRequired\":true,\"valueName\":\"search_term_string\"}}],\"inLanguage\":\"ru-RU\"}]}<\/script>\n<!-- \/ Yoast SEO plugin. -->","yoast_head_json":{"title":"OK Coaching | Lingua Frequenz Artikulation - SCIL Profile","robots":{"index":"index","follow":"follow","max-snippet":"max-snippet:-1","max-image-preview":"max-image-preview:large","max-video-preview":"max-video-preview:-1"},"canonical":"https:\/\/scil-profile.de\/produkt\/ok-coaching-lingua-frequenz-artikulation\/","og_locale":"ru_RU","og_type":"article","og_title":"OK Coaching | Lingua Frequenz Artikulation - SCIL Profile","og_description":"Nettopreis 79,83 \u20ac zzgl. 15,17 \u20ac 19% MwSt  OK-Coaching ist die Abk\u00fcrzung f\u00fcr OnlineKommunikations-Coaching. In diesem Kurs behandeln wir die Lingua-Kompetenz Artikulation. Selbst schwierigste Worte deutlich aussprechen, mit Lautst\u00e4rken und Betonung spielen, den Atem bewusst und geschickt einsetzen, und noch viele andere Aspekte mehr sind Ausdruck einer guten Artikulation. Und um diese geht es in diesem Coachingmodul. Wenn Du mehr dar\u00fcber erfahren m\u00f6chtest, schau einfach etwas weiter unten in die detaillierte Modulbeschreibung.   Ausschlu\u00df des Widerruffrechts: Es wird an dieser Stelle ausdr\u00fccklich darauf hingewiesen, dass das Widerrufsrecht erlischt, sobald\u00a0 die jeweiligen Kurse\u00a0 und\/oder Lizenzcodes f\u00fcr die Nutzung von Analyse-Tools freigeschaltet wurden. Der Zeitpunkt der Mitteilung \u00fcber die Freischaltung an die Kundin\/den Kunden gilt als Beginn der Ausf\u00fchrung des Vertrages. Geleistete Zahlungen werden ab diesem Zeitpunkt nicht zur\u00fcckerstattet.\u00a0Siehe dazu auch unsere rechtskonforme Widerrufsbelehrung:\u00a0https:\/\/scil-profile.de\/ueber-uns\/widerrufsbelehrung\/","og_url":"https:\/\/scil-profile.de\/produkt\/ok-coaching-lingua-frequenz-artikulation\/","og_site_name":"SCIL Profile","article_modified_time":"2026-02-18T14:10:02+00:00","og_image":[{"width":1265,"height":712,"url":"https:\/\/scil-profile.de\/wp-content\/uploads\/2024\/01\/Artikulation.jpeg","type":"image\/jpeg"}],"twitter_card":"summary_large_image","twitter_misc":{"\u041f\u0440\u0438\u043c\u0435\u0440\u043d\u043e\u0435 \u0432\u0440\u0435\u043c\u044f \u0434\u043b\u044f \u0447\u0442\u0435\u043d\u0438\u044f":"5 \u043c\u0438\u043d\u0443\u0442"},"schema":{"@context":"https:\/\/schema.org","@graph":[{"@type":"WebPage","@id":"https:\/\/scil-profile.de\/produkt\/ok-coaching-lingua-frequenz-artikulation\/","url":"https:\/\/scil-profile.de\/produkt\/ok-coaching-lingua-frequenz-artikulation\/","name":"OK Coaching | Lingua Frequenz Artikulation - SCIL Profile","isPartOf":{"@id":"https:\/\/scil-profile.de\/#website"},"primaryImageOfPage":{"@id":"https:\/\/scil-profile.de\/produkt\/ok-coaching-lingua-frequenz-artikulation\/#primaryimage"},"image":{"@id":"https:\/\/scil-profile.de\/produkt\/ok-coaching-lingua-frequenz-artikulation\/#primaryimage"},"thumbnailUrl":"https:\/\/scil-profile.de\/wp-content\/uploads\/2024\/01\/Artikulation.jpeg","datePublished":"2024-01-03T15:04:19+00:00","dateModified":"2026-02-18T14:10:02+00:00","breadcrumb":{"@id":"https:\/\/scil-profile.de\/produkt\/ok-coaching-lingua-frequenz-artikulation\/#breadcrumb"},"inLanguage":"ru-RU","potentialAction":[{"@type":"ReadAction","target":["https:\/\/scil-profile.de\/produkt\/ok-coaching-lingua-frequenz-artikulation\/"]}]},{"@type":"ImageObject","inLanguage":"ru-RU","@id":"https:\/\/scil-profile.de\/produkt\/ok-coaching-lingua-frequenz-artikulation\/#primaryimage","url":"https:\/\/scil-profile.de\/wp-content\/uploads\/2024\/01\/Artikulation.jpeg","contentUrl":"https:\/\/scil-profile.de\/wp-content\/uploads\/2024\/01\/Artikulation.jpeg","width":1265,"height":712},{"@type":"BreadcrumbList","@id":"https:\/\/scil-profile.de\/produkt\/ok-coaching-lingua-frequenz-artikulation\/#breadcrumb","itemListElement":[{"@type":"ListItem","position":1,"name":"Weiterbildung","item":"https:\/\/scil-profile.de\/"},{"@type":"ListItem","position":2,"name":"Shop","item":"https:\/\/scil-profile.de\/shop\/"},{"@type":"ListItem","position":3,"name":"OK Coaching | Lingua Frequenz Artikulation"}]},{"@type":"WebSite","@id":"https:\/\/scil-profile.de\/#website","url":"https:\/\/scil-profile.de\/","name":"SCIL Profile","description":"Entdecke und entfalte Dein Charisma. Pers\u00f6nliche Wirkung und Wahrnehmung als Schl\u00fcssel f\u00fcr mehr Erfolg.","potentialAction":[{"@type":"SearchAction","target":{"@type":"EntryPoint","urlTemplate":"https:\/\/scil-profile.de\/?s={search_term_string}"},"query-input":{"@type":"PropertyValueSpecification","valueRequired":true,"valueName":"search_term_string"}}],"inLanguage":"ru-RU"}]}},"_links":{"self":[{"href":"https:\/\/scil-profile.de\/ru\/wp-json\/wp\/v2\/product\/80546","targetHints":{"allow":["GET"]}}],"collection":[{"href":"https:\/\/scil-profile.de\/ru\/wp-json\/wp\/v2\/product"}],"about":[{"href":"https:\/\/scil-profile.de\/ru\/wp-json\/wp\/v2\/types\/product"}],"wp:featuredmedia":[{"embeddable":true,"href":"https:\/\/scil-profile.de\/ru\/wp-json\/wp\/v2\/media\/80868"}],"wp:attachment":[{"href":"https:\/\/scil-profile.de\/ru\/wp-json\/wp\/v2\/media?parent=80546"}],"wp:term":[{"taxonomy":"product_brand","embeddable":true,"href":"https:\/\/scil-profile.de\/ru\/wp-json\/wp\/v2\/product_brand?post=80546"},{"taxonomy":"product_cat","embeddable":true,"href":"https:\/\/scil-profile.de\/ru\/wp-json\/wp\/v2\/product_cat?post=80546"},{"taxonomy":"product_tag","embeddable":true,"href":"https:\/\/scil-profile.de\/ru\/wp-json\/wp\/v2\/product_tag?post=80546"}],"curies":[{"name":"wp","href":"https:\/\/api.w.org\/{rel}","templated":true}]}}