{"id":80536,"date":"2024-01-03T16:00:28","date_gmt":"2024-01-03T15:00:28","guid":{"rendered":"https:\/\/scil-profile.de\/?post_type=product&#038;p=80536"},"modified":"2026-02-18T14:38:45","modified_gmt":"2026-02-18T13:38:45","slug":"ok-coaching-intellektus-frequenz-sachlichkeit","status":"publish","type":"product","link":"https:\/\/scil-profile.de\/ru\/produkt\/ok-coaching-intellektus-frequenz-sachlichkeit\/","title":{"rendered":"OK Coaching | Intellektus Frequenz Sachlichkeit"},"content":{"rendered":"<strong>OK-Coaching<\/strong> ist die Abk\u00fcrzung f\u00fcr <strong><em>O<\/em><\/strong>nline<strong><em>K<\/em><\/strong>ommunikations-Coaching. <strong>Dieser Kurs besteht aus insgesamt 4 Lektionen, 14<\/strong><strong> Themenmodulen und enth\u00e4lt 8 unterschiedlich schwierige Tests bzw. interaktive Elemente<em>.<\/em><\/strong> Ziel des Kurses ist es, Dein Kommunikationsrepertoire auf der Intellektus-Frequenz <strong>Sachlichkeit<\/strong> zu festigen und zu erweitern. Und zwar so, wie es im folgenden beschrieben ist:<br><br>\r\n\r\nOffensichtlich wirkst Du sehr stark dadurch, dass Du Sache von Gef\u00fchl zu trennen vermagst und die verschiedenen Themen sehr von der rationalen Seite betrachtest. Auf eden Fall gilt das f\u00fcr Menschen, die eine \u00e4hnliche Dominanz haben.\r\n\r\nDu wirkst auf andere Menschen ausgesprochen \u00fcberlegt. Du erweckst den Eindruck, dass all Deine \u00c4u\u00dferungen von einer n\u00fcchternen Betrachtung der Sache getragen sind. Emotionale Beitr\u00e4ge werden im Rahmen einer zwischenmenschlichen Begegnung von Dir eher selten zu h\u00f6ren sein.\r\n\r\nKommt es zu emotionalen Differenzen zwischen den Beteiligten eines Gespr\u00e4ches oder einer Besprechung kannst Du durch Deine meist ruhige Ausstrahlung den Verlauf des Gespr\u00e4chs h\u00e4ufig dadurch wieder in konstruktive Bahnen lenken, dass Du durch reflektierende Fragen den Schleier der Emotionen beseitigst und den Blick auf die Sache erneut erm\u00f6glichst. Dir wird oft auch nachgesagt, dass Du tendenziell zur\u00fcckhaltend bis k\u00fchl wirkst.<br><br>\r\n\r\nAufgeregtheit ist an Dir kaum festzustellen. Du scheinst Dich auch nicht durch die Aufgeregtheit anderer anstecken oder von diesen gar in einem emotionalen Strudel mitrei\u00dfen zu lassen. Andere nehmen Zustimmung an Dir nicht als von einer \u201ePerson oder Sache fasziniert sein\u201c sondern als die \u201eSache verstehend und akzeptierend oder ablehnend\u201c wahr. Du scheinst eher nach dem Prinzip zu verfahren \u201egewogen und f\u00fcr gut befunden\u201c, anstatt Dich von den Funken der Begeisterung anderer anstecken zu lassen.\r\n\r\nDiese Wirkung pr\u00e4destiniert Dich in den Augen anderer daf\u00fcr, Diskussionsrunden leiten und lenken zu k\u00f6nnen. \u00dcbrigens auch aus der Sicht emotional st\u00e4rker ausgepr\u00e4gter Menschen, die meist sehr wohl wissen, dass sie sich mit ihren Emotionen auf der Sachebene manchmal selbst im Wege stehen.<br><br>\r\n\r\n<img fetchpriority=\"high\" decoding=\"async\" src=\"https:\/\/scil-profile.de\/wp-content\/uploads\/2024\/01\/Icon_Sachlichkeit-300x262.png\" alt=\"\" width=\"431\" height=\"376\" class=\"wp-image-120354 alignleft\" srcset=\"https:\/\/scil-profile.de\/wp-content\/uploads\/2024\/01\/Icon_Sachlichkeit-300x262.png 300w, https:\/\/scil-profile.de\/wp-content\/uploads\/2024\/01\/Icon_Sachlichkeit-1024x893.png 1024w, https:\/\/scil-profile.de\/wp-content\/uploads\/2024\/01\/Icon_Sachlichkeit-768x670.png 768w, https:\/\/scil-profile.de\/wp-content\/uploads\/2024\/01\/Icon_Sachlichkeit-1536x1340.png 1536w, https:\/\/scil-profile.de\/wp-content\/uploads\/2024\/01\/Icon_Sachlichkeit-2048x1787.png 2048w, https:\/\/scil-profile.de\/wp-content\/uploads\/2024\/01\/Icon_Sachlichkeit-624x544.png 624w, https:\/\/scil-profile.de\/wp-content\/uploads\/2024\/01\/Icon_Sachlichkeit-600x523.png 600w\" sizes=\"(max-width: 431px) 100vw, 431px\" \/>Um Dich bei der Erweiterung Deines Repertoires in dem zuvor beschriebenen Sinne\u00a0<em><strong> <\/strong><\/em>erfolgreich begleiten zu k\u00f6nnen, behandeln wir in diesem Kurs u.a. die folgenden Fragen und trainieren die daraus resultierenden \u00dcbungen mit Dir:<br><br>\r\n\r\n&nbsp;\r\n<ul>\r\n \t<li style=\"list-style-type: none;\">\r\n<ul>\r\n \t<li><em>Wie l\u00e4sst sich die Emotion von einer Sache trennen?<\/em><\/li>\r\n \t<li><em>Woran sind eher sachlich orientierte Menschen gut zu erkennen?<\/em><\/li>\r\n \t<li><em>Warum ist hilfreich und zielf\u00fchrend, wenigstens zeitweise der Sachlichkeit den Vortritt zu lassen?<\/em><\/li>\r\n \t<li><em>Ist es m\u00f6glich, gleichzeitig sachlich und emotional zu wirken?<\/em><\/li>\r\n \t<li><em>Wie kannst Du st\u00e4rker die sachlichen Ebenen einer Aussage herausfiltern?<\/em><\/li>\r\n \t<li><em>Welche Techniken helfen Dir, emotionale Eskalationen in z.B. Meetings zu verhindern?<\/em><\/li>\r\n \t<li><em>Wie l\u00e4sst sich Balance zwischen Emotion und Sache herstellen?<\/em><\/li>\r\n \t<li><em>Worauf kommt es im Sinne dieser Balance an?<\/em><\/li>\r\n \t<li><em>Arbeitest Du in diesem Kurs nur daran, dass Du als sachliche Pers\u00f6nlichkeit wahrgenommen wirst, oder wirkt sich das auch auf Deine tats\u00e4chliche Sachlichkeit aus?<\/em><\/li>\r\n<\/ul>\r\n\r\n\r\n<ul class=\"wp-block-list\"><!-- \/wp:post-content --><\/ul>\r\n<h6><!-- \/wp:list --><\/h6>\r\nAuf die letzte Frage hier schon mal eine erste konkrete Antwort, die so \u00fcbrigens\u00a0 auch f\u00fcr alle anderen Frequenzen gilt:<strong> Spiel wird zum Schein. Schein wird zum Sein. Sein wird zum Spiel. <\/strong>Du trainierst in diesem Kurs auf sehr spielerische Art und Weise, den beabsichtigten Eindruck zu erwecken. Arbeitest Du aktiv und intensiv genug an diesem Eindruck oder Schein, dringt dies \u00fcber kurz oder lang auch nach Innen. Die entsprechenden Kompetenzen werden mehr und mehr Teil Deiner Pers\u00f6nlichkeit. Und schlie\u00dflich wirst Du zunehmend Freude an dieser Art der Repertoire-Erweiterung\u00a0 haben, sodass Deine Motivation und die F\u00e4higkeiten steigen, immer wieder aufs Neue damit zu spielen und Dich weiterzuentwickeln.<em> Spiel wird zum Schein =<\/em><strong> Deine Wahrnehmung wird sch\u00e4rfer und Deine Ausstrahlung kontinuierlich souver\u00e4ner. <\/strong><em>Schein wird zum Sein =<\/em><strong>\u00a0 Du erweckst das Charisma in Dir wieder zum Leben und bringst es zur Entfaltung. <\/strong><em>Sein wird zum Spiel =\u00a0<\/em><strong>Du wirst sukzessive virtuoser und ziehst immer mehr Register gelingender und gewinnender Kommunikation.<\/strong>\r\n\r\n&nbsp;\r\n<h6><strong><br><br>Ausschlu\u00df des Widerruffrechts:<\/strong><\/h6>\r\n<h6><strong>Es wird an dieser Stelle ausdr\u00fccklich darauf hingewiesen, dass das Widerrufsrecht erlischt, sobald\u00a0 die jeweiligen Kurse\u00a0 und\/oder Lizenzcodes f\u00fcr die Nutzung von Analyse-Tools freigeschaltet wurden. Der Zeitpunkt der Mitteilung \u00fcber die Freischaltung an die Kundin\/den Kunden gilt als Beginn der Ausf\u00fchrung des Vertrages. Geleistete Zahlungen werden ab diesem Zeitpunkt nicht zur\u00fcckerstattet.<span>\u00a0<\/span><\/strong><strong>Siehe dazu auch unsere rechtskonforme Widerrufsbelehrung:<span>\u00a0<\/span><a href=\"https:\/\/scil-profile.de\/ueber-uns\/widerrufsbelehrung\/\">https:\/\/scil-profile.de\/ueber-uns\/widerrufsbelehrung\/<\/a><\/strong><\/h6><!-- \/wp:freeform -->","protected":false},"excerpt":{"rendered":"<p><strong>Nettopreis 79,83 \u20ac <\/strong>zzgl. 15,17 \u20ac 19% MwSt<\/p>\n<p><strong>OK-Coaching<\/strong> ist die Abk\u00fcrzung f\u00fcr <strong><em>O<\/em><\/strong>nline<strong><em>K<\/em><\/strong>ommunikations-Coaching. In diesem Kurs behandeln wir die Intellektus-Kompetenz Sachlichkeit. Damit Du ausgesprochen \u00fcberlegt wirkst, wann immer Du es m\u00f6chtest. Damnit Du auf Knopfdruck den Eindruck erweckst, dass all Deine \u00c4u\u00dferungen von einer n\u00fcchternen Betrachtung der Sache getragen sind. Damit Du ruhig und ausgleicxhend wirkst, wenn es Dir wichtig ist. Damit Du Sacvhe vpn Emotion trenne kannst und stezts zum Kern der Sache zur\u00fcckkehren kannst. Das jedenfalls ist Ziel dieses Coachingmoduls. \u00dcbrigens: Trotz aller Sachlichkeit macht es auch Spa\u00df! Mehr dazu findest Du weiter unten.<\/p>\n<h6>Ausschlu\u00df des Widerruffrechts:<\/h6>\n<h6><strong>Es wird an dieser Stelle ausdr\u00fccklich darauf hingewiesen, dass das Widerrufsrecht erlischt, sobald\u00a0 die jeweiligen Kurse\u00a0 und\/oder Lizenzcodes f\u00fcr die Nutzung von Analyse-Tools freigeschaltet wurden. Der Zeitpunkt der Mitteilung \u00fcber die Freischaltung an die Kundin\/den Kunden gilt als Beginn der Ausf\u00fchrung des Vertrages. Geleistete Zahlungen werden ab diesem Zeitpunkt nicht zur\u00fcckerstattet.<span>\u00a0<\/span><\/strong><strong>Siehe dazu auch unsere rechtskonforme Widerrufsbelehrung:<span>\u00a0<\/span><a href=\"https:\/\/scil-profile.de\/ueber-uns\/widerrufsbelehrung\/\">https:\/\/scil-profile.de\/ueber-uns\/widerrufsbelehrung\/<\/a><\/strong><\/h6>\n","protected":false},"featured_media":80877,"template":"","meta":{"pmpro_default_level":""},"product_brand":[],"product_cat":[139],"product_tag":[],"class_list":{"0":"post-80536","1":"product","2":"type-product","3":"status-publish","4":"has-post-thumbnail","6":"product_cat-scil-profile","7":"pmpro-has-access","9":"first","10":"instock","11":"virtual","12":"taxable","13":"purchasable","14":"product-type-simple"},"yoast_head":"<!-- This site is optimized with the Yoast SEO plugin v27.3 - https:\/\/yoast.com\/product\/yoast-seo-wordpress\/ -->\n<title>OK Coaching | Intellektus Frequenz Sachlichkeit - SCIL Profile<\/title>\n<meta name=\"robots\" content=\"index, follow, max-snippet:-1, max-image-preview:large, max-video-preview:-1\" \/>\n<link rel=\"canonical\" href=\"https:\/\/scil-profile.de\/produkt\/ok-coaching-intellektus-frequenz-sachlichkeit\/\" \/>\n<meta property=\"og:locale\" content=\"ru_RU\" \/>\n<meta property=\"og:type\" content=\"article\" \/>\n<meta property=\"og:title\" content=\"OK Coaching | Intellektus Frequenz Sachlichkeit - SCIL Profile\" \/>\n<meta property=\"og:description\" content=\"Nettopreis 79,83 \u20ac zzgl. 15,17 \u20ac 19% MwSt  OK-Coaching ist die Abk\u00fcrzung f\u00fcr OnlineKommunikations-Coaching. In diesem Kurs behandeln wir die Intellektus-Kompetenz Sachlichkeit. Damit Du ausgesprochen \u00fcberlegt wirkst, wann immer Du es m\u00f6chtest. Damnit Du auf Knopfdruck den Eindruck erweckst, dass all Deine \u00c4u\u00dferungen von einer n\u00fcchternen Betrachtung der Sache getragen sind. Damit Du ruhig und ausgleicxhend wirkst, wenn es Dir wichtig ist. Damit Du Sacvhe vpn Emotion trenne kannst und stezts zum Kern der Sache zur\u00fcckkehren kannst. Das jedenfalls ist Ziel dieses Coachingmoduls. \u00dcbrigens: Trotz aller Sachlichkeit macht es auch Spa\u00df! Mehr dazu findest Du weiter unten. Ausschlu\u00df des Widerruffrechts: Es wird an dieser Stelle ausdr\u00fccklich darauf hingewiesen, dass das Widerrufsrecht erlischt, sobald\u00a0 die jeweiligen Kurse\u00a0 und\/oder Lizenzcodes f\u00fcr die Nutzung von Analyse-Tools freigeschaltet wurden. Der Zeitpunkt der Mitteilung \u00fcber die Freischaltung an die Kundin\/den Kunden gilt als Beginn der Ausf\u00fchrung des Vertrages. Geleistete Zahlungen werden ab diesem Zeitpunkt nicht zur\u00fcckerstattet.\u00a0Siehe dazu auch unsere rechtskonforme Widerrufsbelehrung:\u00a0https:\/\/scil-profile.de\/ueber-uns\/widerrufsbelehrung\/\" \/>\n<meta property=\"og:url\" content=\"https:\/\/scil-profile.de\/produkt\/ok-coaching-intellektus-frequenz-sachlichkeit\/\" \/>\n<meta property=\"og:site_name\" content=\"SCIL Profile\" \/>\n<meta property=\"article:modified_time\" content=\"2026-02-18T13:38:45+00:00\" \/>\n<meta property=\"og:image\" content=\"https:\/\/scil-profile.de\/wp-content\/uploads\/2024\/01\/Sachlichkeit.jpeg\" \/>\n\t<meta property=\"og:image:width\" content=\"1265\" \/>\n\t<meta property=\"og:image:height\" content=\"712\" \/>\n\t<meta property=\"og:image:type\" content=\"image\/jpeg\" \/>\n<meta name=\"twitter:card\" content=\"summary_large_image\" \/>\n<meta name=\"twitter:label1\" content=\"\u041f\u0440\u0438\u043c\u0435\u0440\u043d\u043e\u0435 \u0432\u0440\u0435\u043c\u044f \u0434\u043b\u044f \u0447\u0442\u0435\u043d\u0438\u044f\" \/>\n\t<meta name=\"twitter:data1\" content=\"5 \u043c\u0438\u043d\u0443\u0442\" \/>\n<script type=\"application\/ld+json\" class=\"yoast-schema-graph\">{\"@context\":\"https:\\\/\\\/schema.org\",\"@graph\":[{\"@type\":\"WebPage\",\"@id\":\"https:\\\/\\\/scil-profile.de\\\/produkt\\\/ok-coaching-intellektus-frequenz-sachlichkeit\\\/\",\"url\":\"https:\\\/\\\/scil-profile.de\\\/produkt\\\/ok-coaching-intellektus-frequenz-sachlichkeit\\\/\",\"name\":\"OK Coaching | Intellektus Frequenz Sachlichkeit - SCIL Profile\",\"isPartOf\":{\"@id\":\"https:\\\/\\\/scil-profile.de\\\/#website\"},\"primaryImageOfPage\":{\"@id\":\"https:\\\/\\\/scil-profile.de\\\/produkt\\\/ok-coaching-intellektus-frequenz-sachlichkeit\\\/#primaryimage\"},\"image\":{\"@id\":\"https:\\\/\\\/scil-profile.de\\\/produkt\\\/ok-coaching-intellektus-frequenz-sachlichkeit\\\/#primaryimage\"},\"thumbnailUrl\":\"https:\\\/\\\/scil-profile.de\\\/wp-content\\\/uploads\\\/2024\\\/01\\\/Sachlichkeit.jpeg\",\"datePublished\":\"2024-01-03T15:00:28+00:00\",\"dateModified\":\"2026-02-18T13:38:45+00:00\",\"breadcrumb\":{\"@id\":\"https:\\\/\\\/scil-profile.de\\\/produkt\\\/ok-coaching-intellektus-frequenz-sachlichkeit\\\/#breadcrumb\"},\"inLanguage\":\"ru-RU\",\"potentialAction\":[{\"@type\":\"ReadAction\",\"target\":[\"https:\\\/\\\/scil-profile.de\\\/produkt\\\/ok-coaching-intellektus-frequenz-sachlichkeit\\\/\"]}]},{\"@type\":\"ImageObject\",\"inLanguage\":\"ru-RU\",\"@id\":\"https:\\\/\\\/scil-profile.de\\\/produkt\\\/ok-coaching-intellektus-frequenz-sachlichkeit\\\/#primaryimage\",\"url\":\"https:\\\/\\\/scil-profile.de\\\/wp-content\\\/uploads\\\/2024\\\/01\\\/Sachlichkeit.jpeg\",\"contentUrl\":\"https:\\\/\\\/scil-profile.de\\\/wp-content\\\/uploads\\\/2024\\\/01\\\/Sachlichkeit.jpeg\",\"width\":1265,\"height\":712},{\"@type\":\"BreadcrumbList\",\"@id\":\"https:\\\/\\\/scil-profile.de\\\/produkt\\\/ok-coaching-intellektus-frequenz-sachlichkeit\\\/#breadcrumb\",\"itemListElement\":[{\"@type\":\"ListItem\",\"position\":1,\"name\":\"Weiterbildung\",\"item\":\"https:\\\/\\\/scil-profile.de\\\/\"},{\"@type\":\"ListItem\",\"position\":2,\"name\":\"Shop\",\"item\":\"https:\\\/\\\/scil-profile.de\\\/shop\\\/\"},{\"@type\":\"ListItem\",\"position\":3,\"name\":\"OK Coaching | Intellektus Frequenz Sachlichkeit\"}]},{\"@type\":\"WebSite\",\"@id\":\"https:\\\/\\\/scil-profile.de\\\/#website\",\"url\":\"https:\\\/\\\/scil-profile.de\\\/\",\"name\":\"SCIL Profile\",\"description\":\"Entdecke und entfalte Dein Charisma. Pers\u00f6nliche Wirkung und Wahrnehmung als Schl\u00fcssel f\u00fcr mehr Erfolg.\",\"potentialAction\":[{\"@type\":\"SearchAction\",\"target\":{\"@type\":\"EntryPoint\",\"urlTemplate\":\"https:\\\/\\\/scil-profile.de\\\/?s={search_term_string}\"},\"query-input\":{\"@type\":\"PropertyValueSpecification\",\"valueRequired\":true,\"valueName\":\"search_term_string\"}}],\"inLanguage\":\"ru-RU\"}]}<\/script>\n<!-- \/ Yoast SEO plugin. -->","yoast_head_json":{"title":"OK Coaching | Intellektus Frequenz Sachlichkeit - SCIL Profile","robots":{"index":"index","follow":"follow","max-snippet":"max-snippet:-1","max-image-preview":"max-image-preview:large","max-video-preview":"max-video-preview:-1"},"canonical":"https:\/\/scil-profile.de\/produkt\/ok-coaching-intellektus-frequenz-sachlichkeit\/","og_locale":"ru_RU","og_type":"article","og_title":"OK Coaching | Intellektus Frequenz Sachlichkeit - SCIL Profile","og_description":"Nettopreis 79,83 \u20ac zzgl. 15,17 \u20ac 19% MwSt  OK-Coaching ist die Abk\u00fcrzung f\u00fcr OnlineKommunikations-Coaching. In diesem Kurs behandeln wir die Intellektus-Kompetenz Sachlichkeit. Damit Du ausgesprochen \u00fcberlegt wirkst, wann immer Du es m\u00f6chtest. Damnit Du auf Knopfdruck den Eindruck erweckst, dass all Deine \u00c4u\u00dferungen von einer n\u00fcchternen Betrachtung der Sache getragen sind. Damit Du ruhig und ausgleicxhend wirkst, wenn es Dir wichtig ist. Damit Du Sacvhe vpn Emotion trenne kannst und stezts zum Kern der Sache zur\u00fcckkehren kannst. Das jedenfalls ist Ziel dieses Coachingmoduls. \u00dcbrigens: Trotz aller Sachlichkeit macht es auch Spa\u00df! Mehr dazu findest Du weiter unten. Ausschlu\u00df des Widerruffrechts: Es wird an dieser Stelle ausdr\u00fccklich darauf hingewiesen, dass das Widerrufsrecht erlischt, sobald\u00a0 die jeweiligen Kurse\u00a0 und\/oder Lizenzcodes f\u00fcr die Nutzung von Analyse-Tools freigeschaltet wurden. Der Zeitpunkt der Mitteilung \u00fcber die Freischaltung an die Kundin\/den Kunden gilt als Beginn der Ausf\u00fchrung des Vertrages. Geleistete Zahlungen werden ab diesem Zeitpunkt nicht zur\u00fcckerstattet.\u00a0Siehe dazu auch unsere rechtskonforme Widerrufsbelehrung:\u00a0https:\/\/scil-profile.de\/ueber-uns\/widerrufsbelehrung\/","og_url":"https:\/\/scil-profile.de\/produkt\/ok-coaching-intellektus-frequenz-sachlichkeit\/","og_site_name":"SCIL Profile","article_modified_time":"2026-02-18T13:38:45+00:00","og_image":[{"width":1265,"height":712,"url":"https:\/\/scil-profile.de\/wp-content\/uploads\/2024\/01\/Sachlichkeit.jpeg","type":"image\/jpeg"}],"twitter_card":"summary_large_image","twitter_misc":{"\u041f\u0440\u0438\u043c\u0435\u0440\u043d\u043e\u0435 \u0432\u0440\u0435\u043c\u044f \u0434\u043b\u044f \u0447\u0442\u0435\u043d\u0438\u044f":"5 \u043c\u0438\u043d\u0443\u0442"},"schema":{"@context":"https:\/\/schema.org","@graph":[{"@type":"WebPage","@id":"https:\/\/scil-profile.de\/produkt\/ok-coaching-intellektus-frequenz-sachlichkeit\/","url":"https:\/\/scil-profile.de\/produkt\/ok-coaching-intellektus-frequenz-sachlichkeit\/","name":"OK Coaching | Intellektus Frequenz Sachlichkeit - SCIL Profile","isPartOf":{"@id":"https:\/\/scil-profile.de\/#website"},"primaryImageOfPage":{"@id":"https:\/\/scil-profile.de\/produkt\/ok-coaching-intellektus-frequenz-sachlichkeit\/#primaryimage"},"image":{"@id":"https:\/\/scil-profile.de\/produkt\/ok-coaching-intellektus-frequenz-sachlichkeit\/#primaryimage"},"thumbnailUrl":"https:\/\/scil-profile.de\/wp-content\/uploads\/2024\/01\/Sachlichkeit.jpeg","datePublished":"2024-01-03T15:00:28+00:00","dateModified":"2026-02-18T13:38:45+00:00","breadcrumb":{"@id":"https:\/\/scil-profile.de\/produkt\/ok-coaching-intellektus-frequenz-sachlichkeit\/#breadcrumb"},"inLanguage":"ru-RU","potentialAction":[{"@type":"ReadAction","target":["https:\/\/scil-profile.de\/produkt\/ok-coaching-intellektus-frequenz-sachlichkeit\/"]}]},{"@type":"ImageObject","inLanguage":"ru-RU","@id":"https:\/\/scil-profile.de\/produkt\/ok-coaching-intellektus-frequenz-sachlichkeit\/#primaryimage","url":"https:\/\/scil-profile.de\/wp-content\/uploads\/2024\/01\/Sachlichkeit.jpeg","contentUrl":"https:\/\/scil-profile.de\/wp-content\/uploads\/2024\/01\/Sachlichkeit.jpeg","width":1265,"height":712},{"@type":"BreadcrumbList","@id":"https:\/\/scil-profile.de\/produkt\/ok-coaching-intellektus-frequenz-sachlichkeit\/#breadcrumb","itemListElement":[{"@type":"ListItem","position":1,"name":"Weiterbildung","item":"https:\/\/scil-profile.de\/"},{"@type":"ListItem","position":2,"name":"Shop","item":"https:\/\/scil-profile.de\/shop\/"},{"@type":"ListItem","position":3,"name":"OK Coaching | Intellektus Frequenz Sachlichkeit"}]},{"@type":"WebSite","@id":"https:\/\/scil-profile.de\/#website","url":"https:\/\/scil-profile.de\/","name":"SCIL Profile","description":"Entdecke und entfalte Dein Charisma. Pers\u00f6nliche Wirkung und Wahrnehmung als Schl\u00fcssel f\u00fcr mehr Erfolg.","potentialAction":[{"@type":"SearchAction","target":{"@type":"EntryPoint","urlTemplate":"https:\/\/scil-profile.de\/?s={search_term_string}"},"query-input":{"@type":"PropertyValueSpecification","valueRequired":true,"valueName":"search_term_string"}}],"inLanguage":"ru-RU"}]}},"_links":{"self":[{"href":"https:\/\/scil-profile.de\/ru\/wp-json\/wp\/v2\/product\/80536","targetHints":{"allow":["GET"]}}],"collection":[{"href":"https:\/\/scil-profile.de\/ru\/wp-json\/wp\/v2\/product"}],"about":[{"href":"https:\/\/scil-profile.de\/ru\/wp-json\/wp\/v2\/types\/product"}],"wp:featuredmedia":[{"embeddable":true,"href":"https:\/\/scil-profile.de\/ru\/wp-json\/wp\/v2\/media\/80877"}],"wp:attachment":[{"href":"https:\/\/scil-profile.de\/ru\/wp-json\/wp\/v2\/media?parent=80536"}],"wp:term":[{"taxonomy":"product_brand","embeddable":true,"href":"https:\/\/scil-profile.de\/ru\/wp-json\/wp\/v2\/product_brand?post=80536"},{"taxonomy":"product_cat","embeddable":true,"href":"https:\/\/scil-profile.de\/ru\/wp-json\/wp\/v2\/product_cat?post=80536"},{"taxonomy":"product_tag","embeddable":true,"href":"https:\/\/scil-profile.de\/ru\/wp-json\/wp\/v2\/product_tag?post=80536"}],"curies":[{"name":"wp","href":"https:\/\/api.w.org\/{rel}","templated":true}]}}