{"id":80526,"date":"2024-01-03T15:56:59","date_gmt":"2024-01-03T14:56:59","guid":{"rendered":"https:\/\/scil-profile.de\/?post_type=product&#038;p=80526"},"modified":"2026-02-18T14:23:15","modified_gmt":"2026-02-18T13:23:15","slug":"ok-coaching-intellektus-frequenz-zielorientierung","status":"publish","type":"product","link":"https:\/\/scil-profile.de\/ru\/produkt\/ok-coaching-intellektus-frequenz-zielorientierung\/","title":{"rendered":"OK Coaching | Intellektus Frequenz Zielorientierung"},"content":{"rendered":"<strong>OK-Coaching<\/strong> ist die Abk\u00fcrzung f\u00fcr <strong><em>O<\/em><\/strong>nline<strong><em>K<\/em><\/strong>ommunikations-Coaching. <strong>Dieser Kurs besteht aus insgesamt 4 Lektionen, 34<\/strong><strong> Themenmodulen und enth\u00e4lt 23 unterschiedlich schwierige Tests bzw. interaktive Elemente<em>.<\/em><\/strong> Ziel des Kurses ist es, Dein Kommunikationsrepertoire auf der Intellektus-Frequenz <strong>Zielorientierung<\/strong> zu festigen und zu erweitern. Und zwar so, wie es im folgenden beschrieben ist:<br><br>\r\n\r\nDu scheinst eine stark zielorientierte Wirkung auszustrahlen, weil Dut anderen Menschen bereits in einem sehr fr\u00fchen Stadium Deine Ziele mitteilst und die Wirkung entfaltest, dass Du diese auch konsequent verfolgst.\r\n\r\nDu bist ganz offensichtlich jederzeit von einer wahrnehmbaren Ergebnisorientierung gekennzeichnet. In jedem Augenblick eines interaktiven Prozesses kannst Du die Wirkung einer Person entfalten, die stets kritisch die Frage stellt \u201eIn welcher Form und in welchem Umfang zahlt der jeweils aktuelle Beitrag auf das zu Beginn vereinbarte Ziel ein?\u201c Von Dir bekommt man durchaus in Gespr\u00e4chen, Pr\u00e4sentationen oder Workshops des \u00d6fteren die Frage zu h\u00f6ren \u201eUnd wie hilft uns das jetzt bei der Zielerreichung?\u201c<br><br>\r\n\r\nAndere Menschen erleben Dich als eine Person, die es versteht durch zielgerichtete Fragen einen Prozess oder eine Diskussion exzellent zu lenken und immer wieder auf das Ziel auszurichten. Dir wird nachgesagt, dass f\u00fcr Dich ein Gespr\u00e4ch oder eine Diskussion erst dann erfolgreich genannt werden kann, wenn eindeutige Ergebnisse dabei erzielt werden konnten. Klare Vereinbarungen und Verabredungen am Ende eines entsprechenden Prozesses scheinen f\u00fcr Dich eine unabdingbare Notwendigkeit zu sein.\r\n\r\nWenn eine Begegnung zu sehr von prozessorientierten Elementen gepr\u00e4gt ist und Du selbst eine eher niedrige Prozessausrichtung aufweist, kannst Du durchaus auch mal auch ungeduldig oder sogar barsch wirken.\r\n\r\nTriffst Du auf Menschen mit geringerer Zielorientierung und ausgepr\u00e4gter Prozessorientierung, sind kommunikative Konflikte geradezu vorprogrammiert, weil Du tendenziell nicht akzeptieren willst oder kannst, dass die Qualit\u00e4t eines Prozesses durchaus auch wichtige Beitr\u00e4ge zur Qualit\u00e4t des Ergebnisses leisten k\u00f6nnen.\r\n\r\n<img fetchpriority=\"high\" decoding=\"async\" src=\"https:\/\/scil-profile.de\/wp-content\/uploads\/2024\/01\/Icon_Zielorientierung-300x262.png\" alt=\"\" width=\"493\" height=\"430\" class=\" wp-image-120341 alignleft\" srcset=\"https:\/\/scil-profile.de\/wp-content\/uploads\/2024\/01\/Icon_Zielorientierung-300x262.png 300w, https:\/\/scil-profile.de\/wp-content\/uploads\/2024\/01\/Icon_Zielorientierung-1024x893.png 1024w, https:\/\/scil-profile.de\/wp-content\/uploads\/2024\/01\/Icon_Zielorientierung-768x670.png 768w, https:\/\/scil-profile.de\/wp-content\/uploads\/2024\/01\/Icon_Zielorientierung-1536x1340.png 1536w, https:\/\/scil-profile.de\/wp-content\/uploads\/2024\/01\/Icon_Zielorientierung-2048x1787.png 2048w, https:\/\/scil-profile.de\/wp-content\/uploads\/2024\/01\/Icon_Zielorientierung-624x544.png 624w, https:\/\/scil-profile.de\/wp-content\/uploads\/2024\/01\/Icon_Zielorientierung-600x523.png 600w\" sizes=\"(max-width: 493px) 100vw, 493px\" \/><br><br>Um Dich bei der Erweiterung Deines Repertoires in dem zuvor beschriebenen Sinne\u00a0<em><strong> <\/strong><\/em>erfolgreich begleiten zu k\u00f6nnen, behandeln wir in diesem Kurs u.a. die folgenden Fragen und trainieren die daraus resultierenden \u00dcbungen mit Dir:<br><br>\r\n<ul>\r\n \t<li style=\"list-style-type: none;\">\r\n<ul>\r\n \t<li><em>Was genau ist unter Zielorientierung zu verstehen?<\/em><\/li>\r\n \t<li><em>Erg\u00e4nzen sich Zielorientierung und Momentfokussierung oder sind es eher gegens\u00e4tzliche Kr\u00e4fte?<\/em><\/li>\r\n \t<li><em>In welchen Situationen ist es besonders hilfreich, zielorientiert zu wirken?<\/em><\/li>\r\n \t<li><em>Was unterschiedet eine Vision von einem Ziel?<\/em><\/li>\r\n \t<li><em>Hast Du vor einer Begegnung Deine Ziele bereits klar definiert?<\/em><\/li>\r\n \t<li><em>In welchen Situationen ist es n\u00fctzlich, die eigenen Ziele vor\u00fcbergehend aufzugeben und sich auf den Moment einzulassen?<\/em><\/li>\r\n \t<li><em>Wie kannst Du auch eher momentfokussierten Menschen auf Deine Ziele \u00f6ffnen und gewinnen?<\/em><\/li>\r\n \t<li><em>Wodurch lassen sich Begegnungen wirksam lenken und steuern?<\/em><\/li>\r\n \t<li><em>Arbeitest Du in diesem Kurs nur daran, dass Du als eine Pers\u00f6nlichkeit mit einer ausgepr\u00e4gten Zielorientierung wahrgenommen wirst, oder wirkt sich das auch auf Deine faktische Zielorientierung aus?<\/em><\/li>\r\n<\/ul>\r\n<\/li>\r\n<\/ul>\r\n\r\n<ul class=\"wp-block-list\"><!-- \/wp:post-content --><\/ul>\r\n<h6><!-- \/wp:list --><\/h6>\r\nAuf die letzte Frage hier schon mal eine erste konkrete Antwort, die so \u00fcbrigens\u00a0 auch f\u00fcr alle anderen Frequenzen gilt:<strong> Spiel wird zum Schein. Schein wird zum Sein. Sein wird zum Spiel. <\/strong>Du trainierst in diesem Kurs auf sehr spielerische Art und Weise, den beabsichtigten Eindruck zu erwecken. Arbeitest Du aktiv und intensiv genug an diesem Eindruck oder Schein, dringt dies \u00fcber kurz oder lang auch nach Innen. Die entsprechenden Kompetenzen werden mehr und mehr Teil Deiner Pers\u00f6nlichkeit. Und schlie\u00dflich wirst Du zunehmend Freude an dieser Art der Repertoire-Erweiterung\u00a0 haben, sodass Deine Motivation und die F\u00e4higkeiten steigen, immer wieder aufs Neue damit zu spielen und Dich weiterzuentwickeln.<em> Spiel wird zum Schein =<\/em><strong> Deine Wahrnehmung wird sch\u00e4rfer und Deine Ausstrahlung kontinuierlich souver\u00e4ner. <\/strong><em>Schein wird zum Sein =<\/em><strong>\u00a0 Du erweckst das Charisma in Dir wieder zum Leben und bringst es zur Entfaltung. <\/strong><em>Sein wird zum Spiel =\u00a0<\/em><strong>Du wirst sukzessive virtuoser und ziehst immer mehr Register gelingender und gewinnender Kommunikation.<\/strong>\r\n<h6><strong><br><br>Ausschluss des Widerruffrechts:<\/strong><\/h6>\r\n<h6><strong>Es wird an dieser Stelle ausdr\u00fccklich darauf hingewiesen, dass das Widerrufsrecht erlischt, sobald\u00a0 die jeweiligen Kurse\u00a0 und\/oder Lizenzcodes f\u00fcr die Nutzung von Analyse-Tools freigeschaltet wurden. Der Zeitpunkt der Mitteilung \u00fcber die Freischaltung an die Kundin\/den Kunden gilt als Beginn der Ausf\u00fchrung des Vertrages. Geleistete Zahlungen werden ab diesem Zeitpunkt nicht zur\u00fcckerstattet.<span>\u00a0<\/span><\/strong><strong>Siehe dazu auch unsere rechtskonforme Widerrufsbelehrung:<span>\u00a0<\/span><a href=\"https:\/\/scil-profile.de\/ueber-uns\/widerrufsbelehrung\/\">https:\/\/scil-profile.de\/ueber-uns\/widerrufsbelehrung\/<\/a><\/strong><\/h6><!-- \/wp:freeform -->","protected":false},"excerpt":{"rendered":"<p><strong>Nettopreis 79,83 \u20ac <\/strong>zzgl. 15,17 \u20ac 19% MwSt<\/p>\n<p><strong>OK-Coaching<\/strong> ist die Abk\u00fcrzung f\u00fcr <strong><em>O<\/em><\/strong>nline<strong><em>K<\/em><\/strong>ommunikations-Coaching. <strong>Dieser Kurs besteht aus insgesamt 4 Lektionen, 34<\/strong><strong> Themenmodulen und enth\u00e4lt 23 unterschiedlich schwierige Tests bzw. interaktive Elemente<em>.<\/em><\/strong>\u00a0Nur ein Schiff, das seinen Hafen kennt, findet immer den richtigen Weg, lautet eine auf Seneca zur\u00fcckzuf\u00fchrende Weisheit. Und wahrscheinlich ist auch eine Menge Wahres dran. Wer nicht wei\u00df, wohin er will, f\u00fcr den ist jeder Schritt falsch. Oder richtgig. Man wei\u00df es eben nicht. Ziel des Kurses ist es, Dein Kommunikationsrepertoire auf der Intellektus-Frequenz <strong>Zielorientierung<\/strong> zu festigen und zu erweitern.<\/p>\n<h6><strong>Ausschluss des Widerruffrechts:<\/strong><\/h6>\n<h6><strong>Es wird an dieser Stelle ausdr\u00fccklich darauf hingewiesen, dass das Widerrufsrecht erlischt, sobald\u00a0 die jeweiligen Kurse\u00a0 und\/oder Lizenzcodes f\u00fcr die Nutzung von Analyse-Tools freigeschaltet wurden. Der Zeitpunkt der Mitteilung \u00fcber die Freischaltung an die Kundin\/den Kunden gilt als Beginn der Ausf\u00fchrung des Vertrages. Geleistete Zahlungen werden ab diesem Zeitpunkt nicht zur\u00fcckerstattet.<span>\u00a0<\/span><\/strong><strong>Siehe dazu auch unsere rechtskonforme Widerrufsbelehrung:<span>\u00a0<\/span><a href=\"https:\/\/scil-profile.de\/ueber-uns\/widerrufsbelehrung\/\">https:\/\/scil-profile.de\/ueber-uns\/widerrufsbelehrung\/<\/a><\/strong><\/h6>\n","protected":false},"featured_media":80885,"template":"","meta":{"pmpro_default_level":""},"product_brand":[],"product_cat":[139],"product_tag":[],"class_list":{"0":"post-80526","1":"product","2":"type-product","3":"status-publish","4":"has-post-thumbnail","6":"product_cat-scil-profile","7":"pmpro-has-access","9":"first","10":"instock","11":"virtual","12":"taxable","13":"purchasable","14":"product-type-simple"},"yoast_head":"<!-- This site is optimized with the Yoast SEO plugin v27.3 - https:\/\/yoast.com\/product\/yoast-seo-wordpress\/ -->\n<title>OK Coaching | Intellektus Frequenz Zielorientierung - SCIL Profile<\/title>\n<meta name=\"robots\" content=\"index, follow, max-snippet:-1, max-image-preview:large, max-video-preview:-1\" \/>\n<link rel=\"canonical\" href=\"https:\/\/scil-profile.de\/produkt\/ok-coaching-intellektus-frequenz-zielorientierung\/\" \/>\n<meta property=\"og:locale\" content=\"ru_RU\" \/>\n<meta property=\"og:type\" content=\"article\" \/>\n<meta property=\"og:title\" content=\"OK Coaching | Intellektus Frequenz Zielorientierung - SCIL Profile\" \/>\n<meta property=\"og:description\" content=\"Nettopreis 79,83 \u20ac zzgl. 15,17 \u20ac 19% MwSt  OK-Coaching ist die Abk\u00fcrzung f\u00fcr OnlineKommunikations-Coaching. Dieser Kurs besteht aus insgesamt 4 Lektionen, 34 Themenmodulen und enth\u00e4lt 23 unterschiedlich schwierige Tests bzw. interaktive Elemente.\u00a0Nur ein Schiff, das seinen Hafen kennt, findet immer den richtigen Weg, lautet eine auf Seneca zur\u00fcckzuf\u00fchrende Weisheit. Und wahrscheinlich ist auch eine Menge Wahres dran. Wer nicht wei\u00df, wohin er will, f\u00fcr den ist jeder Schritt falsch. Oder richtgig. Man wei\u00df es eben nicht. Ziel des Kurses ist es, Dein Kommunikationsrepertoire auf der Intellektus-Frequenz Zielorientierung zu festigen und zu erweitern. Ausschluss des Widerruffrechts: Es wird an dieser Stelle ausdr\u00fccklich darauf hingewiesen, dass das Widerrufsrecht erlischt, sobald\u00a0 die jeweiligen Kurse\u00a0 und\/oder Lizenzcodes f\u00fcr die Nutzung von Analyse-Tools freigeschaltet wurden. Der Zeitpunkt der Mitteilung \u00fcber die Freischaltung an die Kundin\/den Kunden gilt als Beginn der Ausf\u00fchrung des Vertrages. Geleistete Zahlungen werden ab diesem Zeitpunkt nicht zur\u00fcckerstattet.\u00a0Siehe dazu auch unsere rechtskonforme Widerrufsbelehrung:\u00a0https:\/\/scil-profile.de\/ueber-uns\/widerrufsbelehrung\/\" \/>\n<meta property=\"og:url\" content=\"https:\/\/scil-profile.de\/produkt\/ok-coaching-intellektus-frequenz-zielorientierung\/\" \/>\n<meta property=\"og:site_name\" content=\"SCIL Profile\" \/>\n<meta property=\"article:modified_time\" content=\"2026-02-18T13:23:15+00:00\" \/>\n<meta property=\"og:image\" content=\"https:\/\/scil-profile.de\/wp-content\/uploads\/2024\/01\/Zielorientierung.jpeg\" \/>\n\t<meta property=\"og:image:width\" content=\"1265\" \/>\n\t<meta property=\"og:image:height\" content=\"712\" \/>\n\t<meta property=\"og:image:type\" content=\"image\/jpeg\" \/>\n<meta name=\"twitter:card\" content=\"summary_large_image\" \/>\n<meta name=\"twitter:label1\" content=\"\u041f\u0440\u0438\u043c\u0435\u0440\u043d\u043e\u0435 \u0432\u0440\u0435\u043c\u044f \u0434\u043b\u044f \u0447\u0442\u0435\u043d\u0438\u044f\" \/>\n\t<meta name=\"twitter:data1\" content=\"5 \u043c\u0438\u043d\u0443\u0442\" \/>\n<script type=\"application\/ld+json\" class=\"yoast-schema-graph\">{\"@context\":\"https:\\\/\\\/schema.org\",\"@graph\":[{\"@type\":\"WebPage\",\"@id\":\"https:\\\/\\\/scil-profile.de\\\/produkt\\\/ok-coaching-intellektus-frequenz-zielorientierung\\\/\",\"url\":\"https:\\\/\\\/scil-profile.de\\\/produkt\\\/ok-coaching-intellektus-frequenz-zielorientierung\\\/\",\"name\":\"OK Coaching | Intellektus Frequenz Zielorientierung - SCIL Profile\",\"isPartOf\":{\"@id\":\"https:\\\/\\\/scil-profile.de\\\/#website\"},\"primaryImageOfPage\":{\"@id\":\"https:\\\/\\\/scil-profile.de\\\/produkt\\\/ok-coaching-intellektus-frequenz-zielorientierung\\\/#primaryimage\"},\"image\":{\"@id\":\"https:\\\/\\\/scil-profile.de\\\/produkt\\\/ok-coaching-intellektus-frequenz-zielorientierung\\\/#primaryimage\"},\"thumbnailUrl\":\"https:\\\/\\\/scil-profile.de\\\/wp-content\\\/uploads\\\/2024\\\/01\\\/Zielorientierung.jpeg\",\"datePublished\":\"2024-01-03T14:56:59+00:00\",\"dateModified\":\"2026-02-18T13:23:15+00:00\",\"breadcrumb\":{\"@id\":\"https:\\\/\\\/scil-profile.de\\\/produkt\\\/ok-coaching-intellektus-frequenz-zielorientierung\\\/#breadcrumb\"},\"inLanguage\":\"ru-RU\",\"potentialAction\":[{\"@type\":\"ReadAction\",\"target\":[\"https:\\\/\\\/scil-profile.de\\\/produkt\\\/ok-coaching-intellektus-frequenz-zielorientierung\\\/\"]}]},{\"@type\":\"ImageObject\",\"inLanguage\":\"ru-RU\",\"@id\":\"https:\\\/\\\/scil-profile.de\\\/produkt\\\/ok-coaching-intellektus-frequenz-zielorientierung\\\/#primaryimage\",\"url\":\"https:\\\/\\\/scil-profile.de\\\/wp-content\\\/uploads\\\/2024\\\/01\\\/Zielorientierung.jpeg\",\"contentUrl\":\"https:\\\/\\\/scil-profile.de\\\/wp-content\\\/uploads\\\/2024\\\/01\\\/Zielorientierung.jpeg\",\"width\":1265,\"height\":712},{\"@type\":\"BreadcrumbList\",\"@id\":\"https:\\\/\\\/scil-profile.de\\\/produkt\\\/ok-coaching-intellektus-frequenz-zielorientierung\\\/#breadcrumb\",\"itemListElement\":[{\"@type\":\"ListItem\",\"position\":1,\"name\":\"Weiterbildung\",\"item\":\"https:\\\/\\\/scil-profile.de\\\/\"},{\"@type\":\"ListItem\",\"position\":2,\"name\":\"Shop\",\"item\":\"https:\\\/\\\/scil-profile.de\\\/shop\\\/\"},{\"@type\":\"ListItem\",\"position\":3,\"name\":\"OK Coaching | Intellektus Frequenz Zielorientierung\"}]},{\"@type\":\"WebSite\",\"@id\":\"https:\\\/\\\/scil-profile.de\\\/#website\",\"url\":\"https:\\\/\\\/scil-profile.de\\\/\",\"name\":\"SCIL Profile\",\"description\":\"Entdecke und entfalte Dein Charisma. Pers\u00f6nliche Wirkung und Wahrnehmung als Schl\u00fcssel f\u00fcr mehr Erfolg.\",\"potentialAction\":[{\"@type\":\"SearchAction\",\"target\":{\"@type\":\"EntryPoint\",\"urlTemplate\":\"https:\\\/\\\/scil-profile.de\\\/?s={search_term_string}\"},\"query-input\":{\"@type\":\"PropertyValueSpecification\",\"valueRequired\":true,\"valueName\":\"search_term_string\"}}],\"inLanguage\":\"ru-RU\"}]}<\/script>\n<!-- \/ Yoast SEO plugin. -->","yoast_head_json":{"title":"OK Coaching | Intellektus Frequenz Zielorientierung - SCIL Profile","robots":{"index":"index","follow":"follow","max-snippet":"max-snippet:-1","max-image-preview":"max-image-preview:large","max-video-preview":"max-video-preview:-1"},"canonical":"https:\/\/scil-profile.de\/produkt\/ok-coaching-intellektus-frequenz-zielorientierung\/","og_locale":"ru_RU","og_type":"article","og_title":"OK Coaching | Intellektus Frequenz Zielorientierung - SCIL Profile","og_description":"Nettopreis 79,83 \u20ac zzgl. 15,17 \u20ac 19% MwSt  OK-Coaching ist die Abk\u00fcrzung f\u00fcr OnlineKommunikations-Coaching. Dieser Kurs besteht aus insgesamt 4 Lektionen, 34 Themenmodulen und enth\u00e4lt 23 unterschiedlich schwierige Tests bzw. interaktive Elemente.\u00a0Nur ein Schiff, das seinen Hafen kennt, findet immer den richtigen Weg, lautet eine auf Seneca zur\u00fcckzuf\u00fchrende Weisheit. Und wahrscheinlich ist auch eine Menge Wahres dran. Wer nicht wei\u00df, wohin er will, f\u00fcr den ist jeder Schritt falsch. Oder richtgig. Man wei\u00df es eben nicht. Ziel des Kurses ist es, Dein Kommunikationsrepertoire auf der Intellektus-Frequenz Zielorientierung zu festigen und zu erweitern. Ausschluss des Widerruffrechts: Es wird an dieser Stelle ausdr\u00fccklich darauf hingewiesen, dass das Widerrufsrecht erlischt, sobald\u00a0 die jeweiligen Kurse\u00a0 und\/oder Lizenzcodes f\u00fcr die Nutzung von Analyse-Tools freigeschaltet wurden. Der Zeitpunkt der Mitteilung \u00fcber die Freischaltung an die Kundin\/den Kunden gilt als Beginn der Ausf\u00fchrung des Vertrages. Geleistete Zahlungen werden ab diesem Zeitpunkt nicht zur\u00fcckerstattet.\u00a0Siehe dazu auch unsere rechtskonforme Widerrufsbelehrung:\u00a0https:\/\/scil-profile.de\/ueber-uns\/widerrufsbelehrung\/","og_url":"https:\/\/scil-profile.de\/produkt\/ok-coaching-intellektus-frequenz-zielorientierung\/","og_site_name":"SCIL Profile","article_modified_time":"2026-02-18T13:23:15+00:00","og_image":[{"width":1265,"height":712,"url":"https:\/\/scil-profile.de\/wp-content\/uploads\/2024\/01\/Zielorientierung.jpeg","type":"image\/jpeg"}],"twitter_card":"summary_large_image","twitter_misc":{"\u041f\u0440\u0438\u043c\u0435\u0440\u043d\u043e\u0435 \u0432\u0440\u0435\u043c\u044f \u0434\u043b\u044f \u0447\u0442\u0435\u043d\u0438\u044f":"5 \u043c\u0438\u043d\u0443\u0442"},"schema":{"@context":"https:\/\/schema.org","@graph":[{"@type":"WebPage","@id":"https:\/\/scil-profile.de\/produkt\/ok-coaching-intellektus-frequenz-zielorientierung\/","url":"https:\/\/scil-profile.de\/produkt\/ok-coaching-intellektus-frequenz-zielorientierung\/","name":"OK Coaching | Intellektus Frequenz Zielorientierung - SCIL Profile","isPartOf":{"@id":"https:\/\/scil-profile.de\/#website"},"primaryImageOfPage":{"@id":"https:\/\/scil-profile.de\/produkt\/ok-coaching-intellektus-frequenz-zielorientierung\/#primaryimage"},"image":{"@id":"https:\/\/scil-profile.de\/produkt\/ok-coaching-intellektus-frequenz-zielorientierung\/#primaryimage"},"thumbnailUrl":"https:\/\/scil-profile.de\/wp-content\/uploads\/2024\/01\/Zielorientierung.jpeg","datePublished":"2024-01-03T14:56:59+00:00","dateModified":"2026-02-18T13:23:15+00:00","breadcrumb":{"@id":"https:\/\/scil-profile.de\/produkt\/ok-coaching-intellektus-frequenz-zielorientierung\/#breadcrumb"},"inLanguage":"ru-RU","potentialAction":[{"@type":"ReadAction","target":["https:\/\/scil-profile.de\/produkt\/ok-coaching-intellektus-frequenz-zielorientierung\/"]}]},{"@type":"ImageObject","inLanguage":"ru-RU","@id":"https:\/\/scil-profile.de\/produkt\/ok-coaching-intellektus-frequenz-zielorientierung\/#primaryimage","url":"https:\/\/scil-profile.de\/wp-content\/uploads\/2024\/01\/Zielorientierung.jpeg","contentUrl":"https:\/\/scil-profile.de\/wp-content\/uploads\/2024\/01\/Zielorientierung.jpeg","width":1265,"height":712},{"@type":"BreadcrumbList","@id":"https:\/\/scil-profile.de\/produkt\/ok-coaching-intellektus-frequenz-zielorientierung\/#breadcrumb","itemListElement":[{"@type":"ListItem","position":1,"name":"Weiterbildung","item":"https:\/\/scil-profile.de\/"},{"@type":"ListItem","position":2,"name":"Shop","item":"https:\/\/scil-profile.de\/shop\/"},{"@type":"ListItem","position":3,"name":"OK Coaching | Intellektus Frequenz Zielorientierung"}]},{"@type":"WebSite","@id":"https:\/\/scil-profile.de\/#website","url":"https:\/\/scil-profile.de\/","name":"SCIL Profile","description":"Entdecke und entfalte Dein Charisma. Pers\u00f6nliche Wirkung und Wahrnehmung als Schl\u00fcssel f\u00fcr mehr Erfolg.","potentialAction":[{"@type":"SearchAction","target":{"@type":"EntryPoint","urlTemplate":"https:\/\/scil-profile.de\/?s={search_term_string}"},"query-input":{"@type":"PropertyValueSpecification","valueRequired":true,"valueName":"search_term_string"}}],"inLanguage":"ru-RU"}]}},"_links":{"self":[{"href":"https:\/\/scil-profile.de\/ru\/wp-json\/wp\/v2\/product\/80526","targetHints":{"allow":["GET"]}}],"collection":[{"href":"https:\/\/scil-profile.de\/ru\/wp-json\/wp\/v2\/product"}],"about":[{"href":"https:\/\/scil-profile.de\/ru\/wp-json\/wp\/v2\/types\/product"}],"wp:featuredmedia":[{"embeddable":true,"href":"https:\/\/scil-profile.de\/ru\/wp-json\/wp\/v2\/media\/80885"}],"wp:attachment":[{"href":"https:\/\/scil-profile.de\/ru\/wp-json\/wp\/v2\/media?parent=80526"}],"wp:term":[{"taxonomy":"product_brand","embeddable":true,"href":"https:\/\/scil-profile.de\/ru\/wp-json\/wp\/v2\/product_brand?post=80526"},{"taxonomy":"product_cat","embeddable":true,"href":"https:\/\/scil-profile.de\/ru\/wp-json\/wp\/v2\/product_cat?post=80526"},{"taxonomy":"product_tag","embeddable":true,"href":"https:\/\/scil-profile.de\/ru\/wp-json\/wp\/v2\/product_tag?post=80526"}],"curies":[{"name":"wp","href":"https:\/\/api.w.org\/{rel}","templated":true}]}}