{"id":80520,"date":"2024-01-03T15:55:08","date_gmt":"2024-01-03T14:55:08","guid":{"rendered":"https:\/\/scil-profile.de\/?post_type=product&#038;p=80520"},"modified":"2026-02-18T14:14:30","modified_gmt":"2026-02-18T13:14:30","slug":"ok-coaching-intellektus-frequenz-analytik","status":"publish","type":"product","link":"https:\/\/scil-profile.de\/ru\/produkt\/ok-coaching-intellektus-frequenz-analytik\/","title":{"rendered":"OK Coaching | Intellektus Frequenz Analytik"},"content":{"rendered":"<strong>OK-Coaching<\/strong> ist die Abk\u00fcrzung f\u00fcr <strong><em>O<\/em><\/strong>nline<strong><em>K<\/em><\/strong>ommunikations-Coaching. <strong>Dieser Kurs besteht aus insgesamt 4 Lektionen, 27 Themenmodulen und enth\u00e4lt 21 unterschiedlich schwierige Tests bzw. interaktive Elemente<em>.<\/em><\/strong> Ziel des Kurses ist es, Dein Kommunikationsrepertoire auf der Intellektus-Frequenz <strong>Analytik<\/strong> zu festigen und zu erweitern. Und zwar so, wie es im folgenden beschrieben ist:<br><br>\r\n\r\nDu erweckst bei anderen Menschen den Eindruck, als w\u00fcrdest Du allen Dingen auf den Grund gehen und Duch auf alle Eventualit\u00e4ten vorbereiten. Du wirkst auf andere als eine Person mit starken antizipativen F\u00e4higkeiten. Einem guten Schachspieler gleich scheinst Du alle Einw\u00e4nde kalkuliert zu haben, die in einer bevorstehenden Begegnung denkbar sind. Demzufolge vermittelst Du auch den Eindruck, als h\u00e4ttest Du f\u00fcr jeden m\u00f6glichen Einwand eine Strategie und Antwort parat.\r\n\r\nDu wirst von anderen als Mensch wahrgenommen, der grunds\u00e4tzlich erst einmal verstehen will, warum und wie eine Sache funktioniert. Erst wenn Du dies kognitiv erfasst und durchdrungen hast, scheinst Du zufrieden zu sein. Diesen Eindruck vermittelst Du auch in Bezug auf andere Menschen. In interaktiven Prozessen scheinst Du vordringlich daran interessiert zu sein zu verstehen, warum Deine Gespr\u00e4chspartner bestimmte Dinge tun und Verhaltensweisen an den Tag legen.<br><br>\r\n\r\nAndere Menschen erleben Dich als stets gr\u00fcndlich vorbereitet und auf der fachlichen und sachlichen Ebene optimal pr\u00e4pariert. Gleichgesinnte Menschen werden mit Dir auf dieser Ebene sehr gut diskutieren k\u00f6nnen. Ihr werdet Euch wechselseitig bereichern.In Begegnungen mit eher emotional wirksamen Menschen kann es jedoch zu Missverst\u00e4ndnissen oder gar Konflikten kommen, weil diese sich durch das permanente Hinterfragen des &#8220;Warum?&#8221; und dem &#8220;Wie?&#8221; gebremst oder gar gel\u00e4hmt f\u00fchlen.\r\n\r\n<img fetchpriority=\"high\" decoding=\"async\" src=\"https:\/\/scil-profile.de\/wp-content\/uploads\/2024\/01\/Icon_Analytik-1024x893-1-300x262.png\" alt=\"\" width=\"485\" height=\"424\" class=\" wp-image-120336 alignleft\" srcset=\"https:\/\/scil-profile.de\/wp-content\/uploads\/2024\/01\/Icon_Analytik-1024x893-1-300x262.png 300w, https:\/\/scil-profile.de\/wp-content\/uploads\/2024\/01\/Icon_Analytik-1024x893-1-768x670.png 768w, https:\/\/scil-profile.de\/wp-content\/uploads\/2024\/01\/Icon_Analytik-1024x893-1-624x544.png 624w, https:\/\/scil-profile.de\/wp-content\/uploads\/2024\/01\/Icon_Analytik-1024x893-1-600x523.png 600w, https:\/\/scil-profile.de\/wp-content\/uploads\/2024\/01\/Icon_Analytik-1024x893-1.png 1024w\" sizes=\"(max-width: 485px) 100vw, 485px\" \/><br><br>Um Dich bei der Erweiterung Deines Repertoires in dem zuvor beschriebenen Sinne\u00a0<em><strong> <\/strong><\/em>erfolgreich begleiten zu k\u00f6nnen, behandeln wir in diesem Kurs u.a. die folgenden Fragen und trainieren die daraus resultierenden \u00dcbungen mit Dir:\r\n<ul>\r\n \t<li style=\"list-style-type: none;\">\r\n<ul>\r\n \t<li><em>Welche innere Haltung ist wichtig, damit Du st\u00e4rker analytisch wirken kannst?<\/em><\/li>\r\n \t<li><em>Welche Techniken gibt es, dank derer Du den Eindruck erwecken kannst, den Dinge auf den Grund gehen zu wollen?<\/em><\/li>\r\n \t<li><em>Wie bereitest Du Dich normalerweise auf die Begegungen mit anderen Menschen vor?<\/em><\/li>\r\n \t<li><em>Woran kannst Du festellen, wann und wie Du eine st\u00e4rkere analytische Wirkung erzielst?<\/em><\/li>\r\n \t<li><em>Wie sch\u00e4tzt Du Dein abstraktes Denkverm\u00f6gen zur Zeit ein?<\/em><\/li>\r\n \t<li><em>Welche Methoden kannst Du Dir aneigenen, um diese F\u00e4higkeiten zu trainieren?<\/em><\/li>\r\n \t<li><em>Auf welche Weise reflektierst Du ein soeben beendetes Gespr\u00e4ch oder eine gerade gehaltene Pr\u00e4sentation?<\/em><\/li>\r\n \t<li><em>Wie kannst Du die Ergebnisse dieser Reflektion am besten f\u00fcr die n\u00e4chste bevorstehende Begegnung nutzen?<\/em><\/li>\r\n \t<li><em>Arbeitest Du in diesem Kurs nur daran, dass Du als eine analytische Pers\u00f6nlichkeit wahrgenommen wirst, oder steigerst Du damit auch faktisch Dein analytisches Geschick?<\/em><\/li>\r\n<\/ul>\r\n<\/li>\r\n<\/ul>\r\n\r\n<ul class=\"wp-block-list\"><!-- \/wp:post-content --><\/ul>\r\n<h6><!-- \/wp:list --><\/h6>\r\nAuf die letzte Frage hier schon mal eine erste konkrete Antwort, die so \u00fcbrigens\u00a0 auch f\u00fcr alle anderen Frequenzen gilt:<strong> Spiel wird zum Schein. Schein wird zum Sein. Sein wird zum Spiel. <\/strong>Du trainierst in diesem Kurs auf sehr spielerische Art und Weise, den beabsichtigten Eindruck zu erwecken. Arbeitest Du aktiv und intensiv genug an diesem Eindruck oder Schein, dringt dies \u00fcber kurz oder lang auch nach Innen. Die entsprechenden Kompetenzen werden mehr und mehr Teil Deiner Pers\u00f6nlichkeit. Und schlie\u00dflich wirst Du zunehmend Freude an dieser Art der Repertoire-Erweiterung\u00a0 haben, sodass Deine Motivation und die F\u00e4higkeiten steigen, immer wieder aufs Neue damit zu spielen und Dich weiterzuentwickeln.<em> Spiel wird zum Schein =<\/em><strong> Deine Wahrnehmung wird sch\u00e4rfer und Deine Ausstrahlung kontinuierlich souver\u00e4ner. <\/strong><em>Schein wird zum Sein =<\/em><strong>\u00a0 Du erweckst das Charisma in Dir wieder zum Leben und bringst es zur Entfaltung. <\/strong><em>Sein wird zum Spiel =\u00a0<\/em><strong>Du wirst sukzessive virtuoser und ziehst immer mehr Register gelingender und gewinnender Kommunikation.<\/strong>\r\n\r\n&nbsp;\r\n<h6><strong><br><br>Ausschlu\u00df des Widerruffrechts:<\/strong><\/h6>\r\n<h6><strong>Es wird an dieser Stelle ausdr\u00fccklich darauf hingewiesen, dass das Widerrufsrecht erlischt, sobald\u00a0 die jeweiligen Kurse\u00a0 und\/oder Lizenzcodes f\u00fcr die Nutzung von Analyse-Tools freigeschaltet wurden. Der Zeitpunkt der Mitteilung \u00fcber die Freischaltung an die Kundin\/den Kunden gilt als Beginn der Ausf\u00fchrung des Vertrages. Geleistete Zahlungen werden ab diesem Zeitpunkt nicht zur\u00fcckerstattet.<span>\u00a0<\/span><\/strong><strong>Siehe dazu auch unsere rechtskonforme Widerrufsbelehrung:<span>\u00a0<\/span><a href=\"https:\/\/scil-profile.de\/ueber-uns\/widerrufsbelehrung\/\">https:\/\/scil-profile.de\/ueber-uns\/widerrufsbelehrung\/<\/a><\/strong><\/h6><!-- \/wp:freeform -->","protected":false},"excerpt":{"rendered":"<p><strong>Nettopreis 79,83 \u20ac <\/strong>zzgl. 15,17 \u20ac 19% MwSt<\/p>\n<p>Alles hat seinen Grund. Und angeblich soll auch alles f\u00fcr irgendetwas gut sein. Aber wen interessiert das schon? Dich hoffentlich. Denn wenn Du immer wieder mal zu h\u00f6ren bekommst oder selbst das Gef\u00fchl hast, manchmal etwas oberfl\u00e4chlich zu wirken, dann bist Du hier genau richtig. In diesem OK Coachinmodul werden dicke Bretter gebohrt und Tiefgang ge\u00fcbt. <strong>OK-Coaching<\/strong> ist die Abk\u00fcrzung f\u00fcr <strong><em>O<\/em><\/strong>nline<strong><em>K<\/em><\/strong>ommunikations-Coaching. In diesem Kurs behandeln wir die Intellektus-Kompetenz Analytik. Getreu den beiden Grunds\u00e4tzen: Wer gr\u00fcndlicher voraussieht, hat seltener das Nachsehen. Und wer hohe T\u00fcrme bauen will, muss lange beim Fundament verweilen. Mehr dazu erf\u00e4hrst Du weiter unten. Scroll einfach ein klein wenig.<\/p>\n<h6><\/h6>\n<h6><strong>Ausschlu\u00df des Widerruffrechts:<\/strong><\/h6>\n<h6><strong>Es wird an dieser Stelle ausdr\u00fccklich darauf hingewiesen, dass das Widerrufsrecht erlischt, sobald\u00a0 die jeweiligen Kurse\u00a0 und\/oder Lizenzcodes f\u00fcr die Nutzung von Analyse-Tools freigeschaltet wurden. Der Zeitpunkt der Mitteilung \u00fcber die Freischaltung an die Kundin\/den Kunden gilt als Beginn der Ausf\u00fchrung des Vertrages. Geleistete Zahlungen werden ab diesem Zeitpunkt nicht zur\u00fcckerstattet.<span>\u00a0<\/span><\/strong><strong>Siehe dazu auch unsere rechtskonforme Widerrufsbelehrung:<span>\u00a0<\/span><a href=\"https:\/\/scil-profile.de\/ueber-uns\/widerrufsbelehrung\/\">https:\/\/scil-profile.de\/ueber-uns\/widerrufsbelehrung\/<\/a><\/strong><\/h6>\n","protected":false},"featured_media":80851,"template":"","meta":{"pmpro_default_level":""},"product_brand":[],"product_cat":[139],"product_tag":[],"class_list":{"0":"post-80520","1":"product","2":"type-product","3":"status-publish","4":"has-post-thumbnail","6":"product_cat-scil-profile","7":"pmpro-has-access","9":"first","10":"instock","11":"virtual","12":"taxable","13":"purchasable","14":"product-type-simple"},"yoast_head":"<!-- This site is optimized with the Yoast SEO plugin v27.2 - https:\/\/yoast.com\/product\/yoast-seo-wordpress\/ -->\n<title>OK Coaching | Intellektus Frequenz Analytik - SCIL Profile<\/title>\n<meta name=\"robots\" content=\"index, follow, max-snippet:-1, max-image-preview:large, max-video-preview:-1\" \/>\n<link rel=\"canonical\" href=\"https:\/\/scil-profile.de\/produkt\/ok-coaching-intellektus-frequenz-analytik\/\" \/>\n<meta property=\"og:locale\" content=\"ru_RU\" \/>\n<meta property=\"og:type\" content=\"article\" \/>\n<meta property=\"og:title\" content=\"OK Coaching | Intellektus Frequenz Analytik - SCIL Profile\" \/>\n<meta property=\"og:description\" content=\"Nettopreis 79,83 \u20ac zzgl. 15,17 \u20ac 19% MwSt  Alles hat seinen Grund. Und angeblich soll auch alles f\u00fcr irgendetwas gut sein. Aber wen interessiert das schon? Dich hoffentlich. Denn wenn Du immer wieder mal zu h\u00f6ren bekommst oder selbst das Gef\u00fchl hast, manchmal etwas oberfl\u00e4chlich zu wirken, dann bist Du hier genau richtig. In diesem OK Coachinmodul werden dicke Bretter gebohrt und Tiefgang ge\u00fcbt. OK-Coaching ist die Abk\u00fcrzung f\u00fcr OnlineKommunikations-Coaching. In diesem Kurs behandeln wir die Intellektus-Kompetenz Analytik. Getreu den beiden Grunds\u00e4tzen: Wer gr\u00fcndlicher voraussieht, hat seltener das Nachsehen. Und wer hohe T\u00fcrme bauen will, muss lange beim Fundament verweilen. Mehr dazu erf\u00e4hrst Du weiter unten. Scroll einfach ein klein wenig.  Ausschlu\u00df des Widerruffrechts: Es wird an dieser Stelle ausdr\u00fccklich darauf hingewiesen, dass das Widerrufsrecht erlischt, sobald\u00a0 die jeweiligen Kurse\u00a0 und\/oder Lizenzcodes f\u00fcr die Nutzung von Analyse-Tools freigeschaltet wurden. Der Zeitpunkt der Mitteilung \u00fcber die Freischaltung an die Kundin\/den Kunden gilt als Beginn der Ausf\u00fchrung des Vertrages. Geleistete Zahlungen werden ab diesem Zeitpunkt nicht zur\u00fcckerstattet.\u00a0Siehe dazu auch unsere rechtskonforme Widerrufsbelehrung:\u00a0https:\/\/scil-profile.de\/ueber-uns\/widerrufsbelehrung\/\" \/>\n<meta property=\"og:url\" content=\"https:\/\/scil-profile.de\/produkt\/ok-coaching-intellektus-frequenz-analytik\/\" \/>\n<meta property=\"og:site_name\" content=\"SCIL Profile\" \/>\n<meta property=\"article:modified_time\" content=\"2026-02-18T13:14:30+00:00\" \/>\n<meta property=\"og:image\" content=\"https:\/\/scil-profile.de\/wp-content\/uploads\/2024\/01\/Analytik.jpeg\" \/>\n\t<meta property=\"og:image:width\" content=\"1265\" \/>\n\t<meta property=\"og:image:height\" content=\"712\" \/>\n\t<meta property=\"og:image:type\" content=\"image\/jpeg\" \/>\n<meta name=\"twitter:card\" content=\"summary_large_image\" \/>\n<meta name=\"twitter:label1\" content=\"\u041f\u0440\u0438\u043c\u0435\u0440\u043d\u043e\u0435 \u0432\u0440\u0435\u043c\u044f \u0434\u043b\u044f \u0447\u0442\u0435\u043d\u0438\u044f\" \/>\n\t<meta name=\"twitter:data1\" content=\"4 \u043c\u0438\u043d\u0443\u0442\u044b\" \/>\n<script type=\"application\/ld+json\" class=\"yoast-schema-graph\">{\"@context\":\"https:\/\/schema.org\",\"@graph\":[{\"@type\":\"WebPage\",\"@id\":\"https:\/\/scil-profile.de\/produkt\/ok-coaching-intellektus-frequenz-analytik\/\",\"url\":\"https:\/\/scil-profile.de\/produkt\/ok-coaching-intellektus-frequenz-analytik\/\",\"name\":\"OK Coaching | Intellektus Frequenz Analytik - SCIL Profile\",\"isPartOf\":{\"@id\":\"https:\/\/scil-profile.de\/#website\"},\"primaryImageOfPage\":{\"@id\":\"https:\/\/scil-profile.de\/produkt\/ok-coaching-intellektus-frequenz-analytik\/#primaryimage\"},\"image\":{\"@id\":\"https:\/\/scil-profile.de\/produkt\/ok-coaching-intellektus-frequenz-analytik\/#primaryimage\"},\"thumbnailUrl\":\"https:\/\/scil-profile.de\/wp-content\/uploads\/2024\/01\/Analytik.jpeg\",\"datePublished\":\"2024-01-03T14:55:08+00:00\",\"dateModified\":\"2026-02-18T13:14:30+00:00\",\"breadcrumb\":{\"@id\":\"https:\/\/scil-profile.de\/produkt\/ok-coaching-intellektus-frequenz-analytik\/#breadcrumb\"},\"inLanguage\":\"ru-RU\",\"potentialAction\":[{\"@type\":\"ReadAction\",\"target\":[\"https:\/\/scil-profile.de\/produkt\/ok-coaching-intellektus-frequenz-analytik\/\"]}]},{\"@type\":\"ImageObject\",\"inLanguage\":\"ru-RU\",\"@id\":\"https:\/\/scil-profile.de\/produkt\/ok-coaching-intellektus-frequenz-analytik\/#primaryimage\",\"url\":\"https:\/\/scil-profile.de\/wp-content\/uploads\/2024\/01\/Analytik.jpeg\",\"contentUrl\":\"https:\/\/scil-profile.de\/wp-content\/uploads\/2024\/01\/Analytik.jpeg\",\"width\":1265,\"height\":712},{\"@type\":\"BreadcrumbList\",\"@id\":\"https:\/\/scil-profile.de\/produkt\/ok-coaching-intellektus-frequenz-analytik\/#breadcrumb\",\"itemListElement\":[{\"@type\":\"ListItem\",\"position\":1,\"name\":\"Weiterbildung\",\"item\":\"https:\/\/scil-profile.de\/\"},{\"@type\":\"ListItem\",\"position\":2,\"name\":\"Shop\",\"item\":\"https:\/\/scil-profile.de\/shop\/\"},{\"@type\":\"ListItem\",\"position\":3,\"name\":\"OK Coaching | Intellektus Frequenz Analytik\"}]},{\"@type\":\"WebSite\",\"@id\":\"https:\/\/scil-profile.de\/#website\",\"url\":\"https:\/\/scil-profile.de\/\",\"name\":\"SCIL Profile\",\"description\":\"Entdecke und entfalte Dein Charisma. Pers\u00f6nliche Wirkung und Wahrnehmung als Schl\u00fcssel f\u00fcr mehr Erfolg.\",\"potentialAction\":[{\"@type\":\"SearchAction\",\"target\":{\"@type\":\"EntryPoint\",\"urlTemplate\":\"https:\/\/scil-profile.de\/?s={search_term_string}\"},\"query-input\":{\"@type\":\"PropertyValueSpecification\",\"valueRequired\":true,\"valueName\":\"search_term_string\"}}],\"inLanguage\":\"ru-RU\"}]}<\/script>\n<!-- \/ Yoast SEO plugin. -->","yoast_head_json":{"title":"OK Coaching | Intellektus Frequenz Analytik - SCIL Profile","robots":{"index":"index","follow":"follow","max-snippet":"max-snippet:-1","max-image-preview":"max-image-preview:large","max-video-preview":"max-video-preview:-1"},"canonical":"https:\/\/scil-profile.de\/produkt\/ok-coaching-intellektus-frequenz-analytik\/","og_locale":"ru_RU","og_type":"article","og_title":"OK Coaching | Intellektus Frequenz Analytik - SCIL Profile","og_description":"Nettopreis 79,83 \u20ac zzgl. 15,17 \u20ac 19% MwSt  Alles hat seinen Grund. Und angeblich soll auch alles f\u00fcr irgendetwas gut sein. Aber wen interessiert das schon? Dich hoffentlich. Denn wenn Du immer wieder mal zu h\u00f6ren bekommst oder selbst das Gef\u00fchl hast, manchmal etwas oberfl\u00e4chlich zu wirken, dann bist Du hier genau richtig. In diesem OK Coachinmodul werden dicke Bretter gebohrt und Tiefgang ge\u00fcbt. OK-Coaching ist die Abk\u00fcrzung f\u00fcr OnlineKommunikations-Coaching. In diesem Kurs behandeln wir die Intellektus-Kompetenz Analytik. Getreu den beiden Grunds\u00e4tzen: Wer gr\u00fcndlicher voraussieht, hat seltener das Nachsehen. Und wer hohe T\u00fcrme bauen will, muss lange beim Fundament verweilen. Mehr dazu erf\u00e4hrst Du weiter unten. Scroll einfach ein klein wenig.  Ausschlu\u00df des Widerruffrechts: Es wird an dieser Stelle ausdr\u00fccklich darauf hingewiesen, dass das Widerrufsrecht erlischt, sobald\u00a0 die jeweiligen Kurse\u00a0 und\/oder Lizenzcodes f\u00fcr die Nutzung von Analyse-Tools freigeschaltet wurden. Der Zeitpunkt der Mitteilung \u00fcber die Freischaltung an die Kundin\/den Kunden gilt als Beginn der Ausf\u00fchrung des Vertrages. Geleistete Zahlungen werden ab diesem Zeitpunkt nicht zur\u00fcckerstattet.\u00a0Siehe dazu auch unsere rechtskonforme Widerrufsbelehrung:\u00a0https:\/\/scil-profile.de\/ueber-uns\/widerrufsbelehrung\/","og_url":"https:\/\/scil-profile.de\/produkt\/ok-coaching-intellektus-frequenz-analytik\/","og_site_name":"SCIL Profile","article_modified_time":"2026-02-18T13:14:30+00:00","og_image":[{"width":1265,"height":712,"url":"https:\/\/scil-profile.de\/wp-content\/uploads\/2024\/01\/Analytik.jpeg","type":"image\/jpeg"}],"twitter_card":"summary_large_image","twitter_misc":{"\u041f\u0440\u0438\u043c\u0435\u0440\u043d\u043e\u0435 \u0432\u0440\u0435\u043c\u044f \u0434\u043b\u044f \u0447\u0442\u0435\u043d\u0438\u044f":"4 \u043c\u0438\u043d\u0443\u0442\u044b"},"schema":{"@context":"https:\/\/schema.org","@graph":[{"@type":"WebPage","@id":"https:\/\/scil-profile.de\/produkt\/ok-coaching-intellektus-frequenz-analytik\/","url":"https:\/\/scil-profile.de\/produkt\/ok-coaching-intellektus-frequenz-analytik\/","name":"OK Coaching | Intellektus Frequenz Analytik - SCIL Profile","isPartOf":{"@id":"https:\/\/scil-profile.de\/#website"},"primaryImageOfPage":{"@id":"https:\/\/scil-profile.de\/produkt\/ok-coaching-intellektus-frequenz-analytik\/#primaryimage"},"image":{"@id":"https:\/\/scil-profile.de\/produkt\/ok-coaching-intellektus-frequenz-analytik\/#primaryimage"},"thumbnailUrl":"https:\/\/scil-profile.de\/wp-content\/uploads\/2024\/01\/Analytik.jpeg","datePublished":"2024-01-03T14:55:08+00:00","dateModified":"2026-02-18T13:14:30+00:00","breadcrumb":{"@id":"https:\/\/scil-profile.de\/produkt\/ok-coaching-intellektus-frequenz-analytik\/#breadcrumb"},"inLanguage":"ru-RU","potentialAction":[{"@type":"ReadAction","target":["https:\/\/scil-profile.de\/produkt\/ok-coaching-intellektus-frequenz-analytik\/"]}]},{"@type":"ImageObject","inLanguage":"ru-RU","@id":"https:\/\/scil-profile.de\/produkt\/ok-coaching-intellektus-frequenz-analytik\/#primaryimage","url":"https:\/\/scil-profile.de\/wp-content\/uploads\/2024\/01\/Analytik.jpeg","contentUrl":"https:\/\/scil-profile.de\/wp-content\/uploads\/2024\/01\/Analytik.jpeg","width":1265,"height":712},{"@type":"BreadcrumbList","@id":"https:\/\/scil-profile.de\/produkt\/ok-coaching-intellektus-frequenz-analytik\/#breadcrumb","itemListElement":[{"@type":"ListItem","position":1,"name":"Weiterbildung","item":"https:\/\/scil-profile.de\/"},{"@type":"ListItem","position":2,"name":"Shop","item":"https:\/\/scil-profile.de\/shop\/"},{"@type":"ListItem","position":3,"name":"OK Coaching | Intellektus Frequenz Analytik"}]},{"@type":"WebSite","@id":"https:\/\/scil-profile.de\/#website","url":"https:\/\/scil-profile.de\/","name":"SCIL Profile","description":"Entdecke und entfalte Dein Charisma. Pers\u00f6nliche Wirkung und Wahrnehmung als Schl\u00fcssel f\u00fcr mehr Erfolg.","potentialAction":[{"@type":"SearchAction","target":{"@type":"EntryPoint","urlTemplate":"https:\/\/scil-profile.de\/?s={search_term_string}"},"query-input":{"@type":"PropertyValueSpecification","valueRequired":true,"valueName":"search_term_string"}}],"inLanguage":"ru-RU"}]}},"_links":{"self":[{"href":"https:\/\/scil-profile.de\/ru\/wp-json\/wp\/v2\/product\/80520","targetHints":{"allow":["GET"]}}],"collection":[{"href":"https:\/\/scil-profile.de\/ru\/wp-json\/wp\/v2\/product"}],"about":[{"href":"https:\/\/scil-profile.de\/ru\/wp-json\/wp\/v2\/types\/product"}],"wp:featuredmedia":[{"embeddable":true,"href":"https:\/\/scil-profile.de\/ru\/wp-json\/wp\/v2\/media\/80851"}],"wp:attachment":[{"href":"https:\/\/scil-profile.de\/ru\/wp-json\/wp\/v2\/media?parent=80520"}],"wp:term":[{"taxonomy":"product_brand","embeddable":true,"href":"https:\/\/scil-profile.de\/ru\/wp-json\/wp\/v2\/product_brand?post=80520"},{"taxonomy":"product_cat","embeddable":true,"href":"https:\/\/scil-profile.de\/ru\/wp-json\/wp\/v2\/product_cat?post=80520"},{"taxonomy":"product_tag","embeddable":true,"href":"https:\/\/scil-profile.de\/ru\/wp-json\/wp\/v2\/product_tag?post=80520"}],"curies":[{"name":"wp","href":"https:\/\/api.w.org\/{rel}","templated":true}]}}