{"id":80489,"date":"2024-01-03T15:32:21","date_gmt":"2024-01-03T14:32:21","guid":{"rendered":"https:\/\/scil-profile.de\/?post_type=product&#038;p=80489"},"modified":"2026-02-18T12:04:00","modified_gmt":"2026-02-18T11:04:00","slug":"ok-coaching-sensus-modul-momentfokussierung","status":"publish","type":"product","link":"https:\/\/scil-profile.de\/ru\/produkt\/ok-coaching-sensus-modul-momentfokussierung\/","title":{"rendered":"OK Coaching | Sensus Frequenz Momentfokussierung"},"content":{"rendered":"<p><strong>OK-Coaching <\/strong>ist die Abk\u00fcrzung f\u00fcr<em><strong> O<\/strong><\/em>nline<em><strong>K<\/strong><\/em>ommunikations-Coaching. <strong>Dieser Kurs besteht aus insgesamt 4 Lektionen, 51 Themenmodulen und enth\u00e4lt 30 Tests bzw. interaktive Elemente<em>.<\/em><\/strong> Ziel des Kurses ist es, Dein Kommunikationsrepertoire auf der Sensus-Frequenz <strong>Momentfokussierung <\/strong>(fr\u00fcher Prozessfokussierung genannt) zu festigen und zu erweitern. Und zwar so, wie es im folgenden beschrieben ist:<br \/><br \/>Du erweckst bei anderen Menschen den Eindruck, dass Du das \u201eHier und Jetzt\u201c wertsch\u00e4tzt und diesem Moment Deine ganze Aufmerksamkeit schenkst. Von anderen wirst Du als Personen wahrgenommen, die ein sehr sensibles und feines Gesp\u00fcr daf\u00fcr hat, wie gut oder schlecht das Miteinander im jeweiligen Augenblick gerade verl\u00e4uft. Du scheinst genau zu beobachten, inwieweit sich alle beteiligten Personen jeweils einbringen wollen und k\u00f6nnen, und nutzt durch Fragen und aktives Zuh\u00f6ren Deine M\u00f6glichkeiten, das Engagement und die Beteiligung der Anwesenden zu erh\u00f6hen.<br \/><br \/>Andere erleben Dich als Pers\u00f6nlichkeit, die St\u00f6rungen sehr schnell wahrnehmen und unmittelbar ansprechen kann,um m\u00f6glichen Konfliktpotenzialen fr\u00fchzeitig den N\u00e4hrboden zu entziehen. Du vermittelst anderen ein hohes Interesse daran, dass Konflikte an- und ausgesprochen werden und es zu einer f\u00fcr alle Beteiligten konstruktiven und gewinnbringenden L\u00f6sung des Konfliktes kommt. Du kannst und willst das Miteinander erst fortsetzen, wenn die atmosph\u00e4rischen Bedingungen von der Mehrheit oder besser noch allen als relativ konfliktfrei empfunden werden. <br \/><br \/>Durch Deine von anderen wahrgenommene Momentfokussierung erweckst Du den Eindruck, dass Du auch mal f\u00fcnf gerade sein lassen und Deine Ziele zumindest tempor\u00e4r der Qualit\u00e4t des Prozesses unterordnen kannst. Du entfaltest die Wirkung, dass ein gutes Ergebnis nur durch einen guten Prozess ausgel\u00f6st werden kann.<br \/><br \/>Deine von Gespr\u00e4chspartnern so erlebte Foklussierung auf das &#8220;Hier und Jetzt&#8221; wird von Gleichgesinnten als angenehm empfunden, und sie f\u00fchlen sich in Deiner Gegenwart verstanden und wohl aufgehoben.<br \/><br \/>Zu Problemen kann es dann kommen, wenn Dein Gegen\u00fcber in seiner Wirkung eher ziel- und ergebnisorientiert ist. Es kann bei diesem der Eindruck entstehen, dass zu viel Zeit auf f\u00fcr ihn unwichtige Dinge verwendet wird.<br \/><!-- \/wp:post-content -->\r\n\r\n<!-- wp:paragraph --><\/p>\r\n<p><img fetchpriority=\"high\" decoding=\"async\" src=\"https:\/\/scil-profile.de\/wp-content\/uploads\/2024\/01\/Icon_Momentfokussierung-300x262.png\" alt=\"\" width=\"428\" height=\"374\" class=\" wp-image-120307 alignleft\" srcset=\"https:\/\/scil-profile.de\/wp-content\/uploads\/2024\/01\/Icon_Momentfokussierung-300x262.png 300w, https:\/\/scil-profile.de\/wp-content\/uploads\/2024\/01\/Icon_Momentfokussierung-1024x893.png 1024w, https:\/\/scil-profile.de\/wp-content\/uploads\/2024\/01\/Icon_Momentfokussierung-768x670.png 768w, https:\/\/scil-profile.de\/wp-content\/uploads\/2024\/01\/Icon_Momentfokussierung-1536x1340.png 1536w, https:\/\/scil-profile.de\/wp-content\/uploads\/2024\/01\/Icon_Momentfokussierung-2048x1787.png 2048w, https:\/\/scil-profile.de\/wp-content\/uploads\/2024\/01\/Icon_Momentfokussierung-624x544.png 624w, https:\/\/scil-profile.de\/wp-content\/uploads\/2024\/01\/Icon_Momentfokussierung-600x523.png 600w\" sizes=\"(max-width: 428px) 100vw, 428px\" \/>Um Dich bei der Erweiterung Deines Repertoires in dem zuvor beschriebenen Sinne\u00a0<em><strong> <\/strong><\/em>erfolgreich begleiten zu k\u00f6nnen, behandeln wir in diesem Kurs u.a. die folgenden Fragen und trainieren die daraus resultierenden \u00dcbungen mit Dir:<br \/><em><\/em><\/p>\r\n<ul>\r\n<li><em>Kann man gleicheitig sowohl ausgespr\u00e4gt momentfokussiert wie auch zielorientiert wirken?<\/em><\/li>\r\n<li><em>Welche Bedeutung haben Zufriedenheit und Dankbarkeit f\u00fcr die Momentfokssuierung?<\/em><\/li>\r\n<li><em>Wie erkl\u00e4rt es sich, dass Stress es h\u00e4ufig verhindert, sich ganz auf das Hier und Jetzt einzulassen?<\/em><\/li>\r\n<li><em>Wie oft und wie intensiv reflektierst Du dankbar Deinen bisherigen Lebensweg?<\/em><\/li>\r\n<li><em>Welche Mental\u00fcbungen kennst Du und welche nutzt Du?<\/em><\/li>\r\n<li><em>Was bringen Entspannungsmethoden f\u00fcr die Momentfokussierung?<\/em><\/li>\r\n<li><em>Wie findest Du heraus, welche Entspannungsmethoden f\u00fcr Dich am besten geeignet sind?<\/em><\/li>\r\n<li><em>Was sind Miktrotells und Makrotells in der K\u00f6rpersprache eines Menschen?<\/em><\/li>\r\n<li><em>Wie gut kannst Du dieses Mikro- und Makrotells lesen?<\/em><\/li>\r\n<li><em>Arbeitest Du in diesem Kurs nur daran, dass Du als Pers\u00f6nlichkeit mit ausgepr\u00e4gter Momentfokussierung wahrgenommen wirst oder wirkt sich das auch auf Deine tats\u00e4chlichen diesbez\u00fcglichen Kompetenzen aus?<\/em><\/li>\r\n<\/ul>\r\n<p><!-- \/wp:paragraph --><\/p>\r\n<ul class=\"wp-block-list\"><!-- \/wp:list-item --><\/ul>\r\n<h6><!-- \/wp:list --><\/h6>\r\n<p>Auf die letzte Frage hier schon mal eine erste konkrete Antwort, die so \u00fcbrigens\u00a0 auch f\u00fcr alle anderen Frequenzen gilt:<strong> Spiel wird zum Schein. Schein wird zum Sein. Sein wird zum Spiel. <\/strong>Du trainierst in diesem Kurs auf sehr spielerische Art und Weise, den beabsichtigten Eindruck zu erwecken. Arbeitest Du aktiv und intensiv genug an diesem Eindruck oder Schein, dringt dies \u00fcber kurz oder lang auch nach Innen. Die entsprechenden Kompetenzen werden mehr und mehr Teil Deiner Pers\u00f6nlichkeit. Und schlie\u00dflich wirst Du zunehmend Freude an dieser Art der Repertoire-Erweiterung\u00a0 haben, sodass Deine Motivation und die F\u00e4higkeiten steigen, immer wieder aufs Neue damit zu spielen und Dich weiterzuentwickeln.<em> Spiel wird zum Schein =<\/em><strong> Deine Wahrnehmung wird sch\u00e4rfer und Deine Ausstrahlung kontiunierlich souver\u00e4ner. <\/strong><em>Schein wird zum Sein =<\/em><strong>\u00a0 Du erweckst das Charisma in Dir wieder zum Leben und bringst es zur Entfaltung. <\/strong><em>Sein wird zum Spiel =\u00a0<\/em><strong>Du wirst sukzessive virtuoser und ziehst immer mehr Register gelingender und gewinnender Kommunikation.<\/strong><\/p>\r\n<h6><strong>Ausschlu\u00df des Widerruffrechts:<\/strong><\/h6>\r\n<h6><strong>Es wird an dieser Stelle ausdr\u00fccklich darauf hingewiesen, dass das Widerrufsrecht erlischt, sobald\u00a0 die jeweiligen Kurse\u00a0 und\/oder Lizenzcodes f\u00fcr die Nutzung von Analyse-Tools freigeschaltet wurden. Der Zeitpunkt der Mitteilung \u00fcber die Freischaltung an die Kundin\/den Kunden gilt als Beginn der Ausf\u00fchrung des Vertrages. Geleistete Zahlungen werden ab diesem Zeitpunkt nicht zur\u00fcckerstattet.<span>\u00a0<\/span><\/strong><strong>Siehe dazu auch unsere rechtskonforme Widerrufsbelehrung:<span>\u00a0<\/span><a href=\"https:\/\/scil-profile.de\/ueber-uns\/widerrufsbelehrung\/\">https:\/\/scil-profile.de\/ueber-uns\/widerrufsbelehrung\/<\/a><\/strong><\/h6>","protected":false},"excerpt":{"rendered":"<p><strong>Nettopreis 79,83 \u20ac <\/strong>zzgl. 15,17 \u20ac 19% MwSt<\/p>\n<p>OK-Coaching ist die Abk\u00fcrzung f\u00fcr Online-Kommunikations-Coaching. Warte nicht auf den perfekten Moment. Nimm Dir einen und mach ihn perfekt. In diesem Kurs trainieren wir die F\u00e4higkeit, sich mit jeder Faser auf den Augenblick einzulassen und ihn zu genie\u00dfen. Das beginnt mit einer kritischen Selbstreflektion Deiner diesbez\u00fcglichen F\u00e4higkeiten und setzt sich anschlie\u00dfend mit verschiedenen \u00dcbungen fort, die Dich Schritt f\u00fcr Schritt inspirieren und bef\u00e4higen, Dich hochkonzentriert und mit Vergn\u00fcgen dem jeweiligen Moment hinzugeben. F\u00fcr weitere Kursdetails scroll bitte etwas weiter runter.<\/p>\n<h6><strong>Ausschlu\u00df des Widerruffrechts:<\/strong><\/h6>\n<h6><strong>Es wird an dieser Stelle ausdr\u00fccklich darauf hingewiesen, dass das Widerrufsrecht erlischt, sobald\u00a0 die jeweiligen Kurse\u00a0 und\/oder Lizenzcodes f\u00fcr die Nutzung von Analyse-Tools freigeschaltet wurden. Der Zeitpunkt der Mitteilung \u00fcber die Freischaltung an die Kundin\/den Kunden gilt als Beginn der Ausf\u00fchrung des Vertrages. Geleistete Zahlungen werden ab diesem Zeitpunkt nicht zur\u00fcckerstattet.<span>\u00a0<\/span><\/strong><strong>Siehe dazu auch unsere rechtskonforme Widerrufsbelehrung:<span>\u00a0<\/span><a href=\"https:\/\/scil-profile.de\/ueber-uns\/widerrufsbelehrung\/\">https:\/\/scil-profile.de\/ueber-uns\/widerrufsbelehrung\/<\/a><\/strong><\/h6>\n","protected":false},"featured_media":80909,"template":"","meta":{"pmpro_default_level":""},"product_brand":[],"product_cat":[623,139],"product_tag":[],"class_list":{"0":"post-80489","1":"product","2":"type-product","3":"status-publish","4":"has-post-thumbnail","6":"product_cat-e-learning","7":"product_cat-scil-profile","8":"pmpro-has-access","10":"first","11":"instock","12":"virtual","13":"taxable","14":"purchasable","15":"product-type-simple"},"yoast_head":"<!-- This site is optimized with the Yoast SEO plugin v27.2 - https:\/\/yoast.com\/product\/yoast-seo-wordpress\/ -->\n<title>OK Coaching | Sensus Frequenz Momentfokussierung - SCIL Profile<\/title>\n<meta name=\"robots\" content=\"index, follow, max-snippet:-1, max-image-preview:large, max-video-preview:-1\" \/>\n<link rel=\"canonical\" href=\"https:\/\/scil-profile.de\/produkt\/ok-coaching-sensus-modul-momentfokussierung\/\" \/>\n<meta property=\"og:locale\" content=\"ru_RU\" \/>\n<meta property=\"og:type\" content=\"article\" \/>\n<meta property=\"og:title\" content=\"OK Coaching | Sensus Frequenz Momentfokussierung - SCIL Profile\" \/>\n<meta property=\"og:description\" content=\"Nettopreis 79,83 \u20ac zzgl. 15,17 \u20ac 19% MwSt OK-Coaching ist die Abk\u00fcrzung f\u00fcr Online-Kommunikations-Coaching. Warte nicht auf den perfekten Moment. Nimm Dir einen und mach ihn perfekt. In diesem Kurs trainieren wir die F\u00e4higkeit, sich mit jeder Faser auf den Augenblick einzulassen und ihn zu genie\u00dfen. Das beginnt mit einer kritischen Selbstreflektion Deiner diesbez\u00fcglichen F\u00e4higkeiten und setzt sich anschlie\u00dfend mit verschiedenen \u00dcbungen fort, die Dich Schritt f\u00fcr Schritt inspirieren und bef\u00e4higen, Dich hochkonzentriert und mit Vergn\u00fcgen dem jeweiligen Moment hinzugeben. F\u00fcr weitere Kursdetails scroll bitte etwas weiter runter. Ausschlu\u00df des Widerruffrechts: Es wird an dieser Stelle ausdr\u00fccklich darauf hingewiesen, dass das Widerrufsrecht erlischt, sobald\u00a0 die jeweiligen Kurse\u00a0 und\/oder Lizenzcodes f\u00fcr die Nutzung von Analyse-Tools freigeschaltet wurden. Der Zeitpunkt der Mitteilung \u00fcber die Freischaltung an die Kundin\/den Kunden gilt als Beginn der Ausf\u00fchrung des Vertrages. Geleistete Zahlungen werden ab diesem Zeitpunkt nicht zur\u00fcckerstattet.\u00a0Siehe dazu auch unsere rechtskonforme Widerrufsbelehrung:\u00a0https:\/\/scil-profile.de\/ueber-uns\/widerrufsbelehrung\/\" \/>\n<meta property=\"og:url\" content=\"https:\/\/scil-profile.de\/produkt\/ok-coaching-sensus-modul-momentfokussierung\/\" \/>\n<meta property=\"og:site_name\" content=\"SCIL Profile\" \/>\n<meta property=\"article:modified_time\" content=\"2026-02-18T11:04:00+00:00\" \/>\n<meta property=\"og:image\" content=\"https:\/\/scil-profile.de\/wp-content\/uploads\/2024\/01\/momentfokussierung.jpeg\" \/>\n\t<meta property=\"og:image:width\" content=\"1265\" \/>\n\t<meta property=\"og:image:height\" content=\"712\" \/>\n\t<meta property=\"og:image:type\" content=\"image\/jpeg\" \/>\n<meta name=\"twitter:card\" content=\"summary_large_image\" \/>\n<meta name=\"twitter:label1\" content=\"\u041f\u0440\u0438\u043c\u0435\u0440\u043d\u043e\u0435 \u0432\u0440\u0435\u043c\u044f \u0434\u043b\u044f \u0447\u0442\u0435\u043d\u0438\u044f\" \/>\n\t<meta name=\"twitter:data1\" content=\"5 \u043c\u0438\u043d\u0443\u0442\" \/>\n<script type=\"application\/ld+json\" class=\"yoast-schema-graph\">{\"@context\":\"https:\/\/schema.org\",\"@graph\":[{\"@type\":\"WebPage\",\"@id\":\"https:\/\/scil-profile.de\/produkt\/ok-coaching-sensus-modul-momentfokussierung\/\",\"url\":\"https:\/\/scil-profile.de\/produkt\/ok-coaching-sensus-modul-momentfokussierung\/\",\"name\":\"OK Coaching | Sensus Frequenz Momentfokussierung - SCIL Profile\",\"isPartOf\":{\"@id\":\"https:\/\/scil-profile.de\/#website\"},\"primaryImageOfPage\":{\"@id\":\"https:\/\/scil-profile.de\/produkt\/ok-coaching-sensus-modul-momentfokussierung\/#primaryimage\"},\"image\":{\"@id\":\"https:\/\/scil-profile.de\/produkt\/ok-coaching-sensus-modul-momentfokussierung\/#primaryimage\"},\"thumbnailUrl\":\"https:\/\/scil-profile.de\/wp-content\/uploads\/2024\/01\/momentfokussierung.jpeg\",\"datePublished\":\"2024-01-03T14:32:21+00:00\",\"dateModified\":\"2026-02-18T11:04:00+00:00\",\"breadcrumb\":{\"@id\":\"https:\/\/scil-profile.de\/produkt\/ok-coaching-sensus-modul-momentfokussierung\/#breadcrumb\"},\"inLanguage\":\"ru-RU\",\"potentialAction\":[{\"@type\":\"ReadAction\",\"target\":[\"https:\/\/scil-profile.de\/produkt\/ok-coaching-sensus-modul-momentfokussierung\/\"]}]},{\"@type\":\"ImageObject\",\"inLanguage\":\"ru-RU\",\"@id\":\"https:\/\/scil-profile.de\/produkt\/ok-coaching-sensus-modul-momentfokussierung\/#primaryimage\",\"url\":\"https:\/\/scil-profile.de\/wp-content\/uploads\/2024\/01\/momentfokussierung.jpeg\",\"contentUrl\":\"https:\/\/scil-profile.de\/wp-content\/uploads\/2024\/01\/momentfokussierung.jpeg\",\"width\":1265,\"height\":712},{\"@type\":\"BreadcrumbList\",\"@id\":\"https:\/\/scil-profile.de\/produkt\/ok-coaching-sensus-modul-momentfokussierung\/#breadcrumb\",\"itemListElement\":[{\"@type\":\"ListItem\",\"position\":1,\"name\":\"Weiterbildung\",\"item\":\"https:\/\/scil-profile.de\/\"},{\"@type\":\"ListItem\",\"position\":2,\"name\":\"Shop\",\"item\":\"https:\/\/scil-profile.de\/shop\/\"},{\"@type\":\"ListItem\",\"position\":3,\"name\":\"OK Coaching | Sensus Frequenz Momentfokussierung\"}]},{\"@type\":\"WebSite\",\"@id\":\"https:\/\/scil-profile.de\/#website\",\"url\":\"https:\/\/scil-profile.de\/\",\"name\":\"SCIL Profile\",\"description\":\"Entdecke und entfalte Dein Charisma. Pers\u00f6nliche Wirkung und Wahrnehmung als Schl\u00fcssel f\u00fcr mehr Erfolg.\",\"potentialAction\":[{\"@type\":\"SearchAction\",\"target\":{\"@type\":\"EntryPoint\",\"urlTemplate\":\"https:\/\/scil-profile.de\/?s={search_term_string}\"},\"query-input\":{\"@type\":\"PropertyValueSpecification\",\"valueRequired\":true,\"valueName\":\"search_term_string\"}}],\"inLanguage\":\"ru-RU\"}]}<\/script>\n<!-- \/ Yoast SEO plugin. -->","yoast_head_json":{"title":"OK Coaching | Sensus Frequenz Momentfokussierung - SCIL Profile","robots":{"index":"index","follow":"follow","max-snippet":"max-snippet:-1","max-image-preview":"max-image-preview:large","max-video-preview":"max-video-preview:-1"},"canonical":"https:\/\/scil-profile.de\/produkt\/ok-coaching-sensus-modul-momentfokussierung\/","og_locale":"ru_RU","og_type":"article","og_title":"OK Coaching | Sensus Frequenz Momentfokussierung - SCIL Profile","og_description":"Nettopreis 79,83 \u20ac zzgl. 15,17 \u20ac 19% MwSt OK-Coaching ist die Abk\u00fcrzung f\u00fcr Online-Kommunikations-Coaching. Warte nicht auf den perfekten Moment. Nimm Dir einen und mach ihn perfekt. In diesem Kurs trainieren wir die F\u00e4higkeit, sich mit jeder Faser auf den Augenblick einzulassen und ihn zu genie\u00dfen. Das beginnt mit einer kritischen Selbstreflektion Deiner diesbez\u00fcglichen F\u00e4higkeiten und setzt sich anschlie\u00dfend mit verschiedenen \u00dcbungen fort, die Dich Schritt f\u00fcr Schritt inspirieren und bef\u00e4higen, Dich hochkonzentriert und mit Vergn\u00fcgen dem jeweiligen Moment hinzugeben. F\u00fcr weitere Kursdetails scroll bitte etwas weiter runter. Ausschlu\u00df des Widerruffrechts: Es wird an dieser Stelle ausdr\u00fccklich darauf hingewiesen, dass das Widerrufsrecht erlischt, sobald\u00a0 die jeweiligen Kurse\u00a0 und\/oder Lizenzcodes f\u00fcr die Nutzung von Analyse-Tools freigeschaltet wurden. Der Zeitpunkt der Mitteilung \u00fcber die Freischaltung an die Kundin\/den Kunden gilt als Beginn der Ausf\u00fchrung des Vertrages. Geleistete Zahlungen werden ab diesem Zeitpunkt nicht zur\u00fcckerstattet.\u00a0Siehe dazu auch unsere rechtskonforme Widerrufsbelehrung:\u00a0https:\/\/scil-profile.de\/ueber-uns\/widerrufsbelehrung\/","og_url":"https:\/\/scil-profile.de\/produkt\/ok-coaching-sensus-modul-momentfokussierung\/","og_site_name":"SCIL Profile","article_modified_time":"2026-02-18T11:04:00+00:00","og_image":[{"width":1265,"height":712,"url":"https:\/\/scil-profile.de\/wp-content\/uploads\/2024\/01\/momentfokussierung.jpeg","type":"image\/jpeg"}],"twitter_card":"summary_large_image","twitter_misc":{"\u041f\u0440\u0438\u043c\u0435\u0440\u043d\u043e\u0435 \u0432\u0440\u0435\u043c\u044f \u0434\u043b\u044f \u0447\u0442\u0435\u043d\u0438\u044f":"5 \u043c\u0438\u043d\u0443\u0442"},"schema":{"@context":"https:\/\/schema.org","@graph":[{"@type":"WebPage","@id":"https:\/\/scil-profile.de\/produkt\/ok-coaching-sensus-modul-momentfokussierung\/","url":"https:\/\/scil-profile.de\/produkt\/ok-coaching-sensus-modul-momentfokussierung\/","name":"OK Coaching | Sensus Frequenz Momentfokussierung - SCIL Profile","isPartOf":{"@id":"https:\/\/scil-profile.de\/#website"},"primaryImageOfPage":{"@id":"https:\/\/scil-profile.de\/produkt\/ok-coaching-sensus-modul-momentfokussierung\/#primaryimage"},"image":{"@id":"https:\/\/scil-profile.de\/produkt\/ok-coaching-sensus-modul-momentfokussierung\/#primaryimage"},"thumbnailUrl":"https:\/\/scil-profile.de\/wp-content\/uploads\/2024\/01\/momentfokussierung.jpeg","datePublished":"2024-01-03T14:32:21+00:00","dateModified":"2026-02-18T11:04:00+00:00","breadcrumb":{"@id":"https:\/\/scil-profile.de\/produkt\/ok-coaching-sensus-modul-momentfokussierung\/#breadcrumb"},"inLanguage":"ru-RU","potentialAction":[{"@type":"ReadAction","target":["https:\/\/scil-profile.de\/produkt\/ok-coaching-sensus-modul-momentfokussierung\/"]}]},{"@type":"ImageObject","inLanguage":"ru-RU","@id":"https:\/\/scil-profile.de\/produkt\/ok-coaching-sensus-modul-momentfokussierung\/#primaryimage","url":"https:\/\/scil-profile.de\/wp-content\/uploads\/2024\/01\/momentfokussierung.jpeg","contentUrl":"https:\/\/scil-profile.de\/wp-content\/uploads\/2024\/01\/momentfokussierung.jpeg","width":1265,"height":712},{"@type":"BreadcrumbList","@id":"https:\/\/scil-profile.de\/produkt\/ok-coaching-sensus-modul-momentfokussierung\/#breadcrumb","itemListElement":[{"@type":"ListItem","position":1,"name":"Weiterbildung","item":"https:\/\/scil-profile.de\/"},{"@type":"ListItem","position":2,"name":"Shop","item":"https:\/\/scil-profile.de\/shop\/"},{"@type":"ListItem","position":3,"name":"OK Coaching | Sensus Frequenz Momentfokussierung"}]},{"@type":"WebSite","@id":"https:\/\/scil-profile.de\/#website","url":"https:\/\/scil-profile.de\/","name":"SCIL Profile","description":"Entdecke und entfalte Dein Charisma. Pers\u00f6nliche Wirkung und Wahrnehmung als Schl\u00fcssel f\u00fcr mehr Erfolg.","potentialAction":[{"@type":"SearchAction","target":{"@type":"EntryPoint","urlTemplate":"https:\/\/scil-profile.de\/?s={search_term_string}"},"query-input":{"@type":"PropertyValueSpecification","valueRequired":true,"valueName":"search_term_string"}}],"inLanguage":"ru-RU"}]}},"_links":{"self":[{"href":"https:\/\/scil-profile.de\/ru\/wp-json\/wp\/v2\/product\/80489","targetHints":{"allow":["GET"]}}],"collection":[{"href":"https:\/\/scil-profile.de\/ru\/wp-json\/wp\/v2\/product"}],"about":[{"href":"https:\/\/scil-profile.de\/ru\/wp-json\/wp\/v2\/types\/product"}],"wp:featuredmedia":[{"embeddable":true,"href":"https:\/\/scil-profile.de\/ru\/wp-json\/wp\/v2\/media\/80909"}],"wp:attachment":[{"href":"https:\/\/scil-profile.de\/ru\/wp-json\/wp\/v2\/media?parent=80489"}],"wp:term":[{"taxonomy":"product_brand","embeddable":true,"href":"https:\/\/scil-profile.de\/ru\/wp-json\/wp\/v2\/product_brand?post=80489"},{"taxonomy":"product_cat","embeddable":true,"href":"https:\/\/scil-profile.de\/ru\/wp-json\/wp\/v2\/product_cat?post=80489"},{"taxonomy":"product_tag","embeddable":true,"href":"https:\/\/scil-profile.de\/ru\/wp-json\/wp\/v2\/product_tag?post=80489"}],"curies":[{"name":"wp","href":"https:\/\/api.w.org\/{rel}","templated":true}]}}