{"id":58767,"date":"2020-11-24T11:40:59","date_gmt":"2020-11-24T10:40:59","guid":{"rendered":"https:\/\/scil-profile.de\/produkt\/import-placeholder-for-57177\/"},"modified":"2024-04-04T12:26:10","modified_gmt":"2024-04-04T10:26:10","slug":"gespraechsfuehrung","status":"publish","type":"product","link":"https:\/\/scil-profile.de\/ru\/produkt\/gespraechsfuehrung\/","title":{"rendered":"Gespr\u00e4chsf\u00fchrung"},"content":{"rendered":"<p>Unser Alltag ist gepr\u00e4gt von Kommunikation, ohne den Austausch mit anderen Menschen w\u00e4ren der wirtschaftliche, kulturelle und technologische Fortschritt nicht denkbar. Doch leider verl\u00e4uft die Kommunikation nicht immer optimal und gerade Gespr\u00e4che k\u00f6nnen uns oft entt\u00e4uscht zur\u00fccklassen. Dies f\u00fchrt gerade im Arbeitsalltag zu mehr Stress und kann nicht zuletzt auch Ihre Gesundheit in Mitleidenschaft ziehen. Wie aber kann es gelingen Meetings, Pr\u00e4sentationen und andere zwischenmenschliche Begegnungen erfolgreich und effektiv zu gestalten? Der Schl\u00fcssel ist eine gelungene Gespr\u00e4chsf\u00fchrung, also die F\u00e4higkeit, den Verlauf der Begegnung so zu steuern, dass am Ende das gew\u00fcnschte Ergebnis erzielt wird. Erfahren Sie in diesem Ratgeber, wie Sie Gespr\u00e4che erfolgreich f\u00fchren, sich in den Kopf Ihrer Gegen\u00fcber hineindenken und die Gespr\u00e4che zu positiven Ergebnissen f\u00fcr alle Parteien lenken k\u00f6nnen.<\/p>\n","protected":false},"excerpt":{"rendered":"<p><strong>Nettopreis 9,25 \u20ac<\/strong> zzgl. 0,64 \u20ac 7% MwSt<\/p>\n<p>Erfahren Sie in diesem Ratgeber, wie Sie Gespr\u00e4che erfolgreich f\u00fchren, sich in den Kopf Ihrer Gegen\u00fcber hineindenken und die Gespr\u00e4che zu positiven Ergebnissen f\u00fcr alle Parteien lenken k\u00f6nnen.<\/p>\n","protected":false},"featured_media":57649,"template":"","meta":{"pmpro_default_level":""},"product_brand":[],"product_cat":[90],"product_tag":[],"class_list":{"0":"post-58767","1":"product","2":"type-product","3":"status-publish","4":"has-post-thumbnail","6":"product_cat-print","7":"product_shipping_class-de","8":"pmpro-has-access","10":"first","11":"instock","12":"taxable","13":"shipping-taxable","14":"purchasable","15":"product-type-simple"},"yoast_head":"<!-- This site is optimized with the Yoast SEO plugin v27.3 - https:\/\/yoast.com\/product\/yoast-seo-wordpress\/ -->\n<title>Gespr\u00e4chsf\u00fchrung - SCIL Profile<\/title>\n<meta name=\"robots\" content=\"index, follow, max-snippet:-1, max-image-preview:large, max-video-preview:-1\" \/>\n<link rel=\"canonical\" href=\"https:\/\/scil-profile.de\/produkt\/gespraechsfuehrung\/\" \/>\n<meta property=\"og:locale\" content=\"ru_RU\" \/>\n<meta property=\"og:type\" content=\"article\" \/>\n<meta property=\"og:title\" content=\"Gespr\u00e4chsf\u00fchrung - SCIL Profile\" \/>\n<meta property=\"og:description\" content=\"Nettopreis 9,25 \u20ac zzgl. 0,64 \u20ac 7% MwSt  Erfahren Sie in diesem Ratgeber, wie Sie Gespr\u00e4che erfolgreich f\u00fchren, sich in den Kopf Ihrer Gegen\u00fcber hineindenken und die Gespr\u00e4che zu positiven Ergebnissen f\u00fcr alle Parteien lenken k\u00f6nnen.\" \/>\n<meta property=\"og:url\" content=\"https:\/\/scil-profile.de\/produkt\/gespraechsfuehrung\/\" \/>\n<meta property=\"og:site_name\" content=\"SCIL Profile\" \/>\n<meta property=\"article:modified_time\" content=\"2024-04-04T10:26:10+00:00\" \/>\n<meta property=\"og:image\" content=\"https:\/\/scil-profile.de\/wp-content\/uploads\/2020\/10\/Gespra\u0308chsfu\u0308hrung.jpg\" \/>\n\t<meta property=\"og:image:width\" content=\"843\" \/>\n\t<meta property=\"og:image:height\" content=\"1193\" \/>\n\t<meta property=\"og:image:type\" content=\"image\/jpeg\" \/>\n<meta name=\"twitter:card\" content=\"summary_large_image\" \/>\n<meta name=\"twitter:label1\" content=\"\u041f\u0440\u0438\u043c\u0435\u0440\u043d\u043e\u0435 \u0432\u0440\u0435\u043c\u044f \u0434\u043b\u044f \u0447\u0442\u0435\u043d\u0438\u044f\" \/>\n\t<meta name=\"twitter:data1\" content=\"1 \u043c\u0438\u043d\u0443\u0442\u0430\" \/>\n<script type=\"application\/ld+json\" class=\"yoast-schema-graph\">{\"@context\":\"https:\\\/\\\/schema.org\",\"@graph\":[{\"@type\":\"WebPage\",\"@id\":\"https:\\\/\\\/scil-profile.de\\\/produkt\\\/gespraechsfuehrung\\\/\",\"url\":\"https:\\\/\\\/scil-profile.de\\\/produkt\\\/gespraechsfuehrung\\\/\",\"name\":\"Gespr\u00e4chsf\u00fchrung - SCIL Profile\",\"isPartOf\":{\"@id\":\"https:\\\/\\\/scil-profile.de\\\/#website\"},\"primaryImageOfPage\":{\"@id\":\"https:\\\/\\\/scil-profile.de\\\/produkt\\\/gespraechsfuehrung\\\/#primaryimage\"},\"image\":{\"@id\":\"https:\\\/\\\/scil-profile.de\\\/produkt\\\/gespraechsfuehrung\\\/#primaryimage\"},\"thumbnailUrl\":\"https:\\\/\\\/scil-profile.de\\\/wp-content\\\/uploads\\\/2020\\\/10\\\/Gespra\u0308chsfu\u0308hrung.jpg\",\"datePublished\":\"2020-11-24T10:40:59+00:00\",\"dateModified\":\"2024-04-04T10:26:10+00:00\",\"breadcrumb\":{\"@id\":\"https:\\\/\\\/scil-profile.de\\\/produkt\\\/gespraechsfuehrung\\\/#breadcrumb\"},\"inLanguage\":\"ru-RU\",\"potentialAction\":[{\"@type\":\"ReadAction\",\"target\":[\"https:\\\/\\\/scil-profile.de\\\/produkt\\\/gespraechsfuehrung\\\/\"]}]},{\"@type\":\"ImageObject\",\"inLanguage\":\"ru-RU\",\"@id\":\"https:\\\/\\\/scil-profile.de\\\/produkt\\\/gespraechsfuehrung\\\/#primaryimage\",\"url\":\"https:\\\/\\\/scil-profile.de\\\/wp-content\\\/uploads\\\/2020\\\/10\\\/Gespra\u0308chsfu\u0308hrung.jpg\",\"contentUrl\":\"https:\\\/\\\/scil-profile.de\\\/wp-content\\\/uploads\\\/2020\\\/10\\\/Gespra\u0308chsfu\u0308hrung.jpg\",\"width\":843,\"height\":1193},{\"@type\":\"BreadcrumbList\",\"@id\":\"https:\\\/\\\/scil-profile.de\\\/produkt\\\/gespraechsfuehrung\\\/#breadcrumb\",\"itemListElement\":[{\"@type\":\"ListItem\",\"position\":1,\"name\":\"Weiterbildung\",\"item\":\"https:\\\/\\\/scil-profile.de\\\/\"},{\"@type\":\"ListItem\",\"position\":2,\"name\":\"Shop\",\"item\":\"https:\\\/\\\/scil-profile.de\\\/shop\\\/\"},{\"@type\":\"ListItem\",\"position\":3,\"name\":\"Gespr\u00e4chsf\u00fchrung\"}]},{\"@type\":\"WebSite\",\"@id\":\"https:\\\/\\\/scil-profile.de\\\/#website\",\"url\":\"https:\\\/\\\/scil-profile.de\\\/\",\"name\":\"SCIL Profile\",\"description\":\"Entdecke und entfalte Dein Charisma. Pers\u00f6nliche Wirkung und Wahrnehmung als Schl\u00fcssel f\u00fcr mehr Erfolg.\",\"potentialAction\":[{\"@type\":\"SearchAction\",\"target\":{\"@type\":\"EntryPoint\",\"urlTemplate\":\"https:\\\/\\\/scil-profile.de\\\/?s={search_term_string}\"},\"query-input\":{\"@type\":\"PropertyValueSpecification\",\"valueRequired\":true,\"valueName\":\"search_term_string\"}}],\"inLanguage\":\"ru-RU\"}]}<\/script>\n<!-- \/ Yoast SEO plugin. -->","yoast_head_json":{"title":"Gespr\u00e4chsf\u00fchrung - SCIL Profile","robots":{"index":"index","follow":"follow","max-snippet":"max-snippet:-1","max-image-preview":"max-image-preview:large","max-video-preview":"max-video-preview:-1"},"canonical":"https:\/\/scil-profile.de\/produkt\/gespraechsfuehrung\/","og_locale":"ru_RU","og_type":"article","og_title":"Gespr\u00e4chsf\u00fchrung - SCIL Profile","og_description":"Nettopreis 9,25 \u20ac zzgl. 0,64 \u20ac 7% MwSt  Erfahren Sie in diesem Ratgeber, wie Sie Gespr\u00e4che erfolgreich f\u00fchren, sich in den Kopf Ihrer Gegen\u00fcber hineindenken und die Gespr\u00e4che zu positiven Ergebnissen f\u00fcr alle Parteien lenken k\u00f6nnen.","og_url":"https:\/\/scil-profile.de\/produkt\/gespraechsfuehrung\/","og_site_name":"SCIL Profile","article_modified_time":"2024-04-04T10:26:10+00:00","og_image":[{"width":843,"height":1193,"url":"https:\/\/scil-profile.de\/wp-content\/uploads\/2020\/10\/Gespra\u0308chsfu\u0308hrung.jpg","type":"image\/jpeg"}],"twitter_card":"summary_large_image","twitter_misc":{"\u041f\u0440\u0438\u043c\u0435\u0440\u043d\u043e\u0435 \u0432\u0440\u0435\u043c\u044f \u0434\u043b\u044f \u0447\u0442\u0435\u043d\u0438\u044f":"1 \u043c\u0438\u043d\u0443\u0442\u0430"},"schema":{"@context":"https:\/\/schema.org","@graph":[{"@type":"WebPage","@id":"https:\/\/scil-profile.de\/produkt\/gespraechsfuehrung\/","url":"https:\/\/scil-profile.de\/produkt\/gespraechsfuehrung\/","name":"Gespr\u00e4chsf\u00fchrung - SCIL Profile","isPartOf":{"@id":"https:\/\/scil-profile.de\/#website"},"primaryImageOfPage":{"@id":"https:\/\/scil-profile.de\/produkt\/gespraechsfuehrung\/#primaryimage"},"image":{"@id":"https:\/\/scil-profile.de\/produkt\/gespraechsfuehrung\/#primaryimage"},"thumbnailUrl":"https:\/\/scil-profile.de\/wp-content\/uploads\/2020\/10\/Gespra\u0308chsfu\u0308hrung.jpg","datePublished":"2020-11-24T10:40:59+00:00","dateModified":"2024-04-04T10:26:10+00:00","breadcrumb":{"@id":"https:\/\/scil-profile.de\/produkt\/gespraechsfuehrung\/#breadcrumb"},"inLanguage":"ru-RU","potentialAction":[{"@type":"ReadAction","target":["https:\/\/scil-profile.de\/produkt\/gespraechsfuehrung\/"]}]},{"@type":"ImageObject","inLanguage":"ru-RU","@id":"https:\/\/scil-profile.de\/produkt\/gespraechsfuehrung\/#primaryimage","url":"https:\/\/scil-profile.de\/wp-content\/uploads\/2020\/10\/Gespra\u0308chsfu\u0308hrung.jpg","contentUrl":"https:\/\/scil-profile.de\/wp-content\/uploads\/2020\/10\/Gespra\u0308chsfu\u0308hrung.jpg","width":843,"height":1193},{"@type":"BreadcrumbList","@id":"https:\/\/scil-profile.de\/produkt\/gespraechsfuehrung\/#breadcrumb","itemListElement":[{"@type":"ListItem","position":1,"name":"Weiterbildung","item":"https:\/\/scil-profile.de\/"},{"@type":"ListItem","position":2,"name":"Shop","item":"https:\/\/scil-profile.de\/shop\/"},{"@type":"ListItem","position":3,"name":"Gespr\u00e4chsf\u00fchrung"}]},{"@type":"WebSite","@id":"https:\/\/scil-profile.de\/#website","url":"https:\/\/scil-profile.de\/","name":"SCIL Profile","description":"Entdecke und entfalte Dein Charisma. Pers\u00f6nliche Wirkung und Wahrnehmung als Schl\u00fcssel f\u00fcr mehr Erfolg.","potentialAction":[{"@type":"SearchAction","target":{"@type":"EntryPoint","urlTemplate":"https:\/\/scil-profile.de\/?s={search_term_string}"},"query-input":{"@type":"PropertyValueSpecification","valueRequired":true,"valueName":"search_term_string"}}],"inLanguage":"ru-RU"}]}},"_links":{"self":[{"href":"https:\/\/scil-profile.de\/ru\/wp-json\/wp\/v2\/product\/58767","targetHints":{"allow":["GET"]}}],"collection":[{"href":"https:\/\/scil-profile.de\/ru\/wp-json\/wp\/v2\/product"}],"about":[{"href":"https:\/\/scil-profile.de\/ru\/wp-json\/wp\/v2\/types\/product"}],"wp:featuredmedia":[{"embeddable":true,"href":"https:\/\/scil-profile.de\/ru\/wp-json\/wp\/v2\/media\/57649"}],"wp:attachment":[{"href":"https:\/\/scil-profile.de\/ru\/wp-json\/wp\/v2\/media?parent=58767"}],"wp:term":[{"taxonomy":"product_brand","embeddable":true,"href":"https:\/\/scil-profile.de\/ru\/wp-json\/wp\/v2\/product_brand?post=58767"},{"taxonomy":"product_cat","embeddable":true,"href":"https:\/\/scil-profile.de\/ru\/wp-json\/wp\/v2\/product_cat?post=58767"},{"taxonomy":"product_tag","embeddable":true,"href":"https:\/\/scil-profile.de\/ru\/wp-json\/wp\/v2\/product_tag?post=58767"}],"curies":[{"name":"wp","href":"https:\/\/api.w.org\/{rel}","templated":true}]}}