{"id":57603,"date":"2020-10-27T18:48:34","date_gmt":"2020-10-27T17:48:34","guid":{"rendered":"https:\/\/scil-profile.de\/produkt\/import-placeholder-for-631\/"},"modified":"2024-04-04T12:36:37","modified_gmt":"2024-04-04T10:36:37","slug":"buch-wie-wirke-ich","status":"publish","type":"product","link":"https:\/\/scil-profile.de\/ru\/produkt\/buch-wie-wirke-ich\/","title":{"rendered":"Buch: Wie wirke ich?"},"content":{"rendered":"<p class=\"western\"><span style=\"font-size: medium;\">Broschiert<br \/>\n96 Seiten<\/span><span style=\"font-size: medium;\"><b><br \/>\n<\/b><\/span><span style=\"font-size: medium;\">Erschienen 28. Juli 2014<\/span><b> <\/b><\/p>\n<p class=\"western\"><span style=\"font-size: medium;\">Autoren: Frauke Ion und Andreas Bornh\u00e4u\u00dfer<\/span><\/p>\n","protected":false},"excerpt":{"rendered":"<p><span><strong>Nettopreis 8,32 \u20ac<\/strong> zzgl. 0,58 \u20ac 7% MwSt<\/span><\/p>\n<p class=\"western\">&#8220;Was hat der oder die, was ich nicht habe?&#8221; Sicherlich haben Sie sich das auch schon einmal gefragt. Es gibt Menschen, die wirken auf den ersten Blick sympathisch, charismatisch, kompetent, witzig.<\/p>\n<p class=\"western\">Ihnen scheint einfach alles spielend zu gelingen, sie wickeln ihre Gespr\u00e4chspartner mit ihrer lockeren, positiven Art um den Finger und bekommen die Resonanz, die sie sich w\u00fcnschen. Das gewisse Etwas hat man oder hat man nicht &#8211; oder?<\/p>\n<p class=\"western\">Andreas Bornh\u00e4u\u00dfer und Frauke Ion sagen: Nein! Charisma, Sympathie und \u00fcberzeugende Wirkung sind lernbar! Denn die Qualit\u00e4t unserer Kommunikation mit anderen wird ma\u00dfgeblich dadurch beeinflusst, ob es uns gelingt, im selben &#8220;Frequenzbereich&#8221; zu senden &#8211; nicht umsonst hei\u00dft es: &#8220;Wir haben dieselbe Wellenl\u00e4nge.&#8221; 30 Minuten Wie wirke ich? zeigt Ihnen, an welchen Frequenzschaltern Sie drehen m\u00fcssen, um Ihre Ausstrahlung zu verbessern.<\/p>\n","protected":false},"featured_media":57625,"template":"","meta":{"pmpro_default_level":""},"product_brand":[],"product_cat":[90],"product_tag":[63,91],"class_list":{"0":"post-57603","1":"product","2":"type-product","3":"status-publish","4":"has-post-thumbnail","6":"product_cat-print","7":"product_tag-beratung","8":"product_tag-print","9":"product_shipping_class-de","10":"pmpro-has-access","12":"first","13":"instock","14":"taxable","15":"shipping-taxable","16":"purchasable","17":"product-type-simple"},"yoast_head":"<!-- This site is optimized with the Yoast SEO plugin v27.3 - https:\/\/yoast.com\/product\/yoast-seo-wordpress\/ -->\n<title>Buch: Wie wirke ich? - SCIL Profile<\/title>\n<meta name=\"robots\" content=\"index, follow, max-snippet:-1, max-image-preview:large, max-video-preview:-1\" \/>\n<link rel=\"canonical\" href=\"https:\/\/scil-profile.de\/produkt\/buch-wie-wirke-ich\/\" \/>\n<meta property=\"og:locale\" content=\"ru_RU\" \/>\n<meta property=\"og:type\" content=\"article\" \/>\n<meta property=\"og:title\" content=\"Buch: Wie wirke ich? - SCIL Profile\" \/>\n<meta property=\"og:description\" content=\"Nettopreis 8,32 \u20ac zzgl. 0,58 \u20ac 7% MwSt &quot;Was hat der oder die, was ich nicht habe?&quot; Sicherlich haben Sie sich das auch schon einmal gefragt. Es gibt Menschen, die wirken auf den ersten Blick sympathisch, charismatisch, kompetent, witzig. Ihnen scheint einfach alles spielend zu gelingen, sie wickeln ihre Gespr\u00e4chspartner mit ihrer lockeren, positiven Art um den Finger und bekommen die Resonanz, die sie sich w\u00fcnschen. Das gewisse Etwas hat man oder hat man nicht - oder? Andreas Bornh\u00e4u\u00dfer und Frauke Ion sagen: Nein! Charisma, Sympathie und \u00fcberzeugende Wirkung sind lernbar! Denn die Qualit\u00e4t unserer Kommunikation mit anderen wird ma\u00dfgeblich dadurch beeinflusst, ob es uns gelingt, im selben &quot;Frequenzbereich&quot; zu senden - nicht umsonst hei\u00dft es: &quot;Wir haben dieselbe Wellenl\u00e4nge.&quot; 30 Minuten Wie wirke ich? zeigt Ihnen, an welchen Frequenzschaltern Sie drehen m\u00fcssen, um Ihre Ausstrahlung zu verbessern.\" \/>\n<meta property=\"og:url\" content=\"https:\/\/scil-profile.de\/produkt\/buch-wie-wirke-ich\/\" \/>\n<meta property=\"og:site_name\" content=\"SCIL Profile\" \/>\n<meta property=\"article:modified_time\" content=\"2024-04-04T10:36:37+00:00\" \/>\n<meta property=\"og:image\" content=\"https:\/\/scil-profile.de\/wp-content\/uploads\/2020\/10\/Buch_Wie-wirke-ich.jpg\" \/>\n\t<meta property=\"og:image:width\" content=\"450\" \/>\n\t<meta property=\"og:image:height\" content=\"438\" \/>\n\t<meta property=\"og:image:type\" content=\"image\/jpeg\" \/>\n<meta name=\"twitter:card\" content=\"summary_large_image\" \/>\n<meta name=\"twitter:label1\" content=\"\u041f\u0440\u0438\u043c\u0435\u0440\u043d\u043e\u0435 \u0432\u0440\u0435\u043c\u044f \u0434\u043b\u044f \u0447\u0442\u0435\u043d\u0438\u044f\" \/>\n\t<meta name=\"twitter:data1\" content=\"1 \u043c\u0438\u043d\u0443\u0442\u0430\" \/>\n<script type=\"application\/ld+json\" class=\"yoast-schema-graph\">{\"@context\":\"https:\\\/\\\/schema.org\",\"@graph\":[{\"@type\":\"WebPage\",\"@id\":\"https:\\\/\\\/scil-profile.de\\\/produkt\\\/buch-wie-wirke-ich\\\/\",\"url\":\"https:\\\/\\\/scil-profile.de\\\/produkt\\\/buch-wie-wirke-ich\\\/\",\"name\":\"Buch: Wie wirke ich? - SCIL Profile\",\"isPartOf\":{\"@id\":\"https:\\\/\\\/scil-profile.de\\\/#website\"},\"primaryImageOfPage\":{\"@id\":\"https:\\\/\\\/scil-profile.de\\\/produkt\\\/buch-wie-wirke-ich\\\/#primaryimage\"},\"image\":{\"@id\":\"https:\\\/\\\/scil-profile.de\\\/produkt\\\/buch-wie-wirke-ich\\\/#primaryimage\"},\"thumbnailUrl\":\"https:\\\/\\\/scil-profile.de\\\/wp-content\\\/uploads\\\/2020\\\/10\\\/Buch_Wie-wirke-ich.jpg\",\"datePublished\":\"2020-10-27T17:48:34+00:00\",\"dateModified\":\"2024-04-04T10:36:37+00:00\",\"breadcrumb\":{\"@id\":\"https:\\\/\\\/scil-profile.de\\\/produkt\\\/buch-wie-wirke-ich\\\/#breadcrumb\"},\"inLanguage\":\"ru-RU\",\"potentialAction\":[{\"@type\":\"ReadAction\",\"target\":[\"https:\\\/\\\/scil-profile.de\\\/produkt\\\/buch-wie-wirke-ich\\\/\"]}]},{\"@type\":\"ImageObject\",\"inLanguage\":\"ru-RU\",\"@id\":\"https:\\\/\\\/scil-profile.de\\\/produkt\\\/buch-wie-wirke-ich\\\/#primaryimage\",\"url\":\"https:\\\/\\\/scil-profile.de\\\/wp-content\\\/uploads\\\/2020\\\/10\\\/Buch_Wie-wirke-ich.jpg\",\"contentUrl\":\"https:\\\/\\\/scil-profile.de\\\/wp-content\\\/uploads\\\/2020\\\/10\\\/Buch_Wie-wirke-ich.jpg\",\"width\":450,\"height\":438},{\"@type\":\"BreadcrumbList\",\"@id\":\"https:\\\/\\\/scil-profile.de\\\/produkt\\\/buch-wie-wirke-ich\\\/#breadcrumb\",\"itemListElement\":[{\"@type\":\"ListItem\",\"position\":1,\"name\":\"Weiterbildung\",\"item\":\"https:\\\/\\\/scil-profile.de\\\/\"},{\"@type\":\"ListItem\",\"position\":2,\"name\":\"Shop\",\"item\":\"https:\\\/\\\/scil-profile.de\\\/shop\\\/\"},{\"@type\":\"ListItem\",\"position\":3,\"name\":\"Buch: Wie wirke ich?\"}]},{\"@type\":\"WebSite\",\"@id\":\"https:\\\/\\\/scil-profile.de\\\/#website\",\"url\":\"https:\\\/\\\/scil-profile.de\\\/\",\"name\":\"SCIL Profile\",\"description\":\"Entdecke und entfalte Dein Charisma. Pers\u00f6nliche Wirkung und Wahrnehmung als Schl\u00fcssel f\u00fcr mehr Erfolg.\",\"potentialAction\":[{\"@type\":\"SearchAction\",\"target\":{\"@type\":\"EntryPoint\",\"urlTemplate\":\"https:\\\/\\\/scil-profile.de\\\/?s={search_term_string}\"},\"query-input\":{\"@type\":\"PropertyValueSpecification\",\"valueRequired\":true,\"valueName\":\"search_term_string\"}}],\"inLanguage\":\"ru-RU\"}]}<\/script>\n<!-- \/ Yoast SEO plugin. -->","yoast_head_json":{"title":"Buch: Wie wirke ich? - SCIL Profile","robots":{"index":"index","follow":"follow","max-snippet":"max-snippet:-1","max-image-preview":"max-image-preview:large","max-video-preview":"max-video-preview:-1"},"canonical":"https:\/\/scil-profile.de\/produkt\/buch-wie-wirke-ich\/","og_locale":"ru_RU","og_type":"article","og_title":"Buch: Wie wirke ich? - SCIL Profile","og_description":"Nettopreis 8,32 \u20ac zzgl. 0,58 \u20ac 7% MwSt \"Was hat der oder die, was ich nicht habe?\" Sicherlich haben Sie sich das auch schon einmal gefragt. Es gibt Menschen, die wirken auf den ersten Blick sympathisch, charismatisch, kompetent, witzig. Ihnen scheint einfach alles spielend zu gelingen, sie wickeln ihre Gespr\u00e4chspartner mit ihrer lockeren, positiven Art um den Finger und bekommen die Resonanz, die sie sich w\u00fcnschen. Das gewisse Etwas hat man oder hat man nicht - oder? Andreas Bornh\u00e4u\u00dfer und Frauke Ion sagen: Nein! Charisma, Sympathie und \u00fcberzeugende Wirkung sind lernbar! Denn die Qualit\u00e4t unserer Kommunikation mit anderen wird ma\u00dfgeblich dadurch beeinflusst, ob es uns gelingt, im selben \"Frequenzbereich\" zu senden - nicht umsonst hei\u00dft es: \"Wir haben dieselbe Wellenl\u00e4nge.\" 30 Minuten Wie wirke ich? zeigt Ihnen, an welchen Frequenzschaltern Sie drehen m\u00fcssen, um Ihre Ausstrahlung zu verbessern.","og_url":"https:\/\/scil-profile.de\/produkt\/buch-wie-wirke-ich\/","og_site_name":"SCIL Profile","article_modified_time":"2024-04-04T10:36:37+00:00","og_image":[{"width":450,"height":438,"url":"https:\/\/scil-profile.de\/wp-content\/uploads\/2020\/10\/Buch_Wie-wirke-ich.jpg","type":"image\/jpeg"}],"twitter_card":"summary_large_image","twitter_misc":{"\u041f\u0440\u0438\u043c\u0435\u0440\u043d\u043e\u0435 \u0432\u0440\u0435\u043c\u044f \u0434\u043b\u044f \u0447\u0442\u0435\u043d\u0438\u044f":"1 \u043c\u0438\u043d\u0443\u0442\u0430"},"schema":{"@context":"https:\/\/schema.org","@graph":[{"@type":"WebPage","@id":"https:\/\/scil-profile.de\/produkt\/buch-wie-wirke-ich\/","url":"https:\/\/scil-profile.de\/produkt\/buch-wie-wirke-ich\/","name":"Buch: Wie wirke ich? - SCIL Profile","isPartOf":{"@id":"https:\/\/scil-profile.de\/#website"},"primaryImageOfPage":{"@id":"https:\/\/scil-profile.de\/produkt\/buch-wie-wirke-ich\/#primaryimage"},"image":{"@id":"https:\/\/scil-profile.de\/produkt\/buch-wie-wirke-ich\/#primaryimage"},"thumbnailUrl":"https:\/\/scil-profile.de\/wp-content\/uploads\/2020\/10\/Buch_Wie-wirke-ich.jpg","datePublished":"2020-10-27T17:48:34+00:00","dateModified":"2024-04-04T10:36:37+00:00","breadcrumb":{"@id":"https:\/\/scil-profile.de\/produkt\/buch-wie-wirke-ich\/#breadcrumb"},"inLanguage":"ru-RU","potentialAction":[{"@type":"ReadAction","target":["https:\/\/scil-profile.de\/produkt\/buch-wie-wirke-ich\/"]}]},{"@type":"ImageObject","inLanguage":"ru-RU","@id":"https:\/\/scil-profile.de\/produkt\/buch-wie-wirke-ich\/#primaryimage","url":"https:\/\/scil-profile.de\/wp-content\/uploads\/2020\/10\/Buch_Wie-wirke-ich.jpg","contentUrl":"https:\/\/scil-profile.de\/wp-content\/uploads\/2020\/10\/Buch_Wie-wirke-ich.jpg","width":450,"height":438},{"@type":"BreadcrumbList","@id":"https:\/\/scil-profile.de\/produkt\/buch-wie-wirke-ich\/#breadcrumb","itemListElement":[{"@type":"ListItem","position":1,"name":"Weiterbildung","item":"https:\/\/scil-profile.de\/"},{"@type":"ListItem","position":2,"name":"Shop","item":"https:\/\/scil-profile.de\/shop\/"},{"@type":"ListItem","position":3,"name":"Buch: Wie wirke ich?"}]},{"@type":"WebSite","@id":"https:\/\/scil-profile.de\/#website","url":"https:\/\/scil-profile.de\/","name":"SCIL Profile","description":"Entdecke und entfalte Dein Charisma. Pers\u00f6nliche Wirkung und Wahrnehmung als Schl\u00fcssel f\u00fcr mehr Erfolg.","potentialAction":[{"@type":"SearchAction","target":{"@type":"EntryPoint","urlTemplate":"https:\/\/scil-profile.de\/?s={search_term_string}"},"query-input":{"@type":"PropertyValueSpecification","valueRequired":true,"valueName":"search_term_string"}}],"inLanguage":"ru-RU"}]}},"_links":{"self":[{"href":"https:\/\/scil-profile.de\/ru\/wp-json\/wp\/v2\/product\/57603","targetHints":{"allow":["GET"]}}],"collection":[{"href":"https:\/\/scil-profile.de\/ru\/wp-json\/wp\/v2\/product"}],"about":[{"href":"https:\/\/scil-profile.de\/ru\/wp-json\/wp\/v2\/types\/product"}],"wp:featuredmedia":[{"embeddable":true,"href":"https:\/\/scil-profile.de\/ru\/wp-json\/wp\/v2\/media\/57625"}],"wp:attachment":[{"href":"https:\/\/scil-profile.de\/ru\/wp-json\/wp\/v2\/media?parent=57603"}],"wp:term":[{"taxonomy":"product_brand","embeddable":true,"href":"https:\/\/scil-profile.de\/ru\/wp-json\/wp\/v2\/product_brand?post=57603"},{"taxonomy":"product_cat","embeddable":true,"href":"https:\/\/scil-profile.de\/ru\/wp-json\/wp\/v2\/product_cat?post=57603"},{"taxonomy":"product_tag","embeddable":true,"href":"https:\/\/scil-profile.de\/ru\/wp-json\/wp\/v2\/product_tag?post=57603"}],"curies":[{"name":"wp","href":"https:\/\/api.w.org\/{rel}","templated":true}]}}