{"id":113973,"date":"2025-07-03T14:14:56","date_gmt":"2025-07-03T12:14:56","guid":{"rendered":"https:\/\/scil-profile.de\/?post_type=product&#038;p=113973"},"modified":"2025-09-22T16:26:21","modified_gmt":"2025-09-22T14:26:21","slug":"scil-profile-workbook","status":"publish","type":"product","link":"https:\/\/scil-profile.de\/ru\/produkt\/scil-profile-workbook\/","title":{"rendered":"Trainings- und Coaching &#8211; WorkBook"},"content":{"rendered":"<p>Mit dem SCIL Profile\u00ae WorkBook bekommst Du ein Kompendium, das Arbeits- und \u00dcbungsmaterialien sowie zahlreiche Pr\u00e4sentations-Beispiele enth\u00e4lt, die sich seit \u00fcber 40 Jahren in der t\u00e4glichen Arbeit von Coaches und Trainern mit ihren Teilnehmenden bew\u00e4hren. Alle Unterlagen, werden kontiunierlich praktisch erprobt und regelm\u00e4\u00dfig aktualisiert.<\/p>\n<table>\n<thead>\n<tr>\n<td><span><strong>Nutzen<\/strong><\/span><\/td>\n<td><span><strong>Beschreibung<\/strong><\/span><\/td>\n<\/tr>\n<\/thead>\n<tbody>\n<tr>\n<td><span><strong>Struktur &amp; Ablauf<\/strong><\/span><\/td>\n<td><span>Du hast klar definierte Aufgaben zu jeder Frequenz, unterst\u00fctzt durch Leitf\u00e4den \u2013 ideal f\u00fcr systematische Durchf\u00fchrung.<\/span><\/td>\n<\/tr>\n<tr>\n<td><span><strong>Didaktische Qualit\u00e4t<\/strong><\/span><\/td>\n<td><span>Fertige Pr\u00e4sentationen und Materialien erleichtern die Planung und erh\u00f6hen die Professionalit\u00e4t deines Angebots.<\/span><\/td>\n<\/tr>\n<tr>\n<td><span><strong>Nachhaltiges Lernen<\/strong><\/span><\/td>\n<td><span>Die \u00dcbungen f\u00f6rdern Reflexion und Transfer \u2013 essenziell f\u00fcr langfristige Wirkung bei deinen Coachees.<\/span><\/td>\n<\/tr>\n<tr>\n<td><span><strong>Flexibilit\u00e4t &amp; Updates<\/strong><\/span><\/td>\n<td><span>Elektronischer Zugang bedeutet: \u00c4nderungen oder Erg\u00e4nzungen werden automatisch verf\u00fcgbar.<\/span><\/td>\n<\/tr>\n<\/tbody>\n<\/table>\n<p>Das Kompendium wird Dir elektronisch zur Verf\u00fcgung gestellt. Alle Materialien kannst Du Dir herunterladen, archivieren und ausdrucken. Sie sind mit dem SCIL Profile\u00ae gebrandet. Da es sich um offene Word- und Powerpoint-Dateien handelt, kannst Du sie jederzeit Deinem Erscheinungsbild anpassen.<\/p>\n<p>Im Preis enthalten sind insgesamt vier LiveOnline-Meetings mit Andreas Bornh\u00e4u\u00dfer, dem Urheber und Lizenzgeber des SCIL Profil. In diesen Meetings weist er Dich in die Materialien ein und erkl\u00e4rt Dir die bestm\u00f6gliche Handhabung des WorkBooks. Weitere Details erf\u00e4hrst Du im OnePager, den Du Dir mit einem Klick auf das Downloadsymbol herunterladen kannst.<\/p>\n<p><a href=\"https:\/\/scil-profile.de\/wp-content\/uploads\/2025\/09\/OnePager_WorkBook_2025.pdf\"><img decoding=\"async\" src=\"https:\/\/scil-profile.de\/wp-content\/uploads\/2025\/07\/Icon_Download-300x294.png\" alt=\"\" width=\"93\" height=\"91\" class=\"alignnone wp-image-113184\" srcset=\"https:\/\/scil-profile.de\/wp-content\/uploads\/2025\/07\/Icon_Download-300x294.png 300w, https:\/\/scil-profile.de\/wp-content\/uploads\/2025\/07\/Icon_Download-768x752.png 768w, https:\/\/scil-profile.de\/wp-content\/uploads\/2025\/07\/Icon_Download-624x611.png 624w, https:\/\/scil-profile.de\/wp-content\/uploads\/2025\/07\/Icon_Download-600x588.png 600w, https:\/\/scil-profile.de\/wp-content\/uploads\/2025\/07\/Icon_Download.png 780w\" sizes=\"(max-width: 93px) 100vw, 93px\" \/><\/a><\/p>\n<p>&nbsp;<\/p>\n<p>Zus\u00e4tzlich haben wir auf einer speziellen LandingPage einige Beispiele aus dem WorkBook f\u00fcr Dich bereitgestellt, damit Du Dir einen ersten Eindruck verschaffen kannst. Bitte klick dazu auf den folgenden Link:<span style=\"color: #0000ff;\"><strong><a href=\"https:\/\/scil-profile.de\/workbook-landingpage\/\" style=\"color: #0000ff;\"> https:\/\/scil-profile.de\/workbook-landingpage\/<\/a><\/strong><\/span><\/p>\n<p>&nbsp;<\/p>\n<p>&nbsp;<\/p>\n<p>&nbsp;<\/p>\n<p>&nbsp;<\/p>\n<p>&nbsp;<\/p>\n","protected":false},"excerpt":{"rendered":"<p>Das SCIL Profile Workbook ist ein umfassendes, elektronisch bereitgestelltes Arbeitsbuch des SCIL Profile und enth\u00e4lt, Vorlagen f\u00fcr Angebote, Analysen, Protokolle und Feedbackb\u00f6gen, \u00dcbungsmaterialien und Arbeitsbl\u00e4tter zu allen 16 Interaktionsfrequenzen, die in zwischenmenschichen Begegnungen eine Rolle spielen (f\u00fcr rund 180 Coaching-Intervention und Seminar-\u00dcbungen), Anleitungen zur Durchf\u00fchrung von Gruppen- oder Einzelsessions sowie Pr\u00e4sentationen, die Du direkt f\u00fcr Workshops oder Trainings verwenden kannst.<\/p>\n","protected":false},"featured_media":113981,"template":"","meta":{"pmpro_default_level":""},"product_brand":[],"product_cat":[111,139],"product_tag":[],"class_list":{"0":"post-113973","1":"product","2":"type-product","3":"status-publish","4":"has-post-thumbnail","6":"product_cat-webbasiert","7":"product_cat-scil-profile","8":"pmpro-has-access","10":"first","11":"instock","12":"taxable","13":"shipping-taxable","14":"purchasable","15":"product-type-simple"},"yoast_head":"<!-- This site is optimized with the Yoast SEO plugin v27.3 - https:\/\/yoast.com\/product\/yoast-seo-wordpress\/ -->\n<title>Trainings- und Coaching - WorkBook - SCIL Profile<\/title>\n<meta name=\"robots\" content=\"index, follow, max-snippet:-1, max-image-preview:large, max-video-preview:-1\" \/>\n<link rel=\"canonical\" href=\"https:\/\/scil-profile.de\/produkt\/scil-profile-workbook\/\" \/>\n<meta property=\"og:locale\" content=\"ru_RU\" \/>\n<meta property=\"og:type\" content=\"article\" \/>\n<meta property=\"og:title\" content=\"Trainings- und Coaching - WorkBook - SCIL Profile\" \/>\n<meta property=\"og:description\" content=\"Das SCIL Profile Workbook ist ein umfassendes, elektronisch bereitgestelltes Arbeitsbuch des SCIL Profile und enth\u00e4lt, Vorlagen f\u00fcr Angebote, Analysen, Protokolle und Feedbackb\u00f6gen, \u00dcbungsmaterialien und Arbeitsbl\u00e4tter zu allen 16 Interaktionsfrequenzen, die in zwischenmenschichen Begegnungen eine Rolle spielen (f\u00fcr rund 180 Coaching-Intervention und Seminar-\u00dcbungen), Anleitungen zur Durchf\u00fchrung von Gruppen- oder Einzelsessions sowie Pr\u00e4sentationen, die Du direkt f\u00fcr Workshops oder Trainings verwenden kannst.\" \/>\n<meta property=\"og:url\" content=\"https:\/\/scil-profile.de\/produkt\/scil-profile-workbook\/\" \/>\n<meta property=\"og:site_name\" content=\"SCIL Profile\" \/>\n<meta property=\"article:modified_time\" content=\"2025-09-22T14:26:21+00:00\" \/>\n<meta property=\"og:image\" content=\"https:\/\/scil-profile.de\/wp-content\/uploads\/2025\/07\/Folie1.png\" \/>\n\t<meta property=\"og:image:width\" content=\"1024\" \/>\n\t<meta property=\"og:image:height\" content=\"576\" \/>\n\t<meta property=\"og:image:type\" content=\"image\/png\" \/>\n<meta name=\"twitter:card\" content=\"summary_large_image\" \/>\n<meta name=\"twitter:label1\" content=\"\u041f\u0440\u0438\u043c\u0435\u0440\u043d\u043e\u0435 \u0432\u0440\u0435\u043c\u044f \u0434\u043b\u044f \u0447\u0442\u0435\u043d\u0438\u044f\" \/>\n\t<meta name=\"twitter:data1\" content=\"2 \u043c\u0438\u043d\u0443\u0442\u044b\" \/>\n<script type=\"application\/ld+json\" class=\"yoast-schema-graph\">{\"@context\":\"https:\\\/\\\/schema.org\",\"@graph\":[{\"@type\":\"WebPage\",\"@id\":\"https:\\\/\\\/scil-profile.de\\\/produkt\\\/scil-profile-workbook\\\/\",\"url\":\"https:\\\/\\\/scil-profile.de\\\/produkt\\\/scil-profile-workbook\\\/\",\"name\":\"Trainings- und Coaching - WorkBook - SCIL Profile\",\"isPartOf\":{\"@id\":\"https:\\\/\\\/scil-profile.de\\\/#website\"},\"primaryImageOfPage\":{\"@id\":\"https:\\\/\\\/scil-profile.de\\\/produkt\\\/scil-profile-workbook\\\/#primaryimage\"},\"image\":{\"@id\":\"https:\\\/\\\/scil-profile.de\\\/produkt\\\/scil-profile-workbook\\\/#primaryimage\"},\"thumbnailUrl\":\"https:\\\/\\\/scil-profile.de\\\/wp-content\\\/uploads\\\/2025\\\/07\\\/Folie1.png\",\"datePublished\":\"2025-07-03T12:14:56+00:00\",\"dateModified\":\"2025-09-22T14:26:21+00:00\",\"breadcrumb\":{\"@id\":\"https:\\\/\\\/scil-profile.de\\\/produkt\\\/scil-profile-workbook\\\/#breadcrumb\"},\"inLanguage\":\"ru-RU\",\"potentialAction\":[{\"@type\":\"ReadAction\",\"target\":[\"https:\\\/\\\/scil-profile.de\\\/produkt\\\/scil-profile-workbook\\\/\"]}]},{\"@type\":\"ImageObject\",\"inLanguage\":\"ru-RU\",\"@id\":\"https:\\\/\\\/scil-profile.de\\\/produkt\\\/scil-profile-workbook\\\/#primaryimage\",\"url\":\"https:\\\/\\\/scil-profile.de\\\/wp-content\\\/uploads\\\/2025\\\/07\\\/Folie1.png\",\"contentUrl\":\"https:\\\/\\\/scil-profile.de\\\/wp-content\\\/uploads\\\/2025\\\/07\\\/Folie1.png\",\"width\":1024,\"height\":576},{\"@type\":\"BreadcrumbList\",\"@id\":\"https:\\\/\\\/scil-profile.de\\\/produkt\\\/scil-profile-workbook\\\/#breadcrumb\",\"itemListElement\":[{\"@type\":\"ListItem\",\"position\":1,\"name\":\"Weiterbildung\",\"item\":\"https:\\\/\\\/scil-profile.de\\\/\"},{\"@type\":\"ListItem\",\"position\":2,\"name\":\"Shop\",\"item\":\"https:\\\/\\\/scil-profile.de\\\/shop\\\/\"},{\"@type\":\"ListItem\",\"position\":3,\"name\":\"Trainings- und Coaching &#8211; WorkBook\"}]},{\"@type\":\"WebSite\",\"@id\":\"https:\\\/\\\/scil-profile.de\\\/#website\",\"url\":\"https:\\\/\\\/scil-profile.de\\\/\",\"name\":\"SCIL Profile\",\"description\":\"Entdecke und entfalte Dein Charisma. Pers\u00f6nliche Wirkung und Wahrnehmung als Schl\u00fcssel f\u00fcr mehr Erfolg.\",\"potentialAction\":[{\"@type\":\"SearchAction\",\"target\":{\"@type\":\"EntryPoint\",\"urlTemplate\":\"https:\\\/\\\/scil-profile.de\\\/?s={search_term_string}\"},\"query-input\":{\"@type\":\"PropertyValueSpecification\",\"valueRequired\":true,\"valueName\":\"search_term_string\"}}],\"inLanguage\":\"ru-RU\"}]}<\/script>\n<!-- \/ Yoast SEO plugin. -->","yoast_head_json":{"title":"Trainings- und Coaching - WorkBook - SCIL Profile","robots":{"index":"index","follow":"follow","max-snippet":"max-snippet:-1","max-image-preview":"max-image-preview:large","max-video-preview":"max-video-preview:-1"},"canonical":"https:\/\/scil-profile.de\/produkt\/scil-profile-workbook\/","og_locale":"ru_RU","og_type":"article","og_title":"Trainings- und Coaching - WorkBook - SCIL Profile","og_description":"Das SCIL Profile Workbook ist ein umfassendes, elektronisch bereitgestelltes Arbeitsbuch des SCIL Profile und enth\u00e4lt, Vorlagen f\u00fcr Angebote, Analysen, Protokolle und Feedbackb\u00f6gen, \u00dcbungsmaterialien und Arbeitsbl\u00e4tter zu allen 16 Interaktionsfrequenzen, die in zwischenmenschichen Begegnungen eine Rolle spielen (f\u00fcr rund 180 Coaching-Intervention und Seminar-\u00dcbungen), Anleitungen zur Durchf\u00fchrung von Gruppen- oder Einzelsessions sowie Pr\u00e4sentationen, die Du direkt f\u00fcr Workshops oder Trainings verwenden kannst.","og_url":"https:\/\/scil-profile.de\/produkt\/scil-profile-workbook\/","og_site_name":"SCIL Profile","article_modified_time":"2025-09-22T14:26:21+00:00","og_image":[{"width":1024,"height":576,"url":"https:\/\/scil-profile.de\/wp-content\/uploads\/2025\/07\/Folie1.png","type":"image\/png"}],"twitter_card":"summary_large_image","twitter_misc":{"\u041f\u0440\u0438\u043c\u0435\u0440\u043d\u043e\u0435 \u0432\u0440\u0435\u043c\u044f \u0434\u043b\u044f \u0447\u0442\u0435\u043d\u0438\u044f":"2 \u043c\u0438\u043d\u0443\u0442\u044b"},"schema":{"@context":"https:\/\/schema.org","@graph":[{"@type":"WebPage","@id":"https:\/\/scil-profile.de\/produkt\/scil-profile-workbook\/","url":"https:\/\/scil-profile.de\/produkt\/scil-profile-workbook\/","name":"Trainings- und Coaching - WorkBook - SCIL Profile","isPartOf":{"@id":"https:\/\/scil-profile.de\/#website"},"primaryImageOfPage":{"@id":"https:\/\/scil-profile.de\/produkt\/scil-profile-workbook\/#primaryimage"},"image":{"@id":"https:\/\/scil-profile.de\/produkt\/scil-profile-workbook\/#primaryimage"},"thumbnailUrl":"https:\/\/scil-profile.de\/wp-content\/uploads\/2025\/07\/Folie1.png","datePublished":"2025-07-03T12:14:56+00:00","dateModified":"2025-09-22T14:26:21+00:00","breadcrumb":{"@id":"https:\/\/scil-profile.de\/produkt\/scil-profile-workbook\/#breadcrumb"},"inLanguage":"ru-RU","potentialAction":[{"@type":"ReadAction","target":["https:\/\/scil-profile.de\/produkt\/scil-profile-workbook\/"]}]},{"@type":"ImageObject","inLanguage":"ru-RU","@id":"https:\/\/scil-profile.de\/produkt\/scil-profile-workbook\/#primaryimage","url":"https:\/\/scil-profile.de\/wp-content\/uploads\/2025\/07\/Folie1.png","contentUrl":"https:\/\/scil-profile.de\/wp-content\/uploads\/2025\/07\/Folie1.png","width":1024,"height":576},{"@type":"BreadcrumbList","@id":"https:\/\/scil-profile.de\/produkt\/scil-profile-workbook\/#breadcrumb","itemListElement":[{"@type":"ListItem","position":1,"name":"Weiterbildung","item":"https:\/\/scil-profile.de\/"},{"@type":"ListItem","position":2,"name":"Shop","item":"https:\/\/scil-profile.de\/shop\/"},{"@type":"ListItem","position":3,"name":"Trainings- und Coaching &#8211; WorkBook"}]},{"@type":"WebSite","@id":"https:\/\/scil-profile.de\/#website","url":"https:\/\/scil-profile.de\/","name":"SCIL Profile","description":"Entdecke und entfalte Dein Charisma. Pers\u00f6nliche Wirkung und Wahrnehmung als Schl\u00fcssel f\u00fcr mehr Erfolg.","potentialAction":[{"@type":"SearchAction","target":{"@type":"EntryPoint","urlTemplate":"https:\/\/scil-profile.de\/?s={search_term_string}"},"query-input":{"@type":"PropertyValueSpecification","valueRequired":true,"valueName":"search_term_string"}}],"inLanguage":"ru-RU"}]}},"_links":{"self":[{"href":"https:\/\/scil-profile.de\/ru\/wp-json\/wp\/v2\/product\/113973","targetHints":{"allow":["GET"]}}],"collection":[{"href":"https:\/\/scil-profile.de\/ru\/wp-json\/wp\/v2\/product"}],"about":[{"href":"https:\/\/scil-profile.de\/ru\/wp-json\/wp\/v2\/types\/product"}],"wp:featuredmedia":[{"embeddable":true,"href":"https:\/\/scil-profile.de\/ru\/wp-json\/wp\/v2\/media\/113981"}],"wp:attachment":[{"href":"https:\/\/scil-profile.de\/ru\/wp-json\/wp\/v2\/media?parent=113973"}],"wp:term":[{"taxonomy":"product_brand","embeddable":true,"href":"https:\/\/scil-profile.de\/ru\/wp-json\/wp\/v2\/product_brand?post=113973"},{"taxonomy":"product_cat","embeddable":true,"href":"https:\/\/scil-profile.de\/ru\/wp-json\/wp\/v2\/product_cat?post=113973"},{"taxonomy":"product_tag","embeddable":true,"href":"https:\/\/scil-profile.de\/ru\/wp-json\/wp\/v2\/product_tag?post=113973"}],"curies":[{"name":"wp","href":"https:\/\/api.w.org\/{rel}","templated":true}]}}