{"id":63487,"date":"2021-09-28T17:19:30","date_gmt":"2021-09-28T15:19:30","guid":{"rendered":"https:\/\/scil-profile.de\/login\/"},"modified":"2024-04-03T16:08:03","modified_gmt":"2024-04-03T14:08:03","slug":"login","status":"publish","type":"page","link":"https:\/\/scil-profile.de\/login\/","title":{"rendered":"Log In"},"content":{"rendered":"\u0412\u043e\u0439\u0442\u0438\n<script>\n\tjQuery( document ).ready( function ($) {\n\t\t\"use strict\";\n\t\t\n\t\t$( \"p.error\" ).parent().parent().css( \"display\", \"block\" );\n\t});\n<\/script>\n<div class=\"tml tml-login\" id=\"theme-my-login1\">\n\t<!--<p class=\"message\"><div class=\"login-heading\"><h2>Sign in<\/h2><span><a rel=\"nofollow\" href=\"https:\/\/scil-profile.de\/ru\/login\/\">Create an Account<\/a><\/span><\/div><\/p>-->\n\t\t<form name=\"loginform\" id=\"loginform1\" action=\"https:\/\/scil-profile.de\/login\/\" method=\"post\">\n\t\t<p class=\"tml-user-pass-wrap\">\n\t\t\t<label for=\"user_code1\">Login mit SCIL Profile Lizenzcode<\/label>\n\t\t\t<input type=\"text\" name=\"scil_code\" id=\"user_code1\" class=\"input\" value=\"\" size=\"20\" \/>\n\t\t<\/p>\n\t\t<p>\n\t\t\toder\t\t<\/p>\n\t\t<p class=\"tml-user-login-wrap\">\n\t\t\t<label for=\"user_login1\">\u0418\u043c\u044f \u043f\u043e\u043b\u044c\u0437\u043e\u0432\u0430\u0442\u0435\u043b\u044f \u0438\u043b\u0438 e-mail<\/label>\n\t\t\t<input type=\"text\" name=\"log\" id=\"user_login1\" class=\"input\" value=\"\" size=\"20\" \/>\n\t\t<\/p>\n\n\t\t<p class=\"tml-user-pass-wrap\">\n\t\t\t<label for=\"user_pass1\">\u041f\u0430\u0440\u043e\u043b\u044c<\/label>\n\t\t\t<input type=\"password\" name=\"pwd\" id=\"user_pass1\" class=\"input\" value=\"\" size=\"20\" autocomplete=\"off\" \/>\n\t\t<\/p>\n\n\t\t<input type=\"hidden\" name=\"_wp_original_http_referer\" value=\"\" \/>\t\t\t<p class=\"lostmenot\"><a href=\"https:\/\/scil-profile.de\/mein-konto\/lost-password\/\">Forgot Password?<\/a><\/p>\n\t\t\t\n\t\t<div class=\"tml-rememberme-submit-wrap\">\n\t\t\t<p class=\"tml-rememberme-wrap\">\n\t\t\t\t<input name=\"rememberme\" type=\"checkbox\" id=\"rememberme1\" value=\"forever\" \/>\n\t\t\t\t<label for=\"rememberme1\">\u0417\u0430\u043f\u043e\u043c\u043d\u0438\u0442\u044c \u043c\u0435\u043d\u044f<\/label>\n\t\t\t<\/p>\n\n\t\t\t<p class=\"tml-submit-wrap huhu\">\n\t\t\t\t<input type=\"submit\" name=\"wp-submit\" id=\"wp-submit1\" value=\"\u0412\u043e\u0439\u0442\u0438\" \/>\n\t\t\t\t<input type=\"hidden\" name=\"redirect_to\" value=\"\/weiterbildung\/mein-konto\/\" \/>\n\t\t\t\t<input type=\"hidden\" name=\"instance\" value=\"1\" \/>\n\t\t\t\t<input type=\"hidden\" name=\"action\" value=\"login\" \/>\n\t\t\t<\/p>\n\t\t<\/div>\n\t<\/form>\n\t<ul class=\"tml-action-links\">\n<li><a href=\"https:\/\/scil-profile.de\/?page_id=63489\" rel=\"nofollow\">Register<\/a><\/li>\n<li><a href=\"https:\/\/scil-profile.de\/lostpassword\/\" rel=\"nofollow\">Lost Password<\/a><\/li>\n<\/ul>\n<\/div>\n\n","protected":false},"excerpt":{"rendered":"","protected":false},"author":2,"featured_media":0,"parent":0,"menu_order":0,"comment_status":"closed","ping_status":"closed","template":"","meta":{"pmpro_default_level":"","footnotes":""},"class_list":["post-63487","page","type-page","status-publish","hentry","pmpro-has-access"],"yoast_head":"<!-- This site is optimized with the Yoast SEO plugin v27.3 - https:\/\/yoast.com\/product\/yoast-seo-wordpress\/ -->\n<title>Log In - SCIL Profile<\/title>\n<meta name=\"robots\" content=\"index, follow, max-snippet:-1, max-image-preview:large, max-video-preview:-1\" \/>\n<link rel=\"canonical\" href=\"https:\/\/scil-profile.de\/login\/\" \/>\n<meta property=\"og:locale\" content=\"ru_RU\" \/>\n<meta property=\"og:type\" content=\"article\" \/>\n<meta property=\"og:title\" content=\"Log In - SCIL Profile\" \/>\n<meta property=\"og:url\" content=\"https:\/\/scil-profile.de\/login\/\" \/>\n<meta property=\"og:site_name\" content=\"SCIL Profile\" \/>\n<meta property=\"article:modified_time\" content=\"2024-04-03T14:08:03+00:00\" \/>\n<meta name=\"twitter:card\" content=\"summary_large_image\" \/>\n<meta name=\"twitter:label1\" content=\"\u041f\u0440\u0438\u043c\u0435\u0440\u043d\u043e\u0435 \u0432\u0440\u0435\u043c\u044f \u0434\u043b\u044f \u0447\u0442\u0435\u043d\u0438\u044f\" \/>\n\t<meta name=\"twitter:data1\" content=\"1 \u043c\u0438\u043d\u0443\u0442\u0430\" \/>\n<script type=\"application\/ld+json\" class=\"yoast-schema-graph\">{\"@context\":\"https:\\\/\\\/schema.org\",\"@graph\":[{\"@type\":\"WebPage\",\"@id\":\"https:\\\/\\\/scil-profile.de\\\/login\\\/\",\"url\":\"https:\\\/\\\/scil-profile.de\\\/login\\\/\",\"name\":\"Log In - SCIL Profile\",\"isPartOf\":{\"@id\":\"https:\\\/\\\/scil-profile.de\\\/#website\"},\"datePublished\":\"2021-09-28T15:19:30+00:00\",\"dateModified\":\"2024-04-03T14:08:03+00:00\",\"breadcrumb\":{\"@id\":\"https:\\\/\\\/scil-profile.de\\\/login\\\/#breadcrumb\"},\"inLanguage\":\"ru-RU\",\"potentialAction\":[{\"@type\":\"ReadAction\",\"target\":[\"https:\\\/\\\/scil-profile.de\\\/login\\\/\"]}]},{\"@type\":\"BreadcrumbList\",\"@id\":\"https:\\\/\\\/scil-profile.de\\\/login\\\/#breadcrumb\",\"itemListElement\":[{\"@type\":\"ListItem\",\"position\":1,\"name\":\"Weiterbildung\",\"item\":\"https:\\\/\\\/scil-profile.de\\\/\"},{\"@type\":\"ListItem\",\"position\":2,\"name\":\"Log In\"}]},{\"@type\":\"WebSite\",\"@id\":\"https:\\\/\\\/scil-profile.de\\\/#website\",\"url\":\"https:\\\/\\\/scil-profile.de\\\/\",\"name\":\"SCIL Profile\",\"description\":\"Entdecke und entfalte Dein Charisma. Pers\u00f6nliche Wirkung und Wahrnehmung als Schl\u00fcssel f\u00fcr mehr Erfolg.\",\"potentialAction\":[{\"@type\":\"SearchAction\",\"target\":{\"@type\":\"EntryPoint\",\"urlTemplate\":\"https:\\\/\\\/scil-profile.de\\\/?s={search_term_string}\"},\"query-input\":{\"@type\":\"PropertyValueSpecification\",\"valueRequired\":true,\"valueName\":\"search_term_string\"}}],\"inLanguage\":\"ru-RU\"}]}<\/script>\n<!-- \/ Yoast SEO plugin. -->","yoast_head_json":{"title":"Log In - SCIL Profile","robots":{"index":"index","follow":"follow","max-snippet":"max-snippet:-1","max-image-preview":"max-image-preview:large","max-video-preview":"max-video-preview:-1"},"canonical":"https:\/\/scil-profile.de\/login\/","og_locale":"ru_RU","og_type":"article","og_title":"Log In - SCIL Profile","og_url":"https:\/\/scil-profile.de\/login\/","og_site_name":"SCIL Profile","article_modified_time":"2024-04-03T14:08:03+00:00","twitter_card":"summary_large_image","twitter_misc":{"\u041f\u0440\u0438\u043c\u0435\u0440\u043d\u043e\u0435 \u0432\u0440\u0435\u043c\u044f \u0434\u043b\u044f \u0447\u0442\u0435\u043d\u0438\u044f":"1 \u043c\u0438\u043d\u0443\u0442\u0430"},"schema":{"@context":"https:\/\/schema.org","@graph":[{"@type":"WebPage","@id":"https:\/\/scil-profile.de\/login\/","url":"https:\/\/scil-profile.de\/login\/","name":"Log In - SCIL Profile","isPartOf":{"@id":"https:\/\/scil-profile.de\/#website"},"datePublished":"2021-09-28T15:19:30+00:00","dateModified":"2024-04-03T14:08:03+00:00","breadcrumb":{"@id":"https:\/\/scil-profile.de\/login\/#breadcrumb"},"inLanguage":"ru-RU","potentialAction":[{"@type":"ReadAction","target":["https:\/\/scil-profile.de\/login\/"]}]},{"@type":"BreadcrumbList","@id":"https:\/\/scil-profile.de\/login\/#breadcrumb","itemListElement":[{"@type":"ListItem","position":1,"name":"Weiterbildung","item":"https:\/\/scil-profile.de\/"},{"@type":"ListItem","position":2,"name":"Log In"}]},{"@type":"WebSite","@id":"https:\/\/scil-profile.de\/#website","url":"https:\/\/scil-profile.de\/","name":"SCIL Profile","description":"Entdecke und entfalte Dein Charisma. Pers\u00f6nliche Wirkung und Wahrnehmung als Schl\u00fcssel f\u00fcr mehr Erfolg.","potentialAction":[{"@type":"SearchAction","target":{"@type":"EntryPoint","urlTemplate":"https:\/\/scil-profile.de\/?s={search_term_string}"},"query-input":{"@type":"PropertyValueSpecification","valueRequired":true,"valueName":"search_term_string"}}],"inLanguage":"ru-RU"}]}},"_links":{"self":[{"href":"https:\/\/scil-profile.de\/ru\/wp-json\/wp\/v2\/pages\/63487","targetHints":{"allow":["GET"]}}],"collection":[{"href":"https:\/\/scil-profile.de\/ru\/wp-json\/wp\/v2\/pages"}],"about":[{"href":"https:\/\/scil-profile.de\/ru\/wp-json\/wp\/v2\/types\/page"}],"author":[{"embeddable":true,"href":"https:\/\/scil-profile.de\/ru\/wp-json\/wp\/v2\/users\/2"}],"replies":[{"embeddable":true,"href":"https:\/\/scil-profile.de\/ru\/wp-json\/wp\/v2\/comments?post=63487"}],"version-history":[{"count":3,"href":"https:\/\/scil-profile.de\/ru\/wp-json\/wp\/v2\/pages\/63487\/revisions"}],"predecessor-version":[{"id":118813,"href":"https:\/\/scil-profile.de\/ru\/wp-json\/wp\/v2\/pages\/63487\/revisions\/118813"}],"wp:attachment":[{"href":"https:\/\/scil-profile.de\/ru\/wp-json\/wp\/v2\/media?parent=63487"}],"curies":[{"name":"wp","href":"https:\/\/api.w.org\/{rel}","templated":true}]}}