{"id":80541,"date":"2024-01-03T16:02:46","date_gmt":"2024-01-03T15:02:46","guid":{"rendered":"https:\/\/scil-profile.de\/?post_type=product&#038;p=80541"},"modified":"2026-02-18T14:53:17","modified_gmt":"2026-02-18T13:53:17","slug":"ok-coaching-lingua-frequenz-stimme","status":"publish","type":"product","link":"https:\/\/scil-profile.de\/nl\/produkt\/ok-coaching-lingua-frequenz-stimme\/","title":{"rendered":"OK Coaching | Lingua Frequenz Stimme"},"content":{"rendered":"<strong>OK-Coaching<\/strong> ist die Abk\u00fcrzung f\u00fcr <strong><em>O<\/em><\/strong>nline<strong><em>K<\/em><\/strong>ommunikations-Coaching. <strong>Dieser Kurs besteht aus insgesamt 4 Lektionen, 33 Themenmodulen und enth\u00e4lt 9 unterschiedlich schwierige Tests bzw. interaktive Elemente<em>.<\/em><\/strong> Ziel des Kurses ist es, Dein Kommunikationsrepertoire auf der Lingua-Frequenz <strong>Stimme<\/strong>\u00a0 zu festigen und zu erweitern. Und zwar so, wie es im folgenden beschrieben ist:<br><br>\r\n\r\nDu wirst von Anderen als eie Person erlebt, die in der Lage ist allein qua Deiner Stimme bestimmte Stimmungen bei anderen auszul\u00f6sen. Deine Wirkung ist unter anderem stark gepr\u00e4gt durch die Qualit\u00e4t Deiner Betonungen. Andere nehmen Dich als ein Mensch, der ein ausgesprochen gut entwickeltes Repertoire besitzt, das gesprochene Wort auch durch die Betonung desselben zu unterst\u00fctzen. Du variierst Lautst\u00e4rken und Klangfarben so, wie es die jeweilige Aussage verlangt. Um nur einige Beispiele aufzuzeigen: Sprichst Du von Energie, verleihst Du diesem Wort mit Deiner Betonung eine energetische Wirkung. Sprichst Du von Zur\u00fcckhaltung reduzierst Du Deine Lautst\u00e4rke. Ist das Wort Dynamik Gegenstand der Betrachtung, verleihst Du auch diesem Wort den notwendigen dynamischen Ausdruck.<br><br>\r\n\r\nDurch diese F\u00e4higkeit entwickelst Du eine hohe stimmliche Pr\u00e4senz. Allein kraft dieser St\u00e4rke nimmt man Dich zum Beispiel im Rahmen eines Vortrags oder einer Pr\u00e4sentation bis in den letzten Winkel eines Raumes gut wahr. Selbst wenn Du extrem leise sprichst tust Du dies so, dass alle Anwesenden aufhorchen. Denn auch dann bewegt Deine Betonung andere zum Hinh\u00f6ren.<br><br>\r\n\r\nMonotonie ist f\u00fcr Dich ein Fremdwort. Bist Du selbst Teilnehmer eines Vortrags, einer Pr\u00e4sentation oder einer Besprechung reagierst Du auf monotone Stimmen beinahe allergisch. Menschen, die hier eine geringere Auspr\u00e4gung haben als Du selbst, werden es in diesem Punkt schwer haben, von Dir akzeptiert zu werden. Ganz gleich, wie stimmig der Inhalt auch sein mag. Mit Gleichgesinnten wirst Du Dich im mehrfachen Sinne der Wortbedeutung sehr gut verstehen.<br><br>\r\n\r\n<img fetchpriority=\"high\" decoding=\"async\" src=\"https:\/\/scil-profile.de\/wp-content\/uploads\/2024\/01\/Icon_Stimme-300x262.png\" alt=\"\" width=\"570\" height=\"498\" class=\"wp-image-120360 alignleft\" srcset=\"https:\/\/scil-profile.de\/wp-content\/uploads\/2024\/01\/Icon_Stimme-300x262.png 300w, https:\/\/scil-profile.de\/wp-content\/uploads\/2024\/01\/Icon_Stimme-1024x893.png 1024w, https:\/\/scil-profile.de\/wp-content\/uploads\/2024\/01\/Icon_Stimme-768x670.png 768w, https:\/\/scil-profile.de\/wp-content\/uploads\/2024\/01\/Icon_Stimme-1536x1340.png 1536w, https:\/\/scil-profile.de\/wp-content\/uploads\/2024\/01\/Icon_Stimme-2048x1787.png 2048w, https:\/\/scil-profile.de\/wp-content\/uploads\/2024\/01\/Icon_Stimme-624x544.png 624w, https:\/\/scil-profile.de\/wp-content\/uploads\/2024\/01\/Icon_Stimme-600x523.png 600w\" sizes=\"(max-width: 570px) 100vw, 570px\" \/>Um Dich bei der Erweiterung Deines Repertoires in dem zuvor beschriebenen Sinne\u00a0<em><strong> <\/strong><\/em>erfolgreich begleiten zu k\u00f6nnen, behandeln wir in diesem Kurs u.a. die folgenden Fragen und trainieren die daraus resultierenden \u00dcbungen mit Dir:<br><br>\r\n<ul>\r\n \t<li style=\"list-style-type: none;\">\r\n<ul>\r\n \t<li><em>Was ist die Indefferenzlage der Stimme und wozu ist sie gut?<\/em><\/li>\r\n \t<li><em>Wie l\u00e4sst sich diese Stimmlage trainieren?<\/em><\/li>\r\n \t<li><em>Welche Auswirkungen hat bewusstes G\u00e4hnen auf die Betonung?<\/em><\/li>\r\n \t<li><em>Wie kannst Du mit Deiner Stimme mehr sp\u00fcrbare Resonanz in einem Raum erzeugen?<\/em><\/li>\r\n \t<li><em>Wodurch erzeugst Du selbst ein gr\u00f6\u00dferes Stimmvolumen?<\/em><\/li>\r\n \t<li><em>Wir trainierst Du am besten unterschiedliche Tonlagen und Stimmh\u00f6hen?<\/em><\/li>\r\n \t<li><em>Welche Stimm\u00fcbungen kannst Du Dir von Schauspielern abgucken?<\/em><\/li>\r\n \t<li><em>Was ist wichtig, damit Du trotz kraftvoller Stimme Deine Stimmb\u00e4nder schonst?<\/em><\/li>\r\n \t<li><em>Arbeitest Du in diesem Kurs nur daran, dass Du als eine Pers\u00f6nlichkeit mit einer ausgepr\u00e4gten Stimme wahrgenommen wirst, oder wirkt sich das auch dauerhaft auf Deine tats\u00e4chliche Stimme aus?<\/em><\/li>\r\n<\/ul>\r\n\r\n<ul class=\"wp-block-list\"><!-- \/wp:post-content --><\/ul>\r\n<h6><!-- \/wp:list --><\/h6>\r\nAuf die letzte Frage hier schon mal eine erste konkrete Antwort, die so \u00fcbrigens\u00a0 auch f\u00fcr alle anderen Frequenzen gilt:<strong> Spiel wird zum Schein. Schein wird zum Sein. Sein wird zum Spiel. <\/strong>Du trainierst in diesem Kurs auf sehr spielerische Art und Weise, den beabsichtigten Eindruck zu erwecken. Arbeitest Du aktiv und intensiv genug an diesem Eindruck oder Schein, dringt dies \u00fcber kurz oder lang auch nach Innen. Die entsprechenden Kompetenzen werden mehr und mehr Teil Deiner Pers\u00f6nlichkeit. Und schlie\u00dflich wirst Du zunehmend Freude an dieser Art der Repertoire-Erweiterung\u00a0 haben, sodass Deine Motivation und die F\u00e4higkeiten steigen, immer wieder aufs Neue damit zu spielen und Dich weiterzuentwickeln.<em> Spiel wird zum Schein =<\/em><strong> Deine Wahrnehmung wird sch\u00e4rfer und Deine Ausstrahlung kontinuierlich souver\u00e4ner. <\/strong><em>Schein wird zum Sein =<\/em><strong>\u00a0 Du erweckst das Charisma in Dir wieder zum Leben und bringst es zur Entfaltung. <\/strong><em>Sein wird zum Spiel =\u00a0<\/em><strong>Du wirst sukzessive virtuoser und ziehst immer mehr Register gelingender und gewinnender Kommunikation.<\/strong><br><br>\r\n\r\n&nbsp;\r\n<h6>\r\n\r\n<strong>Ausschlu\u00df des Widerruffrechts:<\/strong><\/h6>\r\n<h6><strong>Es wird an dieser Stelle ausdr\u00fccklich darauf hingewiesen, dass das Widerrufsrecht erlischt, sobald\u00a0 die jeweiligen Kurse\u00a0 und\/oder Lizenzcodes f\u00fcr die Nutzung von Analyse-Tools freigeschaltet wurden. Der Zeitpunkt der Mitteilung \u00fcber die Freischaltung an die Kundin\/den Kunden gilt als Beginn der Ausf\u00fchrung des Vertrages. Geleistete Zahlungen werden ab diesem Zeitpunkt nicht zur\u00fcckerstattet.<span>\u00a0<\/span><\/strong><strong>Siehe dazu auch unsere rechtskonforme Widerrufsbelehrung:<span>\u00a0<\/span><a href=\"https:\/\/scil-profile.de\/ueber-uns\/widerrufsbelehrung\/\">https:\/\/scil-profile.de\/ueber-uns\/widerrufsbelehrung\/<\/a><\/strong><\/h6>\r\n<\/li>\r\n<\/ul><!-- \/wp:freeform -->","protected":false},"excerpt":{"rendered":"<p><strong>Nettopreis 79,83 \u20ac <\/strong>zzgl. 15,17 \u20ac 19% MwSt<\/p>\n<p>Stimme und Stimmung haben die gleichen sprachlichen Wurzeln. Allein das ist wahrscheinlich schon ein Hinweis darauf, dass es gelingen kann mit der eigenen Stimme Stimmungen zu beeinflussen. Sowohl die eigene Stimmung, wie auch die Stimmungen anderer Menschen. Vorausgesetzt, man ist in der Lage mit seiner Stimme bewusst und gezielt zu spielen. <strong>OK-Coaching<\/strong> ist die Abk\u00fcrzung f\u00fcr <strong><em>O<\/em><\/strong>nline<strong><em>K<\/em><\/strong>ommunikations-Coaching. In diesem Kurs behandeln wir die Lingua-Kompetenz Stimme. Damit Du dieses wundervolle und wirksame Instrumkent zuk\u00fcnftig virtuoser nutzen kannst.<\/p>\n<h6><strong>Ausschlu\u00df des Widerruffrechts:<\/strong><\/h6>\n<h6><strong>Es wird an dieser Stelle ausdr\u00fccklich darauf hingewiesen, dass das Widerrufsrecht erlischt, sobald\u00a0 die jeweiligen Kurse\u00a0 und\/oder Lizenzcodes f\u00fcr die Nutzung von Analyse-Tools freigeschaltet wurden. Der Zeitpunkt der Mitteilung \u00fcber die Freischaltung an die Kundin\/den Kunden gilt als Beginn der Ausf\u00fchrung des Vertrages. Geleistete Zahlungen werden ab diesem Zeitpunkt nicht zur\u00fcckerstattet.<span>\u00a0<\/span><\/strong><strong>Siehe dazu auch unsere rechtskonforme Widerrufsbelehrung:<span>\u00a0<\/span><a href=\"https:\/\/scil-profile.de\/ueber-uns\/widerrufsbelehrung\/\">https:\/\/scil-profile.de\/ueber-uns\/widerrufsbelehrung\/<\/a><\/strong><\/h6>\n","protected":false},"featured_media":80872,"template":"","meta":{"pmpro_default_level":""},"product_brand":[],"product_cat":[139],"product_tag":[],"class_list":{"0":"post-80541","1":"product","2":"type-product","3":"status-publish","4":"has-post-thumbnail","6":"product_cat-scil-profile","7":"pmpro-has-access","9":"first","10":"instock","11":"virtual","12":"taxable","13":"purchasable","14":"product-type-simple"},"yoast_head":"<!-- This site is optimized with the Yoast SEO plugin v27.3 - https:\/\/yoast.com\/product\/yoast-seo-wordpress\/ -->\n<title>OK Coaching | Lingua Frequenz Stimme - SCIL Profile<\/title>\n<meta name=\"robots\" content=\"index, follow, max-snippet:-1, max-image-preview:large, max-video-preview:-1\" \/>\n<link rel=\"canonical\" href=\"https:\/\/scil-profile.de\/produkt\/ok-coaching-lingua-frequenz-stimme\/\" \/>\n<meta property=\"og:locale\" content=\"nl_NL\" \/>\n<meta property=\"og:type\" content=\"article\" \/>\n<meta property=\"og:title\" content=\"OK Coaching | Lingua Frequenz Stimme - SCIL Profile\" \/>\n<meta property=\"og:description\" content=\"Nettopreis 79,83 \u20ac zzgl. 15,17 \u20ac 19% MwSt  Stimme und Stimmung haben die gleichen sprachlichen Wurzeln. Allein das ist wahrscheinlich schon ein Hinweis darauf, dass es gelingen kann mit der eigenen Stimme Stimmungen zu beeinflussen. Sowohl die eigene Stimmung, wie auch die Stimmungen anderer Menschen. Vorausgesetzt, man ist in der Lage mit seiner Stimme bewusst und gezielt zu spielen. OK-Coaching ist die Abk\u00fcrzung f\u00fcr OnlineKommunikations-Coaching. In diesem Kurs behandeln wir die Lingua-Kompetenz Stimme. Damit Du dieses wundervolle und wirksame Instrumkent zuk\u00fcnftig virtuoser nutzen kannst. Ausschlu\u00df des Widerruffrechts: Es wird an dieser Stelle ausdr\u00fccklich darauf hingewiesen, dass das Widerrufsrecht erlischt, sobald\u00a0 die jeweiligen Kurse\u00a0 und\/oder Lizenzcodes f\u00fcr die Nutzung von Analyse-Tools freigeschaltet wurden. Der Zeitpunkt der Mitteilung \u00fcber die Freischaltung an die Kundin\/den Kunden gilt als Beginn der Ausf\u00fchrung des Vertrages. Geleistete Zahlungen werden ab diesem Zeitpunkt nicht zur\u00fcckerstattet.\u00a0Siehe dazu auch unsere rechtskonforme Widerrufsbelehrung:\u00a0https:\/\/scil-profile.de\/ueber-uns\/widerrufsbelehrung\/\" \/>\n<meta property=\"og:url\" content=\"https:\/\/scil-profile.de\/produkt\/ok-coaching-lingua-frequenz-stimme\/\" \/>\n<meta property=\"og:site_name\" content=\"SCIL Profile\" \/>\n<meta property=\"article:modified_time\" content=\"2026-02-18T13:53:17+00:00\" \/>\n<meta property=\"og:image\" content=\"https:\/\/scil-profile.de\/wp-content\/uploads\/2024\/01\/Stimme.jpeg\" \/>\n\t<meta property=\"og:image:width\" content=\"1265\" \/>\n\t<meta property=\"og:image:height\" content=\"712\" \/>\n\t<meta property=\"og:image:type\" content=\"image\/jpeg\" \/>\n<meta name=\"twitter:card\" content=\"summary_large_image\" \/>\n<meta name=\"twitter:label1\" content=\"Geschatte leestijd\" \/>\n\t<meta name=\"twitter:data1\" content=\"4 minuten\" \/>\n<script type=\"application\/ld+json\" class=\"yoast-schema-graph\">{\"@context\":\"https:\\\/\\\/schema.org\",\"@graph\":[{\"@type\":\"WebPage\",\"@id\":\"https:\\\/\\\/scil-profile.de\\\/produkt\\\/ok-coaching-lingua-frequenz-stimme\\\/\",\"url\":\"https:\\\/\\\/scil-profile.de\\\/produkt\\\/ok-coaching-lingua-frequenz-stimme\\\/\",\"name\":\"OK Coaching | Lingua Frequenz Stimme - SCIL Profile\",\"isPartOf\":{\"@id\":\"https:\\\/\\\/scil-profile.de\\\/#website\"},\"primaryImageOfPage\":{\"@id\":\"https:\\\/\\\/scil-profile.de\\\/produkt\\\/ok-coaching-lingua-frequenz-stimme\\\/#primaryimage\"},\"image\":{\"@id\":\"https:\\\/\\\/scil-profile.de\\\/produkt\\\/ok-coaching-lingua-frequenz-stimme\\\/#primaryimage\"},\"thumbnailUrl\":\"https:\\\/\\\/scil-profile.de\\\/wp-content\\\/uploads\\\/2024\\\/01\\\/Stimme.jpeg\",\"datePublished\":\"2024-01-03T15:02:46+00:00\",\"dateModified\":\"2026-02-18T13:53:17+00:00\",\"breadcrumb\":{\"@id\":\"https:\\\/\\\/scil-profile.de\\\/produkt\\\/ok-coaching-lingua-frequenz-stimme\\\/#breadcrumb\"},\"inLanguage\":\"nl-NL\",\"potentialAction\":[{\"@type\":\"ReadAction\",\"target\":[\"https:\\\/\\\/scil-profile.de\\\/produkt\\\/ok-coaching-lingua-frequenz-stimme\\\/\"]}]},{\"@type\":\"ImageObject\",\"inLanguage\":\"nl-NL\",\"@id\":\"https:\\\/\\\/scil-profile.de\\\/produkt\\\/ok-coaching-lingua-frequenz-stimme\\\/#primaryimage\",\"url\":\"https:\\\/\\\/scil-profile.de\\\/wp-content\\\/uploads\\\/2024\\\/01\\\/Stimme.jpeg\",\"contentUrl\":\"https:\\\/\\\/scil-profile.de\\\/wp-content\\\/uploads\\\/2024\\\/01\\\/Stimme.jpeg\",\"width\":1265,\"height\":712},{\"@type\":\"BreadcrumbList\",\"@id\":\"https:\\\/\\\/scil-profile.de\\\/produkt\\\/ok-coaching-lingua-frequenz-stimme\\\/#breadcrumb\",\"itemListElement\":[{\"@type\":\"ListItem\",\"position\":1,\"name\":\"Weiterbildung\",\"item\":\"https:\\\/\\\/scil-profile.de\\\/\"},{\"@type\":\"ListItem\",\"position\":2,\"name\":\"Shop\",\"item\":\"https:\\\/\\\/scil-profile.de\\\/shop\\\/\"},{\"@type\":\"ListItem\",\"position\":3,\"name\":\"OK Coaching | Lingua Frequenz Stimme\"}]},{\"@type\":\"WebSite\",\"@id\":\"https:\\\/\\\/scil-profile.de\\\/#website\",\"url\":\"https:\\\/\\\/scil-profile.de\\\/\",\"name\":\"SCIL Profile\",\"description\":\"Entdecke und entfalte Dein Charisma. Pers\u00f6nliche Wirkung und Wahrnehmung als Schl\u00fcssel f\u00fcr mehr Erfolg.\",\"potentialAction\":[{\"@type\":\"SearchAction\",\"target\":{\"@type\":\"EntryPoint\",\"urlTemplate\":\"https:\\\/\\\/scil-profile.de\\\/?s={search_term_string}\"},\"query-input\":{\"@type\":\"PropertyValueSpecification\",\"valueRequired\":true,\"valueName\":\"search_term_string\"}}],\"inLanguage\":\"nl-NL\"}]}<\/script>\n<!-- \/ Yoast SEO plugin. -->","yoast_head_json":{"title":"OK Coaching | Lingua Frequenz Stimme - SCIL Profile","robots":{"index":"index","follow":"follow","max-snippet":"max-snippet:-1","max-image-preview":"max-image-preview:large","max-video-preview":"max-video-preview:-1"},"canonical":"https:\/\/scil-profile.de\/produkt\/ok-coaching-lingua-frequenz-stimme\/","og_locale":"nl_NL","og_type":"article","og_title":"OK Coaching | Lingua Frequenz Stimme - SCIL Profile","og_description":"Nettopreis 79,83 \u20ac zzgl. 15,17 \u20ac 19% MwSt  Stimme und Stimmung haben die gleichen sprachlichen Wurzeln. Allein das ist wahrscheinlich schon ein Hinweis darauf, dass es gelingen kann mit der eigenen Stimme Stimmungen zu beeinflussen. Sowohl die eigene Stimmung, wie auch die Stimmungen anderer Menschen. Vorausgesetzt, man ist in der Lage mit seiner Stimme bewusst und gezielt zu spielen. OK-Coaching ist die Abk\u00fcrzung f\u00fcr OnlineKommunikations-Coaching. In diesem Kurs behandeln wir die Lingua-Kompetenz Stimme. Damit Du dieses wundervolle und wirksame Instrumkent zuk\u00fcnftig virtuoser nutzen kannst. Ausschlu\u00df des Widerruffrechts: Es wird an dieser Stelle ausdr\u00fccklich darauf hingewiesen, dass das Widerrufsrecht erlischt, sobald\u00a0 die jeweiligen Kurse\u00a0 und\/oder Lizenzcodes f\u00fcr die Nutzung von Analyse-Tools freigeschaltet wurden. Der Zeitpunkt der Mitteilung \u00fcber die Freischaltung an die Kundin\/den Kunden gilt als Beginn der Ausf\u00fchrung des Vertrages. Geleistete Zahlungen werden ab diesem Zeitpunkt nicht zur\u00fcckerstattet.\u00a0Siehe dazu auch unsere rechtskonforme Widerrufsbelehrung:\u00a0https:\/\/scil-profile.de\/ueber-uns\/widerrufsbelehrung\/","og_url":"https:\/\/scil-profile.de\/produkt\/ok-coaching-lingua-frequenz-stimme\/","og_site_name":"SCIL Profile","article_modified_time":"2026-02-18T13:53:17+00:00","og_image":[{"width":1265,"height":712,"url":"https:\/\/scil-profile.de\/wp-content\/uploads\/2024\/01\/Stimme.jpeg","type":"image\/jpeg"}],"twitter_card":"summary_large_image","twitter_misc":{"Geschatte leestijd":"4 minuten"},"schema":{"@context":"https:\/\/schema.org","@graph":[{"@type":"WebPage","@id":"https:\/\/scil-profile.de\/produkt\/ok-coaching-lingua-frequenz-stimme\/","url":"https:\/\/scil-profile.de\/produkt\/ok-coaching-lingua-frequenz-stimme\/","name":"OK Coaching | Lingua Frequenz Stimme - SCIL Profile","isPartOf":{"@id":"https:\/\/scil-profile.de\/#website"},"primaryImageOfPage":{"@id":"https:\/\/scil-profile.de\/produkt\/ok-coaching-lingua-frequenz-stimme\/#primaryimage"},"image":{"@id":"https:\/\/scil-profile.de\/produkt\/ok-coaching-lingua-frequenz-stimme\/#primaryimage"},"thumbnailUrl":"https:\/\/scil-profile.de\/wp-content\/uploads\/2024\/01\/Stimme.jpeg","datePublished":"2024-01-03T15:02:46+00:00","dateModified":"2026-02-18T13:53:17+00:00","breadcrumb":{"@id":"https:\/\/scil-profile.de\/produkt\/ok-coaching-lingua-frequenz-stimme\/#breadcrumb"},"inLanguage":"nl-NL","potentialAction":[{"@type":"ReadAction","target":["https:\/\/scil-profile.de\/produkt\/ok-coaching-lingua-frequenz-stimme\/"]}]},{"@type":"ImageObject","inLanguage":"nl-NL","@id":"https:\/\/scil-profile.de\/produkt\/ok-coaching-lingua-frequenz-stimme\/#primaryimage","url":"https:\/\/scil-profile.de\/wp-content\/uploads\/2024\/01\/Stimme.jpeg","contentUrl":"https:\/\/scil-profile.de\/wp-content\/uploads\/2024\/01\/Stimme.jpeg","width":1265,"height":712},{"@type":"BreadcrumbList","@id":"https:\/\/scil-profile.de\/produkt\/ok-coaching-lingua-frequenz-stimme\/#breadcrumb","itemListElement":[{"@type":"ListItem","position":1,"name":"Weiterbildung","item":"https:\/\/scil-profile.de\/"},{"@type":"ListItem","position":2,"name":"Shop","item":"https:\/\/scil-profile.de\/shop\/"},{"@type":"ListItem","position":3,"name":"OK Coaching | Lingua Frequenz Stimme"}]},{"@type":"WebSite","@id":"https:\/\/scil-profile.de\/#website","url":"https:\/\/scil-profile.de\/","name":"SCIL Profile","description":"Entdecke und entfalte Dein Charisma. Pers\u00f6nliche Wirkung und Wahrnehmung als Schl\u00fcssel f\u00fcr mehr Erfolg.","potentialAction":[{"@type":"SearchAction","target":{"@type":"EntryPoint","urlTemplate":"https:\/\/scil-profile.de\/?s={search_term_string}"},"query-input":{"@type":"PropertyValueSpecification","valueRequired":true,"valueName":"search_term_string"}}],"inLanguage":"nl-NL"}]}},"_links":{"self":[{"href":"https:\/\/scil-profile.de\/nl\/wp-json\/wp\/v2\/product\/80541","targetHints":{"allow":["GET"]}}],"collection":[{"href":"https:\/\/scil-profile.de\/nl\/wp-json\/wp\/v2\/product"}],"about":[{"href":"https:\/\/scil-profile.de\/nl\/wp-json\/wp\/v2\/types\/product"}],"wp:featuredmedia":[{"embeddable":true,"href":"https:\/\/scil-profile.de\/nl\/wp-json\/wp\/v2\/media\/80872"}],"wp:attachment":[{"href":"https:\/\/scil-profile.de\/nl\/wp-json\/wp\/v2\/media?parent=80541"}],"wp:term":[{"taxonomy":"product_brand","embeddable":true,"href":"https:\/\/scil-profile.de\/nl\/wp-json\/wp\/v2\/product_brand?post=80541"},{"taxonomy":"product_cat","embeddable":true,"href":"https:\/\/scil-profile.de\/nl\/wp-json\/wp\/v2\/product_cat?post=80541"},{"taxonomy":"product_tag","embeddable":true,"href":"https:\/\/scil-profile.de\/nl\/wp-json\/wp\/v2\/product_tag?post=80541"}],"curies":[{"name":"wp","href":"https:\/\/api.w.org\/{rel}","templated":true}]}}