{"id":80531,"date":"2024-01-03T15:58:58","date_gmt":"2024-01-03T14:58:58","guid":{"rendered":"https:\/\/scil-profile.de\/?post_type=product&#038;p=80531"},"modified":"2026-02-18T14:30:43","modified_gmt":"2026-02-18T13:30:43","slug":"ok-coaching-intellektus-frequenz-strukturiertheit","status":"publish","type":"product","link":"https:\/\/scil-profile.de\/nl\/produkt\/ok-coaching-intellektus-frequenz-strukturiertheit\/","title":{"rendered":"OK Coaching | Intellektus Frequenz Strukturiertheit"},"content":{"rendered":"<strong>OK-Coaching<\/strong> ist die Abk\u00fcrzung f\u00fcr <strong><em>O<\/em><\/strong>nline<strong><em>K<\/em><\/strong>ommunikations-Coaching. <strong>Dieser Kurs besteht aus insgesamt 4 Lektionen, 26 Themenmodulen und enth\u00e4lt 13 unterschiedlich schwierige Tests bzw. interaktive Elemente<em>.<\/em><\/strong> Ziel des Kurses ist es, Dein Kommunikationsrepertoire auf der Intellektus-Frequenz <strong>Strukturiertheit<\/strong> zu festigen und zu erweitern. Und zwar so, wie es im folgenden beschrieben ist:<br><br>\r\n\r\nDu wirkst in Deinen Begegnungen h\u00e4ufig sehr stringent und scheinst den Gespr\u00e4chsverauf oder die Pr\u00e4sentation sehr klar gegliedert zu haben. Du wirkst so, als w\u00fcrdest Du an diese Gliederung oder an einen thematischen Fahrplan zu halten.Andere erleben Dich als einen \u201eaufger\u00e4umten\u201c Zeitgenossen.\r\n\r\nDu vermittelst anderen den Eindruck, dass Du all Deinen Begegnungen mit anderen Menschen eine Struktur und Gliederung zugrunde legst. Du entfaltenst die Wirkung von jemandem, der sich an seine geplante Struktur auch konsequent h\u00e4lt. Du zeichnest Dich in Deiner Wirkung auf andere dadurch aus, dass Du es schaffst, selbst in chaotische Situationen Ordnung zu bringen und dadurch einen Prozess auf der sachlichen Ebene wieder in seine urspr\u00fcnglich geplante Bahn zu lenken.<br><br>\r\n\r\nAndere Menschen erleben Dich als Pers\u00f6nlichkeiten, die un\u00fcbersichtliche Momente und unstrukturierte Gedankenspr\u00fcnge nur ungern und auch nicht lange aush\u00e4lt. Dir wird die F\u00e4higkeit nachgesagt, im Fall abschweifender Diskussion diese immer wieder auf den eigentlichen Punkt zur\u00fcckf\u00fchren zu wollen und zu k\u00f6nnen.\r\n\r\nBist Du selbst im Rahmen eines Miteinanders mit anderen in erster Linie in der Empf\u00e4ngerposition, wirkstDu wie eine Person, die sich ohne Agenda und klar verabredete Tagesordnungspunkte tendenziell nicht wirklich auf die Begegnung einlassen kann und will. Klarheit der Gedanken sowie eine stimmige und f\u00fcr Dich nachvollziehbare sowie aus Deiner Sicht richtige sinnlogische Abfolge derselben ist f\u00fcr Dich elementare Grundlage eines jeden interaktiven Prozesses.<br><br>\r\n\r\nIn der Begegnung mit \u00e4hnlich strukturierten Menschenl\u00e4sst Du Dich gerne von der \u00dcberlegtheit Deiner Gespr\u00e4chspartner \u00fcberzeugen und bist gleicherma\u00dfen auch in der Lage, eine \u00fcberzeugende Wirkung zu entfalten. Mit in Relation zu Dir selbst eher unstrukturiert wirkenden Pers\u00f6nlichkeiten st\u00f6\u00dft Du h\u00e4ufiger auf grundlegende Verst\u00e4ndigungsprobleme. Daraus folgen bisweilen kommunikative Konflikte.\r\n\r\n<img fetchpriority=\"high\" decoding=\"async\" src=\"https:\/\/scil-profile.de\/wp-content\/uploads\/2024\/01\/Icon_Strukturiertheit-300x262.png\" alt=\"\" width=\"485\" height=\"424\" class=\"wp-image-120348 alignleft\" srcset=\"https:\/\/scil-profile.de\/wp-content\/uploads\/2024\/01\/Icon_Strukturiertheit-300x262.png 300w, https:\/\/scil-profile.de\/wp-content\/uploads\/2024\/01\/Icon_Strukturiertheit-1024x893.png 1024w, https:\/\/scil-profile.de\/wp-content\/uploads\/2024\/01\/Icon_Strukturiertheit-768x670.png 768w, https:\/\/scil-profile.de\/wp-content\/uploads\/2024\/01\/Icon_Strukturiertheit-1536x1340.png 1536w, https:\/\/scil-profile.de\/wp-content\/uploads\/2024\/01\/Icon_Strukturiertheit-2048x1787.png 2048w, https:\/\/scil-profile.de\/wp-content\/uploads\/2024\/01\/Icon_Strukturiertheit-624x544.png 624w, https:\/\/scil-profile.de\/wp-content\/uploads\/2024\/01\/Icon_Strukturiertheit-600x523.png 600w\" sizes=\"(max-width: 485px) 100vw, 485px\" \/><br><br>Um Dich bei der Erweiterung Deines Repertoires in dem zuvor beschriebenen Sinne\u00a0<em><strong> <\/strong><\/em>erfolgreich begleiten zu k\u00f6nnen, behandeln wir in diesem Kurs u.a. die folgenden Fragen und trainieren die daraus resultierenden \u00dcbungen mit Dir:<br><br>\r\n\r\n&nbsp;\r\n<ul>\r\n \t<li style=\"list-style-type: none;\">\r\n<ul>\r\n \t<li><em>Wie sind Pr\u00e4sentationen \u00fcblicherweise aufgebaut?<\/em><\/li>\r\n \t<li><em>Was sind die typischen Phasen eines Gespr\u00e4chs?<\/em><\/li>\r\n \t<li><em>In welchen Situationen ist es besonders wichtig, allem eine Agenda oder Struktur zugrunde zu legen?<\/em><\/li>\r\n \t<li>Was gilt es dabei unbedingt zu beachten?<\/li>\r\n \t<li>Was erleichtert es Dir, eine vorher vorbereitete Struktur auch wirklich einzuhalten?<\/li>\r\n \t<li>Wie gehst Du am besten mit Menschen um, denen eine gute Atmospre wichtiger ist, als ein detaillierter Fahrplan?<\/li>\r\n \t<li>Worauf kannst Du zumindest tempor\u00e4r in Puncto Struktur verzichten, ohne dass andere strkturierte Menschen es merken?<\/li>\r\n \t<li>Welche Checklisten gibt es f\u00fcr die Planung eines Vortrags, einer Pr\u00e4sentaiton oder eines Gespr\u00e4chs?<\/li>\r\n \t<li><em>Arbeitest Du in diesem Kurs nur daran, dass Du als eine Pers\u00f6nlichkeit mit einer ausgepr\u00e4gten Strukturiertheit wahrgenommen wirst, oder wirst Du dadurch auch tats\u00e4chlich strukturierter?<\/em><\/li>\r\n<\/ul>\r\n<\/li>\r\n<\/ul>\r\n&nbsp;\r\n\r\n&nbsp;\r\n\r\n\r\n<ul class=\"wp-block-list\"><!-- \/wp:post-content --><\/ul>\r\n<h6><!-- \/wp:list --><\/h6>\r\nAuf die letzte Frage hier schon mal eine erste konkrete Antwort, die so \u00fcbrigens\u00a0 auch f\u00fcr alle anderen Frequenzen gilt:<strong> Spiel wird zum Schein. Schein wird zum Sein. Sein wird zum Spiel. <\/strong>Du trainierst in diesem Kurs auf sehr spielerische Art und Weise, den beabsichtigten Eindruck zu erwecken. Arbeitest Du aktiv und intensiv genug an diesem Eindruck oder Schein, dringt dies \u00fcber kurz oder lang auch nach Innen. Die entsprechenden Kompetenzen werden mehr und mehr Teil Deiner Pers\u00f6nlichkeit. Und schlie\u00dflich wirst Du zunehmend Freude an dieser Art der Repertoire-Erweiterung\u00a0 haben, sodass Deine Motivation und die F\u00e4higkeiten steigen, immer wieder aufs Neue damit zu spielen und Dich weiterzuentwickeln.<em> Spiel wird zum Schein =<\/em><strong> Deine Wahrnehmung wird sch\u00e4rfer und Deine Ausstrahlung kontinuierlich souver\u00e4ner. <\/strong><em>Schein wird zum Sein =<\/em><strong>\u00a0 Du erweckst das Charisma in Dir wieder zum Leben und bringst es zur Entfaltung. <\/strong><em>Sein wird zum Spiel =\u00a0<\/em><strong>Du wirst sukzessive virtuoser und ziehst immer mehr Register gelingender und gewinnender Kommunikation.<\/strong>\r\n\r\n&nbsp;\r\n\r\n&nbsp;\r\n<h6><strong><br><br>Ausschluss des Widerruffrechts:<\/strong><\/h6>\r\n<h6><strong>Es wird an dieser Stelle ausdr\u00fccklich darauf hingewiesen, dass das Widerrufsrecht erlischt, sobald\u00a0 die jeweiligen Kurse\u00a0 und\/oder Lizenzcodes f\u00fcr die Nutzung von Analyse-Tools freigeschaltet wurden. Der Zeitpunkt der Mitteilung \u00fcber die Freischaltung an die Kundin\/den Kunden gilt als Beginn der Ausf\u00fchrung des Vertrages. Geleistete Zahlungen werden ab diesem Zeitpunkt nicht zur\u00fcckerstattet.<span>\u00a0<\/span><\/strong><strong>Siehe dazu auch unsere rechtskonforme Widerrufsbelehrung:<span>\u00a0<\/span><a href=\"https:\/\/scil-profile.de\/ueber-uns\/widerrufsbelehrung\/\">https:\/\/scil-profile.de\/ueber-uns\/widerrufsbelehrung\/<\/a><\/strong><\/h6><!-- \/wp:freeform -->","protected":false},"excerpt":{"rendered":"<p><strong>Nettopreis 79,83 \u20ac <\/strong>zzgl. 15,17 \u20ac 19% MwSt<\/p>\n<p>Die Notwendigkeit, sich an den betriebenen Vorbereitungsaufwand halten zu m\u00fcssen, nimmt im umgekehrten Verh\u00e4ltnis proportional zum tats\u00e4chlichen Vorbereitungssaufwand ab. Oder anders: Wer gr\u00fcndlicher voraussieht, hat seltener das Nachsehen. Eine detallierte Planung erleichtert das Zeitmanagement. Eine klare Gliederung, erh\u00f6t die Flexibilt\u00e4t. Schon allein deshalb lohnt es sich, an diesem gesamten Themenkomplex zu arbeiten. <strong>OK-Coaching<\/strong> ist die Abk\u00fcrzung f\u00fcr <strong><em>O<\/em><\/strong>nline<strong><em>K<\/em><\/strong>ommunikations-Coaching. In diesem Kurs behandeln wir die Intellektus-Kompetenz Strukturiertheit. Punkt f\u00fcr Punkt. Wenn Du mehr \u00fcber die Kursinhalte erfahren m\u00f6chtest, scroll bitte gerne einfach weiter runter.<\/p>\n<h6><strong>Ausschluss des Widerruffrechts:<\/strong><\/h6>\n<h6><strong>Es wird an dieser Stelle ausdr\u00fccklich darauf hingewiesen, dass das Widerrufsrecht erlischt, sobald\u00a0 die jeweiligen Kurse\u00a0 und\/oder Lizenzcodes f\u00fcr die Nutzung von Analyse-Tools freigeschaltet wurden. Der Zeitpunkt der Mitteilung \u00fcber die Freischaltung an die Kundin\/den Kunden gilt als Beginn der Ausf\u00fchrung des Vertrages. Geleistete Zahlungen werden ab diesem Zeitpunkt nicht zur\u00fcckerstattet.<span>\u00a0<\/span><\/strong><strong>Siehe dazu auch unsere rechtskonforme Widerrufsbelehrung:<span>\u00a0<\/span><a href=\"https:\/\/scil-profile.de\/ueber-uns\/widerrufsbelehrung\/\">https:\/\/scil-profile.de\/ueber-uns\/widerrufsbelehrung\/<\/a><\/strong><\/h6>\n","protected":false},"featured_media":80881,"template":"","meta":{"pmpro_default_level":""},"product_brand":[],"product_cat":[139],"product_tag":[],"class_list":{"0":"post-80531","1":"product","2":"type-product","3":"status-publish","4":"has-post-thumbnail","6":"product_cat-scil-profile","7":"pmpro-has-access","9":"first","10":"instock","11":"virtual","12":"taxable","13":"purchasable","14":"product-type-simple"},"yoast_head":"<!-- This site is optimized with the Yoast SEO plugin v27.2 - https:\/\/yoast.com\/product\/yoast-seo-wordpress\/ -->\n<title>OK Coaching | Intellektus Frequenz Strukturiertheit - SCIL Profile<\/title>\n<meta name=\"robots\" content=\"index, follow, max-snippet:-1, max-image-preview:large, max-video-preview:-1\" \/>\n<link rel=\"canonical\" href=\"https:\/\/scil-profile.de\/produkt\/ok-coaching-intellektus-frequenz-strukturiertheit\/\" \/>\n<meta property=\"og:locale\" content=\"nl_NL\" \/>\n<meta property=\"og:type\" content=\"article\" \/>\n<meta property=\"og:title\" content=\"OK Coaching | Intellektus Frequenz Strukturiertheit - SCIL Profile\" \/>\n<meta property=\"og:description\" content=\"Nettopreis 79,83 \u20ac zzgl. 15,17 \u20ac 19% MwSt  Die Notwendigkeit, sich an den betriebenen Vorbereitungsaufwand halten zu m\u00fcssen, nimmt im umgekehrten Verh\u00e4ltnis proportional zum tats\u00e4chlichen Vorbereitungssaufwand ab. Oder anders: Wer gr\u00fcndlicher voraussieht, hat seltener das Nachsehen. Eine detallierte Planung erleichtert das Zeitmanagement. Eine klare Gliederung, erh\u00f6t die Flexibilt\u00e4t. Schon allein deshalb lohnt es sich, an diesem gesamten Themenkomplex zu arbeiten. OK-Coaching ist die Abk\u00fcrzung f\u00fcr OnlineKommunikations-Coaching. In diesem Kurs behandeln wir die Intellektus-Kompetenz Strukturiertheit. Punkt f\u00fcr Punkt. Wenn Du mehr \u00fcber die Kursinhalte erfahren m\u00f6chtest, scroll bitte gerne einfach weiter runter. Ausschluss des Widerruffrechts: Es wird an dieser Stelle ausdr\u00fccklich darauf hingewiesen, dass das Widerrufsrecht erlischt, sobald\u00a0 die jeweiligen Kurse\u00a0 und\/oder Lizenzcodes f\u00fcr die Nutzung von Analyse-Tools freigeschaltet wurden. Der Zeitpunkt der Mitteilung \u00fcber die Freischaltung an die Kundin\/den Kunden gilt als Beginn der Ausf\u00fchrung des Vertrages. Geleistete Zahlungen werden ab diesem Zeitpunkt nicht zur\u00fcckerstattet.\u00a0Siehe dazu auch unsere rechtskonforme Widerrufsbelehrung:\u00a0https:\/\/scil-profile.de\/ueber-uns\/widerrufsbelehrung\/\" \/>\n<meta property=\"og:url\" content=\"https:\/\/scil-profile.de\/produkt\/ok-coaching-intellektus-frequenz-strukturiertheit\/\" \/>\n<meta property=\"og:site_name\" content=\"SCIL Profile\" \/>\n<meta property=\"article:modified_time\" content=\"2026-02-18T13:30:43+00:00\" \/>\n<meta property=\"og:image\" content=\"https:\/\/scil-profile.de\/wp-content\/uploads\/2024\/01\/Strukturiertheit.jpeg\" \/>\n\t<meta property=\"og:image:width\" content=\"1265\" \/>\n\t<meta property=\"og:image:height\" content=\"712\" \/>\n\t<meta property=\"og:image:type\" content=\"image\/jpeg\" \/>\n<meta name=\"twitter:card\" content=\"summary_large_image\" \/>\n<meta name=\"twitter:label1\" content=\"Geschatte leestijd\" \/>\n\t<meta name=\"twitter:data1\" content=\"5 minuten\" \/>\n<script type=\"application\/ld+json\" class=\"yoast-schema-graph\">{\"@context\":\"https:\/\/schema.org\",\"@graph\":[{\"@type\":\"WebPage\",\"@id\":\"https:\/\/scil-profile.de\/produkt\/ok-coaching-intellektus-frequenz-strukturiertheit\/\",\"url\":\"https:\/\/scil-profile.de\/produkt\/ok-coaching-intellektus-frequenz-strukturiertheit\/\",\"name\":\"OK Coaching | Intellektus Frequenz Strukturiertheit - SCIL Profile\",\"isPartOf\":{\"@id\":\"https:\/\/scil-profile.de\/#website\"},\"primaryImageOfPage\":{\"@id\":\"https:\/\/scil-profile.de\/produkt\/ok-coaching-intellektus-frequenz-strukturiertheit\/#primaryimage\"},\"image\":{\"@id\":\"https:\/\/scil-profile.de\/produkt\/ok-coaching-intellektus-frequenz-strukturiertheit\/#primaryimage\"},\"thumbnailUrl\":\"https:\/\/scil-profile.de\/wp-content\/uploads\/2024\/01\/Strukturiertheit.jpeg\",\"datePublished\":\"2024-01-03T14:58:58+00:00\",\"dateModified\":\"2026-02-18T13:30:43+00:00\",\"breadcrumb\":{\"@id\":\"https:\/\/scil-profile.de\/produkt\/ok-coaching-intellektus-frequenz-strukturiertheit\/#breadcrumb\"},\"inLanguage\":\"nl-NL\",\"potentialAction\":[{\"@type\":\"ReadAction\",\"target\":[\"https:\/\/scil-profile.de\/produkt\/ok-coaching-intellektus-frequenz-strukturiertheit\/\"]}]},{\"@type\":\"ImageObject\",\"inLanguage\":\"nl-NL\",\"@id\":\"https:\/\/scil-profile.de\/produkt\/ok-coaching-intellektus-frequenz-strukturiertheit\/#primaryimage\",\"url\":\"https:\/\/scil-profile.de\/wp-content\/uploads\/2024\/01\/Strukturiertheit.jpeg\",\"contentUrl\":\"https:\/\/scil-profile.de\/wp-content\/uploads\/2024\/01\/Strukturiertheit.jpeg\",\"width\":1265,\"height\":712},{\"@type\":\"BreadcrumbList\",\"@id\":\"https:\/\/scil-profile.de\/produkt\/ok-coaching-intellektus-frequenz-strukturiertheit\/#breadcrumb\",\"itemListElement\":[{\"@type\":\"ListItem\",\"position\":1,\"name\":\"Weiterbildung\",\"item\":\"https:\/\/scil-profile.de\/\"},{\"@type\":\"ListItem\",\"position\":2,\"name\":\"Shop\",\"item\":\"https:\/\/scil-profile.de\/shop\/\"},{\"@type\":\"ListItem\",\"position\":3,\"name\":\"OK Coaching | Intellektus Frequenz Strukturiertheit\"}]},{\"@type\":\"WebSite\",\"@id\":\"https:\/\/scil-profile.de\/#website\",\"url\":\"https:\/\/scil-profile.de\/\",\"name\":\"SCIL Profile\",\"description\":\"Entdecke und entfalte Dein Charisma. Pers\u00f6nliche Wirkung und Wahrnehmung als Schl\u00fcssel f\u00fcr mehr Erfolg.\",\"potentialAction\":[{\"@type\":\"SearchAction\",\"target\":{\"@type\":\"EntryPoint\",\"urlTemplate\":\"https:\/\/scil-profile.de\/?s={search_term_string}\"},\"query-input\":{\"@type\":\"PropertyValueSpecification\",\"valueRequired\":true,\"valueName\":\"search_term_string\"}}],\"inLanguage\":\"nl-NL\"}]}<\/script>\n<!-- \/ Yoast SEO plugin. -->","yoast_head_json":{"title":"OK Coaching | Intellektus Frequenz Strukturiertheit - SCIL Profile","robots":{"index":"index","follow":"follow","max-snippet":"max-snippet:-1","max-image-preview":"max-image-preview:large","max-video-preview":"max-video-preview:-1"},"canonical":"https:\/\/scil-profile.de\/produkt\/ok-coaching-intellektus-frequenz-strukturiertheit\/","og_locale":"nl_NL","og_type":"article","og_title":"OK Coaching | Intellektus Frequenz Strukturiertheit - SCIL Profile","og_description":"Nettopreis 79,83 \u20ac zzgl. 15,17 \u20ac 19% MwSt  Die Notwendigkeit, sich an den betriebenen Vorbereitungsaufwand halten zu m\u00fcssen, nimmt im umgekehrten Verh\u00e4ltnis proportional zum tats\u00e4chlichen Vorbereitungssaufwand ab. Oder anders: Wer gr\u00fcndlicher voraussieht, hat seltener das Nachsehen. Eine detallierte Planung erleichtert das Zeitmanagement. Eine klare Gliederung, erh\u00f6t die Flexibilt\u00e4t. Schon allein deshalb lohnt es sich, an diesem gesamten Themenkomplex zu arbeiten. OK-Coaching ist die Abk\u00fcrzung f\u00fcr OnlineKommunikations-Coaching. In diesem Kurs behandeln wir die Intellektus-Kompetenz Strukturiertheit. Punkt f\u00fcr Punkt. Wenn Du mehr \u00fcber die Kursinhalte erfahren m\u00f6chtest, scroll bitte gerne einfach weiter runter. Ausschluss des Widerruffrechts: Es wird an dieser Stelle ausdr\u00fccklich darauf hingewiesen, dass das Widerrufsrecht erlischt, sobald\u00a0 die jeweiligen Kurse\u00a0 und\/oder Lizenzcodes f\u00fcr die Nutzung von Analyse-Tools freigeschaltet wurden. Der Zeitpunkt der Mitteilung \u00fcber die Freischaltung an die Kundin\/den Kunden gilt als Beginn der Ausf\u00fchrung des Vertrages. Geleistete Zahlungen werden ab diesem Zeitpunkt nicht zur\u00fcckerstattet.\u00a0Siehe dazu auch unsere rechtskonforme Widerrufsbelehrung:\u00a0https:\/\/scil-profile.de\/ueber-uns\/widerrufsbelehrung\/","og_url":"https:\/\/scil-profile.de\/produkt\/ok-coaching-intellektus-frequenz-strukturiertheit\/","og_site_name":"SCIL Profile","article_modified_time":"2026-02-18T13:30:43+00:00","og_image":[{"width":1265,"height":712,"url":"https:\/\/scil-profile.de\/wp-content\/uploads\/2024\/01\/Strukturiertheit.jpeg","type":"image\/jpeg"}],"twitter_card":"summary_large_image","twitter_misc":{"Geschatte leestijd":"5 minuten"},"schema":{"@context":"https:\/\/schema.org","@graph":[{"@type":"WebPage","@id":"https:\/\/scil-profile.de\/produkt\/ok-coaching-intellektus-frequenz-strukturiertheit\/","url":"https:\/\/scil-profile.de\/produkt\/ok-coaching-intellektus-frequenz-strukturiertheit\/","name":"OK Coaching | Intellektus Frequenz Strukturiertheit - SCIL Profile","isPartOf":{"@id":"https:\/\/scil-profile.de\/#website"},"primaryImageOfPage":{"@id":"https:\/\/scil-profile.de\/produkt\/ok-coaching-intellektus-frequenz-strukturiertheit\/#primaryimage"},"image":{"@id":"https:\/\/scil-profile.de\/produkt\/ok-coaching-intellektus-frequenz-strukturiertheit\/#primaryimage"},"thumbnailUrl":"https:\/\/scil-profile.de\/wp-content\/uploads\/2024\/01\/Strukturiertheit.jpeg","datePublished":"2024-01-03T14:58:58+00:00","dateModified":"2026-02-18T13:30:43+00:00","breadcrumb":{"@id":"https:\/\/scil-profile.de\/produkt\/ok-coaching-intellektus-frequenz-strukturiertheit\/#breadcrumb"},"inLanguage":"nl-NL","potentialAction":[{"@type":"ReadAction","target":["https:\/\/scil-profile.de\/produkt\/ok-coaching-intellektus-frequenz-strukturiertheit\/"]}]},{"@type":"ImageObject","inLanguage":"nl-NL","@id":"https:\/\/scil-profile.de\/produkt\/ok-coaching-intellektus-frequenz-strukturiertheit\/#primaryimage","url":"https:\/\/scil-profile.de\/wp-content\/uploads\/2024\/01\/Strukturiertheit.jpeg","contentUrl":"https:\/\/scil-profile.de\/wp-content\/uploads\/2024\/01\/Strukturiertheit.jpeg","width":1265,"height":712},{"@type":"BreadcrumbList","@id":"https:\/\/scil-profile.de\/produkt\/ok-coaching-intellektus-frequenz-strukturiertheit\/#breadcrumb","itemListElement":[{"@type":"ListItem","position":1,"name":"Weiterbildung","item":"https:\/\/scil-profile.de\/"},{"@type":"ListItem","position":2,"name":"Shop","item":"https:\/\/scil-profile.de\/shop\/"},{"@type":"ListItem","position":3,"name":"OK Coaching | Intellektus Frequenz Strukturiertheit"}]},{"@type":"WebSite","@id":"https:\/\/scil-profile.de\/#website","url":"https:\/\/scil-profile.de\/","name":"SCIL Profile","description":"Entdecke und entfalte Dein Charisma. Pers\u00f6nliche Wirkung und Wahrnehmung als Schl\u00fcssel f\u00fcr mehr Erfolg.","potentialAction":[{"@type":"SearchAction","target":{"@type":"EntryPoint","urlTemplate":"https:\/\/scil-profile.de\/?s={search_term_string}"},"query-input":{"@type":"PropertyValueSpecification","valueRequired":true,"valueName":"search_term_string"}}],"inLanguage":"nl-NL"}]}},"_links":{"self":[{"href":"https:\/\/scil-profile.de\/nl\/wp-json\/wp\/v2\/product\/80531","targetHints":{"allow":["GET"]}}],"collection":[{"href":"https:\/\/scil-profile.de\/nl\/wp-json\/wp\/v2\/product"}],"about":[{"href":"https:\/\/scil-profile.de\/nl\/wp-json\/wp\/v2\/types\/product"}],"wp:featuredmedia":[{"embeddable":true,"href":"https:\/\/scil-profile.de\/nl\/wp-json\/wp\/v2\/media\/80881"}],"wp:attachment":[{"href":"https:\/\/scil-profile.de\/nl\/wp-json\/wp\/v2\/media?parent=80531"}],"wp:term":[{"taxonomy":"product_brand","embeddable":true,"href":"https:\/\/scil-profile.de\/nl\/wp-json\/wp\/v2\/product_brand?post=80531"},{"taxonomy":"product_cat","embeddable":true,"href":"https:\/\/scil-profile.de\/nl\/wp-json\/wp\/v2\/product_cat?post=80531"},{"taxonomy":"product_tag","embeddable":true,"href":"https:\/\/scil-profile.de\/nl\/wp-json\/wp\/v2\/product_tag?post=80531"}],"curies":[{"name":"wp","href":"https:\/\/api.w.org\/{rel}","templated":true}]}}