{"id":80494,"date":"2024-01-03T15:35:21","date_gmt":"2024-01-03T14:35:21","guid":{"rendered":"https:\/\/scil-profile.de\/?post_type=product&#038;p=80494"},"modified":"2026-02-18T11:26:58","modified_gmt":"2026-02-18T10:26:58","slug":"ok-coaching-sensus-modul-emotionalitaet","status":"publish","type":"product","link":"https:\/\/scil-profile.de\/nl\/produkt\/ok-coaching-sensus-modul-emotionalitaet\/","title":{"rendered":"OK Coaching | Sensus Frequenz Emotionalit\u00e4t"},"content":{"rendered":"<p><strong>OK-Coaching <\/strong>ist die Abk\u00fcrzung f\u00fcr<em><strong> O<\/strong><\/em>nline<em><strong>K<\/strong><\/em>ommunikations-Coaching. <strong>Dieser Kurs besteht aus insgesamt 4 Lektionen, 33 Themenmodulen und enth\u00e4lt 21 interaktive Elemente<em>.<\/em><\/strong> Ziel des Kurses ist es, Dein Kommunikationsrepertoire auf der Sensus-Frequenz Emotionalit\u00e4t zu festigen und zu erweitern. Und zwar so, wie es im folgenden beschrieben ist:<\/p>\n<p>Aufgrund Deiner emotionalen Auspr\u00e4gung erweckst bei anderen den Eindruck, dass Du \u00fcber Sympathie und Vertrauen einen pers\u00f6nlichen und guten Kontakt zu anderen herstellst. Du strahlst aus, dass ein konstruktives Miteinander auf der Sachebene m\u00f6glich ist, wenn diesem eine stimmige Beziehungsebene zugrunde liegt.<\/p>\n<p>Du vermittelst anderen das Gef\u00fchl, dass Du an der eigenen Stimmung und an der Stimmung anderer Personen interessiert und gleicherma\u00dfen in der Lage bist, die eigene Stimmung und die der anderen in einem positiven Sinne zu beeinflussen.<\/p>\n<p>Du wirst als Mensch wahrgenommen, die in seinen interaktiven Prozessen eine gewisse Sinnlichkeit entfaltet und darauf ausgerichtet ist, andere Menschen auf den unterschiedlichen Sinnesebenen (Sehen, H\u00f6ren, Riechen, Schmecken, Tasten) erreichen zu wollen.<\/p>\n<p>Menschen, die \u00fcber eine vergleichbare Wirkungsqualit\u00e4t verf\u00fcgen, werden auf Dich entsprechend nachhaltig positiv reagieren und sich von Dir ber\u00fchrt f\u00fchlen. F\u00fcr sie ist der Wohlf\u00fchlfaktor in Begegnungen eine Bedingung, ohne die es nicht geht. Beide Seiten werden sich auf der Beziehungsebene begegnen und sich konsequent bem\u00fchen, diese positiv und angenehm zu gestalten und dieses Gef\u00fchl auch kontinuierlich zu st\u00e4rken.<\/p>\n<p>Begegnest Du jedoch Menschen, deren Wirkung nicht durch Emotionalit\u00e4t gepr\u00e4gt ist, kann es zu Missverst\u00e4ndnissen und sogar Konflikten kommen. Die Wirkung, sich auf der Beziehungsebene begegnen zu wollen, kann bei dem Gegen\u00fcber eher als \u201eGef\u00fchlsduselei\u201c interpretiert und als Mangel an Sachlichkeit ausgelegt werden.<\/p>\n<p><img fetchpriority=\"high\" decoding=\"async\" src=\"https:\/\/scil-profile.de\/wp-content\/uploads\/2024\/01\/Kursbild_SE-300x188.png\" alt=\"\" width=\"603\" height=\"378\" class=\"alignnone wp-image-119705\" srcset=\"https:\/\/scil-profile.de\/wp-content\/uploads\/2024\/01\/Kursbild_SE-300x188.png 300w, https:\/\/scil-profile.de\/wp-content\/uploads\/2024\/01\/Kursbild_SE-1024x640.png 1024w, https:\/\/scil-profile.de\/wp-content\/uploads\/2024\/01\/Kursbild_SE-768x480.png 768w, https:\/\/scil-profile.de\/wp-content\/uploads\/2024\/01\/Kursbild_SE-624x390.png 624w, https:\/\/scil-profile.de\/wp-content\/uploads\/2024\/01\/Kursbild_SE-600x375.png 600w, https:\/\/scil-profile.de\/wp-content\/uploads\/2024\/01\/Kursbild_SE.png 1240w\" sizes=\"(max-width: 603px) 100vw, 603px\" \/><\/p>\n<p>Um Dich bei der Erweiterung Deines Repertoires in dem zuvor beschriebenen Sinne\u00a0<em><strong> <\/strong><\/em>erfolgreich begleiten zu k\u00f6nnen, behandeln wir in diesem Kurs u.a. die folgenden Fragen und trainieren die daraus resultierenden \u00dcbungen mit Dir:<\/p>\n<ul>\n<li>Welche Bedeutung hat das pers\u00f6nliche Mindset f\u00fcr die Sensus-Frequenz Emotionalit\u00e4t?<\/li>\n<li>Wie l\u00e4sst sich das individuelle Mindset wirksam beeinflusen?<\/li>\n<li>Wodurch kannst Du selbst Deine eigene Stimmung steuern?<\/li>\n<li>Was macht Dich wirklich sympathisch?<\/li>\n<li>Wodurch kannst Du schnell und sicher sich Vertrauen bei anderen Menschen aufbauen?<\/li>\n<li>Inwieweit ist es sinvoll oder hilfreich, seine eigene Verletzlichkeit zu zeigen?<\/li>\n<li>Welche Sinn\u00a0 macht es \u00fcber die eigenen Gef\u00fchle in Begegnungen zu sprechen?<\/li>\n<li>Wie kannst Du am besten auf die Emotionen anderer Menschen reagieren?<\/li>\n<li>Worauf kommt es beim SmallTalk an?<\/li>\n<li><em>Arbeitest Du in diesem Kurs nur daran, dass Du als eine Pers\u00f6nlichkeit mit einer starken emotionalen Ausstrahlung wahrgenommen wirst oder wirkt sich das auch auf Deine tats\u00e4chliche Emotionalit\u00e4t aus?<\/em><\/li>\n<\/ul>\n<p>Auf die letzte Frage hier schon mal eine erste konkrete Antwort, die so \u00fcbrigens\u00a0 auch f\u00fcr alle anderen Frequenzen gilt:<strong> Spiel wird zum Schein. Schein wird zum Sein. Sein wird zum Spiel. <\/strong>Du trainierst in diesem Kurs auf sehr spielerische Art und Weise, den beabsichtigten Eindruck zu erwecken. Arbeitest Du aktiv und intensiv genug an diesem Eindruck oder Schein, dringt dies \u00fcber kurz oder lang auch nach Innen. Die entsprechenden Kompetenzen werden mehr und mehr Teil Deiner Pers\u00f6nlichkeit. Und schlie\u00dflich wirst Du zunehmend Freude an dieser Art der Repertoire-Erweiterung\u00a0 haben, sodass Deine Motivation und die F\u00e4higkeiten steigen, immer wieder aufs Neue damit zu spielen und Dich weiterzuentwickeln.<em> Spiel wird zum Schein =<\/em><strong> Deine Wahrnehmung wird sch\u00e4rfer und Deine Ausstrahlung kontiunierlich s0uver\u00e4ner. <\/strong><em>Schein wird zum Sein =<\/em><strong>\u00a0 Du erweckst das Charisma in Dir wieder zum Leben und bringst es zur Entfaltung. <\/strong><em>Sein wird zum Spiel =\u00a0<\/em><strong>Du wirst sukzessive virtuoser und ziehst immer mehr Register gelingender und gewinnender Kommunikation.<\/strong><\/p>\n<h6><strong>Ausschlu\u00df des Widerruffrechts:<\/strong><\/h6>\n<h6><strong>Es wird an dieser Stelle ausdr\u00fccklich darauf hingewiesen, dass das Widerrufsrecht erlischt, sobald\u00a0 die jeweiligen Kurse\u00a0 und\/oder Lizenzcodes f\u00fcr die Nutzung von Analyse-Tools freigeschaltet wurden. Der Zeitpunkt der Mitteilung \u00fcber die Freischaltung an die Kundin\/den Kunden gilt als Beginn der Ausf\u00fchrung des Vertrages. Geleistete Zahlungen werden ab diesem Zeitpunkt nicht zur\u00fcckerstattet.<span>\u00a0<\/span><\/strong><strong>Siehe dazu auch unsere rechtskonforme Widerrufsbelehrung:<span>\u00a0<\/span><a href=\"https:\/\/scil-profile.de\/ueber-uns\/widerrufsbelehrung\/\">https:\/\/scil-profile.de\/ueber-uns\/widerrufsbelehrung\/<\/a><\/strong><\/h6>\n","protected":false},"excerpt":{"rendered":"<p><strong>Nettopreis 79,83 \u20ac zzgl. 15,17 \u20ac 19% MwSt<\/strong><\/p>\n<p>OK-Coaching ist die Abk\u00fcrzung f\u00fcr Online-Kommunikations-Coaching. In diesem Kurs behandeln wir die Sensus-Frequenz Emotionalit\u00e4t. Der alte Grieche Epiktet wusste schon: Wir haben zwei Ohren, aber nur einen Mund. Wahrscheinlich, damit wir doppelt so viel zuh\u00f6ren, wie reden. Zuh\u00f6ren macht sympathisch. Sympathie schafft Vertrauen. Und Vertrauen ist die Basis f\u00fcr ein gelingendes Miteinander. Doch Zuh\u00f6ren ist nur eine der Qualit\u00e4ten, die Dir emotionalen Zugang zu anderen Menschen verschaffen. In diesem Coachingmodul geht es zun\u00e4chst um den emotionalen Zugang zu Dir selbst und darum, wie Du Stimmungen gezielt beeinflussen kannst. Bei Dir und bei Anderen.<\/p>\n<h6><strong>Ausschlu\u00df des Widerruffrechts:<\/strong><\/h6>\n<h6><strong>Es wird an dieser Stelle ausdr\u00fccklich darauf hingewiesen, dass das Widerrufsrecht erlischt, sobald\u00a0 die jeweiligen Kurse\u00a0 und\/oder Lizenzcodes f\u00fcr die Nutzung von Analyse-Tools freigeschaltet wurden. Der Zeitpunkt der Mitteilung \u00fcber die Freischaltung an die Kundin\/den Kunden gilt als Beginn der Ausf\u00fchrung des Vertrages. Geleistete Zahlungen werden ab diesem Zeitpunkt nicht zur\u00fcckerstattet.<span>\u00a0<\/span><\/strong><strong>Siehe dazu auch unsere rechtskonforme Widerrufsbelehrung:<span>\u00a0<\/span><a href=\"https:\/\/scil-profile.de\/ueber-uns\/widerrufsbelehrung\/\">https:\/\/scil-profile.de\/ueber-uns\/widerrufsbelehrung\/<\/a><\/strong><\/h6>\n","protected":false},"featured_media":80905,"template":"","meta":{"pmpro_default_level":""},"product_brand":[],"product_cat":[623,139],"product_tag":[],"class_list":{"0":"post-80494","1":"product","2":"type-product","3":"status-publish","4":"has-post-thumbnail","6":"product_cat-e-learning","7":"product_cat-scil-profile","8":"pmpro-has-access","10":"first","11":"instock","12":"virtual","13":"taxable","14":"purchasable","15":"product-type-simple"},"yoast_head":"<!-- This site is optimized with the Yoast SEO plugin v27.2 - https:\/\/yoast.com\/product\/yoast-seo-wordpress\/ -->\n<title>OK Coaching | Sensus Frequenz Emotionalit\u00e4t - SCIL Profile<\/title>\n<meta name=\"robots\" content=\"index, follow, max-snippet:-1, max-image-preview:large, max-video-preview:-1\" \/>\n<link rel=\"canonical\" href=\"https:\/\/scil-profile.de\/produkt\/ok-coaching-sensus-modul-emotionalitaet\/\" \/>\n<meta property=\"og:locale\" content=\"nl_NL\" \/>\n<meta property=\"og:type\" content=\"article\" \/>\n<meta property=\"og:title\" content=\"OK Coaching | Sensus Frequenz Emotionalit\u00e4t - SCIL Profile\" \/>\n<meta property=\"og:description\" content=\"Nettopreis 79,83 \u20ac zzgl. 15,17 \u20ac 19% MwSt  OK-Coaching ist die Abk\u00fcrzung f\u00fcr Online-Kommunikations-Coaching. In diesem Kurs behandeln wir die Sensus-Frequenz Emotionalit\u00e4t. Der alte Grieche Epiktet wusste schon: Wir haben zwei Ohren, aber nur einen Mund. Wahrscheinlich, damit wir doppelt so viel zuh\u00f6ren, wie reden. Zuh\u00f6ren macht sympathisch. Sympathie schafft Vertrauen. Und Vertrauen ist die Basis f\u00fcr ein gelingendes Miteinander. Doch Zuh\u00f6ren ist nur eine der Qualit\u00e4ten, die Dir emotionalen Zugang zu anderen Menschen verschaffen. In diesem Coachingmodul geht es zun\u00e4chst um den emotionalen Zugang zu Dir selbst und darum, wie Du Stimmungen gezielt beeinflussen kannst. Bei Dir und bei Anderen. Ausschlu\u00df des Widerruffrechts: Es wird an dieser Stelle ausdr\u00fccklich darauf hingewiesen, dass das Widerrufsrecht erlischt, sobald\u00a0 die jeweiligen Kurse\u00a0 und\/oder Lizenzcodes f\u00fcr die Nutzung von Analyse-Tools freigeschaltet wurden. Der Zeitpunkt der Mitteilung \u00fcber die Freischaltung an die Kundin\/den Kunden gilt als Beginn der Ausf\u00fchrung des Vertrages. Geleistete Zahlungen werden ab diesem Zeitpunkt nicht zur\u00fcckerstattet.\u00a0Siehe dazu auch unsere rechtskonforme Widerrufsbelehrung:\u00a0https:\/\/scil-profile.de\/ueber-uns\/widerrufsbelehrung\/\" \/>\n<meta property=\"og:url\" content=\"https:\/\/scil-profile.de\/produkt\/ok-coaching-sensus-modul-emotionalitaet\/\" \/>\n<meta property=\"og:site_name\" content=\"SCIL Profile\" \/>\n<meta property=\"article:modified_time\" content=\"2026-02-18T10:26:58+00:00\" \/>\n<meta property=\"og:image\" content=\"https:\/\/scil-profile.de\/wp-content\/uploads\/2024\/01\/Emotionalita\u0308t.jpeg\" \/>\n\t<meta property=\"og:image:width\" content=\"1265\" \/>\n\t<meta property=\"og:image:height\" content=\"712\" \/>\n\t<meta property=\"og:image:type\" content=\"image\/jpeg\" \/>\n<meta name=\"twitter:card\" content=\"summary_large_image\" \/>\n<meta name=\"twitter:label1\" content=\"Geschatte leestijd\" \/>\n\t<meta name=\"twitter:data1\" content=\"4 minuten\" \/>\n<script type=\"application\/ld+json\" class=\"yoast-schema-graph\">{\"@context\":\"https:\/\/schema.org\",\"@graph\":[{\"@type\":\"WebPage\",\"@id\":\"https:\/\/scil-profile.de\/produkt\/ok-coaching-sensus-modul-emotionalitaet\/\",\"url\":\"https:\/\/scil-profile.de\/produkt\/ok-coaching-sensus-modul-emotionalitaet\/\",\"name\":\"OK Coaching | Sensus Frequenz Emotionalit\u00e4t - SCIL Profile\",\"isPartOf\":{\"@id\":\"https:\/\/scil-profile.de\/#website\"},\"primaryImageOfPage\":{\"@id\":\"https:\/\/scil-profile.de\/produkt\/ok-coaching-sensus-modul-emotionalitaet\/#primaryimage\"},\"image\":{\"@id\":\"https:\/\/scil-profile.de\/produkt\/ok-coaching-sensus-modul-emotionalitaet\/#primaryimage\"},\"thumbnailUrl\":\"https:\/\/scil-profile.de\/wp-content\/uploads\/2024\/01\/Emotionalita\u0308t.jpeg\",\"datePublished\":\"2024-01-03T14:35:21+00:00\",\"dateModified\":\"2026-02-18T10:26:58+00:00\",\"breadcrumb\":{\"@id\":\"https:\/\/scil-profile.de\/produkt\/ok-coaching-sensus-modul-emotionalitaet\/#breadcrumb\"},\"inLanguage\":\"nl-NL\",\"potentialAction\":[{\"@type\":\"ReadAction\",\"target\":[\"https:\/\/scil-profile.de\/produkt\/ok-coaching-sensus-modul-emotionalitaet\/\"]}]},{\"@type\":\"ImageObject\",\"inLanguage\":\"nl-NL\",\"@id\":\"https:\/\/scil-profile.de\/produkt\/ok-coaching-sensus-modul-emotionalitaet\/#primaryimage\",\"url\":\"https:\/\/scil-profile.de\/wp-content\/uploads\/2024\/01\/Emotionalita\u0308t.jpeg\",\"contentUrl\":\"https:\/\/scil-profile.de\/wp-content\/uploads\/2024\/01\/Emotionalita\u0308t.jpeg\",\"width\":1265,\"height\":712},{\"@type\":\"BreadcrumbList\",\"@id\":\"https:\/\/scil-profile.de\/produkt\/ok-coaching-sensus-modul-emotionalitaet\/#breadcrumb\",\"itemListElement\":[{\"@type\":\"ListItem\",\"position\":1,\"name\":\"Weiterbildung\",\"item\":\"https:\/\/scil-profile.de\/\"},{\"@type\":\"ListItem\",\"position\":2,\"name\":\"Shop\",\"item\":\"https:\/\/scil-profile.de\/shop\/\"},{\"@type\":\"ListItem\",\"position\":3,\"name\":\"OK Coaching | Sensus Frequenz Emotionalit\u00e4t\"}]},{\"@type\":\"WebSite\",\"@id\":\"https:\/\/scil-profile.de\/#website\",\"url\":\"https:\/\/scil-profile.de\/\",\"name\":\"SCIL Profile\",\"description\":\"Entdecke und entfalte Dein Charisma. Pers\u00f6nliche Wirkung und Wahrnehmung als Schl\u00fcssel f\u00fcr mehr Erfolg.\",\"potentialAction\":[{\"@type\":\"SearchAction\",\"target\":{\"@type\":\"EntryPoint\",\"urlTemplate\":\"https:\/\/scil-profile.de\/?s={search_term_string}\"},\"query-input\":{\"@type\":\"PropertyValueSpecification\",\"valueRequired\":true,\"valueName\":\"search_term_string\"}}],\"inLanguage\":\"nl-NL\"}]}<\/script>\n<!-- \/ Yoast SEO plugin. -->","yoast_head_json":{"title":"OK Coaching | Sensus Frequenz Emotionalit\u00e4t - SCIL Profile","robots":{"index":"index","follow":"follow","max-snippet":"max-snippet:-1","max-image-preview":"max-image-preview:large","max-video-preview":"max-video-preview:-1"},"canonical":"https:\/\/scil-profile.de\/produkt\/ok-coaching-sensus-modul-emotionalitaet\/","og_locale":"nl_NL","og_type":"article","og_title":"OK Coaching | Sensus Frequenz Emotionalit\u00e4t - SCIL Profile","og_description":"Nettopreis 79,83 \u20ac zzgl. 15,17 \u20ac 19% MwSt  OK-Coaching ist die Abk\u00fcrzung f\u00fcr Online-Kommunikations-Coaching. In diesem Kurs behandeln wir die Sensus-Frequenz Emotionalit\u00e4t. Der alte Grieche Epiktet wusste schon: Wir haben zwei Ohren, aber nur einen Mund. Wahrscheinlich, damit wir doppelt so viel zuh\u00f6ren, wie reden. Zuh\u00f6ren macht sympathisch. Sympathie schafft Vertrauen. Und Vertrauen ist die Basis f\u00fcr ein gelingendes Miteinander. Doch Zuh\u00f6ren ist nur eine der Qualit\u00e4ten, die Dir emotionalen Zugang zu anderen Menschen verschaffen. In diesem Coachingmodul geht es zun\u00e4chst um den emotionalen Zugang zu Dir selbst und darum, wie Du Stimmungen gezielt beeinflussen kannst. Bei Dir und bei Anderen. Ausschlu\u00df des Widerruffrechts: Es wird an dieser Stelle ausdr\u00fccklich darauf hingewiesen, dass das Widerrufsrecht erlischt, sobald\u00a0 die jeweiligen Kurse\u00a0 und\/oder Lizenzcodes f\u00fcr die Nutzung von Analyse-Tools freigeschaltet wurden. Der Zeitpunkt der Mitteilung \u00fcber die Freischaltung an die Kundin\/den Kunden gilt als Beginn der Ausf\u00fchrung des Vertrages. Geleistete Zahlungen werden ab diesem Zeitpunkt nicht zur\u00fcckerstattet.\u00a0Siehe dazu auch unsere rechtskonforme Widerrufsbelehrung:\u00a0https:\/\/scil-profile.de\/ueber-uns\/widerrufsbelehrung\/","og_url":"https:\/\/scil-profile.de\/produkt\/ok-coaching-sensus-modul-emotionalitaet\/","og_site_name":"SCIL Profile","article_modified_time":"2026-02-18T10:26:58+00:00","og_image":[{"width":1265,"height":712,"url":"https:\/\/scil-profile.de\/wp-content\/uploads\/2024\/01\/Emotionalita\u0308t.jpeg","type":"image\/jpeg"}],"twitter_card":"summary_large_image","twitter_misc":{"Geschatte leestijd":"4 minuten"},"schema":{"@context":"https:\/\/schema.org","@graph":[{"@type":"WebPage","@id":"https:\/\/scil-profile.de\/produkt\/ok-coaching-sensus-modul-emotionalitaet\/","url":"https:\/\/scil-profile.de\/produkt\/ok-coaching-sensus-modul-emotionalitaet\/","name":"OK Coaching | Sensus Frequenz Emotionalit\u00e4t - SCIL Profile","isPartOf":{"@id":"https:\/\/scil-profile.de\/#website"},"primaryImageOfPage":{"@id":"https:\/\/scil-profile.de\/produkt\/ok-coaching-sensus-modul-emotionalitaet\/#primaryimage"},"image":{"@id":"https:\/\/scil-profile.de\/produkt\/ok-coaching-sensus-modul-emotionalitaet\/#primaryimage"},"thumbnailUrl":"https:\/\/scil-profile.de\/wp-content\/uploads\/2024\/01\/Emotionalita\u0308t.jpeg","datePublished":"2024-01-03T14:35:21+00:00","dateModified":"2026-02-18T10:26:58+00:00","breadcrumb":{"@id":"https:\/\/scil-profile.de\/produkt\/ok-coaching-sensus-modul-emotionalitaet\/#breadcrumb"},"inLanguage":"nl-NL","potentialAction":[{"@type":"ReadAction","target":["https:\/\/scil-profile.de\/produkt\/ok-coaching-sensus-modul-emotionalitaet\/"]}]},{"@type":"ImageObject","inLanguage":"nl-NL","@id":"https:\/\/scil-profile.de\/produkt\/ok-coaching-sensus-modul-emotionalitaet\/#primaryimage","url":"https:\/\/scil-profile.de\/wp-content\/uploads\/2024\/01\/Emotionalita\u0308t.jpeg","contentUrl":"https:\/\/scil-profile.de\/wp-content\/uploads\/2024\/01\/Emotionalita\u0308t.jpeg","width":1265,"height":712},{"@type":"BreadcrumbList","@id":"https:\/\/scil-profile.de\/produkt\/ok-coaching-sensus-modul-emotionalitaet\/#breadcrumb","itemListElement":[{"@type":"ListItem","position":1,"name":"Weiterbildung","item":"https:\/\/scil-profile.de\/"},{"@type":"ListItem","position":2,"name":"Shop","item":"https:\/\/scil-profile.de\/shop\/"},{"@type":"ListItem","position":3,"name":"OK Coaching | Sensus Frequenz Emotionalit\u00e4t"}]},{"@type":"WebSite","@id":"https:\/\/scil-profile.de\/#website","url":"https:\/\/scil-profile.de\/","name":"SCIL Profile","description":"Entdecke und entfalte Dein Charisma. Pers\u00f6nliche Wirkung und Wahrnehmung als Schl\u00fcssel f\u00fcr mehr Erfolg.","potentialAction":[{"@type":"SearchAction","target":{"@type":"EntryPoint","urlTemplate":"https:\/\/scil-profile.de\/?s={search_term_string}"},"query-input":{"@type":"PropertyValueSpecification","valueRequired":true,"valueName":"search_term_string"}}],"inLanguage":"nl-NL"}]}},"_links":{"self":[{"href":"https:\/\/scil-profile.de\/nl\/wp-json\/wp\/v2\/product\/80494","targetHints":{"allow":["GET"]}}],"collection":[{"href":"https:\/\/scil-profile.de\/nl\/wp-json\/wp\/v2\/product"}],"about":[{"href":"https:\/\/scil-profile.de\/nl\/wp-json\/wp\/v2\/types\/product"}],"wp:featuredmedia":[{"embeddable":true,"href":"https:\/\/scil-profile.de\/nl\/wp-json\/wp\/v2\/media\/80905"}],"wp:attachment":[{"href":"https:\/\/scil-profile.de\/nl\/wp-json\/wp\/v2\/media?parent=80494"}],"wp:term":[{"taxonomy":"product_brand","embeddable":true,"href":"https:\/\/scil-profile.de\/nl\/wp-json\/wp\/v2\/product_brand?post=80494"},{"taxonomy":"product_cat","embeddable":true,"href":"https:\/\/scil-profile.de\/nl\/wp-json\/wp\/v2\/product_cat?post=80494"},{"taxonomy":"product_tag","embeddable":true,"href":"https:\/\/scil-profile.de\/nl\/wp-json\/wp\/v2\/product_tag?post=80494"}],"curies":[{"name":"wp","href":"https:\/\/api.w.org\/{rel}","templated":true}]}}