{"id":57607,"date":"2020-10-27T18:48:34","date_gmt":"2020-10-27T17:48:34","guid":{"rendered":"https:\/\/scil-profile.de\/produkt\/import-placeholder-for-758\/"},"modified":"2024-04-24T09:16:28","modified_gmt":"2024-04-24T07:16:28","slug":"buch-das-keymotion-prinzip","status":"publish","type":"product","link":"https:\/\/scil-profile.de\/nl\/produkt\/buch-das-keymotion-prinzip\/","title":{"rendered":"Buch: Das KeyMotion-Prinzip"},"content":{"rendered":"<p class=\"western\"><span style=\"font-size: medium;\"><b>Das KeyMotion-Prinzip: &#8211; Menschen gewinnen durch Reden, Vortr\u00e4ge und Pr\u00e4sentationen<br \/>\n<\/b><\/span><span style=\"font-size: medium;\">Gebundene Ausgabe<br \/>\n204 Seiten<br \/>\nErschienen: 16. November 2011<\/span><b> <\/b><\/p>\n<p class=\"western\"><span style=\"font-size: medium;\"><b>Autor: Andreas Bornh\u00e4u\u00dfer<\/b><\/span><\/p>\n","protected":false},"excerpt":{"rendered":"<p class=\"western\"><strong>Nettopreis 36,45 \u20ac<\/strong> zzgl. 2,55 \u20ac 7% MwSt<\/p>\n<p class=\"western\">Gute Reden und Pr\u00e4sentationen bereichern, r\u00fctteln auf, provozieren oder inspirieren \u2013 sie erzeugen beim Zuh\u00f6rer Emotionen und damit die Bereitschaft zu handeln. Doch vielen Vortr\u00e4gen fehlt die emotionale Dimension, bem\u00e4ngelt der Autor Andreas Bornh\u00e4u\u00dfer. \u201eDer Kopf erh\u00e4lt erstklassiges, informatives Material, das Herz bekommt aber nichts.&#8221; Dieses Buch stellt Ihnen das n\u00f6tige Handwerkszeug zur Verf\u00fcgung, um Ihre Reden und Events nach den Bed\u00fcrfnissen Ihrer Zuh\u00f6rer zu gestalten:<\/p>\n<p>Mit dem Prinzip \u201eKeyMotion\u201c \u00fcbertragen Sie Ihre Schl\u00fcsselaussagen in nachhaltige Bilder, mit denen Sie Ihre Zuh\u00f6rer faszinieren, \u00fcberzeugen und bewegen.<br \/>\nEin Buch mit klaren Strukturen, brillanten Wortspielen und einer F\u00fclle von Praxisbeispielen.<\/p>\n","protected":false},"featured_media":57629,"template":"","meta":{"pmpro_default_level":""},"product_brand":[],"product_cat":[90],"product_tag":[63,91],"class_list":{"0":"post-57607","1":"product","2":"type-product","3":"status-publish","4":"has-post-thumbnail","6":"product_cat-print","7":"product_tag-beratung","8":"product_tag-print","9":"product_shipping_class-de","10":"pmpro-has-access","12":"first","13":"instock","14":"taxable","15":"shipping-taxable","16":"purchasable","17":"product-type-simple"},"yoast_head":"<!-- This site is optimized with the Yoast SEO plugin v27.3 - https:\/\/yoast.com\/product\/yoast-seo-wordpress\/ -->\n<title>Buch: Das KeyMotion-Prinzip - SCIL Profile<\/title>\n<meta name=\"robots\" content=\"index, follow, max-snippet:-1, max-image-preview:large, max-video-preview:-1\" \/>\n<link rel=\"canonical\" href=\"https:\/\/scil-profile.de\/produkt\/buch-das-keymotion-prinzip\/\" \/>\n<meta property=\"og:locale\" content=\"nl_NL\" \/>\n<meta property=\"og:type\" content=\"article\" \/>\n<meta property=\"og:title\" content=\"Buch: Das KeyMotion-Prinzip - SCIL Profile\" \/>\n<meta property=\"og:description\" content=\"Nettopreis 36,45 \u20ac zzgl. 2,55 \u20ac 7% MwSt Gute Reden und Pr\u00e4sentationen bereichern, r\u00fctteln auf, provozieren oder inspirieren \u2013 sie erzeugen beim Zuh\u00f6rer Emotionen und damit die Bereitschaft zu handeln. Doch vielen Vortr\u00e4gen fehlt die emotionale Dimension, bem\u00e4ngelt der Autor Andreas Bornh\u00e4u\u00dfer. \u201eDer Kopf erh\u00e4lt erstklassiges, informatives Material, das Herz bekommt aber nichts.&quot; Dieses Buch stellt Ihnen das n\u00f6tige Handwerkszeug zur Verf\u00fcgung, um Ihre Reden und Events nach den Bed\u00fcrfnissen Ihrer Zuh\u00f6rer zu gestalten: Mit dem Prinzip \u201eKeyMotion\u201c \u00fcbertragen Sie Ihre Schl\u00fcsselaussagen in nachhaltige Bilder, mit denen Sie Ihre Zuh\u00f6rer faszinieren, \u00fcberzeugen und bewegen. Ein Buch mit klaren Strukturen, brillanten Wortspielen und einer F\u00fclle von Praxisbeispielen.\" \/>\n<meta property=\"og:url\" content=\"https:\/\/scil-profile.de\/produkt\/buch-das-keymotion-prinzip\/\" \/>\n<meta property=\"og:site_name\" content=\"SCIL Profile\" \/>\n<meta property=\"article:modified_time\" content=\"2024-04-24T07:16:28+00:00\" \/>\n<meta property=\"og:image\" content=\"https:\/\/scil-profile.de\/wp-content\/uploads\/2020\/10\/Keymotion.png\" \/>\n\t<meta property=\"og:image:width\" content=\"752\" \/>\n\t<meta property=\"og:image:height\" content=\"740\" \/>\n\t<meta property=\"og:image:type\" content=\"image\/png\" \/>\n<meta name=\"twitter:card\" content=\"summary_large_image\" \/>\n<meta name=\"twitter:label1\" content=\"Geschatte leestijd\" \/>\n\t<meta name=\"twitter:data1\" content=\"1 minuut\" \/>\n<script type=\"application\/ld+json\" class=\"yoast-schema-graph\">{\"@context\":\"https:\\\/\\\/schema.org\",\"@graph\":[{\"@type\":\"WebPage\",\"@id\":\"https:\\\/\\\/scil-profile.de\\\/produkt\\\/buch-das-keymotion-prinzip\\\/\",\"url\":\"https:\\\/\\\/scil-profile.de\\\/produkt\\\/buch-das-keymotion-prinzip\\\/\",\"name\":\"Buch: Das KeyMotion-Prinzip - SCIL Profile\",\"isPartOf\":{\"@id\":\"https:\\\/\\\/scil-profile.de\\\/#website\"},\"primaryImageOfPage\":{\"@id\":\"https:\\\/\\\/scil-profile.de\\\/produkt\\\/buch-das-keymotion-prinzip\\\/#primaryimage\"},\"image\":{\"@id\":\"https:\\\/\\\/scil-profile.de\\\/produkt\\\/buch-das-keymotion-prinzip\\\/#primaryimage\"},\"thumbnailUrl\":\"https:\\\/\\\/scil-profile.de\\\/wp-content\\\/uploads\\\/2020\\\/10\\\/Keymotion.png\",\"datePublished\":\"2020-10-27T17:48:34+00:00\",\"dateModified\":\"2024-04-24T07:16:28+00:00\",\"breadcrumb\":{\"@id\":\"https:\\\/\\\/scil-profile.de\\\/produkt\\\/buch-das-keymotion-prinzip\\\/#breadcrumb\"},\"inLanguage\":\"nl-NL\",\"potentialAction\":[{\"@type\":\"ReadAction\",\"target\":[\"https:\\\/\\\/scil-profile.de\\\/produkt\\\/buch-das-keymotion-prinzip\\\/\"]}]},{\"@type\":\"ImageObject\",\"inLanguage\":\"nl-NL\",\"@id\":\"https:\\\/\\\/scil-profile.de\\\/produkt\\\/buch-das-keymotion-prinzip\\\/#primaryimage\",\"url\":\"https:\\\/\\\/scil-profile.de\\\/wp-content\\\/uploads\\\/2020\\\/10\\\/Keymotion.png\",\"contentUrl\":\"https:\\\/\\\/scil-profile.de\\\/wp-content\\\/uploads\\\/2020\\\/10\\\/Keymotion.png\",\"width\":752,\"height\":740},{\"@type\":\"BreadcrumbList\",\"@id\":\"https:\\\/\\\/scil-profile.de\\\/produkt\\\/buch-das-keymotion-prinzip\\\/#breadcrumb\",\"itemListElement\":[{\"@type\":\"ListItem\",\"position\":1,\"name\":\"Weiterbildung\",\"item\":\"https:\\\/\\\/scil-profile.de\\\/\"},{\"@type\":\"ListItem\",\"position\":2,\"name\":\"Shop\",\"item\":\"https:\\\/\\\/scil-profile.de\\\/shop\\\/\"},{\"@type\":\"ListItem\",\"position\":3,\"name\":\"Buch: Das KeyMotion-Prinzip\"}]},{\"@type\":\"WebSite\",\"@id\":\"https:\\\/\\\/scil-profile.de\\\/#website\",\"url\":\"https:\\\/\\\/scil-profile.de\\\/\",\"name\":\"SCIL Profile\",\"description\":\"Entdecke und entfalte Dein Charisma. Pers\u00f6nliche Wirkung und Wahrnehmung als Schl\u00fcssel f\u00fcr mehr Erfolg.\",\"potentialAction\":[{\"@type\":\"SearchAction\",\"target\":{\"@type\":\"EntryPoint\",\"urlTemplate\":\"https:\\\/\\\/scil-profile.de\\\/?s={search_term_string}\"},\"query-input\":{\"@type\":\"PropertyValueSpecification\",\"valueRequired\":true,\"valueName\":\"search_term_string\"}}],\"inLanguage\":\"nl-NL\"}]}<\/script>\n<!-- \/ Yoast SEO plugin. -->","yoast_head_json":{"title":"Buch: Das KeyMotion-Prinzip - SCIL Profile","robots":{"index":"index","follow":"follow","max-snippet":"max-snippet:-1","max-image-preview":"max-image-preview:large","max-video-preview":"max-video-preview:-1"},"canonical":"https:\/\/scil-profile.de\/produkt\/buch-das-keymotion-prinzip\/","og_locale":"nl_NL","og_type":"article","og_title":"Buch: Das KeyMotion-Prinzip - SCIL Profile","og_description":"Nettopreis 36,45 \u20ac zzgl. 2,55 \u20ac 7% MwSt Gute Reden und Pr\u00e4sentationen bereichern, r\u00fctteln auf, provozieren oder inspirieren \u2013 sie erzeugen beim Zuh\u00f6rer Emotionen und damit die Bereitschaft zu handeln. Doch vielen Vortr\u00e4gen fehlt die emotionale Dimension, bem\u00e4ngelt der Autor Andreas Bornh\u00e4u\u00dfer. \u201eDer Kopf erh\u00e4lt erstklassiges, informatives Material, das Herz bekommt aber nichts.\" Dieses Buch stellt Ihnen das n\u00f6tige Handwerkszeug zur Verf\u00fcgung, um Ihre Reden und Events nach den Bed\u00fcrfnissen Ihrer Zuh\u00f6rer zu gestalten: Mit dem Prinzip \u201eKeyMotion\u201c \u00fcbertragen Sie Ihre Schl\u00fcsselaussagen in nachhaltige Bilder, mit denen Sie Ihre Zuh\u00f6rer faszinieren, \u00fcberzeugen und bewegen. Ein Buch mit klaren Strukturen, brillanten Wortspielen und einer F\u00fclle von Praxisbeispielen.","og_url":"https:\/\/scil-profile.de\/produkt\/buch-das-keymotion-prinzip\/","og_site_name":"SCIL Profile","article_modified_time":"2024-04-24T07:16:28+00:00","og_image":[{"width":752,"height":740,"url":"https:\/\/scil-profile.de\/wp-content\/uploads\/2020\/10\/Keymotion.png","type":"image\/png"}],"twitter_card":"summary_large_image","twitter_misc":{"Geschatte leestijd":"1 minuut"},"schema":{"@context":"https:\/\/schema.org","@graph":[{"@type":"WebPage","@id":"https:\/\/scil-profile.de\/produkt\/buch-das-keymotion-prinzip\/","url":"https:\/\/scil-profile.de\/produkt\/buch-das-keymotion-prinzip\/","name":"Buch: Das KeyMotion-Prinzip - SCIL Profile","isPartOf":{"@id":"https:\/\/scil-profile.de\/#website"},"primaryImageOfPage":{"@id":"https:\/\/scil-profile.de\/produkt\/buch-das-keymotion-prinzip\/#primaryimage"},"image":{"@id":"https:\/\/scil-profile.de\/produkt\/buch-das-keymotion-prinzip\/#primaryimage"},"thumbnailUrl":"https:\/\/scil-profile.de\/wp-content\/uploads\/2020\/10\/Keymotion.png","datePublished":"2020-10-27T17:48:34+00:00","dateModified":"2024-04-24T07:16:28+00:00","breadcrumb":{"@id":"https:\/\/scil-profile.de\/produkt\/buch-das-keymotion-prinzip\/#breadcrumb"},"inLanguage":"nl-NL","potentialAction":[{"@type":"ReadAction","target":["https:\/\/scil-profile.de\/produkt\/buch-das-keymotion-prinzip\/"]}]},{"@type":"ImageObject","inLanguage":"nl-NL","@id":"https:\/\/scil-profile.de\/produkt\/buch-das-keymotion-prinzip\/#primaryimage","url":"https:\/\/scil-profile.de\/wp-content\/uploads\/2020\/10\/Keymotion.png","contentUrl":"https:\/\/scil-profile.de\/wp-content\/uploads\/2020\/10\/Keymotion.png","width":752,"height":740},{"@type":"BreadcrumbList","@id":"https:\/\/scil-profile.de\/produkt\/buch-das-keymotion-prinzip\/#breadcrumb","itemListElement":[{"@type":"ListItem","position":1,"name":"Weiterbildung","item":"https:\/\/scil-profile.de\/"},{"@type":"ListItem","position":2,"name":"Shop","item":"https:\/\/scil-profile.de\/shop\/"},{"@type":"ListItem","position":3,"name":"Buch: Das KeyMotion-Prinzip"}]},{"@type":"WebSite","@id":"https:\/\/scil-profile.de\/#website","url":"https:\/\/scil-profile.de\/","name":"SCIL Profile","description":"Entdecke und entfalte Dein Charisma. Pers\u00f6nliche Wirkung und Wahrnehmung als Schl\u00fcssel f\u00fcr mehr Erfolg.","potentialAction":[{"@type":"SearchAction","target":{"@type":"EntryPoint","urlTemplate":"https:\/\/scil-profile.de\/?s={search_term_string}"},"query-input":{"@type":"PropertyValueSpecification","valueRequired":true,"valueName":"search_term_string"}}],"inLanguage":"nl-NL"}]}},"_links":{"self":[{"href":"https:\/\/scil-profile.de\/nl\/wp-json\/wp\/v2\/product\/57607","targetHints":{"allow":["GET"]}}],"collection":[{"href":"https:\/\/scil-profile.de\/nl\/wp-json\/wp\/v2\/product"}],"about":[{"href":"https:\/\/scil-profile.de\/nl\/wp-json\/wp\/v2\/types\/product"}],"wp:featuredmedia":[{"embeddable":true,"href":"https:\/\/scil-profile.de\/nl\/wp-json\/wp\/v2\/media\/57629"}],"wp:attachment":[{"href":"https:\/\/scil-profile.de\/nl\/wp-json\/wp\/v2\/media?parent=57607"}],"wp:term":[{"taxonomy":"product_brand","embeddable":true,"href":"https:\/\/scil-profile.de\/nl\/wp-json\/wp\/v2\/product_brand?post=57607"},{"taxonomy":"product_cat","embeddable":true,"href":"https:\/\/scil-profile.de\/nl\/wp-json\/wp\/v2\/product_cat?post=57607"},{"taxonomy":"product_tag","embeddable":true,"href":"https:\/\/scil-profile.de\/nl\/wp-json\/wp\/v2\/product_tag?post=57607"}],"curies":[{"name":"wp","href":"https:\/\/api.w.org\/{rel}","templated":true}]}}