{"id":57605,"date":"2020-10-27T18:48:34","date_gmt":"2020-10-27T17:48:34","guid":{"rendered":"https:\/\/scil-profile.de\/produkt\/import-placeholder-for-733\/"},"modified":"2024-04-04T12:33:11","modified_gmt":"2024-04-04T10:33:11","slug":"postkarten-edition-no-one","status":"publish","type":"product","link":"https:\/\/scil-profile.de\/nl\/produkt\/postkarten-edition-no-one\/","title":{"rendered":"Postkarten: Edition No One"},"content":{"rendered":"<p><span style=\"font-size: medium;\">Postkartenset<br \/>\n20 DIN A 5 Postkarten<br \/>\nErscheinen 1996<\/span><\/p>\n","protected":false},"excerpt":{"rendered":"<p><span style=\"font-size: medium;\"><strong>Nettopreis 4,67 \u20ac<\/strong> zzgl. o,33 \u20ac 7% MwSt<\/span><\/p>\n<p><span style=\"font-size: medium;\">Ein gutes Zitat kommt selten allein. Diese Postkarten<br \/>\nsind eine gute Gelegenheit, sich bei Menschen mit sinnhaften<br \/>\nZitaten in Erinnerung zu bringen.<\/span><\/p>\n","protected":false},"featured_media":57627,"template":"","meta":{"pmpro_default_level":""},"product_brand":[],"product_cat":[90],"product_tag":[91],"class_list":{"0":"post-57605","1":"product","2":"type-product","3":"status-publish","4":"has-post-thumbnail","6":"product_cat-print","7":"product_tag-print","8":"product_shipping_class-de","9":"pmpro-has-access","11":"first","12":"instock","13":"taxable","14":"shipping-taxable","15":"purchasable","16":"product-type-simple"},"yoast_head":"<!-- This site is optimized with the Yoast SEO plugin v27.2 - https:\/\/yoast.com\/product\/yoast-seo-wordpress\/ -->\n<title>Postkarten: Edition No One - SCIL Profile<\/title>\n<meta name=\"robots\" content=\"index, follow, max-snippet:-1, max-image-preview:large, max-video-preview:-1\" \/>\n<link rel=\"canonical\" href=\"https:\/\/scil-profile.de\/produkt\/postkarten-edition-no-one\/\" \/>\n<meta property=\"og:locale\" content=\"nl_NL\" \/>\n<meta property=\"og:type\" content=\"article\" \/>\n<meta property=\"og:title\" content=\"Postkarten: Edition No One - SCIL Profile\" \/>\n<meta property=\"og:description\" content=\"Nettopreis 4,67 \u20ac zzgl. o,33 \u20ac 7% MwSt  Ein gutes Zitat kommt selten allein. Diese Postkarten sind eine gute Gelegenheit, sich bei Menschen mit sinnhaften Zitaten in Erinnerung zu bringen.\" \/>\n<meta property=\"og:url\" content=\"https:\/\/scil-profile.de\/produkt\/postkarten-edition-no-one\/\" \/>\n<meta property=\"og:site_name\" content=\"SCIL Profile\" \/>\n<meta property=\"article:modified_time\" content=\"2024-04-04T10:33:11+00:00\" \/>\n<meta property=\"og:image\" content=\"https:\/\/scil-profile.de\/wp-content\/uploads\/2020\/10\/Postkarten.png\" \/>\n\t<meta property=\"og:image:width\" content=\"450\" \/>\n\t<meta property=\"og:image:height\" content=\"439\" \/>\n\t<meta property=\"og:image:type\" content=\"image\/png\" \/>\n<meta name=\"twitter:card\" content=\"summary_large_image\" \/>\n<meta name=\"twitter:label1\" content=\"Geschatte leestijd\" \/>\n\t<meta name=\"twitter:data1\" content=\"1 minuut\" \/>\n<script type=\"application\/ld+json\" class=\"yoast-schema-graph\">{\"@context\":\"https:\/\/schema.org\",\"@graph\":[{\"@type\":\"WebPage\",\"@id\":\"https:\/\/scil-profile.de\/produkt\/postkarten-edition-no-one\/\",\"url\":\"https:\/\/scil-profile.de\/produkt\/postkarten-edition-no-one\/\",\"name\":\"Postkarten: Edition No One - SCIL Profile\",\"isPartOf\":{\"@id\":\"https:\/\/scil-profile.de\/#website\"},\"primaryImageOfPage\":{\"@id\":\"https:\/\/scil-profile.de\/produkt\/postkarten-edition-no-one\/#primaryimage\"},\"image\":{\"@id\":\"https:\/\/scil-profile.de\/produkt\/postkarten-edition-no-one\/#primaryimage\"},\"thumbnailUrl\":\"https:\/\/scil-profile.de\/wp-content\/uploads\/2020\/10\/Postkarten.png\",\"datePublished\":\"2020-10-27T17:48:34+00:00\",\"dateModified\":\"2024-04-04T10:33:11+00:00\",\"breadcrumb\":{\"@id\":\"https:\/\/scil-profile.de\/produkt\/postkarten-edition-no-one\/#breadcrumb\"},\"inLanguage\":\"nl-NL\",\"potentialAction\":[{\"@type\":\"ReadAction\",\"target\":[\"https:\/\/scil-profile.de\/produkt\/postkarten-edition-no-one\/\"]}]},{\"@type\":\"ImageObject\",\"inLanguage\":\"nl-NL\",\"@id\":\"https:\/\/scil-profile.de\/produkt\/postkarten-edition-no-one\/#primaryimage\",\"url\":\"https:\/\/scil-profile.de\/wp-content\/uploads\/2020\/10\/Postkarten.png\",\"contentUrl\":\"https:\/\/scil-profile.de\/wp-content\/uploads\/2020\/10\/Postkarten.png\",\"width\":450,\"height\":439},{\"@type\":\"BreadcrumbList\",\"@id\":\"https:\/\/scil-profile.de\/produkt\/postkarten-edition-no-one\/#breadcrumb\",\"itemListElement\":[{\"@type\":\"ListItem\",\"position\":1,\"name\":\"Weiterbildung\",\"item\":\"https:\/\/scil-profile.de\/\"},{\"@type\":\"ListItem\",\"position\":2,\"name\":\"Shop\",\"item\":\"https:\/\/scil-profile.de\/shop\/\"},{\"@type\":\"ListItem\",\"position\":3,\"name\":\"Postkarten: Edition No One\"}]},{\"@type\":\"WebSite\",\"@id\":\"https:\/\/scil-profile.de\/#website\",\"url\":\"https:\/\/scil-profile.de\/\",\"name\":\"SCIL Profile\",\"description\":\"Entdecke und entfalte Dein Charisma. Pers\u00f6nliche Wirkung und Wahrnehmung als Schl\u00fcssel f\u00fcr mehr Erfolg.\",\"potentialAction\":[{\"@type\":\"SearchAction\",\"target\":{\"@type\":\"EntryPoint\",\"urlTemplate\":\"https:\/\/scil-profile.de\/?s={search_term_string}\"},\"query-input\":{\"@type\":\"PropertyValueSpecification\",\"valueRequired\":true,\"valueName\":\"search_term_string\"}}],\"inLanguage\":\"nl-NL\"}]}<\/script>\n<!-- \/ Yoast SEO plugin. -->","yoast_head_json":{"title":"Postkarten: Edition No One - SCIL Profile","robots":{"index":"index","follow":"follow","max-snippet":"max-snippet:-1","max-image-preview":"max-image-preview:large","max-video-preview":"max-video-preview:-1"},"canonical":"https:\/\/scil-profile.de\/produkt\/postkarten-edition-no-one\/","og_locale":"nl_NL","og_type":"article","og_title":"Postkarten: Edition No One - SCIL Profile","og_description":"Nettopreis 4,67 \u20ac zzgl. o,33 \u20ac 7% MwSt  Ein gutes Zitat kommt selten allein. Diese Postkarten sind eine gute Gelegenheit, sich bei Menschen mit sinnhaften Zitaten in Erinnerung zu bringen.","og_url":"https:\/\/scil-profile.de\/produkt\/postkarten-edition-no-one\/","og_site_name":"SCIL Profile","article_modified_time":"2024-04-04T10:33:11+00:00","og_image":[{"width":450,"height":439,"url":"https:\/\/scil-profile.de\/wp-content\/uploads\/2020\/10\/Postkarten.png","type":"image\/png"}],"twitter_card":"summary_large_image","twitter_misc":{"Geschatte leestijd":"1 minuut"},"schema":{"@context":"https:\/\/schema.org","@graph":[{"@type":"WebPage","@id":"https:\/\/scil-profile.de\/produkt\/postkarten-edition-no-one\/","url":"https:\/\/scil-profile.de\/produkt\/postkarten-edition-no-one\/","name":"Postkarten: Edition No One - SCIL Profile","isPartOf":{"@id":"https:\/\/scil-profile.de\/#website"},"primaryImageOfPage":{"@id":"https:\/\/scil-profile.de\/produkt\/postkarten-edition-no-one\/#primaryimage"},"image":{"@id":"https:\/\/scil-profile.de\/produkt\/postkarten-edition-no-one\/#primaryimage"},"thumbnailUrl":"https:\/\/scil-profile.de\/wp-content\/uploads\/2020\/10\/Postkarten.png","datePublished":"2020-10-27T17:48:34+00:00","dateModified":"2024-04-04T10:33:11+00:00","breadcrumb":{"@id":"https:\/\/scil-profile.de\/produkt\/postkarten-edition-no-one\/#breadcrumb"},"inLanguage":"nl-NL","potentialAction":[{"@type":"ReadAction","target":["https:\/\/scil-profile.de\/produkt\/postkarten-edition-no-one\/"]}]},{"@type":"ImageObject","inLanguage":"nl-NL","@id":"https:\/\/scil-profile.de\/produkt\/postkarten-edition-no-one\/#primaryimage","url":"https:\/\/scil-profile.de\/wp-content\/uploads\/2020\/10\/Postkarten.png","contentUrl":"https:\/\/scil-profile.de\/wp-content\/uploads\/2020\/10\/Postkarten.png","width":450,"height":439},{"@type":"BreadcrumbList","@id":"https:\/\/scil-profile.de\/produkt\/postkarten-edition-no-one\/#breadcrumb","itemListElement":[{"@type":"ListItem","position":1,"name":"Weiterbildung","item":"https:\/\/scil-profile.de\/"},{"@type":"ListItem","position":2,"name":"Shop","item":"https:\/\/scil-profile.de\/shop\/"},{"@type":"ListItem","position":3,"name":"Postkarten: Edition No One"}]},{"@type":"WebSite","@id":"https:\/\/scil-profile.de\/#website","url":"https:\/\/scil-profile.de\/","name":"SCIL Profile","description":"Entdecke und entfalte Dein Charisma. Pers\u00f6nliche Wirkung und Wahrnehmung als Schl\u00fcssel f\u00fcr mehr Erfolg.","potentialAction":[{"@type":"SearchAction","target":{"@type":"EntryPoint","urlTemplate":"https:\/\/scil-profile.de\/?s={search_term_string}"},"query-input":{"@type":"PropertyValueSpecification","valueRequired":true,"valueName":"search_term_string"}}],"inLanguage":"nl-NL"}]}},"_links":{"self":[{"href":"https:\/\/scil-profile.de\/nl\/wp-json\/wp\/v2\/product\/57605","targetHints":{"allow":["GET"]}}],"collection":[{"href":"https:\/\/scil-profile.de\/nl\/wp-json\/wp\/v2\/product"}],"about":[{"href":"https:\/\/scil-profile.de\/nl\/wp-json\/wp\/v2\/types\/product"}],"wp:featuredmedia":[{"embeddable":true,"href":"https:\/\/scil-profile.de\/nl\/wp-json\/wp\/v2\/media\/57627"}],"wp:attachment":[{"href":"https:\/\/scil-profile.de\/nl\/wp-json\/wp\/v2\/media?parent=57605"}],"wp:term":[{"taxonomy":"product_brand","embeddable":true,"href":"https:\/\/scil-profile.de\/nl\/wp-json\/wp\/v2\/product_brand?post=57605"},{"taxonomy":"product_cat","embeddable":true,"href":"https:\/\/scil-profile.de\/nl\/wp-json\/wp\/v2\/product_cat?post=57605"},{"taxonomy":"product_tag","embeddable":true,"href":"https:\/\/scil-profile.de\/nl\/wp-json\/wp\/v2\/product_tag?post=57605"}],"curies":[{"name":"wp","href":"https:\/\/api.w.org\/{rel}","templated":true}]}}