{"id":57604,"date":"2020-10-27T18:48:34","date_gmt":"2020-10-27T17:48:34","guid":{"rendered":"https:\/\/scil-profile.de\/produkt\/import-placeholder-for-732\/"},"modified":"2024-04-04T12:34:56","modified_gmt":"2024-04-04T10:34:56","slug":"buch-jetzt-reichts","status":"publish","type":"product","link":"https:\/\/scil-profile.de\/nl\/produkt\/buch-jetzt-reichts\/","title":{"rendered":"Buch: Jetzt reicht\u2019s!"},"content":{"rendered":"<p class=\"western\"><span style=\"font-size: medium;\"><b>Ein au\u00dfer(ordentlich)irdischer Roman<br \/>\n\u00fcber F\u00fchrung und Motivation.<br \/>\n<\/b><\/span><span style=\"font-size: medium;\">Gebundene Ausgabe<br \/>\nSeiten 270<br \/>\nErschienen 1993<\/span><span style=\"font-size: medium;\"><b><br \/>\nAutor: Andreas Bornh\u00e4u\u00dfer<\/b><\/span><\/p>\n","protected":false},"excerpt":{"rendered":"<p class=\"western\"><span><strong>Nettopreis 19,63 \u20ac<\/strong> zzgl. 1,37 \u20ac 7% MwSt<\/span><\/p>\n<p class=\"western\">Worin liegt das Geheimnis guter F\u00fchrungskr\u00e4fte? In der Motivation der Mitarbeiter. Doch so einfach dieser Zusammenhang theoretisch ist, so schwierig ist in der Praxis umzusetzen.<br \/>\nManagement- und F\u00fchrungsmethoden von gestern versagen bei den j\u00fcngeren Mitarbeiter-Generationen. Immer neue zum Teil widerspr\u00fcchliche Seminarangebote tragen eher zur Irritation als zur erhofften Orientierung bei. Wioe l\u00e4sst sich die zunehmende Diskrepanz zwischen theoretischem Wissen und praktischer Anwendung in den Griff bekommen.<\/p>\n<p>Basierend auf einer bei F\u00fchrungskr\u00e4ften der deutschen Wirtschaft durchgef\u00fchrten Motivstudie wird hier beschrieben, wie herk\u00f6mmliche Motivationsmethoden (Bonussysteme, Incentives, Pr\u00e4mien, etc.) von einer kontinuierlich abnehmenden Wirksamkeit gekennzeichnet sind und bietet Anregungen, wie sich echte Motivation in der Praxis erreichen l\u00e4sst.<\/p>\n<p class=\"western\">Ein aufregend zu lesendes Buch, das zum Nachdenken anregt. Geschrieben wie ein M\u00e4rchen f\u00fcr Erwachsene. Zu lesen, wie ein Dialog mit sich selbst<\/p>\n","protected":false},"featured_media":57626,"template":"","meta":{"pmpro_default_level":""},"product_brand":[],"product_cat":[90],"product_tag":[63,91],"class_list":{"0":"post-57604","1":"product","2":"type-product","3":"status-publish","4":"has-post-thumbnail","6":"product_cat-print","7":"product_tag-beratung","8":"product_tag-print","9":"product_shipping_class-de","10":"pmpro-has-access","12":"first","13":"instock","14":"taxable","15":"shipping-taxable","16":"purchasable","17":"product-type-simple"},"yoast_head":"<!-- This site is optimized with the Yoast SEO plugin v27.3 - https:\/\/yoast.com\/product\/yoast-seo-wordpress\/ -->\n<title>Buch: Jetzt reicht\u2019s! - SCIL Profile<\/title>\n<meta name=\"robots\" content=\"index, follow, max-snippet:-1, max-image-preview:large, max-video-preview:-1\" \/>\n<link rel=\"canonical\" href=\"https:\/\/scil-profile.de\/produkt\/buch-jetzt-reichts\/\" \/>\n<meta property=\"og:locale\" content=\"nl_NL\" \/>\n<meta property=\"og:type\" content=\"article\" \/>\n<meta property=\"og:title\" content=\"Buch: Jetzt reicht\u2019s! - SCIL Profile\" \/>\n<meta property=\"og:description\" content=\"Nettopreis 19,63 \u20ac zzgl. 1,37 \u20ac 7% MwSt Worin liegt das Geheimnis guter F\u00fchrungskr\u00e4fte? In der Motivation der Mitarbeiter. Doch so einfach dieser Zusammenhang theoretisch ist, so schwierig ist in der Praxis umzusetzen. Management- und F\u00fchrungsmethoden von gestern versagen bei den j\u00fcngeren Mitarbeiter-Generationen. Immer neue zum Teil widerspr\u00fcchliche Seminarangebote tragen eher zur Irritation als zur erhofften Orientierung bei. Wioe l\u00e4sst sich die zunehmende Diskrepanz zwischen theoretischem Wissen und praktischer Anwendung in den Griff bekommen. Basierend auf einer bei F\u00fchrungskr\u00e4ften der deutschen Wirtschaft durchgef\u00fchrten Motivstudie wird hier beschrieben, wie herk\u00f6mmliche Motivationsmethoden (Bonussysteme, Incentives, Pr\u00e4mien, etc.) von einer kontinuierlich abnehmenden Wirksamkeit gekennzeichnet sind und bietet Anregungen, wie sich echte Motivation in der Praxis erreichen l\u00e4sst. Ein aufregend zu lesendes Buch, das zum Nachdenken anregt. Geschrieben wie ein M\u00e4rchen f\u00fcr Erwachsene. Zu lesen, wie ein Dialog mit sich selbst\" \/>\n<meta property=\"og:url\" content=\"https:\/\/scil-profile.de\/produkt\/buch-jetzt-reichts\/\" \/>\n<meta property=\"og:site_name\" content=\"SCIL Profile\" \/>\n<meta property=\"article:modified_time\" content=\"2024-04-04T10:34:56+00:00\" \/>\n<meta property=\"og:image\" content=\"https:\/\/scil-profile.de\/wp-content\/uploads\/2020\/10\/Jetzt-Reichts.png\" \/>\n\t<meta property=\"og:image:width\" content=\"450\" \/>\n\t<meta property=\"og:image:height\" content=\"439\" \/>\n\t<meta property=\"og:image:type\" content=\"image\/png\" \/>\n<meta name=\"twitter:card\" content=\"summary_large_image\" \/>\n<meta name=\"twitter:label1\" content=\"Geschatte leestijd\" \/>\n\t<meta name=\"twitter:data1\" content=\"1 minuut\" \/>\n<script type=\"application\/ld+json\" class=\"yoast-schema-graph\">{\"@context\":\"https:\\\/\\\/schema.org\",\"@graph\":[{\"@type\":\"WebPage\",\"@id\":\"https:\\\/\\\/scil-profile.de\\\/produkt\\\/buch-jetzt-reichts\\\/\",\"url\":\"https:\\\/\\\/scil-profile.de\\\/produkt\\\/buch-jetzt-reichts\\\/\",\"name\":\"Buch: Jetzt reicht\u2019s! - SCIL Profile\",\"isPartOf\":{\"@id\":\"https:\\\/\\\/scil-profile.de\\\/#website\"},\"primaryImageOfPage\":{\"@id\":\"https:\\\/\\\/scil-profile.de\\\/produkt\\\/buch-jetzt-reichts\\\/#primaryimage\"},\"image\":{\"@id\":\"https:\\\/\\\/scil-profile.de\\\/produkt\\\/buch-jetzt-reichts\\\/#primaryimage\"},\"thumbnailUrl\":\"https:\\\/\\\/scil-profile.de\\\/wp-content\\\/uploads\\\/2020\\\/10\\\/Jetzt-Reichts.png\",\"datePublished\":\"2020-10-27T17:48:34+00:00\",\"dateModified\":\"2024-04-04T10:34:56+00:00\",\"breadcrumb\":{\"@id\":\"https:\\\/\\\/scil-profile.de\\\/produkt\\\/buch-jetzt-reichts\\\/#breadcrumb\"},\"inLanguage\":\"nl-NL\",\"potentialAction\":[{\"@type\":\"ReadAction\",\"target\":[\"https:\\\/\\\/scil-profile.de\\\/produkt\\\/buch-jetzt-reichts\\\/\"]}]},{\"@type\":\"ImageObject\",\"inLanguage\":\"nl-NL\",\"@id\":\"https:\\\/\\\/scil-profile.de\\\/produkt\\\/buch-jetzt-reichts\\\/#primaryimage\",\"url\":\"https:\\\/\\\/scil-profile.de\\\/wp-content\\\/uploads\\\/2020\\\/10\\\/Jetzt-Reichts.png\",\"contentUrl\":\"https:\\\/\\\/scil-profile.de\\\/wp-content\\\/uploads\\\/2020\\\/10\\\/Jetzt-Reichts.png\",\"width\":450,\"height\":439},{\"@type\":\"BreadcrumbList\",\"@id\":\"https:\\\/\\\/scil-profile.de\\\/produkt\\\/buch-jetzt-reichts\\\/#breadcrumb\",\"itemListElement\":[{\"@type\":\"ListItem\",\"position\":1,\"name\":\"Weiterbildung\",\"item\":\"https:\\\/\\\/scil-profile.de\\\/\"},{\"@type\":\"ListItem\",\"position\":2,\"name\":\"Shop\",\"item\":\"https:\\\/\\\/scil-profile.de\\\/shop\\\/\"},{\"@type\":\"ListItem\",\"position\":3,\"name\":\"Buch: Jetzt reicht\u2019s!\"}]},{\"@type\":\"WebSite\",\"@id\":\"https:\\\/\\\/scil-profile.de\\\/#website\",\"url\":\"https:\\\/\\\/scil-profile.de\\\/\",\"name\":\"SCIL Profile\",\"description\":\"Entdecke und entfalte Dein Charisma. Pers\u00f6nliche Wirkung und Wahrnehmung als Schl\u00fcssel f\u00fcr mehr Erfolg.\",\"potentialAction\":[{\"@type\":\"SearchAction\",\"target\":{\"@type\":\"EntryPoint\",\"urlTemplate\":\"https:\\\/\\\/scil-profile.de\\\/?s={search_term_string}\"},\"query-input\":{\"@type\":\"PropertyValueSpecification\",\"valueRequired\":true,\"valueName\":\"search_term_string\"}}],\"inLanguage\":\"nl-NL\"}]}<\/script>\n<!-- \/ Yoast SEO plugin. -->","yoast_head_json":{"title":"Buch: Jetzt reicht\u2019s! - SCIL Profile","robots":{"index":"index","follow":"follow","max-snippet":"max-snippet:-1","max-image-preview":"max-image-preview:large","max-video-preview":"max-video-preview:-1"},"canonical":"https:\/\/scil-profile.de\/produkt\/buch-jetzt-reichts\/","og_locale":"nl_NL","og_type":"article","og_title":"Buch: Jetzt reicht\u2019s! - SCIL Profile","og_description":"Nettopreis 19,63 \u20ac zzgl. 1,37 \u20ac 7% MwSt Worin liegt das Geheimnis guter F\u00fchrungskr\u00e4fte? In der Motivation der Mitarbeiter. Doch so einfach dieser Zusammenhang theoretisch ist, so schwierig ist in der Praxis umzusetzen. Management- und F\u00fchrungsmethoden von gestern versagen bei den j\u00fcngeren Mitarbeiter-Generationen. Immer neue zum Teil widerspr\u00fcchliche Seminarangebote tragen eher zur Irritation als zur erhofften Orientierung bei. Wioe l\u00e4sst sich die zunehmende Diskrepanz zwischen theoretischem Wissen und praktischer Anwendung in den Griff bekommen. Basierend auf einer bei F\u00fchrungskr\u00e4ften der deutschen Wirtschaft durchgef\u00fchrten Motivstudie wird hier beschrieben, wie herk\u00f6mmliche Motivationsmethoden (Bonussysteme, Incentives, Pr\u00e4mien, etc.) von einer kontinuierlich abnehmenden Wirksamkeit gekennzeichnet sind und bietet Anregungen, wie sich echte Motivation in der Praxis erreichen l\u00e4sst. Ein aufregend zu lesendes Buch, das zum Nachdenken anregt. Geschrieben wie ein M\u00e4rchen f\u00fcr Erwachsene. Zu lesen, wie ein Dialog mit sich selbst","og_url":"https:\/\/scil-profile.de\/produkt\/buch-jetzt-reichts\/","og_site_name":"SCIL Profile","article_modified_time":"2024-04-04T10:34:56+00:00","og_image":[{"width":450,"height":439,"url":"https:\/\/scil-profile.de\/wp-content\/uploads\/2020\/10\/Jetzt-Reichts.png","type":"image\/png"}],"twitter_card":"summary_large_image","twitter_misc":{"Geschatte leestijd":"1 minuut"},"schema":{"@context":"https:\/\/schema.org","@graph":[{"@type":"WebPage","@id":"https:\/\/scil-profile.de\/produkt\/buch-jetzt-reichts\/","url":"https:\/\/scil-profile.de\/produkt\/buch-jetzt-reichts\/","name":"Buch: Jetzt reicht\u2019s! - SCIL Profile","isPartOf":{"@id":"https:\/\/scil-profile.de\/#website"},"primaryImageOfPage":{"@id":"https:\/\/scil-profile.de\/produkt\/buch-jetzt-reichts\/#primaryimage"},"image":{"@id":"https:\/\/scil-profile.de\/produkt\/buch-jetzt-reichts\/#primaryimage"},"thumbnailUrl":"https:\/\/scil-profile.de\/wp-content\/uploads\/2020\/10\/Jetzt-Reichts.png","datePublished":"2020-10-27T17:48:34+00:00","dateModified":"2024-04-04T10:34:56+00:00","breadcrumb":{"@id":"https:\/\/scil-profile.de\/produkt\/buch-jetzt-reichts\/#breadcrumb"},"inLanguage":"nl-NL","potentialAction":[{"@type":"ReadAction","target":["https:\/\/scil-profile.de\/produkt\/buch-jetzt-reichts\/"]}]},{"@type":"ImageObject","inLanguage":"nl-NL","@id":"https:\/\/scil-profile.de\/produkt\/buch-jetzt-reichts\/#primaryimage","url":"https:\/\/scil-profile.de\/wp-content\/uploads\/2020\/10\/Jetzt-Reichts.png","contentUrl":"https:\/\/scil-profile.de\/wp-content\/uploads\/2020\/10\/Jetzt-Reichts.png","width":450,"height":439},{"@type":"BreadcrumbList","@id":"https:\/\/scil-profile.de\/produkt\/buch-jetzt-reichts\/#breadcrumb","itemListElement":[{"@type":"ListItem","position":1,"name":"Weiterbildung","item":"https:\/\/scil-profile.de\/"},{"@type":"ListItem","position":2,"name":"Shop","item":"https:\/\/scil-profile.de\/shop\/"},{"@type":"ListItem","position":3,"name":"Buch: Jetzt reicht\u2019s!"}]},{"@type":"WebSite","@id":"https:\/\/scil-profile.de\/#website","url":"https:\/\/scil-profile.de\/","name":"SCIL Profile","description":"Entdecke und entfalte Dein Charisma. Pers\u00f6nliche Wirkung und Wahrnehmung als Schl\u00fcssel f\u00fcr mehr Erfolg.","potentialAction":[{"@type":"SearchAction","target":{"@type":"EntryPoint","urlTemplate":"https:\/\/scil-profile.de\/?s={search_term_string}"},"query-input":{"@type":"PropertyValueSpecification","valueRequired":true,"valueName":"search_term_string"}}],"inLanguage":"nl-NL"}]}},"_links":{"self":[{"href":"https:\/\/scil-profile.de\/nl\/wp-json\/wp\/v2\/product\/57604","targetHints":{"allow":["GET"]}}],"collection":[{"href":"https:\/\/scil-profile.de\/nl\/wp-json\/wp\/v2\/product"}],"about":[{"href":"https:\/\/scil-profile.de\/nl\/wp-json\/wp\/v2\/types\/product"}],"wp:featuredmedia":[{"embeddable":true,"href":"https:\/\/scil-profile.de\/nl\/wp-json\/wp\/v2\/media\/57626"}],"wp:attachment":[{"href":"https:\/\/scil-profile.de\/nl\/wp-json\/wp\/v2\/media?parent=57604"}],"wp:term":[{"taxonomy":"product_brand","embeddable":true,"href":"https:\/\/scil-profile.de\/nl\/wp-json\/wp\/v2\/product_brand?post=57604"},{"taxonomy":"product_cat","embeddable":true,"href":"https:\/\/scil-profile.de\/nl\/wp-json\/wp\/v2\/product_cat?post=57604"},{"taxonomy":"product_tag","embeddable":true,"href":"https:\/\/scil-profile.de\/nl\/wp-json\/wp\/v2\/product_tag?post=57604"}],"curies":[{"name":"wp","href":"https:\/\/api.w.org\/{rel}","templated":true}]}}