{"id":118537,"date":"2025-10-29T09:47:24","date_gmt":"2025-10-29T08:47:24","guid":{"rendered":"https:\/\/scil-profile.de\/?post_type=product&#038;p=118537"},"modified":"2025-10-29T10:52:40","modified_gmt":"2025-10-29T09:52:40","slug":"trainerkarriere-2-0-mit-den-besten-tipps-an-die-trainingsspitze","status":"publish","type":"product","link":"https:\/\/scil-profile.de\/nl\/produkt\/trainerkarriere-2-0-mit-den-besten-tipps-an-die-trainingsspitze\/","title":{"rendered":"Trainerkarriere 2.0 &#8211; Mit den besten Tipps an die Trainingsspitze"},"content":{"rendered":"<div id=\"titleblock_feature_div\" class=\"celwidget\" data-feature-name=\"titleblock\" data-csa-c-type=\"widget\" data-csa-c-content-id=\"titleblock\" data-csa-c-slot-id=\"titleblock_feature_div\" data-csa-c-asin=\"3967392473\" data-csa-c-is-in-initial-active-row=\"false\" data-csa-c-id=\"9xibry-11bx98-xt95gq-hh7e6i\" data-cel-widget=\"titleblock_feature_div\">\n<div class=\"a-section a-spacing-none\">\n<h1 id=\"title\" class=\"a-spacing-none a-text-normal\"><span id=\"productTitle\" class=\"a-size-large celwidget\" data-csa-c-id=\"ywtqpj-norv3g-qa651x-a7oy3l\" data-cel-widget=\"productTitle\">Trainerkarriere 2.0: Mit den besten Tipps an die Trainingsspitze (Dein Business)<span>\u00a0<\/span><\/span><span id=\"productSubtitle\" class=\"a-size-medium a-color-secondary celwidget\" data-csa-c-id=\"xkftoc-lw7duj-kbtwxq-adp41m\" data-cel-widget=\"productSubtitle\">Taschenbuch \u2013 12. Juni 2025<\/span><\/h1>\n<\/div>\n<\/div>\n<div id=\"bylineInfo_feature_div\" class=\"celwidget\" data-feature-name=\"bylineInfo\" data-csa-c-type=\"widget\" data-csa-c-content-id=\"bylineInfo\" data-csa-c-slot-id=\"bylineInfo_feature_div\" data-csa-c-asin=\"3967392473\" data-csa-c-is-in-initial-active-row=\"false\" data-csa-c-id=\"mi5i0s-ks1fnm-w7v2u7-emzw9g\" data-cel-widget=\"bylineInfo_feature_div\">\n<div id=\"bylineInfo\" class=\"a-section a-spacing-micro bylineHidden feature\" data-cel-widget=\"bylineInfo\">von<span>\u00a0<\/span><span class=\"author notFaded\" data-width=\"\">Jennifer Frank-Schagerl<span>\u00a0<\/span><span class=\"contribution\" spacing=\"none\"><span class=\"a-color-secondary\">(Herausgeber),<span>\u00a0<\/span><\/span><\/span><\/span><span class=\"author notFaded\" data-width=\"\">Henrik Trenkel<span>\u00a0<\/span><span class=\"contribution\" spacing=\"none\"><span class=\"a-color-secondary\">(Herausgeber)<\/span><\/span><\/span><\/div>\n<\/div>\n<p>&nbsp;<\/p>\n<p><span class=\"a-text-bold\">Langfristig erfolgreich als Trainer:in? Mit diesem Buch heben Sie Ihre Trainingskarriere auf ein neues Level.<\/span><\/p>\n<p><span>Trainerin oder Trainer zu sein ist weit mehr als ein Job, f\u00fcr viele ist es eine echte Berufung. Menschen zu bef\u00e4higen, Wissen weiterzugeben, sie bei ihrer Weiterentwicklung zu unterst\u00fctzen. Eine unglaublich SINNvolle und erf\u00fcllende T\u00e4tigkeit.<\/span><\/p>\n<p><span>Gleichzeitig\u00a0 ist es ein Job mit vielen Herausforderungen. Die Branche ist in st\u00e4ndigem Wandel begriffen (KI, VR, DEIB, Nachhaltigkeit um nur ein paar Beispiele zu nennen), die Konjunktur kann Auswirkungen auf die Buchungslage haben, die Ausbildungsqualit\u00e4t muss konstant hoch sein, es soll gleichzeitig Marketing gemacht werden und in Trainingsflauten gilt es einen k\u00fchlen Kopf zu bewahren.<\/span><\/p>\n<p><span>Mit diesem Buch, herausgegeben vom BDVT (Berufsverband f\u00fcr Training, Beratung und Coaching) soll auf all diese Anforderungen vorbereitet werden.<\/span><\/p>\n<p><span>Aufgeteilt auf die Bereiche Mindset erfolgreicher Trainer:innen, betriebswirtschaftliche Tipps, Marketingempfehlungen, Dos and Don\u2032ts f\u00fcr Vertrieb und Akquise, sowie Zukunft des Trainings, wird das Trainingsbusiness ganzheitlich und umfassend beleuchtet.<\/span><\/p>\n<p><span>Erfolgreiche namhafte Trainer:innen, ob Gewinner:innen des europ\u00e4ischen Trainingspreises, Buchautor:innen oder seit Jahrzehnten gutgebuchte Trainingspers\u00f6nlichkeiten, geben ihr fundiertes Wissen, ihre Top-Tipps und ihre Erfolgsgeheimnisse in diesem Buch weiter, um anderen Trainerinnen und Trainern den Start in die Trainingskarriere zu erleichtern und um ihnen vor allem eine dauerhafte Karriere auch in herausfordernden Zeiten zu erm\u00f6glichen.<\/span><\/p>\n<p><span class=\"a-text-bold\">Ein Buch f\u00fcr alle, die in diesem Beruf Fu\u00df fassen wollen, ihre Karriere auf ein neues Level heben wollen oder sich auf den Weg an die Trainingsspitze machen wollen.<\/span><\/p>\n","protected":false},"excerpt":{"rendered":"<p><span class=\"a-text-bold\"><strong>23,27 \u20ac<\/strong> (zzgl. 1,63\u00a0 \u20ac 7% MwSt)\u00a0<\/span><\/p>\n<p><span class=\"a-text-bold\">Langfristig erfolgreich als Trainer:in? Mit diesem Buch hebst Du Deiner Trainingskarriere auf ein neues Level. <\/span><span>Trainerin oder Trainer zu sein ist weit mehr als ein Job, f\u00fcr viele ist es eine echte Berufung. Menschen zu bef\u00e4higen, Wissen weiterzugeben, sie bei ihrer Weiterentwicklung zu unterst\u00fctzen. Eine unglaublich SINNvolle und erf\u00fcllende T\u00e4tigkeit. <\/span><span>Aufgeteilt auf die Bereiche Mindset erfolgreicher Trainer:innen, betriebswirtschaftliche Tipps, Marketingempfehlungen, Dos and Don\u2032ts f\u00fcr Vertrieb und Akquise, sowie Zukunft des Trainings, wird das Trainingsbusiness von qualifizierten Experten aus dem BDVT e.V. (Berufsverband der Trainer, Coaches und Berater) ganzheitlich und umfassend beleuchtet. <\/span><span class=\"a-text-bold\">Ein Buch f\u00fcr alle, die in diesem Beruf Fu\u00df fassen wollen, ihre Karriere auf ein neues Level heben wollen oder sich auf den Weg an die Trainingsspitze machen wollen.<\/span><\/p>\n","protected":false},"featured_media":118546,"template":"","meta":{"pmpro_default_level":""},"product_brand":[],"product_cat":[90],"product_tag":[],"class_list":{"0":"post-118537","1":"product","2":"type-product","3":"status-publish","4":"has-post-thumbnail","6":"product_cat-print","7":"pmpro-has-access","9":"first","10":"instock","11":"taxable","12":"shipping-taxable","13":"purchasable","14":"product-type-simple"},"yoast_head":"<!-- This site is optimized with the Yoast SEO plugin v27.3 - https:\/\/yoast.com\/product\/yoast-seo-wordpress\/ -->\n<title>Trainerkarriere 2.0 - Mit den besten Tipps an die Trainingsspitze - SCIL Profile<\/title>\n<meta name=\"robots\" content=\"index, follow, max-snippet:-1, max-image-preview:large, max-video-preview:-1\" \/>\n<link rel=\"canonical\" href=\"https:\/\/scil-profile.de\/produkt\/trainerkarriere-2-0-mit-den-besten-tipps-an-die-trainingsspitze\/\" \/>\n<meta property=\"og:locale\" content=\"nl_NL\" \/>\n<meta property=\"og:type\" content=\"article\" \/>\n<meta property=\"og:title\" content=\"Trainerkarriere 2.0 - Mit den besten Tipps an die Trainingsspitze - SCIL Profile\" \/>\n<meta property=\"og:description\" content=\"23,27 \u20ac (zzgl. 1,63\u00a0 \u20ac 7% MwSt)\u00a0  Langfristig erfolgreich als Trainer:in? Mit diesem Buch hebst Du Deiner Trainingskarriere auf ein neues Level. Trainerin oder Trainer zu sein ist weit mehr als ein Job, f\u00fcr viele ist es eine echte Berufung. Menschen zu bef\u00e4higen, Wissen weiterzugeben, sie bei ihrer Weiterentwicklung zu unterst\u00fctzen. Eine unglaublich SINNvolle und erf\u00fcllende T\u00e4tigkeit. Aufgeteilt auf die Bereiche Mindset erfolgreicher Trainer:innen, betriebswirtschaftliche Tipps, Marketingempfehlungen, Dos and Don\u2032ts f\u00fcr Vertrieb und Akquise, sowie Zukunft des Trainings, wird das Trainingsbusiness von qualifizierten Experten aus dem BDVT e.V. (Berufsverband der Trainer, Coaches und Berater) ganzheitlich und umfassend beleuchtet. Ein Buch f\u00fcr alle, die in diesem Beruf Fu\u00df fassen wollen, ihre Karriere auf ein neues Level heben wollen oder sich auf den Weg an die Trainingsspitze machen wollen.\" \/>\n<meta property=\"og:url\" content=\"https:\/\/scil-profile.de\/produkt\/trainerkarriere-2-0-mit-den-besten-tipps-an-die-trainingsspitze\/\" \/>\n<meta property=\"og:site_name\" content=\"SCIL Profile\" \/>\n<meta property=\"article:modified_time\" content=\"2025-10-29T09:52:40+00:00\" \/>\n<meta property=\"og:image\" content=\"https:\/\/scil-profile.de\/wp-content\/uploads\/2025\/10\/Trainerkarriere_2.0.png\" \/>\n\t<meta property=\"og:image:width\" content=\"458\" \/>\n\t<meta property=\"og:image:height\" content=\"650\" \/>\n\t<meta property=\"og:image:type\" content=\"image\/png\" \/>\n<meta name=\"twitter:card\" content=\"summary_large_image\" \/>\n<meta name=\"twitter:label1\" content=\"Geschatte leestijd\" \/>\n\t<meta name=\"twitter:data1\" content=\"2 minuten\" \/>\n<script type=\"application\/ld+json\" class=\"yoast-schema-graph\">{\"@context\":\"https:\\\/\\\/schema.org\",\"@graph\":[{\"@type\":\"WebPage\",\"@id\":\"https:\\\/\\\/scil-profile.de\\\/produkt\\\/trainerkarriere-2-0-mit-den-besten-tipps-an-die-trainingsspitze\\\/\",\"url\":\"https:\\\/\\\/scil-profile.de\\\/produkt\\\/trainerkarriere-2-0-mit-den-besten-tipps-an-die-trainingsspitze\\\/\",\"name\":\"Trainerkarriere 2.0 - Mit den besten Tipps an die Trainingsspitze - SCIL Profile\",\"isPartOf\":{\"@id\":\"https:\\\/\\\/scil-profile.de\\\/#website\"},\"primaryImageOfPage\":{\"@id\":\"https:\\\/\\\/scil-profile.de\\\/produkt\\\/trainerkarriere-2-0-mit-den-besten-tipps-an-die-trainingsspitze\\\/#primaryimage\"},\"image\":{\"@id\":\"https:\\\/\\\/scil-profile.de\\\/produkt\\\/trainerkarriere-2-0-mit-den-besten-tipps-an-die-trainingsspitze\\\/#primaryimage\"},\"thumbnailUrl\":\"https:\\\/\\\/scil-profile.de\\\/wp-content\\\/uploads\\\/2025\\\/10\\\/Trainerkarriere_2.0.png\",\"datePublished\":\"2025-10-29T08:47:24+00:00\",\"dateModified\":\"2025-10-29T09:52:40+00:00\",\"breadcrumb\":{\"@id\":\"https:\\\/\\\/scil-profile.de\\\/produkt\\\/trainerkarriere-2-0-mit-den-besten-tipps-an-die-trainingsspitze\\\/#breadcrumb\"},\"inLanguage\":\"nl-NL\",\"potentialAction\":[{\"@type\":\"ReadAction\",\"target\":[\"https:\\\/\\\/scil-profile.de\\\/produkt\\\/trainerkarriere-2-0-mit-den-besten-tipps-an-die-trainingsspitze\\\/\"]}]},{\"@type\":\"ImageObject\",\"inLanguage\":\"nl-NL\",\"@id\":\"https:\\\/\\\/scil-profile.de\\\/produkt\\\/trainerkarriere-2-0-mit-den-besten-tipps-an-die-trainingsspitze\\\/#primaryimage\",\"url\":\"https:\\\/\\\/scil-profile.de\\\/wp-content\\\/uploads\\\/2025\\\/10\\\/Trainerkarriere_2.0.png\",\"contentUrl\":\"https:\\\/\\\/scil-profile.de\\\/wp-content\\\/uploads\\\/2025\\\/10\\\/Trainerkarriere_2.0.png\",\"width\":458,\"height\":650},{\"@type\":\"BreadcrumbList\",\"@id\":\"https:\\\/\\\/scil-profile.de\\\/produkt\\\/trainerkarriere-2-0-mit-den-besten-tipps-an-die-trainingsspitze\\\/#breadcrumb\",\"itemListElement\":[{\"@type\":\"ListItem\",\"position\":1,\"name\":\"Weiterbildung\",\"item\":\"https:\\\/\\\/scil-profile.de\\\/\"},{\"@type\":\"ListItem\",\"position\":2,\"name\":\"Shop\",\"item\":\"https:\\\/\\\/scil-profile.de\\\/shop\\\/\"},{\"@type\":\"ListItem\",\"position\":3,\"name\":\"Trainerkarriere 2.0 &#8211; Mit den besten Tipps an die Trainingsspitze\"}]},{\"@type\":\"WebSite\",\"@id\":\"https:\\\/\\\/scil-profile.de\\\/#website\",\"url\":\"https:\\\/\\\/scil-profile.de\\\/\",\"name\":\"SCIL Profile\",\"description\":\"Entdecke und entfalte Dein Charisma. Pers\u00f6nliche Wirkung und Wahrnehmung als Schl\u00fcssel f\u00fcr mehr Erfolg.\",\"potentialAction\":[{\"@type\":\"SearchAction\",\"target\":{\"@type\":\"EntryPoint\",\"urlTemplate\":\"https:\\\/\\\/scil-profile.de\\\/?s={search_term_string}\"},\"query-input\":{\"@type\":\"PropertyValueSpecification\",\"valueRequired\":true,\"valueName\":\"search_term_string\"}}],\"inLanguage\":\"nl-NL\"}]}<\/script>\n<!-- \/ Yoast SEO plugin. -->","yoast_head_json":{"title":"Trainerkarriere 2.0 - Mit den besten Tipps an die Trainingsspitze - SCIL Profile","robots":{"index":"index","follow":"follow","max-snippet":"max-snippet:-1","max-image-preview":"max-image-preview:large","max-video-preview":"max-video-preview:-1"},"canonical":"https:\/\/scil-profile.de\/produkt\/trainerkarriere-2-0-mit-den-besten-tipps-an-die-trainingsspitze\/","og_locale":"nl_NL","og_type":"article","og_title":"Trainerkarriere 2.0 - Mit den besten Tipps an die Trainingsspitze - SCIL Profile","og_description":"23,27 \u20ac (zzgl. 1,63\u00a0 \u20ac 7% MwSt)\u00a0  Langfristig erfolgreich als Trainer:in? Mit diesem Buch hebst Du Deiner Trainingskarriere auf ein neues Level. Trainerin oder Trainer zu sein ist weit mehr als ein Job, f\u00fcr viele ist es eine echte Berufung. Menschen zu bef\u00e4higen, Wissen weiterzugeben, sie bei ihrer Weiterentwicklung zu unterst\u00fctzen. Eine unglaublich SINNvolle und erf\u00fcllende T\u00e4tigkeit. Aufgeteilt auf die Bereiche Mindset erfolgreicher Trainer:innen, betriebswirtschaftliche Tipps, Marketingempfehlungen, Dos and Don\u2032ts f\u00fcr Vertrieb und Akquise, sowie Zukunft des Trainings, wird das Trainingsbusiness von qualifizierten Experten aus dem BDVT e.V. (Berufsverband der Trainer, Coaches und Berater) ganzheitlich und umfassend beleuchtet. Ein Buch f\u00fcr alle, die in diesem Beruf Fu\u00df fassen wollen, ihre Karriere auf ein neues Level heben wollen oder sich auf den Weg an die Trainingsspitze machen wollen.","og_url":"https:\/\/scil-profile.de\/produkt\/trainerkarriere-2-0-mit-den-besten-tipps-an-die-trainingsspitze\/","og_site_name":"SCIL Profile","article_modified_time":"2025-10-29T09:52:40+00:00","og_image":[{"width":458,"height":650,"url":"https:\/\/scil-profile.de\/wp-content\/uploads\/2025\/10\/Trainerkarriere_2.0.png","type":"image\/png"}],"twitter_card":"summary_large_image","twitter_misc":{"Geschatte leestijd":"2 minuten"},"schema":{"@context":"https:\/\/schema.org","@graph":[{"@type":"WebPage","@id":"https:\/\/scil-profile.de\/produkt\/trainerkarriere-2-0-mit-den-besten-tipps-an-die-trainingsspitze\/","url":"https:\/\/scil-profile.de\/produkt\/trainerkarriere-2-0-mit-den-besten-tipps-an-die-trainingsspitze\/","name":"Trainerkarriere 2.0 - Mit den besten Tipps an die Trainingsspitze - SCIL Profile","isPartOf":{"@id":"https:\/\/scil-profile.de\/#website"},"primaryImageOfPage":{"@id":"https:\/\/scil-profile.de\/produkt\/trainerkarriere-2-0-mit-den-besten-tipps-an-die-trainingsspitze\/#primaryimage"},"image":{"@id":"https:\/\/scil-profile.de\/produkt\/trainerkarriere-2-0-mit-den-besten-tipps-an-die-trainingsspitze\/#primaryimage"},"thumbnailUrl":"https:\/\/scil-profile.de\/wp-content\/uploads\/2025\/10\/Trainerkarriere_2.0.png","datePublished":"2025-10-29T08:47:24+00:00","dateModified":"2025-10-29T09:52:40+00:00","breadcrumb":{"@id":"https:\/\/scil-profile.de\/produkt\/trainerkarriere-2-0-mit-den-besten-tipps-an-die-trainingsspitze\/#breadcrumb"},"inLanguage":"nl-NL","potentialAction":[{"@type":"ReadAction","target":["https:\/\/scil-profile.de\/produkt\/trainerkarriere-2-0-mit-den-besten-tipps-an-die-trainingsspitze\/"]}]},{"@type":"ImageObject","inLanguage":"nl-NL","@id":"https:\/\/scil-profile.de\/produkt\/trainerkarriere-2-0-mit-den-besten-tipps-an-die-trainingsspitze\/#primaryimage","url":"https:\/\/scil-profile.de\/wp-content\/uploads\/2025\/10\/Trainerkarriere_2.0.png","contentUrl":"https:\/\/scil-profile.de\/wp-content\/uploads\/2025\/10\/Trainerkarriere_2.0.png","width":458,"height":650},{"@type":"BreadcrumbList","@id":"https:\/\/scil-profile.de\/produkt\/trainerkarriere-2-0-mit-den-besten-tipps-an-die-trainingsspitze\/#breadcrumb","itemListElement":[{"@type":"ListItem","position":1,"name":"Weiterbildung","item":"https:\/\/scil-profile.de\/"},{"@type":"ListItem","position":2,"name":"Shop","item":"https:\/\/scil-profile.de\/shop\/"},{"@type":"ListItem","position":3,"name":"Trainerkarriere 2.0 &#8211; Mit den besten Tipps an die Trainingsspitze"}]},{"@type":"WebSite","@id":"https:\/\/scil-profile.de\/#website","url":"https:\/\/scil-profile.de\/","name":"SCIL Profile","description":"Entdecke und entfalte Dein Charisma. Pers\u00f6nliche Wirkung und Wahrnehmung als Schl\u00fcssel f\u00fcr mehr Erfolg.","potentialAction":[{"@type":"SearchAction","target":{"@type":"EntryPoint","urlTemplate":"https:\/\/scil-profile.de\/?s={search_term_string}"},"query-input":{"@type":"PropertyValueSpecification","valueRequired":true,"valueName":"search_term_string"}}],"inLanguage":"nl-NL"}]}},"_links":{"self":[{"href":"https:\/\/scil-profile.de\/nl\/wp-json\/wp\/v2\/product\/118537","targetHints":{"allow":["GET"]}}],"collection":[{"href":"https:\/\/scil-profile.de\/nl\/wp-json\/wp\/v2\/product"}],"about":[{"href":"https:\/\/scil-profile.de\/nl\/wp-json\/wp\/v2\/types\/product"}],"wp:featuredmedia":[{"embeddable":true,"href":"https:\/\/scil-profile.de\/nl\/wp-json\/wp\/v2\/media\/118546"}],"wp:attachment":[{"href":"https:\/\/scil-profile.de\/nl\/wp-json\/wp\/v2\/media?parent=118537"}],"wp:term":[{"taxonomy":"product_brand","embeddable":true,"href":"https:\/\/scil-profile.de\/nl\/wp-json\/wp\/v2\/product_brand?post=118537"},{"taxonomy":"product_cat","embeddable":true,"href":"https:\/\/scil-profile.de\/nl\/wp-json\/wp\/v2\/product_cat?post=118537"},{"taxonomy":"product_tag","embeddable":true,"href":"https:\/\/scil-profile.de\/nl\/wp-json\/wp\/v2\/product_tag?post=118537"}],"curies":[{"name":"wp","href":"https:\/\/api.w.org\/{rel}","templated":true}]}}