{"id":109078,"date":"2025-05-13T12:06:47","date_gmt":"2025-05-13T10:06:47","guid":{"rendered":"https:\/\/scil-profile.de\/?post_type=product&#038;p=109078"},"modified":"2026-02-18T11:46:04","modified_gmt":"2026-02-18T10:46:04","slug":"ok-coaching-sensus-innere-praesenz","status":"publish","type":"product","link":"https:\/\/scil-profile.de\/nl\/produkt\/ok-coaching-sensus-innere-praesenz\/","title":{"rendered":"OK Coaching | Sensus Frequenz Innere Pr\u00e4senz"},"content":{"rendered":"\r\n<p><strong>OK-Coaching <\/strong>ist die Abk\u00fcrzung f\u00fcr<em><strong> O<\/strong><\/em>nline<em><strong>K<\/strong><\/em>ommunikations-Coaching. <strong>Dieser Kurs besteht aus insgesamt 4 Lektionen, 33 Themenmodulen und enth\u00e4lt 10 unterschiedlich schwerige Tests bzw. interaktive Elemente<em>.<\/em><\/strong> Ziel des Kurses ist es, Dein Kommunikationsrepertoire auf der Sensus-Frequenz <strong>Innere Pr\u00e4senz<\/strong>\u00a0 zu festigen und zu erweitern. Und zwar so, wie es im folgenden beschrieben ist:<\/p>\r\n\r\n\r\n\r\n<p>Du wirst von anderen als intuitive Pers\u00f6nlichkeit erlebt. Du erweckst den Eindruck, dass Du auch Unausgesprochenes wahrnimmst, dass Ahnungen und Eingebungen Dich begleiten und Du diesen auch zu folgen scheinst. Das l\u00e4sst sich f\u00fcr andere unter anderem auch daran erkennen, dass Du zu einem Zeitpunkt eigene Gef\u00fchle und Wahrnehmungen mitteilst, zu dem andere noch gar nicht in der Lage sind, ihre Intuition in pr\u00e4zise Worte zu fassen. Da Du Deine inneren Bilder und Gef\u00fchle sehr wachsam wahrnimmst, hast Du oft auch das Bed\u00fcrfnis, diese anderen unmittelbar mitzuteilen, um \u00fcberpr\u00fcfen zu k\u00f6nnen, ob die anderen dies auch mit Dir teilen k\u00f6nnen ggf. also sogar \u00e4hnliche Eindr\u00fccke haben. Die Wirkung eines ausgepr\u00e4gten Einf\u00fchlungsverm\u00f6gens ist f\u00fcr Dich h\u00e4ufig typisch und kennzeichnend. Du signalisierst anderen Dein Interesse an den Meinungen, Haltungen und Einstellungen sowie an der Intuition der anderen und ermunterst sie gleicherma\u00dfen, die entsprechenden Regungen auch mitzuteilen, also mit sich selbst ebenfalls sehr wachsam und aufmerksam umzugehen.<\/p>\r\n\r\n\r\n\r\n<p>Von anderen wirst Du als Person erlebt, bei der die Intuition Vorfahrt hat. Du wirkst auf andere wie jemand, dem die pers\u00f6nliche Verfassung und Dein ausgewogener mentaler Zustand wichtig ist, mit dem Du deshalb auch achtsam und sorgf\u00e4ltig umgehst.<\/p>\r\n\r\n\r\n\r\n<p>Bei Menschen, die hier selbst \u00e4hnlich ausgerichtet sind, wirst Du eine hohe Akzeptanz ausl\u00f6sen. Auf Unverst\u00e4ndnis wirst Du immer dann treffen, wenn Du Menschen begegnest, denen Intuition, innere Bilder und Gef\u00fchle eher suspekt sind, die sich lieber ausschlie\u00dflich auf das Intellektuelle und Kognitive verlassen und auch prim\u00e4r auf dieser Frequenz angesprochen und erreicht werden wollen.<\/p>\r\n<p><img fetchpriority=\"high\" decoding=\"async\" src=\"https:\/\/scil-profile.de\/wp-content\/uploads\/2025\/05\/Icon_Innere-Praesenz-300x262.png\" alt=\"\" width=\"481\" height=\"420\" class=\"wp-image-120296 alignleft\" srcset=\"https:\/\/scil-profile.de\/wp-content\/uploads\/2025\/05\/Icon_Innere-Praesenz-300x262.png 300w, https:\/\/scil-profile.de\/wp-content\/uploads\/2025\/05\/Icon_Innere-Praesenz-1024x893.png 1024w, https:\/\/scil-profile.de\/wp-content\/uploads\/2025\/05\/Icon_Innere-Praesenz-768x670.png 768w, https:\/\/scil-profile.de\/wp-content\/uploads\/2025\/05\/Icon_Innere-Praesenz-1536x1340.png 1536w, https:\/\/scil-profile.de\/wp-content\/uploads\/2025\/05\/Icon_Innere-Praesenz-2048x1787.png 2048w, https:\/\/scil-profile.de\/wp-content\/uploads\/2025\/05\/Icon_Innere-Praesenz-624x544.png 624w, https:\/\/scil-profile.de\/wp-content\/uploads\/2025\/05\/Icon_Innere-Praesenz-600x523.png 600w\" sizes=\"(max-width: 481px) 100vw, 481px\" \/><\/p>\r\n\r\n\r\n\r\n<p>Um Dich bei der Erweiterung Deines Repertoires in dem zuvor beschriebenen Sinne\u00a0<em><strong> <\/strong><\/em>erfolgreich begleiten zu k\u00f6nnen, behandeln wir in diesem Kurs u.a. die folgenden Fragen und trainieren die daraus resultierenden \u00dcbungen mit Dir:<\/p>\r\n<ul>\r\n<li><em>Ist die Intuition eine f\u00fcr den Menschen n\u00fctzliche Eigenschaft? <\/em><\/li>\r\n<li><em>Aus welchen Gr\u00fcnden lohnt es sich, sich mit dem Thema Intuition zu befassen?\u00a0<\/em><\/li>\r\n<li><em>Verf\u00fcgt jeder Mensch \u00fcber Intuition?\u00a0<\/em><\/li>\r\n<li><em>Wie kann ich meine Innere Pr\u00e4senz gezielt trainieren?<\/em><\/li>\r\n<li><em>Wie lange dauert es, bis sich die entsprechenden Kompetenzen wieder entwickelt haben?<\/em><\/li>\r\n<li><em>Was ist der sogenannte &#8220;Auftrag ans Universum&#8221; und wie geht das? <\/em><\/li>\r\n<li><em>Welche Voraussetzungen m\u00fcssen erf\u00fcllt sein, damit das auch zuverl\u00e4ssig funktioniert?\u00a0\u00a0<\/em><\/li>\r\n<li><em>Arbeitest Du in diesem Kurs nur daran, dass Du als eine intuitive Pers\u00f6nlichkeit wahrgenommen wirst, oder wirkt sich das auch auf Deine tats\u00e4chliche Innere Pr\u00e4senz aus?<\/em><\/li>\r\n<\/ul>\r\n\r\n<ul class=\"wp-block-list\"><!-- \/wp:post-content --><\/ul>\r\n<h6><!-- \/wp:list --><\/h6>\r\n<p>Auf die letzte Frage hier schon mal eine erste konkrete Antwort, die so \u00fcbrigens\u00a0 auch f\u00fcr alle anderen Frequenzen gilt:<strong> Spiel wird zum Schein. Schein wird zum Sein. Sein wird zum Spiel. <\/strong>Du trainierst in diesem Kurs auf sehr spielerische Art und Weise, den beabsichtigten Eindruck zu erwecken. Arbeitest Du aktiv und intensiv genug an diesem Eindruck oder Schein, dringt dies \u00fcber kurz oder lang auch nach Innen. Die entsprechenden Kompetenzen werden mehr und mehr Teil Deiner Pers\u00f6nlichkeit. Und schlie\u00dflich wirst Du zunehmend Freude an dieser Art der Repertoire-Erweiterung\u00a0 haben, sodass Deine Motivation und die F\u00e4higkeiten steigen, immer wieder aufs Neue damit zu spielen und Dich weiterzuentwickeln.<em> Spiel wird zum Schein =<\/em><strong> Deine Wahrnehmung wird sch\u00e4rfer und Deine Ausstrahlung kontiunierlich s0uver\u00e4ner. <\/strong><em>Schein wird zum Sein =<\/em><strong>\u00a0 Du erweckst das Charisma in Dir wieder zum Leben und bringst es zur Entfaltung. <\/strong><em>Sein wird zum Spiel =\u00a0<\/em><strong>Du wirst sukzessive virtuoser und ziehst immer mehr Register gelingender und gewinnender Kommunikation.<br \/><br \/>Ausschlu\u00df des Widerruffrechts:<\/strong><\/p>\r\n<h6><strong>Es wird an dieser Stelle ausdr\u00fccklich darauf hingewiesen, dass das Widerrufsrecht erlischt, sobald\u00a0 die jeweiligen Kurse\u00a0 und\/oder Lizenzcodes f\u00fcr die Nutzung von Analyse-Tools freigeschaltet wurden. Der Zeitpunkt der Mitteilung \u00fcber die Freischaltung an die Kundin\/den Kunden gilt als Beginn der Ausf\u00fchrung des Vertrages. Geleistete Zahlungen werden ab diesem Zeitpunkt nicht zur\u00fcckerstattet.<span>\u00a0<\/span><\/strong><strong>Siehe dazu auch unsere rechtskonforme Widerrufsbelehrung:<span>\u00a0<\/span><a href=\"https:\/\/scil-profile.de\/ueber-uns\/widerrufsbelehrung\/\">https:\/\/scil-profile.de\/ueber-uns\/widerrufsbelehrung\/<\/a><\/strong><\/h6>","protected":false},"excerpt":{"rendered":"<p><strong>Nettopreis 79,83 \u20ac <\/strong>zzgl. 15,17 \u20ac 19% MwSt<\/p>\n<p>OK-Coaching ist die Abk\u00fcrzung f\u00fcr Online-Kommunikations-Coaching. In diesem Kurs behandeln wir die Sensus-Frequenz Innere Pr\u00e4senz bzw. Intuition. Verstand und Intuition sind ein unzertrennliches Geschwisterpaar. Wann aber ist es sinnvoll, welchem Teil die F\u00fchrung zu \u00fcberlassen? In diesem Modul geht es darum im richtigen Augenblick das rechte Ma\u00df zu finden, um einerseits das Vertrauen in die Innere Stimme wieder zu gewinnen, sie zu st\u00e4rken und als wertvolle Ratgeberin zu nutzen, und andererseits in der Lage zu sein, sie als Instanz zwar zur Kenntnis zu nehmen aber nicht zu \u00fcberbewerten.<\/p>\n<h6><strong>Ausschlu\u00df des Widerruffrechts:<\/strong><\/h6>\n<h6><strong>Es wird an dieser Stelle ausdr\u00fccklich darauf hingewiesen, dass das Widerrufsrecht erlischt, sobald\u00a0 die jeweiligen Kurse\u00a0 und\/oder Lizenzcodes f\u00fcr die Nutzung von Analyse-Tools freigeschaltet wurden. Der Zeitpunkt der Mitteilung \u00fcber die Freischaltung an die Kundin\/den Kunden gilt als Beginn der Ausf\u00fchrung des Vertrages. Geleistete Zahlungen werden ab diesem Zeitpunkt nicht zur\u00fcckerstattet.<span>\u00a0<\/span><\/strong><strong>Siehe dazu auch unsere rechtskonforme Widerrufsbelehrung:<span>\u00a0<\/span><a href=\"https:\/\/scil-profile.de\/ueber-uns\/widerrufsbelehrung\/\">https:\/\/scil-profile.de\/ueber-uns\/widerrufsbelehrung\/<\/a><\/strong><\/h6>\n","protected":false},"featured_media":80917,"template":"","meta":{"pmpro_default_level":""},"product_brand":[],"product_cat":[139],"product_tag":[],"class_list":{"0":"post-109078","1":"product","2":"type-product","3":"status-publish","4":"has-post-thumbnail","6":"product_cat-scil-profile","7":"pmpro-has-access","9":"first","10":"instock","11":"taxable","12":"shipping-taxable","13":"purchasable","14":"product-type-simple"},"yoast_head":"<!-- This site is optimized with the Yoast SEO plugin v27.3 - https:\/\/yoast.com\/product\/yoast-seo-wordpress\/ -->\n<title>OK Coaching | Sensus Frequenz Innere Pr\u00e4senz - SCIL Profile<\/title>\n<meta name=\"robots\" content=\"index, follow, max-snippet:-1, max-image-preview:large, max-video-preview:-1\" \/>\n<link rel=\"canonical\" href=\"https:\/\/scil-profile.de\/produkt\/ok-coaching-sensus-innere-praesenz\/\" \/>\n<meta property=\"og:locale\" content=\"nl_NL\" \/>\n<meta property=\"og:type\" content=\"article\" \/>\n<meta property=\"og:title\" content=\"OK Coaching | Sensus Frequenz Innere Pr\u00e4senz - SCIL Profile\" \/>\n<meta property=\"og:description\" content=\"Nettopreis 79,83 \u20ac zzgl. 15,17 \u20ac 19% MwSt OK-Coaching ist die Abk\u00fcrzung f\u00fcr Online-Kommunikations-Coaching. In diesem Kurs behandeln wir die Sensus-Frequenz Innere Pr\u00e4senz bzw. Intuition. Verstand und Intuition sind ein unzertrennliches Geschwisterpaar. Wann aber ist es sinnvoll, welchem Teil die F\u00fchrung zu \u00fcberlassen? In diesem Modul geht es darum im richtigen Augenblick das rechte Ma\u00df zu finden, um einerseits das Vertrauen in die Innere Stimme wieder zu gewinnen, sie zu st\u00e4rken und als wertvolle Ratgeberin zu nutzen, und andererseits in der Lage zu sein, sie als Instanz zwar zur Kenntnis zu nehmen aber nicht zu \u00fcberbewerten. Ausschlu\u00df des Widerruffrechts: Es wird an dieser Stelle ausdr\u00fccklich darauf hingewiesen, dass das Widerrufsrecht erlischt, sobald\u00a0 die jeweiligen Kurse\u00a0 und\/oder Lizenzcodes f\u00fcr die Nutzung von Analyse-Tools freigeschaltet wurden. Der Zeitpunkt der Mitteilung \u00fcber die Freischaltung an die Kundin\/den Kunden gilt als Beginn der Ausf\u00fchrung des Vertrages. Geleistete Zahlungen werden ab diesem Zeitpunkt nicht zur\u00fcckerstattet.\u00a0Siehe dazu auch unsere rechtskonforme Widerrufsbelehrung:\u00a0https:\/\/scil-profile.de\/ueber-uns\/widerrufsbelehrung\/\" \/>\n<meta property=\"og:url\" content=\"https:\/\/scil-profile.de\/produkt\/ok-coaching-sensus-innere-praesenz\/\" \/>\n<meta property=\"og:site_name\" content=\"SCIL Profile\" \/>\n<meta property=\"article:modified_time\" content=\"2026-02-18T10:46:04+00:00\" \/>\n<meta property=\"og:image\" content=\"https:\/\/scil-profile.de\/wp-content\/uploads\/2024\/01\/InnerePra\u0308senz.jpeg\" \/>\n\t<meta property=\"og:image:width\" content=\"1265\" \/>\n\t<meta property=\"og:image:height\" content=\"712\" \/>\n\t<meta property=\"og:image:type\" content=\"image\/jpeg\" \/>\n<meta name=\"twitter:card\" content=\"summary_large_image\" \/>\n<meta name=\"twitter:label1\" content=\"Geschatte leestijd\" \/>\n\t<meta name=\"twitter:data1\" content=\"5 minuten\" \/>\n<script type=\"application\/ld+json\" class=\"yoast-schema-graph\">{\"@context\":\"https:\\\/\\\/schema.org\",\"@graph\":[{\"@type\":\"WebPage\",\"@id\":\"https:\\\/\\\/scil-profile.de\\\/produkt\\\/ok-coaching-sensus-innere-praesenz\\\/\",\"url\":\"https:\\\/\\\/scil-profile.de\\\/produkt\\\/ok-coaching-sensus-innere-praesenz\\\/\",\"name\":\"OK Coaching | Sensus Frequenz Innere Pr\u00e4senz - SCIL Profile\",\"isPartOf\":{\"@id\":\"https:\\\/\\\/scil-profile.de\\\/#website\"},\"primaryImageOfPage\":{\"@id\":\"https:\\\/\\\/scil-profile.de\\\/produkt\\\/ok-coaching-sensus-innere-praesenz\\\/#primaryimage\"},\"image\":{\"@id\":\"https:\\\/\\\/scil-profile.de\\\/produkt\\\/ok-coaching-sensus-innere-praesenz\\\/#primaryimage\"},\"thumbnailUrl\":\"https:\\\/\\\/scil-profile.de\\\/wp-content\\\/uploads\\\/2024\\\/01\\\/InnerePra\u0308senz.jpeg\",\"datePublished\":\"2025-05-13T10:06:47+00:00\",\"dateModified\":\"2026-02-18T10:46:04+00:00\",\"breadcrumb\":{\"@id\":\"https:\\\/\\\/scil-profile.de\\\/produkt\\\/ok-coaching-sensus-innere-praesenz\\\/#breadcrumb\"},\"inLanguage\":\"nl-NL\",\"potentialAction\":[{\"@type\":\"ReadAction\",\"target\":[\"https:\\\/\\\/scil-profile.de\\\/produkt\\\/ok-coaching-sensus-innere-praesenz\\\/\"]}]},{\"@type\":\"ImageObject\",\"inLanguage\":\"nl-NL\",\"@id\":\"https:\\\/\\\/scil-profile.de\\\/produkt\\\/ok-coaching-sensus-innere-praesenz\\\/#primaryimage\",\"url\":\"https:\\\/\\\/scil-profile.de\\\/wp-content\\\/uploads\\\/2024\\\/01\\\/InnerePra\u0308senz.jpeg\",\"contentUrl\":\"https:\\\/\\\/scil-profile.de\\\/wp-content\\\/uploads\\\/2024\\\/01\\\/InnerePra\u0308senz.jpeg\",\"width\":1265,\"height\":712},{\"@type\":\"BreadcrumbList\",\"@id\":\"https:\\\/\\\/scil-profile.de\\\/produkt\\\/ok-coaching-sensus-innere-praesenz\\\/#breadcrumb\",\"itemListElement\":[{\"@type\":\"ListItem\",\"position\":1,\"name\":\"Weiterbildung\",\"item\":\"https:\\\/\\\/scil-profile.de\\\/\"},{\"@type\":\"ListItem\",\"position\":2,\"name\":\"Shop\",\"item\":\"https:\\\/\\\/scil-profile.de\\\/shop\\\/\"},{\"@type\":\"ListItem\",\"position\":3,\"name\":\"OK Coaching | Sensus Frequenz Innere Pr\u00e4senz\"}]},{\"@type\":\"WebSite\",\"@id\":\"https:\\\/\\\/scil-profile.de\\\/#website\",\"url\":\"https:\\\/\\\/scil-profile.de\\\/\",\"name\":\"SCIL Profile\",\"description\":\"Entdecke und entfalte Dein Charisma. Pers\u00f6nliche Wirkung und Wahrnehmung als Schl\u00fcssel f\u00fcr mehr Erfolg.\",\"potentialAction\":[{\"@type\":\"SearchAction\",\"target\":{\"@type\":\"EntryPoint\",\"urlTemplate\":\"https:\\\/\\\/scil-profile.de\\\/?s={search_term_string}\"},\"query-input\":{\"@type\":\"PropertyValueSpecification\",\"valueRequired\":true,\"valueName\":\"search_term_string\"}}],\"inLanguage\":\"nl-NL\"}]}<\/script>\n<!-- \/ Yoast SEO plugin. -->","yoast_head_json":{"title":"OK Coaching | Sensus Frequenz Innere Pr\u00e4senz - SCIL Profile","robots":{"index":"index","follow":"follow","max-snippet":"max-snippet:-1","max-image-preview":"max-image-preview:large","max-video-preview":"max-video-preview:-1"},"canonical":"https:\/\/scil-profile.de\/produkt\/ok-coaching-sensus-innere-praesenz\/","og_locale":"nl_NL","og_type":"article","og_title":"OK Coaching | Sensus Frequenz Innere Pr\u00e4senz - SCIL Profile","og_description":"Nettopreis 79,83 \u20ac zzgl. 15,17 \u20ac 19% MwSt OK-Coaching ist die Abk\u00fcrzung f\u00fcr Online-Kommunikations-Coaching. In diesem Kurs behandeln wir die Sensus-Frequenz Innere Pr\u00e4senz bzw. Intuition. Verstand und Intuition sind ein unzertrennliches Geschwisterpaar. Wann aber ist es sinnvoll, welchem Teil die F\u00fchrung zu \u00fcberlassen? In diesem Modul geht es darum im richtigen Augenblick das rechte Ma\u00df zu finden, um einerseits das Vertrauen in die Innere Stimme wieder zu gewinnen, sie zu st\u00e4rken und als wertvolle Ratgeberin zu nutzen, und andererseits in der Lage zu sein, sie als Instanz zwar zur Kenntnis zu nehmen aber nicht zu \u00fcberbewerten. Ausschlu\u00df des Widerruffrechts: Es wird an dieser Stelle ausdr\u00fccklich darauf hingewiesen, dass das Widerrufsrecht erlischt, sobald\u00a0 die jeweiligen Kurse\u00a0 und\/oder Lizenzcodes f\u00fcr die Nutzung von Analyse-Tools freigeschaltet wurden. Der Zeitpunkt der Mitteilung \u00fcber die Freischaltung an die Kundin\/den Kunden gilt als Beginn der Ausf\u00fchrung des Vertrages. Geleistete Zahlungen werden ab diesem Zeitpunkt nicht zur\u00fcckerstattet.\u00a0Siehe dazu auch unsere rechtskonforme Widerrufsbelehrung:\u00a0https:\/\/scil-profile.de\/ueber-uns\/widerrufsbelehrung\/","og_url":"https:\/\/scil-profile.de\/produkt\/ok-coaching-sensus-innere-praesenz\/","og_site_name":"SCIL Profile","article_modified_time":"2026-02-18T10:46:04+00:00","og_image":[{"width":1265,"height":712,"url":"https:\/\/scil-profile.de\/wp-content\/uploads\/2024\/01\/InnerePra\u0308senz.jpeg","type":"image\/jpeg"}],"twitter_card":"summary_large_image","twitter_misc":{"Geschatte leestijd":"5 minuten"},"schema":{"@context":"https:\/\/schema.org","@graph":[{"@type":"WebPage","@id":"https:\/\/scil-profile.de\/produkt\/ok-coaching-sensus-innere-praesenz\/","url":"https:\/\/scil-profile.de\/produkt\/ok-coaching-sensus-innere-praesenz\/","name":"OK Coaching | Sensus Frequenz Innere Pr\u00e4senz - SCIL Profile","isPartOf":{"@id":"https:\/\/scil-profile.de\/#website"},"primaryImageOfPage":{"@id":"https:\/\/scil-profile.de\/produkt\/ok-coaching-sensus-innere-praesenz\/#primaryimage"},"image":{"@id":"https:\/\/scil-profile.de\/produkt\/ok-coaching-sensus-innere-praesenz\/#primaryimage"},"thumbnailUrl":"https:\/\/scil-profile.de\/wp-content\/uploads\/2024\/01\/InnerePra\u0308senz.jpeg","datePublished":"2025-05-13T10:06:47+00:00","dateModified":"2026-02-18T10:46:04+00:00","breadcrumb":{"@id":"https:\/\/scil-profile.de\/produkt\/ok-coaching-sensus-innere-praesenz\/#breadcrumb"},"inLanguage":"nl-NL","potentialAction":[{"@type":"ReadAction","target":["https:\/\/scil-profile.de\/produkt\/ok-coaching-sensus-innere-praesenz\/"]}]},{"@type":"ImageObject","inLanguage":"nl-NL","@id":"https:\/\/scil-profile.de\/produkt\/ok-coaching-sensus-innere-praesenz\/#primaryimage","url":"https:\/\/scil-profile.de\/wp-content\/uploads\/2024\/01\/InnerePra\u0308senz.jpeg","contentUrl":"https:\/\/scil-profile.de\/wp-content\/uploads\/2024\/01\/InnerePra\u0308senz.jpeg","width":1265,"height":712},{"@type":"BreadcrumbList","@id":"https:\/\/scil-profile.de\/produkt\/ok-coaching-sensus-innere-praesenz\/#breadcrumb","itemListElement":[{"@type":"ListItem","position":1,"name":"Weiterbildung","item":"https:\/\/scil-profile.de\/"},{"@type":"ListItem","position":2,"name":"Shop","item":"https:\/\/scil-profile.de\/shop\/"},{"@type":"ListItem","position":3,"name":"OK Coaching | Sensus Frequenz Innere Pr\u00e4senz"}]},{"@type":"WebSite","@id":"https:\/\/scil-profile.de\/#website","url":"https:\/\/scil-profile.de\/","name":"SCIL Profile","description":"Entdecke und entfalte Dein Charisma. Pers\u00f6nliche Wirkung und Wahrnehmung als Schl\u00fcssel f\u00fcr mehr Erfolg.","potentialAction":[{"@type":"SearchAction","target":{"@type":"EntryPoint","urlTemplate":"https:\/\/scil-profile.de\/?s={search_term_string}"},"query-input":{"@type":"PropertyValueSpecification","valueRequired":true,"valueName":"search_term_string"}}],"inLanguage":"nl-NL"}]}},"_links":{"self":[{"href":"https:\/\/scil-profile.de\/nl\/wp-json\/wp\/v2\/product\/109078","targetHints":{"allow":["GET"]}}],"collection":[{"href":"https:\/\/scil-profile.de\/nl\/wp-json\/wp\/v2\/product"}],"about":[{"href":"https:\/\/scil-profile.de\/nl\/wp-json\/wp\/v2\/types\/product"}],"wp:featuredmedia":[{"embeddable":true,"href":"https:\/\/scil-profile.de\/nl\/wp-json\/wp\/v2\/media\/80917"}],"wp:attachment":[{"href":"https:\/\/scil-profile.de\/nl\/wp-json\/wp\/v2\/media?parent=109078"}],"wp:term":[{"taxonomy":"product_brand","embeddable":true,"href":"https:\/\/scil-profile.de\/nl\/wp-json\/wp\/v2\/product_brand?post=109078"},{"taxonomy":"product_cat","embeddable":true,"href":"https:\/\/scil-profile.de\/nl\/wp-json\/wp\/v2\/product_cat?post=109078"},{"taxonomy":"product_tag","embeddable":true,"href":"https:\/\/scil-profile.de\/nl\/wp-json\/wp\/v2\/product_tag?post=109078"}],"curies":[{"name":"wp","href":"https:\/\/api.w.org\/{rel}","templated":true}]}}