{"id":72237,"date":"2021-12-20T18:02:46","date_gmt":"2021-12-20T17:02:46","guid":{"rendered":"https:\/\/scil-profile.de\/winkel\/"},"modified":"2021-12-20T18:02:46","modified_gmt":"2021-12-20T17:02:46","slug":"winkel","status":"publish","type":"page","link":"https:\/\/scil-profile.de\/nl\/winkel\/","title":{"rendered":"Winkel"},"content":{"rendered":"\n<h2 class=\"wp-block-heading\">Bildungs-Voucher<\/h2>\n\n\n<div data-block-name=\"woocommerce\/featured-category\" data-category-id=\"110\" data-edit-mode=\"false\" class=\"wc-block-featured-category alignnone has-background-dim wp-block-woocommerce-featured-category\" style=\"min-height:500px;\"><div class=\"wc-block-featured-category__wrapper\"><div class=\"background-dim__overlay\" style=\"background-color: #000000\"><\/div><img decoding=\"async\" alt=\"F\u00fchrungskr\u00e4fte-Entwicklung\" class=\"wc-block-featured-category__background-image\" src=\"https:\/\/scil-profile.de\/wp-content\/uploads\/2023\/06\/artificial-intelligence-3382507_1280.jpg\" style=\"object-fit: none;object-position: 50% 50%;\" \/><h2 class=\"wc-block-featured-category__title\">F\u00fchrungskr\u00e4fte-Entwicklung<\/h2><div class=\"wc-block-featured-category__description\"><p>Kompetenzen entwickeln und st\u00e4rken mit den Exklusiv-Angeboten f\u00fcr F\u00fchrungskr\u00e4fte<\/p>\n<\/div><div class=\"wc-block-featured-category__inner-blocks\">\n\n<div class=\"wp-block-button aligncenter\"><a class=\"wp-block-button__link\" href=\"\/?product_cat=bildungs-voucher\">Jetzt einkaufen<\/a><\/div>\n\n<\/div><\/div><\/div>\n\n\n<div style=\"height:73px\" aria-hidden=\"true\" class=\"wp-block-spacer\"><\/div>\n\n\n\n<h2 class=\"wp-block-heading\">Alle Weiterbildungs-Angebote<\/h2>\n\n\n<div data-block-name=\"woocommerce\/featured-category\" data-category-id=\"75\" data-edit-mode=\"false\" class=\"wc-block-featured-category alignnone has-background-dim wp-block-woocommerce-featured-category\" style=\"min-height:500px;\"><div class=\"wc-block-featured-category__wrapper\"><div class=\"background-dim__overlay\" style=\"background-color: #000000\"><\/div><img decoding=\"async\" alt=\"Weiterbildung\" class=\"wc-block-featured-category__background-image\" src=\"https:\/\/scil-profile.de\/wp-content\/uploads\/2020\/11\/Weiterbildung-1024x723.jpg\" style=\"object-fit: none;object-position: 50% 50%;\" \/><h2 class=\"wc-block-featured-category__title\">Weiterbildung<\/h2><div class=\"wc-block-featured-category__description\"><p>Pr\u00e4senzverantsaltungen, Online-Weiterbildung und Zertifizierungen.<\/p>\n<\/div><div class=\"wc-block-featured-category__inner-blocks\">\n\n<div class=\"wp-block-button aligncenter\"><a class=\"wp-block-button__link\" href=\"https:\/\/scil-profile.de\/nl\/produkt-kategorie\/weiterbildung-nl\/\">Jetzt einkaufen<\/a><\/div>\n\n<\/div><\/div><\/div>\n\n\n<div class=\"wp-block-group\"><div class=\"wp-block-group__inner-container is-layout-flow wp-block-group-is-layout-flow\">\n<div class=\"wp-block-columns sub-categories is-layout-flex wp-container-core-columns-is-layout-9d6595d7 wp-block-columns-is-layout-flex\">\n<div class=\"wp-block-column is-layout-flow wp-block-column-is-layout-flow\"><div data-block-name=\"woocommerce\/featured-category\" data-category-id=\"112\" data-edit-mode=\"false\" class=\"wc-block-featured-category alignnone has-background-dim sub-cat1 wp-block-woocommerce-featured-category\" style=\"min-height:500px;\"><div class=\"wc-block-featured-category__wrapper\"><div class=\"background-dim__overlay\" style=\"background-color: #000000\"><\/div><img decoding=\"async\" alt=\"Pr\u00e4senzveranstaltung\" class=\"wc-block-featured-category__background-image\" src=\"https:\/\/scil-profile.de\/wp-content\/uploads\/2020\/11\/Pra\u0308senzveranstaltungen-1024x684.jpg\" style=\"object-fit: none;object-position: 50% 50%;\" \/><h2 class=\"wc-block-featured-category__title\">Pr\u00e4senzveranstaltung<\/h2><div class=\"wc-block-featured-category__description\"><p>Teilnahmeplatz kostenlos sichern.<\/p>\n<\/div><div class=\"wc-block-featured-category__inner-blocks\">\n\n<div class=\"wp-block-button aligncenter\"><a class=\"wp-block-button__link\" href=\"https:\/\/scil-profile.de\/nl\/produkt-kategorie\/weiterbildung-nl\/praesenzveranstaltung-nl\/\">Jetzt einkaufen<\/a><\/div>\n\n<\/div><\/div><\/div><\/div>\n\n\n\n<div class=\"wp-block-column is-layout-flow wp-block-column-is-layout-flow\"><div data-block-name=\"woocommerce\/featured-category\" data-category-id=\"111\" data-edit-mode=\"false\" class=\"wc-block-featured-category alignnone has-background-dim sub-cat2 wp-block-woocommerce-featured-category\" style=\"min-height:500px;\"><div class=\"wc-block-featured-category__wrapper\"><div class=\"background-dim__overlay\" style=\"background-color: #000000\"><\/div><img decoding=\"async\" alt=\"Webbasiert\" class=\"wc-block-featured-category__background-image\" src=\"https:\/\/scil-profile.de\/wp-content\/uploads\/2020\/11\/Webinar-1024x683.jpg\" style=\"object-fit: none;object-position: 50% 50%;\" \/><h2 class=\"wc-block-featured-category__title\">Webbasiert<\/h2><div class=\"wc-block-featured-category__description\"><p>Bequem von zu Hause.<\/p>\n<\/div><div class=\"wc-block-featured-category__inner-blocks\">\n\n<div class=\"wp-block-button aligncenter\"><a class=\"wp-block-button__link\" href=\"https:\/\/scil-profile.de\/nl\/produkt-kategorie\/unkategorisiert-nl\/webbasiert-nl\/\">Jetzt einkaufen<\/a><\/div>\n\n<\/div><\/div><\/div><\/div>\n\n\n\n<div class=\"wp-block-column is-layout-flow wp-block-column-is-layout-flow\"><div data-block-name=\"woocommerce\/featured-category\" data-category-id=\"113\" data-edit-mode=\"false\" data-media-id=\"58894\" data-media-src=\"https:\/\/scil-profile.de\/wp-content\/uploads\/2020\/11\/Zertifizierung-scaled.jpg\" class=\"wc-block-featured-category alignnone has-background-dim sub-cat3 wp-block-woocommerce-featured-category\" style=\"min-height:500px;\"><div class=\"wc-block-featured-category__wrapper\"><div class=\"background-dim__overlay\" style=\"background-color: #000000\"><\/div><img decoding=\"async\" alt=\"Zertifizierung\" class=\"wc-block-featured-category__background-image\" src=\"https:\/\/scil-profile.de\/wp-content\/uploads\/2020\/11\/Zertifizierung-1024x649.jpg\" style=\"object-fit: none;object-position: 50% 50%;\" \/><h2 class=\"wc-block-featured-category__title\">Zertifizierung<\/h2><div class=\"wc-block-featured-category__description\"><p>SCIL Profile Master<\/p>\n<\/div><div class=\"wc-block-featured-category__inner-blocks\">\n\n<div class=\"wp-block-button aligncenter\"><a class=\"wp-block-button__link\" href=\"https:\/\/scil-profile.de\/nl\/produkt-kategorie\/weiterbildung-nl\/zertifizierung-nl\/\">Jetzt einkaufen<\/a><\/div>\n\n<\/div><\/div><\/div><\/div>\n<\/div>\n<\/div><\/div>\n\n\n\n<div style=\"height:73px\" aria-hidden=\"true\" class=\"wp-block-spacer\"><\/div>\n\n\n\n<h2 class=\"wp-block-heading\">Alle Print Produkte<\/h2>\n\n\n<div data-block-name=\"woocommerce\/featured-category\" data-category-id=\"90\" data-edit-mode=\"false\" class=\"wc-block-featured-category alignnone has-background-dim wp-block-woocommerce-featured-category\" style=\"min-height:500px;\"><div class=\"wc-block-featured-category__wrapper\"><div class=\"background-dim__overlay\" style=\"background-color: #000000\"><\/div><img decoding=\"async\" alt=\"Print &amp; Merchandising Artikel\" class=\"wc-block-featured-category__background-image\" src=\"https:\/\/scil-profile.de\/wp-content\/uploads\/2020\/11\/Print-1024x683.jpg\" style=\"object-fit: none;object-position: 50% 50%;\" \/><h2 class=\"wc-block-featured-category__title\">Print &amp; Merchandising Artikel<\/h2><div class=\"wc-block-featured-category__description\"><p>Publikationen und Merchandising-Artikel<\/p>\n<\/div><div class=\"wc-block-featured-category__inner-blocks\">\n\n<div class=\"wp-block-button aligncenter\"><a class=\"wp-block-button__link\" href=\"https:\/\/scil-profile.de\/nl\/produkt-kategorie\/print-nl\/\">Jetzt einkaufen<\/a><\/div>\n\n<\/div><\/div><\/div>\n\n\n<div style=\"height:100px\" aria-hidden=\"true\" class=\"wp-block-spacer\"><\/div>\n","protected":false},"excerpt":{"rendered":"<p>Bildungs-Voucher Alle Weiterbildungs-Angebote Alle Print Produkte<\/p>\n","protected":false},"author":2,"featured_media":0,"parent":0,"menu_order":0,"comment_status":"closed","ping_status":"closed","template":"","meta":{"pmpro_default_level":"","footnotes":""},"class_list":["post-72237","page","type-page","status-publish","hentry","pmpro-has-access"],"yoast_head":"<!-- This site is optimized with the Yoast SEO plugin v27.5 - https:\/\/yoast.com\/product\/yoast-seo-wordpress\/ -->\n<title>Winkel - SCIL Profile<\/title>\n<meta name=\"robots\" content=\"index, follow, max-snippet:-1, max-image-preview:large, max-video-preview:-1\" \/>\n<link rel=\"canonical\" href=\"https:\/\/scil-profile.de\/nl\/winkel\/\" \/>\n<meta property=\"og:locale\" content=\"nl_NL\" \/>\n<meta property=\"og:type\" content=\"article\" \/>\n<meta property=\"og:title\" content=\"Winkel - SCIL Profile\" \/>\n<meta property=\"og:description\" content=\"Bildungs-Voucher Alle Weiterbildungs-Angebote Alle Print Produkte\" \/>\n<meta property=\"og:url\" content=\"https:\/\/scil-profile.de\/nl\/winkel\/\" \/>\n<meta property=\"og:site_name\" content=\"SCIL Profile\" \/>\n<meta name=\"twitter:card\" content=\"summary_large_image\" \/>\n<script type=\"application\/ld+json\" class=\"yoast-schema-graph\">{\"@context\":\"https:\\\/\\\/schema.org\",\"@graph\":[{\"@type\":\"WebPage\",\"@id\":\"https:\\\/\\\/scil-profile.de\\\/nl\\\/winkel\\\/\",\"url\":\"https:\\\/\\\/scil-profile.de\\\/nl\\\/winkel\\\/\",\"name\":\"Winkel - SCIL Profile\",\"isPartOf\":{\"@id\":\"https:\\\/\\\/scil-profile.de\\\/#website\"},\"datePublished\":\"2021-12-20T17:02:46+00:00\",\"breadcrumb\":{\"@id\":\"https:\\\/\\\/scil-profile.de\\\/nl\\\/winkel\\\/#breadcrumb\"},\"inLanguage\":\"nl-NL\",\"potentialAction\":[{\"@type\":\"ReadAction\",\"target\":[\"https:\\\/\\\/scil-profile.de\\\/nl\\\/winkel\\\/\"]}]},{\"@type\":\"BreadcrumbList\",\"@id\":\"https:\\\/\\\/scil-profile.de\\\/nl\\\/winkel\\\/#breadcrumb\",\"itemListElement\":[{\"@type\":\"ListItem\",\"position\":1,\"name\":\"Weiterbildung\",\"item\":\"https:\\\/\\\/scil-profile.de\\\/\"},{\"@type\":\"ListItem\",\"position\":2,\"name\":\"Winkel\"}]},{\"@type\":\"WebSite\",\"@id\":\"https:\\\/\\\/scil-profile.de\\\/#website\",\"url\":\"https:\\\/\\\/scil-profile.de\\\/\",\"name\":\"SCIL Profile\",\"description\":\"Entdecke und entfalte Dein Charisma. Pers\u00f6nliche Wirkung und Wahrnehmung als Schl\u00fcssel f\u00fcr mehr Erfolg.\",\"potentialAction\":[{\"@type\":\"SearchAction\",\"target\":{\"@type\":\"EntryPoint\",\"urlTemplate\":\"https:\\\/\\\/scil-profile.de\\\/?s={search_term_string}\"},\"query-input\":{\"@type\":\"PropertyValueSpecification\",\"valueRequired\":true,\"valueName\":\"search_term_string\"}}],\"inLanguage\":\"nl-NL\"}]}<\/script>\n<!-- \/ Yoast SEO plugin. -->","yoast_head_json":{"title":"Winkel - SCIL Profile","robots":{"index":"index","follow":"follow","max-snippet":"max-snippet:-1","max-image-preview":"max-image-preview:large","max-video-preview":"max-video-preview:-1"},"canonical":"https:\/\/scil-profile.de\/nl\/winkel\/","og_locale":"nl_NL","og_type":"article","og_title":"Winkel - SCIL Profile","og_description":"Bildungs-Voucher Alle Weiterbildungs-Angebote Alle Print Produkte","og_url":"https:\/\/scil-profile.de\/nl\/winkel\/","og_site_name":"SCIL Profile","twitter_card":"summary_large_image","schema":{"@context":"https:\/\/schema.org","@graph":[{"@type":"WebPage","@id":"https:\/\/scil-profile.de\/nl\/winkel\/","url":"https:\/\/scil-profile.de\/nl\/winkel\/","name":"Winkel - SCIL Profile","isPartOf":{"@id":"https:\/\/scil-profile.de\/#website"},"datePublished":"2021-12-20T17:02:46+00:00","breadcrumb":{"@id":"https:\/\/scil-profile.de\/nl\/winkel\/#breadcrumb"},"inLanguage":"nl-NL","potentialAction":[{"@type":"ReadAction","target":["https:\/\/scil-profile.de\/nl\/winkel\/"]}]},{"@type":"BreadcrumbList","@id":"https:\/\/scil-profile.de\/nl\/winkel\/#breadcrumb","itemListElement":[{"@type":"ListItem","position":1,"name":"Weiterbildung","item":"https:\/\/scil-profile.de\/"},{"@type":"ListItem","position":2,"name":"Winkel"}]},{"@type":"WebSite","@id":"https:\/\/scil-profile.de\/#website","url":"https:\/\/scil-profile.de\/","name":"SCIL Profile","description":"Entdecke und entfalte Dein Charisma. Pers\u00f6nliche Wirkung und Wahrnehmung als Schl\u00fcssel f\u00fcr mehr Erfolg.","potentialAction":[{"@type":"SearchAction","target":{"@type":"EntryPoint","urlTemplate":"https:\/\/scil-profile.de\/?s={search_term_string}"},"query-input":{"@type":"PropertyValueSpecification","valueRequired":true,"valueName":"search_term_string"}}],"inLanguage":"nl-NL"}]}},"_links":{"self":[{"href":"https:\/\/scil-profile.de\/nl\/wp-json\/wp\/v2\/pages\/72237","targetHints":{"allow":["GET"]}}],"collection":[{"href":"https:\/\/scil-profile.de\/nl\/wp-json\/wp\/v2\/pages"}],"about":[{"href":"https:\/\/scil-profile.de\/nl\/wp-json\/wp\/v2\/types\/page"}],"author":[{"embeddable":true,"href":"https:\/\/scil-profile.de\/nl\/wp-json\/wp\/v2\/users\/2"}],"replies":[{"embeddable":true,"href":"https:\/\/scil-profile.de\/nl\/wp-json\/wp\/v2\/comments?post=72237"}],"version-history":[{"count":0,"href":"https:\/\/scil-profile.de\/nl\/wp-json\/wp\/v2\/pages\/72237\/revisions"}],"wp:attachment":[{"href":"https:\/\/scil-profile.de\/nl\/wp-json\/wp\/v2\/media?parent=72237"}],"curies":[{"name":"wp","href":"https:\/\/api.w.org\/{rel}","templated":true}]}}