{"id":86165,"date":"2024-04-18T06:47:13","date_gmt":"2024-04-18T04:47:13","guid":{"rendered":"https:\/\/scil-profile.de\/?post_type=product&#038;p=86165"},"modified":"2025-05-13T12:12:02","modified_gmt":"2025-05-13T10:12:02","slug":"liveonline-kompetenzmeeting-mit-andreas-bornhaeusser","status":"publish","type":"product","link":"https:\/\/scil-profile.de\/en\/produkt\/liveonline-kompetenzmeeting-mit-andreas-bornhaeusser\/","title":{"rendered":"LiveOnline &#8211; Kompetenzmeeting mit Andreas Bornh\u00e4u\u00dfer"},"content":{"rendered":"<h2>Mindestens <span style=\"color: #ff9900;\">2 Jas<\/span> sind wirklich wichtig<\/h2>\n<p>Um kurz zu kl\u00e4ren, ob es wirklich sinnvoll und nutzbringend f\u00fcr Dich ist, die Expertise des Charisma-, Kommunikations- und Pr\u00e4sentations-Profis Andreas Bornh\u00e4u\u00dfer in Anspruch zu nehmen, lies Dir bitte die folgenden Bulletpoints kurz durch:<\/p>\n<ol>\n<li>W\u00fcnschst Du Dir ein kompetentes Feedback zu einer Pr\u00e4sentation oder einem Vortrag, den Du gehalten hast?<\/li>\n<li>Ist k\u00fcrzlich eine Begegnung nicht so verlaufen, wie Du es Dir gew\u00fcnscht hast und willst Du jetzt wissen, warum das so war und wie Du es die n\u00e4chsten Male erfolgreicher und erfreulicher gestaltest?<\/li>\n<li>M\u00f6chtest einen bevorstehenden Pitch so professionel vorbereiten, dass Du die Teilnehmenden souver\u00e4n und nachhaltig f\u00fcr Dich und Deine Sache gewinnst?<\/li>\n<li>Willst Deine Wahrnehmungs- und Wirkungs-Kompetenz reflektieren und Dein Interaktionsrepertoire erweitern, damit Du zuk\u00fcnftig in noch mehr Situationen bei noch mehr Menschen die beabsichtigte Resonanz erzielst?<\/li>\n<li>Bist Du ernsthaft interessiert und wirklich bereit, Deine Selbstwirsamkeit zu entwickeln, neue und vielleicht ungewohnte Ideen zuzulassen, Deinen Verhaltensweisen eventuell hinzuzuf\u00fcgen und Deine Komfortzone in Bezug auf die Themen Wahrnehmung, Ausstrahlung und Anziehungskraft zu erweitern?<\/li>\n<\/ol>\n<p>Wenn Du mindestens zwei dieser Fragen mit Ja beantworten kannst, bist Du hier genau richtig. Und wahrscheinlich ahnst Du es schon: Frage 5 sollte unbedingt Dein Ja bekommen. Wenn Du wirklich offen und gewillt bist, dann freuen wir uns auf Deine Buchung f\u00fcr ein mind. einst\u00fcndiges, gerne aber auch mehrst\u00fcndiges Kompetenz-Meeting mit Andreas Bornh\u00e4u\u00dfer . Hier noch kurz ein paar Informationen zur Person<\/p>\n<h2>Andreas Bornh\u00e4u\u00dfer<\/h2>\n<p>Seit 1982 erfolgreich selbst\u00e4ndig als Berater, Coach und Trainer. Gesch\u00e4ftsf\u00fchrer der Bornh\u00e4u\u00dfer &amp; Friends GmbH. Kernkompetenz: Gelingende Kommunikation in F\u00fchrung und Verkauf. \u00dcber 250.000 Menschen haben von seiner Expertise und seinen Impulsen in Vortr\u00e4gen, Seminaren, Coachings und Beratungsprozessen beruflich und privat bereits profitiert. Andreas Bornh\u00e4u\u00dfer wird von zahlreichen namhaften\u00a0 Pers\u00f6nlichkeiten und F\u00fchrungskr\u00e4ften aus Politik, Wirtschaft und der Medienbranche als Coach konsultiert. Dar\u00fcber hinaus ist er viel gefragter Moderator von Galaveranstaltungen, Kongressen, Messen und Podiumsdiskussionen, der mit charmantem Esprit und journalistischer Pr\u00e4senz Information und Unterhaltung gekonnt miteinander verbindet. Er ist Urheber der Pr\u00e4sentainment-Methode, des KeyMotion-Prinzips sowie Urheber und Lizenzgeber des SCIL Profile.<\/p>\n<h2><strong>Wichtige berufliche Stationen<\/strong><\/h2>\n<ul>\n<li>2018 Aufnahme der drei S\u00f6hne Benjamin, Leonardo und Nino Bornh\u00e4u\u00dfer als Gesellschafter und Umwandlung der Pr\u00e4sentainment Company in die Bornh\u00e4u\u00dfer&amp;Friends GmbH<\/li>\n<li>2004 Autorisierung zum DISG Trainer durch Friedbert Gay, Persolog<\/li>\n<li>1996 bis 1998 Vizepr\u00e4sident des BDVT<\/li>\n<li>1992 bis 1996 Vorsitzender der Berufsgruppe der Selbst\u00e4ndigen im BDVT<\/li>\n<li>1992 bis 1994 Ausbildung zum NLP Trainer durch Dr. Bertold Ulsamer<\/li>\n<li>1991 Umwandlung der Bornh\u00e4u\u00dfer&amp;R\u00fccker GmbH in die Pr\u00e4sentainment Company GmbH<\/li>\n<li>1990 Gr\u00fcndung der aim Academy For Inner Management (gemeinsam mit<br \/>\nMaria Sorel de Neufchateau und Elke Rickenbach)<\/li>\n<li>1989 Ausbildung zum Mentaltrainer nach der Silva Mind Control-Methode durch<br \/>\nMaria Sorel de Neufchateau und Elke Rickenbach<\/li>\n<li>1986 bis 1988 Qualifizierung zum Selbstmanagement Trainer durch Christo Quiske<br \/>\nund sein IAK-Team<\/li>\n<li>1982 Gr\u00fcndung der Bornh\u00e4u\u00dfer&amp;R\u00fccker Werbe-, Verkaufsf\u00f6rderungs- und<br \/>\nTrainingsgesellschaft mbH<\/li>\n<li>1982 Ausbildung zum Verkaufs- und Verhaltenstrainer durch Max Meier-Maletz<br \/>\nund 10-j\u00e4hrige Lizenzpartnerschaft mit diesem<\/li>\n<li>1976 &#8211; 1982 freischaffender Konzeptioner und Werbetexter, Produktioner in div.<br \/>\nWerbeagenturen und Werbeassistent bei EMI Electrola in K\u00f6ln<\/li>\n<li>1973 \u2013 1976 abgeschlossene Berufsausbildung als Reprograph<\/li>\n<\/ul>\n<h2><strong>Ver\u00f6ffentlichungen<\/strong><\/h2>\n<ul>\n<li><span style=\"color: #0000ff;\"><strong><a href=\"https:\/\/scil-profile.de\/produkt\/manuskript-von-albisano\/\" style=\"color: #0000ff;\">Manuskript von Albisano<\/a>,<\/strong> <\/span>Roman, Herodotverlag, Erscheinungstermin August 2024<\/li>\n<li><strong><span style=\"color: #0000ff;\"><a href=\"https:\/\/scil-profile.de\/produkt\/gespraechsfuehrung\/\" style=\"color: #0000ff;\">Gespr\u00e4chsf\u00fchrung,<\/a><\/span><\/strong> 30 Minuten Kompaktwissen, Gabal Verlag, 2019<\/li>\n<li><strong>SCIL Performance Strategie<\/strong> \u2013 Garantiert gute Resonanz erschienen im Handbuch der Pers\u00f6nlichkeitsanalysen, Gabal Verlag, 2015<\/li>\n<li><strong><a href=\"https:\/\/scil-profile.de\/produkt\/buch-wie-wirke-ich\/\"><span style=\"color: #0000ff;\">Wie wirke ich?<\/span><\/a><em>,<\/em><\/strong> 30 Minuten Kompaktwissen, Gabal Verlag, 2014<\/li>\n<li><strong><a href=\"https:\/\/scil-profile.de\/produkt\/buch-das-keymotion-prinzip\/\"><span style=\"color: #0000ff;\">Das KeyMotion Prinzip<\/span><\/a>, Hardcover, <\/strong>Breuer und Wardin, 2011<\/li>\n<li><strong>Synagement Charismamodell, <\/strong>55 min. DVD, 2008, BENLEO Verlag<\/li>\n<li><strong>Pr\u00e4sentainment \u2013 Gekonnt pr\u00e4sentieren, pers\u00f6nlich \u00fcberzeugen,<br \/>\n<\/strong>55 min. DVD, 2008, BENLEO Verlag<\/li>\n<li><strong>So werden Sie Spitzentrainer <\/strong>2002, erschienen in \u201eTrainerkarriere\u201c<br \/>\nHans A. Hey, GABAL Verlag<\/li>\n<li><strong>Pr\u00e4sentainment im Verkauf \u2013 Die Kunst der intensiven Pr\u00e4senz,<em><br \/>\n<\/em><\/strong>2001, erschienen in \u201eVon den Besten profitieren\u201c, Hrsg. Hermann Scherer, GABAL Verlag<\/li>\n<li><strong>Pr\u00e4sentainment \u2013 Die hohe Kunst des Verkaufens, <\/strong>2001,<br \/>\nPaperback, BENLEO Verlag<\/li>\n<li><strong>Kreativit\u00e4t in Marketing und Verkauf, <\/strong>1998, erschienen<br \/>\nin Das gro\u00dfe Handbuch f\u00fcr Verkaufsleiter,<br \/>\nErich Norbert Detroy, mi verlag moderne industrie<\/li>\n<li><strong>Pr\u00e4sentainment f\u00fcr Verkaufsleiter, <\/strong>1998,<br \/>\nerschienen in Das gro\u00dfe Handbuch f\u00fcr Verkaufsleiter,<br \/>\nErich Norbert Detroy, mi verlag moderne industrie<\/li>\n<li><strong>Pr\u00e4sentainment \u2013 Die hohe Kunst des Verkaufens, <\/strong>1996, BENLEO Verlag<\/li>\n<li><strong><a href=\"https:\/\/scil-profile.de\/produkt\/buch-jetzt-reichts\/\"><span style=\"color: #0000ff;\">Jetzt reicht\u2019s<\/span><\/a> \u2013 ein au\u00dfer(ordentlich)irdischer Roman \u00fcber F\u00fchrung und Motivation, <\/strong>1993, mi verlag moderne industrie<\/li>\n<li><strong>Excellente Werbetexte durch NLP, <\/strong>1992, erschienen in<br \/>\nKommunikationspraxis, Hrsg. Lutz E. Weidner, mi verlag moderne industrie<\/li>\n<li><strong>Motivation \u2013 Alles Gute kommt von innen,<\/strong>1992, erschienen in Erfolgreiches Verkaufsmanagement, Hrsg. G\u00fcnther M. Brockmann, mi verlag moderne industrie<\/li>\n<\/ul>\n<p>Die unterstrichenen und blau markierten Ver\u00f6ffentlichungen sind in unserem Shop erh\u00e4ltlich. Ein Klick auf den markierten Text bringt Dich jeweils direkt zum Produkt.<\/p>\n<p>&nbsp;<\/p>\n","protected":false},"excerpt":{"rendered":"<p><strong>Nettopreis 596,64 \u20ac<\/strong> (pro 60 Minuten) zzgl. 113,36 \u20ac 19% MwSt pro 60 Minuten<\/p>\n<p>In diesem LiveOnline-Kompetenzmeetimng mit dem erfahrenen Kommuniktionsexperten Andreas Bornh\u00e4u\u00dfer wird nur gemacht, was Du willst und was Dich wirklich weiter bringt. Bitte schreib deshalb bei Deiner Bestellung unbedingt auch im Kommentarfeld dazu, was genau Du in der virtuellen Begegnung thematisieren und erreichen willst. Hier ein paar Anregungen dazu f\u00fcr Dich<\/p>\n<ul>\n<li>Feedback zu einem Vortrag oder einer Pr\u00e4sentation<\/li>\n<li>Grunds\u00e4tzliche Selbstreflektion zu den Themen Wirkung Wahrnehmung<\/li>\n<li>Sales-Pr\u00e4sentation entwickeln oder optimieren<\/li>\n<li>Gespr\u00e4ch oder Teammeting vorbereiten<\/li>\n<li>Vortrag entwickeln<\/li>\n<li>Wahrnehmung sch\u00e4rfen<\/li>\n<li>Wirkung steigern<\/li>\n<li>Souver\u00e4nit\u00e4t st\u00e4rken<\/li>\n<li>oder was immer Du Dir auch w\u00fcnschst<\/li>\n<\/ul>\n<p>Auf Wunsch wird das Meeting aufgezeichnet und Dir die Videodatei nachher in unserem Lern Management Systems (LMS) zur Verf\u00fcgung gestellt.<\/p>\n<p>&nbsp;<\/p>\n","protected":false},"featured_media":86166,"template":"","meta":{"pmpro_default_level":""},"product_brand":[],"product_cat":[570],"product_tag":[],"class_list":{"0":"post-86165","1":"product","2":"type-product","3":"status-publish","4":"has-post-thumbnail","6":"product_cat-liveonline-and-more","7":"pmpro-has-access","9":"first","10":"instock","11":"taxable","12":"shipping-taxable","13":"purchasable","14":"product-type-simple"},"yoast_head":"<!-- This site is optimized with the Yoast SEO plugin v27.3 - https:\/\/yoast.com\/product\/yoast-seo-wordpress\/ -->\n<title>LiveOnline - Kompetenzmeeting mit Andreas Bornh\u00e4u\u00dfer - SCIL Profile<\/title>\n<meta name=\"robots\" content=\"index, follow, max-snippet:-1, max-image-preview:large, max-video-preview:-1\" \/>\n<link rel=\"canonical\" href=\"https:\/\/scil-profile.de\/produkt\/liveonline-kompetenzmeeting-mit-andreas-bornhaeusser\/\" \/>\n<meta property=\"og:locale\" content=\"en_US\" \/>\n<meta property=\"og:type\" content=\"article\" \/>\n<meta property=\"og:title\" content=\"LiveOnline - Kompetenzmeeting mit Andreas Bornh\u00e4u\u00dfer - SCIL Profile\" \/>\n<meta property=\"og:description\" content=\"Nettopreis 596,64 \u20ac (pro 60 Minuten) zzgl. 113,36 \u20ac 19% MwSt pro 60 Minuten  In diesem LiveOnline-Kompetenzmeetimng mit dem erfahrenen Kommuniktionsexperten Andreas Bornh\u00e4u\u00dfer wird nur gemacht, was Du willst und was Dich wirklich weiter bringt. Bitte schreib deshalb bei Deiner Bestellung unbedingt auch im Kommentarfeld dazu, was genau Du in der virtuellen Begegnung thematisieren und erreichen willst. Hier ein paar Anregungen dazu f\u00fcr Dich   Feedback zu einem Vortrag oder einer Pr\u00e4sentation  Grunds\u00e4tzliche Selbstreflektion zu den Themen Wirkung Wahrnehmung  Sales-Pr\u00e4sentation entwickeln oder optimieren  Gespr\u00e4ch oder Teammeting vorbereiten  Vortrag entwickeln  Wahrnehmung sch\u00e4rfen  Wirkung steigern  Souver\u00e4nit\u00e4t st\u00e4rken  oder was immer Du Dir auch w\u00fcnschst  Auf Wunsch wird das Meeting aufgezeichnet und Dir die Videodatei nachher in unserem Lern Management Systems (LMS) zur Verf\u00fcgung gestellt.  &nbsp;\" \/>\n<meta property=\"og:url\" content=\"https:\/\/scil-profile.de\/produkt\/liveonline-kompetenzmeeting-mit-andreas-bornhaeusser\/\" \/>\n<meta property=\"og:site_name\" content=\"SCIL Profile\" \/>\n<meta property=\"article:modified_time\" content=\"2025-05-13T10:12:02+00:00\" \/>\n<meta property=\"og:image\" content=\"https:\/\/scil-profile.de\/wp-content\/uploads\/2024\/04\/AB_Shopbild.jpg\" \/>\n\t<meta property=\"og:image:width\" content=\"1024\" \/>\n\t<meta property=\"og:image:height\" content=\"576\" \/>\n\t<meta property=\"og:image:type\" content=\"image\/jpeg\" \/>\n<meta name=\"twitter:card\" content=\"summary_large_image\" \/>\n<meta name=\"twitter:label1\" content=\"Est. reading time\" \/>\n\t<meta name=\"twitter:data1\" content=\"5 minutes\" \/>\n<script type=\"application\/ld+json\" class=\"yoast-schema-graph\">{\"@context\":\"https:\\\/\\\/schema.org\",\"@graph\":[{\"@type\":\"WebPage\",\"@id\":\"https:\\\/\\\/scil-profile.de\\\/produkt\\\/liveonline-kompetenzmeeting-mit-andreas-bornhaeusser\\\/\",\"url\":\"https:\\\/\\\/scil-profile.de\\\/produkt\\\/liveonline-kompetenzmeeting-mit-andreas-bornhaeusser\\\/\",\"name\":\"LiveOnline - Kompetenzmeeting mit Andreas Bornh\u00e4u\u00dfer - SCIL Profile\",\"isPartOf\":{\"@id\":\"https:\\\/\\\/scil-profile.de\\\/#website\"},\"primaryImageOfPage\":{\"@id\":\"https:\\\/\\\/scil-profile.de\\\/produkt\\\/liveonline-kompetenzmeeting-mit-andreas-bornhaeusser\\\/#primaryimage\"},\"image\":{\"@id\":\"https:\\\/\\\/scil-profile.de\\\/produkt\\\/liveonline-kompetenzmeeting-mit-andreas-bornhaeusser\\\/#primaryimage\"},\"thumbnailUrl\":\"https:\\\/\\\/scil-profile.de\\\/wp-content\\\/uploads\\\/2024\\\/04\\\/AB_Shopbild.jpg\",\"datePublished\":\"2024-04-18T04:47:13+00:00\",\"dateModified\":\"2025-05-13T10:12:02+00:00\",\"breadcrumb\":{\"@id\":\"https:\\\/\\\/scil-profile.de\\\/produkt\\\/liveonline-kompetenzmeeting-mit-andreas-bornhaeusser\\\/#breadcrumb\"},\"inLanguage\":\"en-US\",\"potentialAction\":[{\"@type\":\"ReadAction\",\"target\":[\"https:\\\/\\\/scil-profile.de\\\/produkt\\\/liveonline-kompetenzmeeting-mit-andreas-bornhaeusser\\\/\"]}]},{\"@type\":\"ImageObject\",\"inLanguage\":\"en-US\",\"@id\":\"https:\\\/\\\/scil-profile.de\\\/produkt\\\/liveonline-kompetenzmeeting-mit-andreas-bornhaeusser\\\/#primaryimage\",\"url\":\"https:\\\/\\\/scil-profile.de\\\/wp-content\\\/uploads\\\/2024\\\/04\\\/AB_Shopbild.jpg\",\"contentUrl\":\"https:\\\/\\\/scil-profile.de\\\/wp-content\\\/uploads\\\/2024\\\/04\\\/AB_Shopbild.jpg\",\"width\":1024,\"height\":576},{\"@type\":\"BreadcrumbList\",\"@id\":\"https:\\\/\\\/scil-profile.de\\\/produkt\\\/liveonline-kompetenzmeeting-mit-andreas-bornhaeusser\\\/#breadcrumb\",\"itemListElement\":[{\"@type\":\"ListItem\",\"position\":1,\"name\":\"Weiterbildung\",\"item\":\"https:\\\/\\\/scil-profile.de\\\/\"},{\"@type\":\"ListItem\",\"position\":2,\"name\":\"Shop\",\"item\":\"https:\\\/\\\/scil-profile.de\\\/shop\\\/\"},{\"@type\":\"ListItem\",\"position\":3,\"name\":\"LiveOnline &#8211; Kompetenzmeeting mit Andreas Bornh\u00e4u\u00dfer\"}]},{\"@type\":\"WebSite\",\"@id\":\"https:\\\/\\\/scil-profile.de\\\/#website\",\"url\":\"https:\\\/\\\/scil-profile.de\\\/\",\"name\":\"SCIL Profile\",\"description\":\"Entdecke und entfalte Dein Charisma. Pers\u00f6nliche Wirkung und Wahrnehmung als Schl\u00fcssel f\u00fcr mehr Erfolg.\",\"potentialAction\":[{\"@type\":\"SearchAction\",\"target\":{\"@type\":\"EntryPoint\",\"urlTemplate\":\"https:\\\/\\\/scil-profile.de\\\/?s={search_term_string}\"},\"query-input\":{\"@type\":\"PropertyValueSpecification\",\"valueRequired\":true,\"valueName\":\"search_term_string\"}}],\"inLanguage\":\"en-US\"}]}<\/script>\n<!-- \/ Yoast SEO plugin. -->","yoast_head_json":{"title":"LiveOnline - Kompetenzmeeting mit Andreas Bornh\u00e4u\u00dfer - SCIL Profile","robots":{"index":"index","follow":"follow","max-snippet":"max-snippet:-1","max-image-preview":"max-image-preview:large","max-video-preview":"max-video-preview:-1"},"canonical":"https:\/\/scil-profile.de\/produkt\/liveonline-kompetenzmeeting-mit-andreas-bornhaeusser\/","og_locale":"en_US","og_type":"article","og_title":"LiveOnline - Kompetenzmeeting mit Andreas Bornh\u00e4u\u00dfer - SCIL Profile","og_description":"Nettopreis 596,64 \u20ac (pro 60 Minuten) zzgl. 113,36 \u20ac 19% MwSt pro 60 Minuten  In diesem LiveOnline-Kompetenzmeetimng mit dem erfahrenen Kommuniktionsexperten Andreas Bornh\u00e4u\u00dfer wird nur gemacht, was Du willst und was Dich wirklich weiter bringt. Bitte schreib deshalb bei Deiner Bestellung unbedingt auch im Kommentarfeld dazu, was genau Du in der virtuellen Begegnung thematisieren und erreichen willst. Hier ein paar Anregungen dazu f\u00fcr Dich   Feedback zu einem Vortrag oder einer Pr\u00e4sentation  Grunds\u00e4tzliche Selbstreflektion zu den Themen Wirkung Wahrnehmung  Sales-Pr\u00e4sentation entwickeln oder optimieren  Gespr\u00e4ch oder Teammeting vorbereiten  Vortrag entwickeln  Wahrnehmung sch\u00e4rfen  Wirkung steigern  Souver\u00e4nit\u00e4t st\u00e4rken  oder was immer Du Dir auch w\u00fcnschst  Auf Wunsch wird das Meeting aufgezeichnet und Dir die Videodatei nachher in unserem Lern Management Systems (LMS) zur Verf\u00fcgung gestellt.  &nbsp;","og_url":"https:\/\/scil-profile.de\/produkt\/liveonline-kompetenzmeeting-mit-andreas-bornhaeusser\/","og_site_name":"SCIL Profile","article_modified_time":"2025-05-13T10:12:02+00:00","og_image":[{"width":1024,"height":576,"url":"https:\/\/scil-profile.de\/wp-content\/uploads\/2024\/04\/AB_Shopbild.jpg","type":"image\/jpeg"}],"twitter_card":"summary_large_image","twitter_misc":{"Est. reading time":"5 minutes"},"schema":{"@context":"https:\/\/schema.org","@graph":[{"@type":"WebPage","@id":"https:\/\/scil-profile.de\/produkt\/liveonline-kompetenzmeeting-mit-andreas-bornhaeusser\/","url":"https:\/\/scil-profile.de\/produkt\/liveonline-kompetenzmeeting-mit-andreas-bornhaeusser\/","name":"LiveOnline - Kompetenzmeeting mit Andreas Bornh\u00e4u\u00dfer - SCIL Profile","isPartOf":{"@id":"https:\/\/scil-profile.de\/#website"},"primaryImageOfPage":{"@id":"https:\/\/scil-profile.de\/produkt\/liveonline-kompetenzmeeting-mit-andreas-bornhaeusser\/#primaryimage"},"image":{"@id":"https:\/\/scil-profile.de\/produkt\/liveonline-kompetenzmeeting-mit-andreas-bornhaeusser\/#primaryimage"},"thumbnailUrl":"https:\/\/scil-profile.de\/wp-content\/uploads\/2024\/04\/AB_Shopbild.jpg","datePublished":"2024-04-18T04:47:13+00:00","dateModified":"2025-05-13T10:12:02+00:00","breadcrumb":{"@id":"https:\/\/scil-profile.de\/produkt\/liveonline-kompetenzmeeting-mit-andreas-bornhaeusser\/#breadcrumb"},"inLanguage":"en-US","potentialAction":[{"@type":"ReadAction","target":["https:\/\/scil-profile.de\/produkt\/liveonline-kompetenzmeeting-mit-andreas-bornhaeusser\/"]}]},{"@type":"ImageObject","inLanguage":"en-US","@id":"https:\/\/scil-profile.de\/produkt\/liveonline-kompetenzmeeting-mit-andreas-bornhaeusser\/#primaryimage","url":"https:\/\/scil-profile.de\/wp-content\/uploads\/2024\/04\/AB_Shopbild.jpg","contentUrl":"https:\/\/scil-profile.de\/wp-content\/uploads\/2024\/04\/AB_Shopbild.jpg","width":1024,"height":576},{"@type":"BreadcrumbList","@id":"https:\/\/scil-profile.de\/produkt\/liveonline-kompetenzmeeting-mit-andreas-bornhaeusser\/#breadcrumb","itemListElement":[{"@type":"ListItem","position":1,"name":"Weiterbildung","item":"https:\/\/scil-profile.de\/"},{"@type":"ListItem","position":2,"name":"Shop","item":"https:\/\/scil-profile.de\/shop\/"},{"@type":"ListItem","position":3,"name":"LiveOnline &#8211; Kompetenzmeeting mit Andreas Bornh\u00e4u\u00dfer"}]},{"@type":"WebSite","@id":"https:\/\/scil-profile.de\/#website","url":"https:\/\/scil-profile.de\/","name":"SCIL Profile","description":"Entdecke und entfalte Dein Charisma. Pers\u00f6nliche Wirkung und Wahrnehmung als Schl\u00fcssel f\u00fcr mehr Erfolg.","potentialAction":[{"@type":"SearchAction","target":{"@type":"EntryPoint","urlTemplate":"https:\/\/scil-profile.de\/?s={search_term_string}"},"query-input":{"@type":"PropertyValueSpecification","valueRequired":true,"valueName":"search_term_string"}}],"inLanguage":"en-US"}]}},"_links":{"self":[{"href":"https:\/\/scil-profile.de\/en\/wp-json\/wp\/v2\/product\/86165","targetHints":{"allow":["GET"]}}],"collection":[{"href":"https:\/\/scil-profile.de\/en\/wp-json\/wp\/v2\/product"}],"about":[{"href":"https:\/\/scil-profile.de\/en\/wp-json\/wp\/v2\/types\/product"}],"wp:featuredmedia":[{"embeddable":true,"href":"https:\/\/scil-profile.de\/en\/wp-json\/wp\/v2\/media\/86166"}],"wp:attachment":[{"href":"https:\/\/scil-profile.de\/en\/wp-json\/wp\/v2\/media?parent=86165"}],"wp:term":[{"taxonomy":"product_brand","embeddable":true,"href":"https:\/\/scil-profile.de\/en\/wp-json\/wp\/v2\/product_brand?post=86165"},{"taxonomy":"product_cat","embeddable":true,"href":"https:\/\/scil-profile.de\/en\/wp-json\/wp\/v2\/product_cat?post=86165"},{"taxonomy":"product_tag","embeddable":true,"href":"https:\/\/scil-profile.de\/en\/wp-json\/wp\/v2\/product_tag?post=86165"}],"curies":[{"name":"wp","href":"https:\/\/api.w.org\/{rel}","templated":true}]}}