{"id":80556,"date":"2024-01-03T16:08:11","date_gmt":"2024-01-03T15:08:11","guid":{"rendered":"https:\/\/scil-profile.de\/?post_type=product&#038;p=80556"},"modified":"2026-02-18T15:25:06","modified_gmt":"2026-02-18T14:25:06","slug":"ok-coaching-lingua-frequenz-bildhaftigkeit","status":"publish","type":"product","link":"https:\/\/scil-profile.de\/en\/produkt\/ok-coaching-lingua-frequenz-bildhaftigkeit\/","title":{"rendered":"OK Coaching | Lingua Frequenz Bildhaftigkeit"},"content":{"rendered":"<p><strong>OK-Coaching<\/strong> ist die Abk\u00fcrzung f\u00fcr <strong><em>O<\/em><\/strong>nline<strong><em>K<\/em><\/strong>ommunikations-Coaching. <strong>Dieser Kurs besteht aus insgesamt 2 Lektionen, 13 Themenmodulen und enth\u00e4lt 4 unterschiedlich schwierige Tests bzw. interaktive Elemente<em>.<\/em><\/strong> Ziel des Kurses ist es, Dein Kommunikationsrepertoire auf der Lingua-Frequenz <strong>Bildhaftigkeit<\/strong>\u00a0 zu festigen und zu erweitern. Und zwar so, wie es im folgenden beschrieben ist:<\/p>\n<p>Ein Bild sagt bekanntlich mehr als tausend Worte. Du scheinst \u00fcber eine hohe Bildhaftigkeit in Deiner Sprache zu verf\u00fcgen. Die f\u00e4llt es in vielen Situationen leicht, das von Dir selbst als merk- w\u00fcrdig Bewertete f\u00fcr andere auch merk-f\u00e4hig zu machen. Die ents\u00fcrechende Bildhfatigkeit versetzt Dich in die Lage, zu nahezu jeder Aussage einen bildhaften Vergleich formulieren zu k\u00f6nnen. In Deinen Formulierungen taucht die Redewendung \u201edas ist, wie wenn\u201c immer wieder mal auf.<\/p>\n<p>Wenn Du anderen beispielsweise deutlich machen willst, welchen Nutzen der 64-Terrabyte-Speicher gegen\u00fcber dem 32-Terrabyte- Speicher hat, dann wirst Du nicht nur vom Vorteil der doppelten Kapazit\u00e4t sprechen, sondern eine Formulierung einstreuen wie \u201eDas ist, wie wenn Sie immer 64 Personen bef\u00f6rdern wollen. Bei einem Bus m\u00fcssen sie mit einem Bus mit 32 Personen jedes Mal zweimal fahren. Mit einem Bus mit 64 Sitzpl\u00e4tzen sparen Sie genau 50% der Wegstrecke und damit der Gesamtkosten sowie 50% der Zeit.\u201c Dadurch erweckst Du bei anderen den Eindruck, dass Du selbst komplexe Sachverhalte stets verst\u00e4ndlich vermitteln kannst, weil Du immer ein eing\u00e4ngiges Bild parat zu haben scheinst. Man sagt Dir auch nach, dass Du ein guter Geschichtenerz\u00e4hler bist.<\/p>\n<p>Im Rahmen einer Pr\u00e4sentation oder eines Vortrags zeichnest Du Dich zum Beispiel dadurch aus, dass Du Deine inhaltlichen Aussagen mit einer einpr\u00e4gsamen Metapher \u00fcbersetzt und damit f\u00fcr die anderen verst\u00e4ndlicher machst. Die Charts Deiner Pr\u00e4sentationen sind deshalb auch deutlich bildlastiger und die textlichen Aussagen auf ein Minimum reduziert. Dieses ausgepr\u00e4gte Verm\u00f6gen, in und mit Bildern zu sprechen, setzt Du gleicherma\u00dfen in bilateralen Begegnungen ein. Selbst wenn Du keine Medien zur Unterst\u00fctzung des Gesprochenen verwendest, \u201e\u00fcbersetzt\u201c Du Deine Aussagen in Bilder.<\/p>\n<p><img fetchpriority=\"high\" decoding=\"async\" src=\"https:\/\/scil-profile.de\/wp-content\/uploads\/2024\/01\/Icon_Bildhaftigkeit-300x262.png\" alt=\"\" width=\"540\" height=\"472\" class=\"wp-image-120377 alignleft\" srcset=\"https:\/\/scil-profile.de\/wp-content\/uploads\/2024\/01\/Icon_Bildhaftigkeit-300x262.png 300w, https:\/\/scil-profile.de\/wp-content\/uploads\/2024\/01\/Icon_Bildhaftigkeit-1024x893.png 1024w, https:\/\/scil-profile.de\/wp-content\/uploads\/2024\/01\/Icon_Bildhaftigkeit-768x670.png 768w, https:\/\/scil-profile.de\/wp-content\/uploads\/2024\/01\/Icon_Bildhaftigkeit-1536x1340.png 1536w, https:\/\/scil-profile.de\/wp-content\/uploads\/2024\/01\/Icon_Bildhaftigkeit-2048x1787.png 2048w, https:\/\/scil-profile.de\/wp-content\/uploads\/2024\/01\/Icon_Bildhaftigkeit-624x544.png 624w, https:\/\/scil-profile.de\/wp-content\/uploads\/2024\/01\/Icon_Bildhaftigkeit-600x523.png 600w\" sizes=\"(max-width: 540px) 100vw, 540px\" \/>Um Dich bei der Erweiterung Deines Repertoires in dem zuvor beschriebenen Sinne\u00a0<em><strong> <\/strong><\/em>erfolgreich begleiten zu k\u00f6nnen, behandeln wir in diesem Kurs u.a. die folgenden Fragen und trainieren die daraus ableitbaren \u00dcbungen mit Dir:<\/p>\n<ul>\n<li style=\"list-style-type: none;\">\n<ul>\n<li><em>Was bedeutet gehirngerechts Kommunizieren nach Vera F. Birkenbihl?<\/em><\/li>\n<li><em>Warum hat die Bildhaftigkeit der Sprache eine solche mnemotechnische Kraft und Wirkung?<\/em><\/li>\n<li><em>Wie lassen sich geeignete bildhafte Vergleiche am besten finden?<\/em><\/li>\n<li><em>Welche Bedeutung haben Volksweisheiten und Zitate in diesem Zusammenhang?<\/em><\/li>\n<li><em>Was ist eine KeyMotion und welche Nutzen sind damit verbunden?<\/em><\/li>\n<li><em>Wir werden wirksame KeyMotions am besten entwickelt?<\/em><\/li>\n<li><em>Warum sind Kein- und Nicht-Botschaften besser zu vermeiden?<\/em><\/li>\n<li><em>Wie wirkt sich das Thema Bildhaftigkeit auf Deine grunds\u00e4tzlichre Ged\u00e4chtnisleistung aus?<\/em><\/li>\n<li><em>Arbeitest Du in diesem Kurs nur daran, dass Du als Pers\u00f6nlichkeit mit ausgpr\u00e4gten Kompetenzen im Bereich Bildhaftigkeit wahrgenommen wirst ooder wirken sich die Besch\u00e4ftigung mit der Thematik und die \u00dcbungen auch auf die tats\u00e4chliche Bildhaftigkeit Deiner Sprache aus?<\/em><\/li>\n<\/ul>\n<\/li>\n<\/ul>\n<ul class=\"wp-block-list\"><\/ul>\n<p>Auf die letzte Frage hier schon mal eine erste konkrete Antwort, die so \u00fcbrigens\u00a0 auch f\u00fcr alle anderen Frequenzen gilt:<strong> Spiel wird zum Schein. Schein wird zum Sein. Sein wird zum Spiel. <\/strong>Du trainierst in diesem Kurs auf sehr spielerische Art und Weise, den beabsichtigten Eindruck zu erwecken. Arbeitest Du aktiv und intensiv genug an diesem Eindruck oder Schein, dringt dies \u00fcber kurz oder lang auch nach Innen. Die entsprechenden Kompetenzen werden mehr und mehr Teil Deiner Pers\u00f6nlichkeit. Und schlie\u00dflich wirst Du zunehmend Freude an dieser Art der Repertoire-Erweiterung\u00a0 haben, sodass Deine Motivation und die F\u00e4higkeiten steigen, immer wieder aufs Neue damit zu spielen und Dich weiterzuentwickeln.<em> Spiel wird zum Schein =<\/em><strong> Deine Wahrnehmung wird sch\u00e4rfer und Deine Ausstrahlung kontinuierlich souver\u00e4ner. <\/strong><em>Schein wird zum Sein =<\/em><strong>\u00a0 Du erweckst das Charisma in Dir wieder zum Leben und bringst es zur Entfaltung. <\/strong><em>Sein wird zum Spiel =\u00a0<\/em><strong>Du wirst sukzessive virtuoser und ziehst immer mehr Register gelingender und gewinnender Kommunikation.<\/strong><\/p>\n<h6><strong>Ausschlu\u00df des Widerruffrechts:<\/strong><\/h6>\n<h6><strong>Es wird an dieser Stelle ausdr\u00fccklich darauf hingewiesen, dass das Widerrufsrecht erlischt, sobald\u00a0 die jeweiligen Kurse\u00a0 und\/oder Lizenzcodes f\u00fcr die Nutzung von Analyse-Tools freigeschaltet wurden. Der Zeitpunkt der Mitteilung \u00fcber die Freischaltung an die Kundin\/den Kunden gilt als Beginn der Ausf\u00fchrung des Vertrages. Geleistete Zahlungen werden ab diesem Zeitpunkt nicht zur\u00fcckerstattet.<span>\u00a0<\/span><\/strong><strong>Siehe dazu auch unsere rechtskonforme Widerrufsbelehrung:<span>\u00a0<\/span><a href=\"https:\/\/scil-profile.de\/ueber-uns\/widerrufsbelehrung\/\">https:\/\/scil-profile.de\/ueber-uns\/widerrufsbelehrung\/<\/a><\/strong><\/h6>\n","protected":false},"excerpt":{"rendered":"<p><strong>Nettopreis 79,83 \u20ac <\/strong><span>zzgl. 15,17 \u20ac 19% MwSt<\/span><\/p>\n<p>Ein Bild sagt bekanntlich mehr als tausend Worte. Und eine Metapher sagt mehr, als tausend Bilder. Das ist ungef\u00e4hr so, wie wenn man nur ein Samenkorn im Herbst ausbringt und im Fr\u00fchjahr viele Blumen an genau diesem Standort bl\u00fchen. Wer in Bildern sprechen kann, bleibt l\u00e4nger in Erinnerung. Getrau dem von Laith al Deen intertpretierten Song: Bilder von dir \u00fcberdauern, bis in alle Zeit Bilder von dir \u00fcberdauern, bis in die Ewigkeit. In diesem Modul trainieren wir die dazu erforderlichen F\u00e4higkeiten. Und Du wirst die erfreulichen zus\u00e4tzlichen Auswirkungen zum Beispiel auf die Sensus-Frequenz Emotionalit\u00e4t kennen- und sch\u00e4tzen lernen. Mehr Details findest Du etwas weiter unten.<\/p>\n<h6><\/h6>\n<h6><strong>Ausschlu\u00df des Widerruffrechts:<\/strong><\/h6>\n<h6><strong>Es wird an dieser Stelle ausdr\u00fccklich darauf hingewiesen, dass das Widerrufsrecht erlischt, sobald\u00a0 die jeweiligen Kurse\u00a0 und\/oder Lizenzcodes f\u00fcr die Nutzung von Analyse-Tools freigeschaltet wurden. Der Zeitpunkt der Mitteilung \u00fcber die Freischaltung an die Kundin\/den Kunden gilt als Beginn der Ausf\u00fchrung des Vertrages. Geleistete Zahlungen werden ab diesem Zeitpunkt nicht zur\u00fcckerstattet.<span>\u00a0<\/span><\/strong><strong>Siehe dazu auch unsere rechtskonforme Widerrufsbelehrung:<span>\u00a0<\/span><a href=\"https:\/\/scil-profile.de\/ueber-uns\/widerrufsbelehrung\/\">https:\/\/scil-profile.de\/ueber-uns\/widerrufsbelehrung\/<\/a><\/strong><\/h6>\n","protected":false},"featured_media":80860,"template":"","meta":{"pmpro_default_level":""},"product_brand":[],"product_cat":[139],"product_tag":[],"class_list":{"0":"post-80556","1":"product","2":"type-product","3":"status-publish","4":"has-post-thumbnail","6":"product_cat-scil-profile","7":"pmpro-has-access","9":"first","10":"instock","11":"virtual","12":"taxable","13":"purchasable","14":"product-type-simple"},"yoast_head":"<!-- This site is optimized with the Yoast SEO plugin v27.3 - https:\/\/yoast.com\/product\/yoast-seo-wordpress\/ -->\n<title>OK Coaching | Lingua Frequenz Bildhaftigkeit - SCIL Profile<\/title>\n<meta name=\"robots\" content=\"index, follow, max-snippet:-1, max-image-preview:large, max-video-preview:-1\" \/>\n<link rel=\"canonical\" href=\"https:\/\/scil-profile.de\/produkt\/ok-coaching-lingua-frequenz-bildhaftigkeit\/\" \/>\n<meta property=\"og:locale\" content=\"en_US\" \/>\n<meta property=\"og:type\" content=\"article\" \/>\n<meta property=\"og:title\" content=\"OK Coaching | Lingua Frequenz Bildhaftigkeit - SCIL Profile\" \/>\n<meta property=\"og:description\" content=\"Nettopreis 79,83 \u20ac zzgl. 15,17 \u20ac 19% MwSt  Ein Bild sagt bekanntlich mehr als tausend Worte. Und eine Metapher sagt mehr, als tausend Bilder. Das ist ungef\u00e4hr so, wie wenn man nur ein Samenkorn im Herbst ausbringt und im Fr\u00fchjahr viele Blumen an genau diesem Standort bl\u00fchen. Wer in Bildern sprechen kann, bleibt l\u00e4nger in Erinnerung. Getrau dem von Laith al Deen intertpretierten Song: Bilder von dir \u00fcberdauern, bis in alle Zeit Bilder von dir \u00fcberdauern, bis in die Ewigkeit. In diesem Modul trainieren wir die dazu erforderlichen F\u00e4higkeiten. Und Du wirst die erfreulichen zus\u00e4tzlichen Auswirkungen zum Beispiel auf die Sensus-Frequenz Emotionalit\u00e4t kennen- und sch\u00e4tzen lernen. Mehr Details findest Du etwas weiter unten.  Ausschlu\u00df des Widerruffrechts: Es wird an dieser Stelle ausdr\u00fccklich darauf hingewiesen, dass das Widerrufsrecht erlischt, sobald\u00a0 die jeweiligen Kurse\u00a0 und\/oder Lizenzcodes f\u00fcr die Nutzung von Analyse-Tools freigeschaltet wurden. Der Zeitpunkt der Mitteilung \u00fcber die Freischaltung an die Kundin\/den Kunden gilt als Beginn der Ausf\u00fchrung des Vertrages. Geleistete Zahlungen werden ab diesem Zeitpunkt nicht zur\u00fcckerstattet.\u00a0Siehe dazu auch unsere rechtskonforme Widerrufsbelehrung:\u00a0https:\/\/scil-profile.de\/ueber-uns\/widerrufsbelehrung\/\" \/>\n<meta property=\"og:url\" content=\"https:\/\/scil-profile.de\/produkt\/ok-coaching-lingua-frequenz-bildhaftigkeit\/\" \/>\n<meta property=\"og:site_name\" content=\"SCIL Profile\" \/>\n<meta property=\"article:modified_time\" content=\"2026-02-18T14:25:06+00:00\" \/>\n<meta property=\"og:image\" content=\"https:\/\/scil-profile.de\/wp-content\/uploads\/2024\/01\/Bildhaftigkeit.jpeg\" \/>\n\t<meta property=\"og:image:width\" content=\"1265\" \/>\n\t<meta property=\"og:image:height\" content=\"712\" \/>\n\t<meta property=\"og:image:type\" content=\"image\/jpeg\" \/>\n<meta name=\"twitter:card\" content=\"summary_large_image\" \/>\n<meta name=\"twitter:label1\" content=\"Est. reading time\" \/>\n\t<meta name=\"twitter:data1\" content=\"5 minutes\" \/>\n<script type=\"application\/ld+json\" class=\"yoast-schema-graph\">{\"@context\":\"https:\\\/\\\/schema.org\",\"@graph\":[{\"@type\":\"WebPage\",\"@id\":\"https:\\\/\\\/scil-profile.de\\\/produkt\\\/ok-coaching-lingua-frequenz-bildhaftigkeit\\\/\",\"url\":\"https:\\\/\\\/scil-profile.de\\\/produkt\\\/ok-coaching-lingua-frequenz-bildhaftigkeit\\\/\",\"name\":\"OK Coaching | Lingua Frequenz Bildhaftigkeit - SCIL Profile\",\"isPartOf\":{\"@id\":\"https:\\\/\\\/scil-profile.de\\\/#website\"},\"primaryImageOfPage\":{\"@id\":\"https:\\\/\\\/scil-profile.de\\\/produkt\\\/ok-coaching-lingua-frequenz-bildhaftigkeit\\\/#primaryimage\"},\"image\":{\"@id\":\"https:\\\/\\\/scil-profile.de\\\/produkt\\\/ok-coaching-lingua-frequenz-bildhaftigkeit\\\/#primaryimage\"},\"thumbnailUrl\":\"https:\\\/\\\/scil-profile.de\\\/wp-content\\\/uploads\\\/2024\\\/01\\\/Bildhaftigkeit.jpeg\",\"datePublished\":\"2024-01-03T15:08:11+00:00\",\"dateModified\":\"2026-02-18T14:25:06+00:00\",\"breadcrumb\":{\"@id\":\"https:\\\/\\\/scil-profile.de\\\/produkt\\\/ok-coaching-lingua-frequenz-bildhaftigkeit\\\/#breadcrumb\"},\"inLanguage\":\"en-US\",\"potentialAction\":[{\"@type\":\"ReadAction\",\"target\":[\"https:\\\/\\\/scil-profile.de\\\/produkt\\\/ok-coaching-lingua-frequenz-bildhaftigkeit\\\/\"]}]},{\"@type\":\"ImageObject\",\"inLanguage\":\"en-US\",\"@id\":\"https:\\\/\\\/scil-profile.de\\\/produkt\\\/ok-coaching-lingua-frequenz-bildhaftigkeit\\\/#primaryimage\",\"url\":\"https:\\\/\\\/scil-profile.de\\\/wp-content\\\/uploads\\\/2024\\\/01\\\/Bildhaftigkeit.jpeg\",\"contentUrl\":\"https:\\\/\\\/scil-profile.de\\\/wp-content\\\/uploads\\\/2024\\\/01\\\/Bildhaftigkeit.jpeg\",\"width\":1265,\"height\":712},{\"@type\":\"BreadcrumbList\",\"@id\":\"https:\\\/\\\/scil-profile.de\\\/produkt\\\/ok-coaching-lingua-frequenz-bildhaftigkeit\\\/#breadcrumb\",\"itemListElement\":[{\"@type\":\"ListItem\",\"position\":1,\"name\":\"Weiterbildung\",\"item\":\"https:\\\/\\\/scil-profile.de\\\/\"},{\"@type\":\"ListItem\",\"position\":2,\"name\":\"Shop\",\"item\":\"https:\\\/\\\/scil-profile.de\\\/shop\\\/\"},{\"@type\":\"ListItem\",\"position\":3,\"name\":\"OK Coaching | Lingua Frequenz Bildhaftigkeit\"}]},{\"@type\":\"WebSite\",\"@id\":\"https:\\\/\\\/scil-profile.de\\\/#website\",\"url\":\"https:\\\/\\\/scil-profile.de\\\/\",\"name\":\"SCIL Profile\",\"description\":\"Entdecke und entfalte Dein Charisma. Pers\u00f6nliche Wirkung und Wahrnehmung als Schl\u00fcssel f\u00fcr mehr Erfolg.\",\"potentialAction\":[{\"@type\":\"SearchAction\",\"target\":{\"@type\":\"EntryPoint\",\"urlTemplate\":\"https:\\\/\\\/scil-profile.de\\\/?s={search_term_string}\"},\"query-input\":{\"@type\":\"PropertyValueSpecification\",\"valueRequired\":true,\"valueName\":\"search_term_string\"}}],\"inLanguage\":\"en-US\"}]}<\/script>\n<!-- \/ Yoast SEO plugin. -->","yoast_head_json":{"title":"OK Coaching | Lingua Frequenz Bildhaftigkeit - SCIL Profile","robots":{"index":"index","follow":"follow","max-snippet":"max-snippet:-1","max-image-preview":"max-image-preview:large","max-video-preview":"max-video-preview:-1"},"canonical":"https:\/\/scil-profile.de\/produkt\/ok-coaching-lingua-frequenz-bildhaftigkeit\/","og_locale":"en_US","og_type":"article","og_title":"OK Coaching | Lingua Frequenz Bildhaftigkeit - SCIL Profile","og_description":"Nettopreis 79,83 \u20ac zzgl. 15,17 \u20ac 19% MwSt  Ein Bild sagt bekanntlich mehr als tausend Worte. Und eine Metapher sagt mehr, als tausend Bilder. Das ist ungef\u00e4hr so, wie wenn man nur ein Samenkorn im Herbst ausbringt und im Fr\u00fchjahr viele Blumen an genau diesem Standort bl\u00fchen. Wer in Bildern sprechen kann, bleibt l\u00e4nger in Erinnerung. Getrau dem von Laith al Deen intertpretierten Song: Bilder von dir \u00fcberdauern, bis in alle Zeit Bilder von dir \u00fcberdauern, bis in die Ewigkeit. In diesem Modul trainieren wir die dazu erforderlichen F\u00e4higkeiten. Und Du wirst die erfreulichen zus\u00e4tzlichen Auswirkungen zum Beispiel auf die Sensus-Frequenz Emotionalit\u00e4t kennen- und sch\u00e4tzen lernen. Mehr Details findest Du etwas weiter unten.  Ausschlu\u00df des Widerruffrechts: Es wird an dieser Stelle ausdr\u00fccklich darauf hingewiesen, dass das Widerrufsrecht erlischt, sobald\u00a0 die jeweiligen Kurse\u00a0 und\/oder Lizenzcodes f\u00fcr die Nutzung von Analyse-Tools freigeschaltet wurden. Der Zeitpunkt der Mitteilung \u00fcber die Freischaltung an die Kundin\/den Kunden gilt als Beginn der Ausf\u00fchrung des Vertrages. Geleistete Zahlungen werden ab diesem Zeitpunkt nicht zur\u00fcckerstattet.\u00a0Siehe dazu auch unsere rechtskonforme Widerrufsbelehrung:\u00a0https:\/\/scil-profile.de\/ueber-uns\/widerrufsbelehrung\/","og_url":"https:\/\/scil-profile.de\/produkt\/ok-coaching-lingua-frequenz-bildhaftigkeit\/","og_site_name":"SCIL Profile","article_modified_time":"2026-02-18T14:25:06+00:00","og_image":[{"width":1265,"height":712,"url":"https:\/\/scil-profile.de\/wp-content\/uploads\/2024\/01\/Bildhaftigkeit.jpeg","type":"image\/jpeg"}],"twitter_card":"summary_large_image","twitter_misc":{"Est. reading time":"5 minutes"},"schema":{"@context":"https:\/\/schema.org","@graph":[{"@type":"WebPage","@id":"https:\/\/scil-profile.de\/produkt\/ok-coaching-lingua-frequenz-bildhaftigkeit\/","url":"https:\/\/scil-profile.de\/produkt\/ok-coaching-lingua-frequenz-bildhaftigkeit\/","name":"OK Coaching | Lingua Frequenz Bildhaftigkeit - SCIL Profile","isPartOf":{"@id":"https:\/\/scil-profile.de\/#website"},"primaryImageOfPage":{"@id":"https:\/\/scil-profile.de\/produkt\/ok-coaching-lingua-frequenz-bildhaftigkeit\/#primaryimage"},"image":{"@id":"https:\/\/scil-profile.de\/produkt\/ok-coaching-lingua-frequenz-bildhaftigkeit\/#primaryimage"},"thumbnailUrl":"https:\/\/scil-profile.de\/wp-content\/uploads\/2024\/01\/Bildhaftigkeit.jpeg","datePublished":"2024-01-03T15:08:11+00:00","dateModified":"2026-02-18T14:25:06+00:00","breadcrumb":{"@id":"https:\/\/scil-profile.de\/produkt\/ok-coaching-lingua-frequenz-bildhaftigkeit\/#breadcrumb"},"inLanguage":"en-US","potentialAction":[{"@type":"ReadAction","target":["https:\/\/scil-profile.de\/produkt\/ok-coaching-lingua-frequenz-bildhaftigkeit\/"]}]},{"@type":"ImageObject","inLanguage":"en-US","@id":"https:\/\/scil-profile.de\/produkt\/ok-coaching-lingua-frequenz-bildhaftigkeit\/#primaryimage","url":"https:\/\/scil-profile.de\/wp-content\/uploads\/2024\/01\/Bildhaftigkeit.jpeg","contentUrl":"https:\/\/scil-profile.de\/wp-content\/uploads\/2024\/01\/Bildhaftigkeit.jpeg","width":1265,"height":712},{"@type":"BreadcrumbList","@id":"https:\/\/scil-profile.de\/produkt\/ok-coaching-lingua-frequenz-bildhaftigkeit\/#breadcrumb","itemListElement":[{"@type":"ListItem","position":1,"name":"Weiterbildung","item":"https:\/\/scil-profile.de\/"},{"@type":"ListItem","position":2,"name":"Shop","item":"https:\/\/scil-profile.de\/shop\/"},{"@type":"ListItem","position":3,"name":"OK Coaching | Lingua Frequenz Bildhaftigkeit"}]},{"@type":"WebSite","@id":"https:\/\/scil-profile.de\/#website","url":"https:\/\/scil-profile.de\/","name":"SCIL Profile","description":"Entdecke und entfalte Dein Charisma. Pers\u00f6nliche Wirkung und Wahrnehmung als Schl\u00fcssel f\u00fcr mehr Erfolg.","potentialAction":[{"@type":"SearchAction","target":{"@type":"EntryPoint","urlTemplate":"https:\/\/scil-profile.de\/?s={search_term_string}"},"query-input":{"@type":"PropertyValueSpecification","valueRequired":true,"valueName":"search_term_string"}}],"inLanguage":"en-US"}]}},"_links":{"self":[{"href":"https:\/\/scil-profile.de\/en\/wp-json\/wp\/v2\/product\/80556","targetHints":{"allow":["GET"]}}],"collection":[{"href":"https:\/\/scil-profile.de\/en\/wp-json\/wp\/v2\/product"}],"about":[{"href":"https:\/\/scil-profile.de\/en\/wp-json\/wp\/v2\/types\/product"}],"wp:featuredmedia":[{"embeddable":true,"href":"https:\/\/scil-profile.de\/en\/wp-json\/wp\/v2\/media\/80860"}],"wp:attachment":[{"href":"https:\/\/scil-profile.de\/en\/wp-json\/wp\/v2\/media?parent=80556"}],"wp:term":[{"taxonomy":"product_brand","embeddable":true,"href":"https:\/\/scil-profile.de\/en\/wp-json\/wp\/v2\/product_brand?post=80556"},{"taxonomy":"product_cat","embeddable":true,"href":"https:\/\/scil-profile.de\/en\/wp-json\/wp\/v2\/product_cat?post=80556"},{"taxonomy":"product_tag","embeddable":true,"href":"https:\/\/scil-profile.de\/en\/wp-json\/wp\/v2\/product_tag?post=80556"}],"curies":[{"name":"wp","href":"https:\/\/api.w.org\/{rel}","templated":true}]}}