{"id":80551,"date":"2024-01-03T16:05:52","date_gmt":"2024-01-03T15:05:52","guid":{"rendered":"https:\/\/scil-profile.de\/?post_type=product&#038;p=80551"},"modified":"2026-02-18T15:16:34","modified_gmt":"2026-02-18T14:16:34","slug":"ok-coaching-lingua-frequenz-beredsamkeit","status":"publish","type":"product","link":"https:\/\/scil-profile.de\/en\/produkt\/ok-coaching-lingua-frequenz-beredsamkeit\/","title":{"rendered":"OK Coaching | Lingua Frequenz Beredsamkeit"},"content":{"rendered":"<strong>OK-Coaching<\/strong> ist die Abk\u00fcrzung f\u00fcr <strong><em>O<\/em><\/strong>nline<strong><em>K<\/em><\/strong>ommunikations-Coaching. <strong>Dieser Kurs besteht aus insgesamt 4 Lektionen, 26 Themenmodulen und enth\u00e4lt 13 unterschiedlich schwierige Tests bzw. interaktive Elemente<em>.<\/em><\/strong> Ziel des Kurses ist es, Dein Kommunikationsrepertoire auf der Lingua-Frequenz <strong>Beredsamkeit<\/strong>\u00a0 zu festigen und zu erweitern. Und zwar so, wie es im folgenden beschrieben ist:<br><br>\r\n\r\nDu wirkst so, als w\u00e4rst Du nur in Ausnahmef\u00e4llen um eine Antwort verlegen. Dir wird eine starke Schlagfertigkeit nachgesagt. Einw\u00e4nde oder Aussagen anderer wei\u00dft Du geschickt aufzugreifen und f\u00fcr Deine eigene Argumentation zu nutzen. Du entfaltest die Wirkung einer Pers\u00f6nlichkeit, in deren Aussagen nur sehr selten Wiederholungen vorkommen. Bei der Verwendung von F\u00fcllworten wie \u201e\u00c4hm\u201c oder sinnleeren Phrasen wie \u201eIch sag mal\u201c wird man Dich nur sehr selten ertappen. Du scheinst f\u00fcr einen Begriff stets eine F\u00fclle von weiteren Alternativen im Gep\u00e4ck zu haben.<br><br>\r\n\r\nBei anderen hinterl\u00e4sst Du auch den Eindruck, als h\u00e4ttest Du in nahezu jeder Situation und zu jedem Anlass ein passendes Zitat parat und verstehest es auch, dieses Zitat auf passende Art und Weise anzubringen. Dies gilt gleicherma\u00dfen f\u00fcr Dein Witz-Repertoire. Dieser Eindruck unterst\u00fctzt Dich auch in der Wirkung, dass Du jederzeit und \u00fcberall in der Lage w\u00e4rst, eine Stegreifrede halten zu k\u00f6nnen. Du verstehst es zudem, Deibe Wortwahl dem jeweiligen Auditorium oder Gespr\u00e4chspartner bestm\u00f6glich anzupassen. Damit entfaltest Du die Wirkung von jemandem, der im \u00fcbertragenen Sinne stets \u201eden richtigen Ton seines Vis-\u00e0-Vis trifft\u201c.\r\n\r\nUnd Du scheinst obendrein ein hohes Vergn\u00fcgen dabei zu haben, mit der Mehrdeutigkeit der Worte zu spielen. Andere Menschen haben bei Dir h\u00e4ufiger den Eindruck, dass sie Deinen Ausf\u00fchrungen genau folgen m\u00fcssen, um auch das zwischen den Zeilen und Worten Gesprochene erfassen zu k\u00f6nnen. Deutlich st\u00e4rker emotional ausgepr\u00e4gte oder mehr an der Sache interessierten Personen sagen Dir aber auch schon mal kritisch nach, sie seist ein \u201eVerbal-Artist\u201c ohne den erforderlichen Tiefgang.<br><br>\r\n\r\n<img fetchpriority=\"high\" decoding=\"async\" src=\"https:\/\/scil-profile.de\/wp-content\/uploads\/2024\/01\/Icon_Beredsamkeit-300x262.png\" alt=\"\" width=\"558\" height=\"487\" class=\"wp-image-120373 alignleft\" srcset=\"https:\/\/scil-profile.de\/wp-content\/uploads\/2024\/01\/Icon_Beredsamkeit-300x262.png 300w, https:\/\/scil-profile.de\/wp-content\/uploads\/2024\/01\/Icon_Beredsamkeit-1024x893.png 1024w, https:\/\/scil-profile.de\/wp-content\/uploads\/2024\/01\/Icon_Beredsamkeit-768x670.png 768w, https:\/\/scil-profile.de\/wp-content\/uploads\/2024\/01\/Icon_Beredsamkeit-1536x1340.png 1536w, https:\/\/scil-profile.de\/wp-content\/uploads\/2024\/01\/Icon_Beredsamkeit-2048x1787.png 2048w, https:\/\/scil-profile.de\/wp-content\/uploads\/2024\/01\/Icon_Beredsamkeit-624x544.png 624w, https:\/\/scil-profile.de\/wp-content\/uploads\/2024\/01\/Icon_Beredsamkeit-600x523.png 600w\" sizes=\"(max-width: 558px) 100vw, 558px\" \/>Um Dich bei der Erweiterung Deines Repertoires in dem zuvor beschriebenen Sinne\u00a0<em><strong> <\/strong><\/em>erfolgreich begleiten zu k\u00f6nnen, behandeln wir in diesem Kurs u.a. die folgenden Fragen und trainieren die daraus resultierenden \u00dcbungen mit Dir:<br><br>\r\n<ul>\r\n \t<li style=\"list-style-type: none;\">\r\n<ul>\r\n \t<li>Wie klein oder gro\u00df ist Dein Zitate-Schatz und wie l\u00e4sst er sich vergr\u00f6\u00dfern?<\/li>\r\n \t<li>Welche Bedeutung haben Redewendungen f\u00fcr die Beredsamkeit und wir trainierst Du sie am besten ?<\/li>\r\n \t<li>Wie steht es um Dein Witzerepertoire?<\/li>\r\n \t<li>Welche Nutzen lassen sich aus der Bildhaftigkeit der Sprache f\u00fcr die Beredsamkeit ableiten?<\/li>\r\n \t<li>Wie relevant sind Small-Talk-F\u00e4higkeiten f\u00fcr die Beredsamkeit?<\/li>\r\n \t<li>Wie steht es um Deine pers\u00f6nlichen Small-Talk-F\u00e4higkeiten?<\/li>\r\n \t<li>Wie kannst Du trainieren, Deine Aussagen in andere SCIL Profile Frequenzen zu \u00fcbersetzen und was bringt Dir das?<\/li>\r\n \t<li>Was tun in Momenten von BlackOuts, wenn es Dir die Sprache verschl\u00e4gt und Dir die passenden Worte fehlen?<\/li>\r\n \t<li><em>Arbeitest Du in diesem Kurs nur daran, dass Du als eine Pers\u00f6nlichkeit mit einer ausgepr\u00e4gten Beredsamkeit wahrgenommen wirst, oder wirkt sich das auch auf Deine tats\u00e4chliche Eloquenz aus?<\/em><\/li>\r\n<\/ul>\r\n<\/li>\r\n<\/ul>\r\n\r\n<ul class=\"wp-block-list\"><!-- \/wp:post-content --><\/ul>\r\n<h6><!-- \/wp:list --><\/h6>\r\nAuf die letzte Frage hier schon mal eine erste konkrete Antwort, die so \u00fcbrigens\u00a0 auch f\u00fcr alle anderen Frequenzen gilt:<strong> Spiel wird zum Schein. Schein wird zum Sein. Sein wird zum Spiel. <\/strong>Du trainierst in diesem Kurs auf sehr spielerische Art und Weise, den beabsichtigten Eindruck zu erwecken. Arbeitest Du aktiv und intensiv genug an diesem Eindruck oder Schein, dringt dies \u00fcber kurz oder lang auch nach Innen. Die entsprechenden Kompetenzen werden mehr und mehr Teil Deiner Pers\u00f6nlichkeit. Und schlie\u00dflich wirst Du zunehmend Freude an dieser Art der Repertoire-Erweiterung\u00a0 haben, sodass Deine Motivation und die F\u00e4higkeiten steigen, immer wieder aufs Neue damit zu spielen und Dich weiterzuentwickeln.<em> Spiel wird zum Schein =<\/em><strong> Deine Wahrnehmung wird sch\u00e4rfer und Deine Ausstrahlung kontinuierlich souver\u00e4ner. <\/strong><em>Schein wird zum Sein =<\/em><strong>\u00a0 Du erweckst das Charisma in Dir wieder zum Leben und bringst es zur Entfaltung. <\/strong><em>Sein wird zum Spiel =\u00a0<\/em><strong>Du wirst sukzessive virtuoser und ziehst immer mehr Register gelingender und gewinnender Kommunikation.<\/strong><br><br>\r\n\r\n&nbsp;\r\n<h6><strong>Ausschlu\u00df des Widerruffrechts:<\/strong><\/h6>\r\n<h6><strong> Es wird an dieser Stelle ausdr\u00fccklich darauf hingewiesen, dass das Widerrufsrecht erlischt, sobald\u00a0 die jeweiligen Kurse\u00a0 und\/oder Lizenzcodes f\u00fcr die Nutzung von Analyse-Tools freigeschaltet wurden. Der Zeitpunkt der Mitteilung \u00fcber die Freischaltung an die Kundin\/den Kunden gilt als Beginn der Ausf\u00fchrung des Vertrages. Geleistete Zahlungen werden ab diesem Zeitpunkt nicht zur\u00fcckerstattet.<span>\u00a0<\/span><\/strong><strong>Siehe dazu auch unsere rechtskonforme Widerrufsbelehrung:<span>\u00a0<\/span><a href=\"https:\/\/scil-profile.de\/ueber-uns\/widerrufsbelehrung\/\">https:\/\/scil-profile.de\/ueber-uns\/widerrufsbelehrung\/<\/a><\/strong><\/h6><!-- \/wp:freeform -->","protected":false},"excerpt":{"rendered":"<p><strong>Nettopreis 79,83 \u20ac <\/strong>zzgl. 15,17 \u20ac 19% MwSt<\/p>\n<p><strong>OK-Coaching<\/strong> ist die Abk\u00fcrzung f\u00fcr <strong><em>O<\/em><\/strong>nline<strong><em>K<\/em><\/strong>ommunikations-Coaching. In diesem Kurs behandeln wir die Lingua-Kompetenz Beredsamkeit. Hier trainieren wir Deine Small-Talk-F\u00e4higkeiten ebenso, wie Deine Deep-Talk-Kompetenzen. Du erlebst, wieviel Spa\u00df es macht mit der Sprache und den Worten zu spielen. Du wirst zuk\u00fcnftig um keine Antwort mehr verlegen sein. Du gewinnst andere Menschen unter anderem auch durch Deinen virtuosen Umgang mit allem Buchst\u00e4blichen. Mehr Details erf\u00e4hrst Du etwas weiter unten.<\/p>\n<h6><strong>Ausschlu\u00df des Widerruffrechts:<\/strong><\/h6>\n<h6><strong>Es wird an dieser Stelle ausdr\u00fccklich darauf hingewiesen, dass das Widerrufsrecht erlischt, sobald\u00a0 die jeweiligen Kurse\u00a0 und\/oder Lizenzcodes f\u00fcr die Nutzung von Analyse-Tools freigeschaltet wurden. Der Zeitpunkt der Mitteilung \u00fcber die Freischaltung an die Kundin\/den Kunden gilt als Beginn der Ausf\u00fchrung des Vertrages. Geleistete Zahlungen werden ab diesem Zeitpunkt nicht zur\u00fcckerstattet.<span>\u00a0<\/span><\/strong><strong>Siehe dazu auch unsere rechtskonforme Widerrufsbelehrung:<span>\u00a0<\/span><a href=\"https:\/\/scil-profile.de\/ueber-uns\/widerrufsbelehrung\/\">https:\/\/scil-profile.de\/ueber-uns\/widerrufsbelehrung\/<\/a><\/strong><\/h6>\n","protected":false},"featured_media":80864,"template":"","meta":{"pmpro_default_level":""},"product_brand":[],"product_cat":[139],"product_tag":[],"class_list":{"0":"post-80551","1":"product","2":"type-product","3":"status-publish","4":"has-post-thumbnail","6":"product_cat-scil-profile","7":"pmpro-has-access","9":"first","10":"instock","11":"virtual","12":"taxable","13":"purchasable","14":"product-type-simple"},"yoast_head":"<!-- This site is optimized with the Yoast SEO plugin v27.3 - https:\/\/yoast.com\/product\/yoast-seo-wordpress\/ -->\n<title>OK Coaching | Lingua Frequenz Beredsamkeit - SCIL Profile<\/title>\n<meta name=\"robots\" content=\"index, follow, max-snippet:-1, max-image-preview:large, max-video-preview:-1\" \/>\n<link rel=\"canonical\" href=\"https:\/\/scil-profile.de\/produkt\/ok-coaching-lingua-frequenz-beredsamkeit\/\" \/>\n<meta property=\"og:locale\" content=\"en_US\" \/>\n<meta property=\"og:type\" content=\"article\" \/>\n<meta property=\"og:title\" content=\"OK Coaching | Lingua Frequenz Beredsamkeit - SCIL Profile\" \/>\n<meta property=\"og:description\" content=\"Nettopreis 79,83 \u20ac zzgl. 15,17 \u20ac 19% MwSt  OK-Coaching ist die Abk\u00fcrzung f\u00fcr OnlineKommunikations-Coaching. In diesem Kurs behandeln wir die Lingua-Kompetenz Beredsamkeit. Hier trainieren wir Deine Small-Talk-F\u00e4higkeiten ebenso, wie Deine Deep-Talk-Kompetenzen. Du erlebst, wieviel Spa\u00df es macht mit der Sprache und den Worten zu spielen. Du wirst zuk\u00fcnftig um keine Antwort mehr verlegen sein. Du gewinnst andere Menschen unter anderem auch durch Deinen virtuosen Umgang mit allem Buchst\u00e4blichen. Mehr Details erf\u00e4hrst Du etwas weiter unten. Ausschlu\u00df des Widerruffrechts: Es wird an dieser Stelle ausdr\u00fccklich darauf hingewiesen, dass das Widerrufsrecht erlischt, sobald\u00a0 die jeweiligen Kurse\u00a0 und\/oder Lizenzcodes f\u00fcr die Nutzung von Analyse-Tools freigeschaltet wurden. Der Zeitpunkt der Mitteilung \u00fcber die Freischaltung an die Kundin\/den Kunden gilt als Beginn der Ausf\u00fchrung des Vertrages. Geleistete Zahlungen werden ab diesem Zeitpunkt nicht zur\u00fcckerstattet.\u00a0Siehe dazu auch unsere rechtskonforme Widerrufsbelehrung:\u00a0https:\/\/scil-profile.de\/ueber-uns\/widerrufsbelehrung\/\" \/>\n<meta property=\"og:url\" content=\"https:\/\/scil-profile.de\/produkt\/ok-coaching-lingua-frequenz-beredsamkeit\/\" \/>\n<meta property=\"og:site_name\" content=\"SCIL Profile\" \/>\n<meta property=\"article:modified_time\" content=\"2026-02-18T14:16:34+00:00\" \/>\n<meta property=\"og:image\" content=\"https:\/\/scil-profile.de\/wp-content\/uploads\/2024\/01\/Beredsamkeit.jpeg\" \/>\n\t<meta property=\"og:image:width\" content=\"1265\" \/>\n\t<meta property=\"og:image:height\" content=\"712\" \/>\n\t<meta property=\"og:image:type\" content=\"image\/jpeg\" \/>\n<meta name=\"twitter:card\" content=\"summary_large_image\" \/>\n<meta name=\"twitter:label1\" content=\"Est. reading time\" \/>\n\t<meta name=\"twitter:data1\" content=\"5 minutes\" \/>\n<script type=\"application\/ld+json\" class=\"yoast-schema-graph\">{\"@context\":\"https:\\\/\\\/schema.org\",\"@graph\":[{\"@type\":\"WebPage\",\"@id\":\"https:\\\/\\\/scil-profile.de\\\/produkt\\\/ok-coaching-lingua-frequenz-beredsamkeit\\\/\",\"url\":\"https:\\\/\\\/scil-profile.de\\\/produkt\\\/ok-coaching-lingua-frequenz-beredsamkeit\\\/\",\"name\":\"OK Coaching | Lingua Frequenz Beredsamkeit - SCIL Profile\",\"isPartOf\":{\"@id\":\"https:\\\/\\\/scil-profile.de\\\/#website\"},\"primaryImageOfPage\":{\"@id\":\"https:\\\/\\\/scil-profile.de\\\/produkt\\\/ok-coaching-lingua-frequenz-beredsamkeit\\\/#primaryimage\"},\"image\":{\"@id\":\"https:\\\/\\\/scil-profile.de\\\/produkt\\\/ok-coaching-lingua-frequenz-beredsamkeit\\\/#primaryimage\"},\"thumbnailUrl\":\"https:\\\/\\\/scil-profile.de\\\/wp-content\\\/uploads\\\/2024\\\/01\\\/Beredsamkeit.jpeg\",\"datePublished\":\"2024-01-03T15:05:52+00:00\",\"dateModified\":\"2026-02-18T14:16:34+00:00\",\"breadcrumb\":{\"@id\":\"https:\\\/\\\/scil-profile.de\\\/produkt\\\/ok-coaching-lingua-frequenz-beredsamkeit\\\/#breadcrumb\"},\"inLanguage\":\"en-US\",\"potentialAction\":[{\"@type\":\"ReadAction\",\"target\":[\"https:\\\/\\\/scil-profile.de\\\/produkt\\\/ok-coaching-lingua-frequenz-beredsamkeit\\\/\"]}]},{\"@type\":\"ImageObject\",\"inLanguage\":\"en-US\",\"@id\":\"https:\\\/\\\/scil-profile.de\\\/produkt\\\/ok-coaching-lingua-frequenz-beredsamkeit\\\/#primaryimage\",\"url\":\"https:\\\/\\\/scil-profile.de\\\/wp-content\\\/uploads\\\/2024\\\/01\\\/Beredsamkeit.jpeg\",\"contentUrl\":\"https:\\\/\\\/scil-profile.de\\\/wp-content\\\/uploads\\\/2024\\\/01\\\/Beredsamkeit.jpeg\",\"width\":1265,\"height\":712},{\"@type\":\"BreadcrumbList\",\"@id\":\"https:\\\/\\\/scil-profile.de\\\/produkt\\\/ok-coaching-lingua-frequenz-beredsamkeit\\\/#breadcrumb\",\"itemListElement\":[{\"@type\":\"ListItem\",\"position\":1,\"name\":\"Weiterbildung\",\"item\":\"https:\\\/\\\/scil-profile.de\\\/\"},{\"@type\":\"ListItem\",\"position\":2,\"name\":\"Shop\",\"item\":\"https:\\\/\\\/scil-profile.de\\\/shop\\\/\"},{\"@type\":\"ListItem\",\"position\":3,\"name\":\"OK Coaching | Lingua Frequenz Beredsamkeit\"}]},{\"@type\":\"WebSite\",\"@id\":\"https:\\\/\\\/scil-profile.de\\\/#website\",\"url\":\"https:\\\/\\\/scil-profile.de\\\/\",\"name\":\"SCIL Profile\",\"description\":\"Entdecke und entfalte Dein Charisma. Pers\u00f6nliche Wirkung und Wahrnehmung als Schl\u00fcssel f\u00fcr mehr Erfolg.\",\"potentialAction\":[{\"@type\":\"SearchAction\",\"target\":{\"@type\":\"EntryPoint\",\"urlTemplate\":\"https:\\\/\\\/scil-profile.de\\\/?s={search_term_string}\"},\"query-input\":{\"@type\":\"PropertyValueSpecification\",\"valueRequired\":true,\"valueName\":\"search_term_string\"}}],\"inLanguage\":\"en-US\"}]}<\/script>\n<!-- \/ Yoast SEO plugin. -->","yoast_head_json":{"title":"OK Coaching | Lingua Frequenz Beredsamkeit - SCIL Profile","robots":{"index":"index","follow":"follow","max-snippet":"max-snippet:-1","max-image-preview":"max-image-preview:large","max-video-preview":"max-video-preview:-1"},"canonical":"https:\/\/scil-profile.de\/produkt\/ok-coaching-lingua-frequenz-beredsamkeit\/","og_locale":"en_US","og_type":"article","og_title":"OK Coaching | Lingua Frequenz Beredsamkeit - SCIL Profile","og_description":"Nettopreis 79,83 \u20ac zzgl. 15,17 \u20ac 19% MwSt  OK-Coaching ist die Abk\u00fcrzung f\u00fcr OnlineKommunikations-Coaching. In diesem Kurs behandeln wir die Lingua-Kompetenz Beredsamkeit. Hier trainieren wir Deine Small-Talk-F\u00e4higkeiten ebenso, wie Deine Deep-Talk-Kompetenzen. Du erlebst, wieviel Spa\u00df es macht mit der Sprache und den Worten zu spielen. Du wirst zuk\u00fcnftig um keine Antwort mehr verlegen sein. Du gewinnst andere Menschen unter anderem auch durch Deinen virtuosen Umgang mit allem Buchst\u00e4blichen. Mehr Details erf\u00e4hrst Du etwas weiter unten. Ausschlu\u00df des Widerruffrechts: Es wird an dieser Stelle ausdr\u00fccklich darauf hingewiesen, dass das Widerrufsrecht erlischt, sobald\u00a0 die jeweiligen Kurse\u00a0 und\/oder Lizenzcodes f\u00fcr die Nutzung von Analyse-Tools freigeschaltet wurden. Der Zeitpunkt der Mitteilung \u00fcber die Freischaltung an die Kundin\/den Kunden gilt als Beginn der Ausf\u00fchrung des Vertrages. Geleistete Zahlungen werden ab diesem Zeitpunkt nicht zur\u00fcckerstattet.\u00a0Siehe dazu auch unsere rechtskonforme Widerrufsbelehrung:\u00a0https:\/\/scil-profile.de\/ueber-uns\/widerrufsbelehrung\/","og_url":"https:\/\/scil-profile.de\/produkt\/ok-coaching-lingua-frequenz-beredsamkeit\/","og_site_name":"SCIL Profile","article_modified_time":"2026-02-18T14:16:34+00:00","og_image":[{"width":1265,"height":712,"url":"https:\/\/scil-profile.de\/wp-content\/uploads\/2024\/01\/Beredsamkeit.jpeg","type":"image\/jpeg"}],"twitter_card":"summary_large_image","twitter_misc":{"Est. reading time":"5 minutes"},"schema":{"@context":"https:\/\/schema.org","@graph":[{"@type":"WebPage","@id":"https:\/\/scil-profile.de\/produkt\/ok-coaching-lingua-frequenz-beredsamkeit\/","url":"https:\/\/scil-profile.de\/produkt\/ok-coaching-lingua-frequenz-beredsamkeit\/","name":"OK Coaching | Lingua Frequenz Beredsamkeit - SCIL Profile","isPartOf":{"@id":"https:\/\/scil-profile.de\/#website"},"primaryImageOfPage":{"@id":"https:\/\/scil-profile.de\/produkt\/ok-coaching-lingua-frequenz-beredsamkeit\/#primaryimage"},"image":{"@id":"https:\/\/scil-profile.de\/produkt\/ok-coaching-lingua-frequenz-beredsamkeit\/#primaryimage"},"thumbnailUrl":"https:\/\/scil-profile.de\/wp-content\/uploads\/2024\/01\/Beredsamkeit.jpeg","datePublished":"2024-01-03T15:05:52+00:00","dateModified":"2026-02-18T14:16:34+00:00","breadcrumb":{"@id":"https:\/\/scil-profile.de\/produkt\/ok-coaching-lingua-frequenz-beredsamkeit\/#breadcrumb"},"inLanguage":"en-US","potentialAction":[{"@type":"ReadAction","target":["https:\/\/scil-profile.de\/produkt\/ok-coaching-lingua-frequenz-beredsamkeit\/"]}]},{"@type":"ImageObject","inLanguage":"en-US","@id":"https:\/\/scil-profile.de\/produkt\/ok-coaching-lingua-frequenz-beredsamkeit\/#primaryimage","url":"https:\/\/scil-profile.de\/wp-content\/uploads\/2024\/01\/Beredsamkeit.jpeg","contentUrl":"https:\/\/scil-profile.de\/wp-content\/uploads\/2024\/01\/Beredsamkeit.jpeg","width":1265,"height":712},{"@type":"BreadcrumbList","@id":"https:\/\/scil-profile.de\/produkt\/ok-coaching-lingua-frequenz-beredsamkeit\/#breadcrumb","itemListElement":[{"@type":"ListItem","position":1,"name":"Weiterbildung","item":"https:\/\/scil-profile.de\/"},{"@type":"ListItem","position":2,"name":"Shop","item":"https:\/\/scil-profile.de\/shop\/"},{"@type":"ListItem","position":3,"name":"OK Coaching | Lingua Frequenz Beredsamkeit"}]},{"@type":"WebSite","@id":"https:\/\/scil-profile.de\/#website","url":"https:\/\/scil-profile.de\/","name":"SCIL Profile","description":"Entdecke und entfalte Dein Charisma. Pers\u00f6nliche Wirkung und Wahrnehmung als Schl\u00fcssel f\u00fcr mehr Erfolg.","potentialAction":[{"@type":"SearchAction","target":{"@type":"EntryPoint","urlTemplate":"https:\/\/scil-profile.de\/?s={search_term_string}"},"query-input":{"@type":"PropertyValueSpecification","valueRequired":true,"valueName":"search_term_string"}}],"inLanguage":"en-US"}]}},"_links":{"self":[{"href":"https:\/\/scil-profile.de\/en\/wp-json\/wp\/v2\/product\/80551","targetHints":{"allow":["GET"]}}],"collection":[{"href":"https:\/\/scil-profile.de\/en\/wp-json\/wp\/v2\/product"}],"about":[{"href":"https:\/\/scil-profile.de\/en\/wp-json\/wp\/v2\/types\/product"}],"wp:featuredmedia":[{"embeddable":true,"href":"https:\/\/scil-profile.de\/en\/wp-json\/wp\/v2\/media\/80864"}],"wp:attachment":[{"href":"https:\/\/scil-profile.de\/en\/wp-json\/wp\/v2\/media?parent=80551"}],"wp:term":[{"taxonomy":"product_brand","embeddable":true,"href":"https:\/\/scil-profile.de\/en\/wp-json\/wp\/v2\/product_brand?post=80551"},{"taxonomy":"product_cat","embeddable":true,"href":"https:\/\/scil-profile.de\/en\/wp-json\/wp\/v2\/product_cat?post=80551"},{"taxonomy":"product_tag","embeddable":true,"href":"https:\/\/scil-profile.de\/en\/wp-json\/wp\/v2\/product_tag?post=80551"}],"curies":[{"name":"wp","href":"https:\/\/api.w.org\/{rel}","templated":true}]}}