{"id":80515,"date":"2024-01-03T15:51:43","date_gmt":"2024-01-03T14:51:43","guid":{"rendered":"https:\/\/scil-profile.de\/?post_type=product&#038;p=80515"},"modified":"2026-02-18T12:31:27","modified_gmt":"2026-02-18T11:31:27","slug":"ok-coaching-corpus-frequenz-raeumliche-praesenz","status":"publish","type":"product","link":"https:\/\/scil-profile.de\/en\/produkt\/ok-coaching-corpus-frequenz-raeumliche-praesenz\/","title":{"rendered":"OK Coaching | Corpus Frequenz R\u00e4umliche Pr\u00e4senz"},"content":{"rendered":"<p><strong>OK-Coaching<\/strong> ist die Abk\u00fcrzung f\u00fcr <strong><em>O<\/em><\/strong>nline<strong><em>K<\/em><\/strong>ommunikations-Coaching. <strong>Dieser Kurs besteht aus insgesamt 2 Lektionen, 28 Themenmodulen und enth\u00e4lt 9 unterschiedlich schwierige Tests bzw. interaktive Elemente<em>.<\/em><\/strong> Ziel des Kurses ist es, Dein Kommunikationsrepertoire auf der Corpus-Frequenz <strong>R\u00e4umliche Pr\u00e4senz<\/strong>\u00a0 zu festigen und zu erweitern. Und zwar so, wie es im folgenden beschrieben ist:<\/p>\n<p class=\"p1\">R\u00e4umliche Pr\u00e4senz beschreibt das Ausma\u00df, in dem Du von anderen als \u201eraumgreifender Mensch\u201c wahrgenommen wirst. Schon in dem Moment, in dem Du einen Raum betrittst, wirst Du von anderen wahrgenommen. Deine Wirkung wird getragen von einer aufrechten Haltung, einem kurzen Augenblick des Innehaltens und Aufnehmens von Blickkontakt, einem festen und gut wahrnehmbarem Schritt sowie einem selbstbewussten H\u00e4ndedruck. Andere Menschen nehmen an Dir eine starke K\u00f6rperspannung wahr. Von anderen wirst Du als Personen erlebt, die es liebt die Blicke anderer auf Dich zu ziehen. Andere Menschen erleben an Dir einen intensiven Blickkontakt. In Begegnungen mit anderen setzt Du Medien oder Unterlagen so ein, dass Dein Blick den Gespr\u00e4chspartnern jederzeit zugewandt bleiben kann. Insbesondere in Situationen, in denen Du anderen Menschen etwas pr\u00e4sentierst, wirst Du als Pers\u00f6nlichkeiten wahrgenommen, die stets den zur Verfu\u0308gung stehenden Raum nutzt. Du wirkst, als w\u00e4re Dein Auftritt in gewisser Weise das Ergebnis einer wohlfeilen Choreographie. Deine Wirkung in dieser Dimension fu\u0308hrt vor allem bei denjenigen zu einer positiven Wahrnehmung, die u\u0308ber eine \u00e4hnliche verfu\u0308gen. Bei Menschen mit weniger r\u00e4umlicher Pr\u00e4senz, kannst Du durchaus auch schon mal als zu selbstbewusst oder sogar arrogant empfunden werden.<\/p>\n<p><img fetchpriority=\"high\" decoding=\"async\" src=\"https:\/\/scil-profile.de\/wp-content\/uploads\/2024\/01\/Icon_Raeumliche-Praesenz-300x262.png\" alt=\"\" width=\"442\" height=\"386\" class=\" wp-image-120330 alignleft\" srcset=\"https:\/\/scil-profile.de\/wp-content\/uploads\/2024\/01\/Icon_Raeumliche-Praesenz-300x262.png 300w, https:\/\/scil-profile.de\/wp-content\/uploads\/2024\/01\/Icon_Raeumliche-Praesenz-1024x893.png 1024w, https:\/\/scil-profile.de\/wp-content\/uploads\/2024\/01\/Icon_Raeumliche-Praesenz-768x670.png 768w, https:\/\/scil-profile.de\/wp-content\/uploads\/2024\/01\/Icon_Raeumliche-Praesenz-1536x1340.png 1536w, https:\/\/scil-profile.de\/wp-content\/uploads\/2024\/01\/Icon_Raeumliche-Praesenz-2048x1787.png 2048w, https:\/\/scil-profile.de\/wp-content\/uploads\/2024\/01\/Icon_Raeumliche-Praesenz-624x544.png 624w, https:\/\/scil-profile.de\/wp-content\/uploads\/2024\/01\/Icon_Raeumliche-Praesenz-600x523.png 600w\" sizes=\"(max-width: 442px) 100vw, 442px\" \/>Um Dich bei der Erweiterung Deines Repertoires in dem zuvor beschriebenen Sinne\u00a0<em><strong> <\/strong><\/em>erfolgreich begleiten zu k\u00f6nnen, behandeln wir in diesem Kurs u.a. die folgenden Fragen und trainieren die daraus ableitbaren \u00dcbungen mit Dir:<\/p>\n<ul>\n<li><em>Nutzt Du den verf\u00fcgbaren Platz?\u00a0<\/em><\/li>\n<li><em>Was bedeutet Expanisvit\u00e4t und wie kannst Du einen Raum &#8220;vorausgreifen&#8221;?<\/em><\/li>\n<li><em>Inwieweit beherrschst Du die \u201eDrei-Punkte-Verankerung\u201c (Erdung)<\/em><\/li>\n<li><em>Beziehst Du Gegenst\u00e4nde oder die Umgebung in Deine Gestik mit ein?<\/em><\/li>\n<li><em>Wie bewusst achtest Du auf Deine Atmung und die damit verbundene Haltung?<\/em><\/li>\n<li><em>Signalisierst Du durch Deine Haltung: \u201eIch bin genau jetzt an diesem Ort und nirgendwo anders.<\/em><\/li>\n<li><em>Was genau ist Proxemik und wie kannst Du damit wirkungsvoll spielen?<\/em><\/li>\n<li><em>Verf\u00fcgst Du \u00fcber eine K\u00f6rperspannung, die weder steif noch schlaff, sondern wach und reaktionsbereit wirkt?<\/em><\/li>\n<li><em>Was Ist die \u201eT\u00fcrschwellen-Regel\u201c und was bringt die damit verbundene \u00dcbung f\u00fcr Deine R\u00e4umlicher Pr\u00e4senz?<\/em><\/li>\n<li><em><em>Arbeitest Du in diesem Kurs nur daran, dass Du als Pers\u00f6nlichkeit mit einer auspr\u00e4gten R\u00e4umlichen Pr\u00e4senz wahrgenommen wirst, oder wirken sich die Besch\u00e4ftigung mit der Thematik und die \u00dcbungen auch nachhaltig auf Deine R\u00e4umliche Pr\u00e4senz aus?<\/em><\/em><\/li>\n<\/ul>\n<ul class=\"wp-block-list\"><\/ul>\n<p>Auf die letzte Frage hier schon mal eine erste konkrete Antwort, die so \u00fcbrigens\u00a0 auch f\u00fcr alle anderen Frequenzen gilt:<strong> Spiel wird zum Schein. Schein wird zum Sein. Sein wird zum Spiel. <\/strong>Du trainierst in diesem Kurs auf sehr spielerische Art und Weise, den beabsichtigten Eindruck zu erwecken. Arbeitest Du aktiv und intensiv genug an diesem Eindruck oder Schein, dringt dies \u00fcber kurz oder lang auch nach Innen. Die entsprechenden Kompetenzen werden mehr und mehr Teil Deiner Pers\u00f6nlichkeit. Und schlie\u00dflich wirst Du zunehmend Freude an dieser Art der Repertoire-Erweiterung\u00a0 haben, sodass Deine Motivation und die F\u00e4higkeiten steigen, immer wieder aufs Neue damit zu spielen und Dich weiterzuentwickeln.<em> Spiel wird zum Schein =<\/em><strong> Deine Wahrnehmung wird sch\u00e4rfer und Deine Ausstrahlung kontiunierlich s0uver\u00e4ner. <\/strong><em>Schein wird zum Sein =<\/em><strong>\u00a0 Du erweckst das Charisma in Dir wieder zum Leben und bringst es zur Entfaltung. <\/strong><em>Sein wird zum Spiel =\u00a0<\/em><strong>Du wirst sukzessive virtuoser und ziehst immer mehr Register gelingender und gewinnender Kommunikation.<\/strong><\/p>\n<h6><strong>Ausschluss des Widerruffrechts:<\/strong><\/h6>\n<h6><strong>Es wird an dieser Stelle ausdr\u00fccklich darauf hingewiesen, dass das Widerrufsrecht erlischt, sobald\u00a0 die jeweiligen Kurse\u00a0 und\/oder Lizenzcodes f\u00fcr die Nutzung von Analyse-Tools freigeschaltet wurden. Der Zeitpunkt der Mitteilung \u00fcber die Freischaltung an die Kundin\/den Kunden gilt als Beginn der Ausf\u00fchrung des Vertrages. Geleistete Zahlungen werden ab diesem Zeitpunkt nicht zur\u00fcckerstattet.<span>\u00a0<\/span><\/strong><strong>Siehe dazu auch unsere rechtskonforme Widerrufsbelehrung:<span>\u00a0<\/span><a href=\"https:\/\/scil-profile.de\/ueber-uns\/widerrufsbelehrung\/\">https:\/\/scil-profile.de\/ueber-uns\/widerrufsbelehrung\/<\/a><\/strong><\/h6>\n","protected":false},"excerpt":{"rendered":"<p><strong>Nettopreis 79,83 \u20ac <\/strong><span>zzgl. 15,17 \u20ac 19% MwSt<\/span><\/p>\n<div _ngcontent-ng-c3912018898=\"\" class=\"avatar-gutter ng-tns-c3912018898-31 ng-star-inserted\">\n<p><bard-avatar _ngcontent-ng-c3912018898=\"\" class=\"avatar-component ng-tns-c2763927141-32 ng-tns-c3912018898-31 ng-star-inserted\" _nghost-ng-c2763927141=\"\"><\/bard-avatar><\/p>\n<div _ngcontent-ng-c2763927141=\"\" bardavataranimationscontroller=\"\" class=\"bard-avatar ng-tns-c2763927141-32\">\n<div _ngcontent-ng-c2763927141=\"\" lottie-animation=\"\" class=\"avatar_spinner_animation ng-tns-c2763927141-32\">R\u00e4umliche Pr\u00e4senz in der pers\u00f6nlichen Begegnung ist weit mehr als nur \u201eda zu sein\u201c. Es ist eine Form der nonverbalen Kommunikation, die dar\u00fcber entscheidet, wie deine Botschaft ankommt und wie man dich in Erinnerung beh\u00e4lt. Dank r\u00e4umliche Pr\u00e4senz gewinnst Du auf Anhieb Sympathie und Autorit\u00e4t. Dadurch erreichst Du eine h\u00f6here Pr\u00e4senz bei Deinem Gegen\u00fcber. D<structured-content-container _ngcontent-ng-c2796957035=\"\" class=\"model-response-text processing-state-visible ng-star-inserted\" _nghost-ng-c1352916422=\"\"><message-content _ngcontent-ng-c1352916422=\"\" _nghost-ng-c1706323310=\"\" id=\"message-content-id-r_13eb9af452fea63a\" class=\"ng-star-inserted\">urch die bewusste Einnahme des Raums (z. B. aufrechte Haltung, tiefe Atmung) senkt dein K\u00f6rper den Cortisolspiegel (Stress) und hebt das Testosteron (Selbstbewusstsein). Du f\u00fchlst dich also tats\u00e4chlich mutiger, wenn du dich so verh\u00e4ltst. <structured-content-container _ngcontent-ng-c2796957035=\"\" class=\"model-response-text processing-state-visible ng-star-inserted\" _nghost-ng-c1352916422=\"\"><message-content _ngcontent-ng-c1352916422=\"\" _nghost-ng-c1706323310=\"\" id=\"message-content-id-r_13eb9af452fea63a\" class=\"ng-star-inserted\"> Du erkennst Nuancen in der K\u00f6rpersprache deines Gegen\u00fcbers schneller. Diese gegenseitige Wahrnehmung schafft eine Atmosph\u00e4re von Wertsch\u00e4tzung. Dein Gegen\u00fcber f\u00fchlt sich \u201egesehen\u201c, was die Basis f\u00fcr jede gute Beziehung ist. Alles das und noch viel mehr behandeln wir in diesem Coachingmodul. Mehr Details findest Du weiter unten.<\/message-content><\/structured-content-container><\/message-content><\/structured-content-container><\/div>\n<\/div>\n<p>&nbsp;<\/p>\n<\/div>\n<h6><strong>Ausschluss des Widerruffrechts:<\/strong><\/h6>\n<h6><strong>Es wird an dieser Stelle ausdr\u00fccklich darauf hingewiesen, dass das Widerrufsrecht erlischt, sobald\u00a0 die jeweiligen Kurse\u00a0 und\/oder Lizenzcodes f\u00fcr die Nutzung von Analyse-Tools freigeschaltet wurden. Der Zeitpunkt der Mitteilung \u00fcber die Freischaltung an die Kundin\/den Kunden gilt als Beginn der Ausf\u00fchrung des Vertrages. Geleistete Zahlungen werden ab diesem Zeitpunkt nicht zur\u00fcckerstattet.<span>\u00a0<\/span><\/strong><strong>Siehe dazu auch unsere rechtskonforme Widerrufsbelehrung:<span>\u00a0<\/span><a href=\"https:\/\/scil-profile.de\/ueber-uns\/widerrufsbelehrung\/\">https:\/\/scil-profile.de\/ueber-uns\/widerrufsbelehrung\/<\/a><\/strong><\/h6>\n","protected":false},"featured_media":80889,"template":"","meta":{"pmpro_default_level":""},"product_brand":[],"product_cat":[139],"product_tag":[],"class_list":{"0":"post-80515","1":"product","2":"type-product","3":"status-publish","4":"has-post-thumbnail","6":"product_cat-scil-profile","7":"pmpro-has-access","9":"first","10":"instock","11":"virtual","12":"taxable","13":"purchasable","14":"product-type-simple"},"yoast_head":"<!-- This site is optimized with the Yoast SEO plugin v27.2 - https:\/\/yoast.com\/product\/yoast-seo-wordpress\/ -->\n<title>OK Coaching | Corpus Frequenz R\u00e4umliche Pr\u00e4senz - SCIL Profile<\/title>\n<meta name=\"robots\" content=\"index, follow, max-snippet:-1, max-image-preview:large, max-video-preview:-1\" \/>\n<link rel=\"canonical\" href=\"https:\/\/scil-profile.de\/produkt\/ok-coaching-corpus-frequenz-raeumliche-praesenz\/\" \/>\n<meta property=\"og:locale\" content=\"en_US\" \/>\n<meta property=\"og:type\" content=\"article\" \/>\n<meta property=\"og:title\" content=\"OK Coaching | Corpus Frequenz R\u00e4umliche Pr\u00e4senz - SCIL Profile\" \/>\n<meta property=\"og:description\" content=\"Nettopreis 79,83 \u20ac zzgl. 15,17 \u20ac 19% MwSt     R\u00e4umliche Pr\u00e4senz in der pers\u00f6nlichen Begegnung ist weit mehr als nur \u201eda zu sein\u201c. Es ist eine Form der nonverbalen Kommunikation, die dar\u00fcber entscheidet, wie deine Botschaft ankommt und wie man dich in Erinnerung beh\u00e4lt. Dank r\u00e4umliche Pr\u00e4senz gewinnst Du auf Anhieb Sympathie und Autorit\u00e4t. Dadurch erreichst Du eine h\u00f6here Pr\u00e4senz bei Deinem Gegen\u00fcber. Durch die bewusste Einnahme des Raums (z. B. aufrechte Haltung, tiefe Atmung) senkt dein K\u00f6rper den Cortisolspiegel (Stress) und hebt das Testosteron (Selbstbewusstsein). Du f\u00fchlst dich also tats\u00e4chlich mutiger, wenn du dich so verh\u00e4ltst. Du erkennst Nuancen in der K\u00f6rpersprache deines Gegen\u00fcbers schneller. Diese gegenseitige Wahrnehmung schafft eine Atmosph\u00e4re von Wertsch\u00e4tzung. Dein Gegen\u00fcber f\u00fchlt sich \u201egesehen\u201c, was die Basis f\u00fcr jede gute Beziehung ist. Alles das und noch viel mehr behandeln wir in diesem Coachingmodul. Mehr Details findest Du weiter unten.  &nbsp;   Ausschluss des Widerruffrechts: Es wird an dieser Stelle ausdr\u00fccklich darauf hingewiesen, dass das Widerrufsrecht erlischt, sobald\u00a0 die jeweiligen Kurse\u00a0 und\/oder Lizenzcodes f\u00fcr die Nutzung von Analyse-Tools freigeschaltet wurden. Der Zeitpunkt der Mitteilung \u00fcber die Freischaltung an die Kundin\/den Kunden gilt als Beginn der Ausf\u00fchrung des Vertrages. Geleistete Zahlungen werden ab diesem Zeitpunkt nicht zur\u00fcckerstattet.\u00a0Siehe dazu auch unsere rechtskonforme Widerrufsbelehrung:\u00a0https:\/\/scil-profile.de\/ueber-uns\/widerrufsbelehrung\/\" \/>\n<meta property=\"og:url\" content=\"https:\/\/scil-profile.de\/produkt\/ok-coaching-corpus-frequenz-raeumliche-praesenz\/\" \/>\n<meta property=\"og:site_name\" content=\"SCIL Profile\" \/>\n<meta property=\"article:modified_time\" content=\"2026-02-18T11:31:27+00:00\" \/>\n<meta property=\"og:image\" content=\"https:\/\/scil-profile.de\/wp-content\/uploads\/2024\/01\/Ra\u0308umlichePra\u0308senz.jpeg\" \/>\n\t<meta property=\"og:image:width\" content=\"1265\" \/>\n\t<meta property=\"og:image:height\" content=\"712\" \/>\n\t<meta property=\"og:image:type\" content=\"image\/jpeg\" \/>\n<meta name=\"twitter:card\" content=\"summary_large_image\" \/>\n<meta name=\"twitter:label1\" content=\"Est. reading time\" \/>\n\t<meta name=\"twitter:data1\" content=\"4 minutes\" \/>\n<script type=\"application\/ld+json\" class=\"yoast-schema-graph\">{\"@context\":\"https:\/\/schema.org\",\"@graph\":[{\"@type\":\"WebPage\",\"@id\":\"https:\/\/scil-profile.de\/produkt\/ok-coaching-corpus-frequenz-raeumliche-praesenz\/\",\"url\":\"https:\/\/scil-profile.de\/produkt\/ok-coaching-corpus-frequenz-raeumliche-praesenz\/\",\"name\":\"OK Coaching | Corpus Frequenz R\u00e4umliche Pr\u00e4senz - SCIL Profile\",\"isPartOf\":{\"@id\":\"https:\/\/scil-profile.de\/#website\"},\"primaryImageOfPage\":{\"@id\":\"https:\/\/scil-profile.de\/produkt\/ok-coaching-corpus-frequenz-raeumliche-praesenz\/#primaryimage\"},\"image\":{\"@id\":\"https:\/\/scil-profile.de\/produkt\/ok-coaching-corpus-frequenz-raeumliche-praesenz\/#primaryimage\"},\"thumbnailUrl\":\"https:\/\/scil-profile.de\/wp-content\/uploads\/2024\/01\/Ra\u0308umlichePra\u0308senz.jpeg\",\"datePublished\":\"2024-01-03T14:51:43+00:00\",\"dateModified\":\"2026-02-18T11:31:27+00:00\",\"breadcrumb\":{\"@id\":\"https:\/\/scil-profile.de\/produkt\/ok-coaching-corpus-frequenz-raeumliche-praesenz\/#breadcrumb\"},\"inLanguage\":\"en-US\",\"potentialAction\":[{\"@type\":\"ReadAction\",\"target\":[\"https:\/\/scil-profile.de\/produkt\/ok-coaching-corpus-frequenz-raeumliche-praesenz\/\"]}]},{\"@type\":\"ImageObject\",\"inLanguage\":\"en-US\",\"@id\":\"https:\/\/scil-profile.de\/produkt\/ok-coaching-corpus-frequenz-raeumliche-praesenz\/#primaryimage\",\"url\":\"https:\/\/scil-profile.de\/wp-content\/uploads\/2024\/01\/Ra\u0308umlichePra\u0308senz.jpeg\",\"contentUrl\":\"https:\/\/scil-profile.de\/wp-content\/uploads\/2024\/01\/Ra\u0308umlichePra\u0308senz.jpeg\",\"width\":1265,\"height\":712},{\"@type\":\"BreadcrumbList\",\"@id\":\"https:\/\/scil-profile.de\/produkt\/ok-coaching-corpus-frequenz-raeumliche-praesenz\/#breadcrumb\",\"itemListElement\":[{\"@type\":\"ListItem\",\"position\":1,\"name\":\"Weiterbildung\",\"item\":\"https:\/\/scil-profile.de\/\"},{\"@type\":\"ListItem\",\"position\":2,\"name\":\"Shop\",\"item\":\"https:\/\/scil-profile.de\/shop\/\"},{\"@type\":\"ListItem\",\"position\":3,\"name\":\"OK Coaching | Corpus Frequenz R\u00e4umliche Pr\u00e4senz\"}]},{\"@type\":\"WebSite\",\"@id\":\"https:\/\/scil-profile.de\/#website\",\"url\":\"https:\/\/scil-profile.de\/\",\"name\":\"SCIL Profile\",\"description\":\"Entdecke und entfalte Dein Charisma. Pers\u00f6nliche Wirkung und Wahrnehmung als Schl\u00fcssel f\u00fcr mehr Erfolg.\",\"potentialAction\":[{\"@type\":\"SearchAction\",\"target\":{\"@type\":\"EntryPoint\",\"urlTemplate\":\"https:\/\/scil-profile.de\/?s={search_term_string}\"},\"query-input\":{\"@type\":\"PropertyValueSpecification\",\"valueRequired\":true,\"valueName\":\"search_term_string\"}}],\"inLanguage\":\"en-US\"}]}<\/script>\n<!-- \/ Yoast SEO plugin. -->","yoast_head_json":{"title":"OK Coaching | Corpus Frequenz R\u00e4umliche Pr\u00e4senz - SCIL Profile","robots":{"index":"index","follow":"follow","max-snippet":"max-snippet:-1","max-image-preview":"max-image-preview:large","max-video-preview":"max-video-preview:-1"},"canonical":"https:\/\/scil-profile.de\/produkt\/ok-coaching-corpus-frequenz-raeumliche-praesenz\/","og_locale":"en_US","og_type":"article","og_title":"OK Coaching | Corpus Frequenz R\u00e4umliche Pr\u00e4senz - SCIL Profile","og_description":"Nettopreis 79,83 \u20ac zzgl. 15,17 \u20ac 19% MwSt     R\u00e4umliche Pr\u00e4senz in der pers\u00f6nlichen Begegnung ist weit mehr als nur \u201eda zu sein\u201c. Es ist eine Form der nonverbalen Kommunikation, die dar\u00fcber entscheidet, wie deine Botschaft ankommt und wie man dich in Erinnerung beh\u00e4lt. Dank r\u00e4umliche Pr\u00e4senz gewinnst Du auf Anhieb Sympathie und Autorit\u00e4t. Dadurch erreichst Du eine h\u00f6here Pr\u00e4senz bei Deinem Gegen\u00fcber. Durch die bewusste Einnahme des Raums (z. B. aufrechte Haltung, tiefe Atmung) senkt dein K\u00f6rper den Cortisolspiegel (Stress) und hebt das Testosteron (Selbstbewusstsein). Du f\u00fchlst dich also tats\u00e4chlich mutiger, wenn du dich so verh\u00e4ltst. Du erkennst Nuancen in der K\u00f6rpersprache deines Gegen\u00fcbers schneller. Diese gegenseitige Wahrnehmung schafft eine Atmosph\u00e4re von Wertsch\u00e4tzung. Dein Gegen\u00fcber f\u00fchlt sich \u201egesehen\u201c, was die Basis f\u00fcr jede gute Beziehung ist. Alles das und noch viel mehr behandeln wir in diesem Coachingmodul. Mehr Details findest Du weiter unten.  &nbsp;   Ausschluss des Widerruffrechts: Es wird an dieser Stelle ausdr\u00fccklich darauf hingewiesen, dass das Widerrufsrecht erlischt, sobald\u00a0 die jeweiligen Kurse\u00a0 und\/oder Lizenzcodes f\u00fcr die Nutzung von Analyse-Tools freigeschaltet wurden. Der Zeitpunkt der Mitteilung \u00fcber die Freischaltung an die Kundin\/den Kunden gilt als Beginn der Ausf\u00fchrung des Vertrages. Geleistete Zahlungen werden ab diesem Zeitpunkt nicht zur\u00fcckerstattet.\u00a0Siehe dazu auch unsere rechtskonforme Widerrufsbelehrung:\u00a0https:\/\/scil-profile.de\/ueber-uns\/widerrufsbelehrung\/","og_url":"https:\/\/scil-profile.de\/produkt\/ok-coaching-corpus-frequenz-raeumliche-praesenz\/","og_site_name":"SCIL Profile","article_modified_time":"2026-02-18T11:31:27+00:00","og_image":[{"width":1265,"height":712,"url":"https:\/\/scil-profile.de\/wp-content\/uploads\/2024\/01\/Ra\u0308umlichePra\u0308senz.jpeg","type":"image\/jpeg"}],"twitter_card":"summary_large_image","twitter_misc":{"Est. reading time":"4 minutes"},"schema":{"@context":"https:\/\/schema.org","@graph":[{"@type":"WebPage","@id":"https:\/\/scil-profile.de\/produkt\/ok-coaching-corpus-frequenz-raeumliche-praesenz\/","url":"https:\/\/scil-profile.de\/produkt\/ok-coaching-corpus-frequenz-raeumliche-praesenz\/","name":"OK Coaching | Corpus Frequenz R\u00e4umliche Pr\u00e4senz - SCIL Profile","isPartOf":{"@id":"https:\/\/scil-profile.de\/#website"},"primaryImageOfPage":{"@id":"https:\/\/scil-profile.de\/produkt\/ok-coaching-corpus-frequenz-raeumliche-praesenz\/#primaryimage"},"image":{"@id":"https:\/\/scil-profile.de\/produkt\/ok-coaching-corpus-frequenz-raeumliche-praesenz\/#primaryimage"},"thumbnailUrl":"https:\/\/scil-profile.de\/wp-content\/uploads\/2024\/01\/Ra\u0308umlichePra\u0308senz.jpeg","datePublished":"2024-01-03T14:51:43+00:00","dateModified":"2026-02-18T11:31:27+00:00","breadcrumb":{"@id":"https:\/\/scil-profile.de\/produkt\/ok-coaching-corpus-frequenz-raeumliche-praesenz\/#breadcrumb"},"inLanguage":"en-US","potentialAction":[{"@type":"ReadAction","target":["https:\/\/scil-profile.de\/produkt\/ok-coaching-corpus-frequenz-raeumliche-praesenz\/"]}]},{"@type":"ImageObject","inLanguage":"en-US","@id":"https:\/\/scil-profile.de\/produkt\/ok-coaching-corpus-frequenz-raeumliche-praesenz\/#primaryimage","url":"https:\/\/scil-profile.de\/wp-content\/uploads\/2024\/01\/Ra\u0308umlichePra\u0308senz.jpeg","contentUrl":"https:\/\/scil-profile.de\/wp-content\/uploads\/2024\/01\/Ra\u0308umlichePra\u0308senz.jpeg","width":1265,"height":712},{"@type":"BreadcrumbList","@id":"https:\/\/scil-profile.de\/produkt\/ok-coaching-corpus-frequenz-raeumliche-praesenz\/#breadcrumb","itemListElement":[{"@type":"ListItem","position":1,"name":"Weiterbildung","item":"https:\/\/scil-profile.de\/"},{"@type":"ListItem","position":2,"name":"Shop","item":"https:\/\/scil-profile.de\/shop\/"},{"@type":"ListItem","position":3,"name":"OK Coaching | Corpus Frequenz R\u00e4umliche Pr\u00e4senz"}]},{"@type":"WebSite","@id":"https:\/\/scil-profile.de\/#website","url":"https:\/\/scil-profile.de\/","name":"SCIL Profile","description":"Entdecke und entfalte Dein Charisma. Pers\u00f6nliche Wirkung und Wahrnehmung als Schl\u00fcssel f\u00fcr mehr Erfolg.","potentialAction":[{"@type":"SearchAction","target":{"@type":"EntryPoint","urlTemplate":"https:\/\/scil-profile.de\/?s={search_term_string}"},"query-input":{"@type":"PropertyValueSpecification","valueRequired":true,"valueName":"search_term_string"}}],"inLanguage":"en-US"}]}},"_links":{"self":[{"href":"https:\/\/scil-profile.de\/en\/wp-json\/wp\/v2\/product\/80515","targetHints":{"allow":["GET"]}}],"collection":[{"href":"https:\/\/scil-profile.de\/en\/wp-json\/wp\/v2\/product"}],"about":[{"href":"https:\/\/scil-profile.de\/en\/wp-json\/wp\/v2\/types\/product"}],"wp:featuredmedia":[{"embeddable":true,"href":"https:\/\/scil-profile.de\/en\/wp-json\/wp\/v2\/media\/80889"}],"wp:attachment":[{"href":"https:\/\/scil-profile.de\/en\/wp-json\/wp\/v2\/media?parent=80515"}],"wp:term":[{"taxonomy":"product_brand","embeddable":true,"href":"https:\/\/scil-profile.de\/en\/wp-json\/wp\/v2\/product_brand?post=80515"},{"taxonomy":"product_cat","embeddable":true,"href":"https:\/\/scil-profile.de\/en\/wp-json\/wp\/v2\/product_cat?post=80515"},{"taxonomy":"product_tag","embeddable":true,"href":"https:\/\/scil-profile.de\/en\/wp-json\/wp\/v2\/product_tag?post=80515"}],"curies":[{"name":"wp","href":"https:\/\/api.w.org\/{rel}","templated":true}]}}