{"id":80510,"date":"2024-01-03T15:49:52","date_gmt":"2024-01-03T14:49:52","guid":{"rendered":"https:\/\/scil-profile.de\/?post_type=product&#038;p=80510"},"modified":"2026-02-18T12:17:59","modified_gmt":"2026-02-18T11:17:59","slug":"ok-coaching-corpus-frequenz-mimik","status":"publish","type":"product","link":"https:\/\/scil-profile.de\/en\/produkt\/ok-coaching-corpus-frequenz-mimik\/","title":{"rendered":"OK Coaching | Corpus Frequenz Mimik"},"content":{"rendered":"<strong>OK-Coaching <\/strong>ist die Abk\u00fcrzung f\u00fcr<em><strong> O<\/strong><\/em>nline<em><strong>K<\/strong><\/em>ommunikations-Coaching. <strong>Dieser Kurs besteht aus insgesamt 4 Lektionen, 39 Themenmodulen und enth\u00e4lt 13 unterschiedlich schwierige Tests bzw. interaktive Elemente<em>.<\/em><\/strong> Ziel des Kurses ist es, Dein Kommunikationsrepertoire auf der Corpus-Frequenz <strong>Mimik <\/strong>zu festigen und zu erweitern. Und zwar so, wie es im folgenden beschrieben ist:<br><br>\r\n\r\nAls Pers\u00f6nlichkeit mit einer wahrnehmbar ausgepr\u00e4gten Mimik zeichnest Du Dich u.a.\u00a0 dadurch aus, dass Du die 19 gro\u00dfen Muskeln Deiner Gesichstmuskulatur Muskulatur auch aktiv nutzt. Andere Menschen haben den Eindruck, dass Du jeden Gefu\u0308hlsausdruck mimisch darzustellen in der Lage bist. Dein Gesichtsausdruck unterstu\u0308tzt spontan und deutlich das jeweils gesprochene Wort. Und zwar so unmittelbar, dass Du Deinem Gegenu\u0308ber das Gefu\u0308hl vermittelst, es handle sich dabei keineswegs um eine antrainierte sondern um eine aus der inneren Haltung resultierende Mimik.<br><br>\r\n\r\nDu wirst Du von anderen als Mensch erlebt, der neben seiner eigenen ausgepr\u00e4gten Mimik offenbar auch die F\u00e4higkeit hat, im Gesichtsausdruck der anderen zu lesen. Deshalb wirst Du auch als einf\u00fchlsam und mitfu\u0308hlend empfunden. Offensichtlich besitzt Du die F\u00e4higkeit, die Gefu\u0308hle der anderen h\u00e4ufig in Deiner eigenen Mimik widerzuspiegeln.\r\n\r\nBei Dir ist h\u00e4ufig zu beobachten, dass Du nicht nur das eigene gesprochene Wort mit einer ausdrucksstarken Mimik unterstreichst, sondern dass Du scheinbar automatisch auch auf die Aussagen und die hinter den Aussagen der anderen stehenden Gefu\u0308hle mit ihrer Mimik reagierst. Durch diesen intensiven interaktiven Prozess im mimischen Segment gelingt es Dir wahrnehmbar, die Mimik Deiner jeweiligen Gespr\u00e4chspartner regelrecht zu beeinflussen.<br><br>\r\n\r\nRunzelst Du selbst zum Beispiel die Stirn, folgen Dir Deine Gespr\u00e4chspartner meist v\u00f6llig unbewusst mit einem eigenen Stirnrunzeln. Diese Qualit\u00e4t der Interaktion funktioniert allerdings prim\u00e4r mit solchen Personen, die hier selbst eine vergleichbare hohe Ausdrucksst\u00e4rke haben. Diesbezu\u0308glich weniger stark entwickelte Menschen k\u00f6nnen die starke Mimik ihres Vis-\u00e0-Vis als u\u0308bertriebene Schauspielerei erleben und deshalb ablehnend darauf reagieren.\r\n\r\n<img fetchpriority=\"high\" decoding=\"async\" src=\"https:\/\/scil-profile.de\/wp-content\/uploads\/2024\/01\/Icon_Mimik-300x262.png\" alt=\"\" width=\"530\" height=\"463\" class=\" wp-image-120318 alignleft\" srcset=\"https:\/\/scil-profile.de\/wp-content\/uploads\/2024\/01\/Icon_Mimik-300x262.png 300w, https:\/\/scil-profile.de\/wp-content\/uploads\/2024\/01\/Icon_Mimik-1024x893.png 1024w, https:\/\/scil-profile.de\/wp-content\/uploads\/2024\/01\/Icon_Mimik-768x670.png 768w, https:\/\/scil-profile.de\/wp-content\/uploads\/2024\/01\/Icon_Mimik-1536x1340.png 1536w, https:\/\/scil-profile.de\/wp-content\/uploads\/2024\/01\/Icon_Mimik-2048x1787.png 2048w, https:\/\/scil-profile.de\/wp-content\/uploads\/2024\/01\/Icon_Mimik-624x544.png 624w, https:\/\/scil-profile.de\/wp-content\/uploads\/2024\/01\/Icon_Mimik-600x523.png 600w\" sizes=\"(max-width: 530px) 100vw, 530px\" \/><br><br>Um Dich bei der Erweiterung Deines Repertoires in dem zuvor beschriebenen Sinne\u00a0<em><strong> <\/strong><\/em>erfolgreich begleiten zu k\u00f6nnen, behandeln wir in diesem Kurs u.a. die folgenden Fragen und trainieren die daraus resultierenden \u00dcbungen mit Dir:<br><br>\r\n<ul>\r\n \t<li><em>Was sind Spiegelneuronen und welche Auswirkungen haben sie?<\/em><\/li>\r\n \t<li><em>Welche Muskeln l\u00f6sen welche mimischen Regungen aus?<\/em><\/li>\r\n \t<li><em>Wie kannst Du Deine eigene Gesichtsmuskulatur am besten kontrollieren?<\/em><\/li>\r\n \t<li><em>L\u00e4sst sich die Gesichtsmuskulatur traineren und wenn ja, wie?<\/em><\/li>\r\n \t<li><em>Wie liest Du sicher in der Mimik Deiner Gespr\u00e4chspartner?<\/em><\/li>\r\n \t<li><em>Welche Grundemotionen gibt es und wie werden diese mimisch sichtbar?<\/em><\/li>\r\n \t<li><em>Wie kannst Du diese Grundemotionen zuk\u00fcnftig selbst in Deiner Mimik zeigen und was bringt das?<\/em><\/li>\r\n \t<li><em>Arbeitest Du in diesem Kurs nur daran, dass Du als Pers\u00f6nlichkeit mit einer starken Auspr\u00e4gung auf der Corpus-Frequenz Mimik wahrgenommen wirst oder wirkt sich das auch auf Deine tats\u00e4chlichen diesbez\u00fcglichen Kompetenzen aus?<\/em><\/li>\r\n<\/ul>\r\n\r\n<ul class=\"wp-block-list\"><!-- \/wp:post-content --><\/ul>\r\n<h6><!-- \/wp:list --><\/h6>\r\nAuf die letzte Frage hier schon mal eine erste konkrete Antwort, die so \u00fcbrigens\u00a0 auch f\u00fcr alle anderen Frequenzen gilt:<strong> Spiel wird zum Schein. Schein wird zum Sein. Sein wird zum Spiel. <\/strong>Du trainierst in diesem Kurs auf sehr spielerische Art und Weise, den beabsichtigten Eindruck zu erwecken. Arbeitest Du aktiv und intensiv genug an diesem Eindruck oder Schein, dringt dies \u00fcber kurz oder lang auch nach Innen. Die entsprechenden Kompetenzen werden mehr und mehr Teil Deiner Pers\u00f6nlichkeit. Und schlie\u00dflich wirst Du zunehmend Freude an dieser Art der Repertoire-Erweiterung\u00a0 haben, sodass Deine Motivation und die F\u00e4higkeiten steigen, immer wieder aufs Neue damit zu spielen und Dich weiterzuentwickeln.<em> Spiel wird zum Schein =<\/em><strong> Deine Wahrnehmung wird sch\u00e4rfer und Deine Ausstrahlung kontiunierlich souver\u00e4ner. <\/strong><em>Schein wird zum Sein =<\/em><strong>\u00a0 Du erweckst das Charisma in Dir wieder zum Leben und bringst es zur Entfaltung. <\/strong><em>Sein wird zum Spiel =\u00a0<\/em><strong>Du wirst sukzessive virtuoser und ziehst immer mehr Register gelingender und gewinnender Kommunikation.<\/strong>\r\n<h6><strong><br><br>Ausschlu\u00df des Widerruffrechts:<\/strong><\/h6>\r\n<h6><strong>Es wird an dieser Stelle ausdr\u00fccklich darauf hingewiesen, dass das Widerrufsrecht erlischt, sobald\u00a0 die jeweiligen Kurse\u00a0 und\/oder Lizenzcodes f\u00fcr die Nutzung von Analyse-Tools freigeschaltet wurden. Der Zeitpunkt der Mitteilung \u00fcber die Freischaltung an die Kundin\/den Kunden gilt als Beginn der Ausf\u00fchrung des Vertrages. Geleistete Zahlungen werden ab diesem Zeitpunkt nicht zur\u00fcckerstattet.<span>\u00a0<\/span><\/strong><strong>Siehe dazu auch unsere rechtskonforme Widerrufsbelehrung:<span>\u00a0<\/span><a href=\"https:\/\/scil-profile.de\/ueber-uns\/widerrufsbelehrung\/\">https:\/\/scil-profile.de\/ueber-uns\/widerrufsbelehrung\/<\/a><\/strong><\/h6><!-- \/wp:freeform -->","protected":false},"excerpt":{"rendered":"<p class=\"price\"><strong>Nettopreis 79,83 \u20ac <\/strong>zzgl. 15,17 \u20ac 19% MwSt<\/p>\n<p><strong>OK-Coaching <\/strong>ist die Abk\u00fcrzung f\u00fcr<em><strong> O<\/strong><\/em>nline<em><strong>K<\/strong><\/em>ommunikations-Coaching. Das gro\u00dfe 1 x 1 des Minenspiels ist Gegenstand der Betrachtung in diesem Kurs. Damit Du leichter und sicherer in der Mimik Deines Vis-\u00e0-Vis lesen kannst, damit Du Deine eigene Mimik unter Konrtrolle hast und gezielt steuern kannst und damit Du zuguterletzt Deine F\u00e4higkeiten entwickelst und trainierst, mit Deiner Mimik Einfluss erst gezielt auf die Mimik und dann auf die Gedanken und Gef\u00fchle Deiner Gespr\u00e4chspartner zu nehmen. F\u00fcr eine detaillierte Kursbeschreibung scroll bitte etwas weiter nach unten.<\/p>\n<h6><strong>Ausschlu\u00df des Widerruffrechts:<\/strong><\/h6>\n<h6><strong>Es wird an dieser Stelle ausdr\u00fccklich darauf hingewiesen, dass das Widerrufsrecht erlischt, sobald\u00a0 die jeweiligen Kurse\u00a0 und\/oder Lizenzcodes f\u00fcr die Nutzung von Analyse-Tools freigeschaltet wurden. Der Zeitpunkt der Mitteilung \u00fcber die Freischaltung an die Kundin\/den Kunden gilt als Beginn der Ausf\u00fchrung des Vertrages. Geleistete Zahlungen werden ab diesem Zeitpunkt nicht zur\u00fcckerstattet.<span>\u00a0<\/span><\/strong><strong>Siehe dazu auch unsere rechtskonforme Widerrufsbelehrung:<span>\u00a0<\/span><a href=\"https:\/\/scil-profile.de\/ueber-uns\/widerrufsbelehrung\/\">https:\/\/scil-profile.de\/ueber-uns\/widerrufsbelehrung\/<\/a><\/strong><\/h6>\n","protected":false},"featured_media":80893,"template":"","meta":{"pmpro_default_level":""},"product_brand":[],"product_cat":[623,139],"product_tag":[],"class_list":{"0":"post-80510","1":"product","2":"type-product","3":"status-publish","4":"has-post-thumbnail","6":"product_cat-e-learning","7":"product_cat-scil-profile","8":"pmpro-has-access","10":"first","11":"instock","12":"virtual","13":"taxable","14":"purchasable","15":"product-type-simple"},"yoast_head":"<!-- This site is optimized with the Yoast SEO plugin v27.3 - https:\/\/yoast.com\/product\/yoast-seo-wordpress\/ -->\n<title>OK Coaching | Corpus Frequenz Mimik - SCIL Profile<\/title>\n<meta name=\"robots\" content=\"index, follow, max-snippet:-1, max-image-preview:large, max-video-preview:-1\" \/>\n<link rel=\"canonical\" href=\"https:\/\/scil-profile.de\/produkt\/ok-coaching-corpus-frequenz-mimik\/\" \/>\n<meta property=\"og:locale\" content=\"en_US\" \/>\n<meta property=\"og:type\" content=\"article\" \/>\n<meta property=\"og:title\" content=\"OK Coaching | Corpus Frequenz Mimik - SCIL Profile\" \/>\n<meta property=\"og:description\" content=\"Nettopreis 79,83 \u20ac zzgl. 15,17 \u20ac 19% MwSt OK-Coaching ist die Abk\u00fcrzung f\u00fcr OnlineKommunikations-Coaching. Das gro\u00dfe 1 x 1 des Minenspiels ist Gegenstand der Betrachtung in diesem Kurs. Damit Du leichter und sicherer in der Mimik Deines Vis-\u00e0-Vis lesen kannst, damit Du Deine eigene Mimik unter Konrtrolle hast und gezielt steuern kannst und damit Du zuguterletzt Deine F\u00e4higkeiten entwickelst und trainierst, mit Deiner Mimik Einfluss erst gezielt auf die Mimik und dann auf die Gedanken und Gef\u00fchle Deiner Gespr\u00e4chspartner zu nehmen. F\u00fcr eine detaillierte Kursbeschreibung scroll bitte etwas weiter nach unten. Ausschlu\u00df des Widerruffrechts: Es wird an dieser Stelle ausdr\u00fccklich darauf hingewiesen, dass das Widerrufsrecht erlischt, sobald\u00a0 die jeweiligen Kurse\u00a0 und\/oder Lizenzcodes f\u00fcr die Nutzung von Analyse-Tools freigeschaltet wurden. Der Zeitpunkt der Mitteilung \u00fcber die Freischaltung an die Kundin\/den Kunden gilt als Beginn der Ausf\u00fchrung des Vertrages. Geleistete Zahlungen werden ab diesem Zeitpunkt nicht zur\u00fcckerstattet.\u00a0Siehe dazu auch unsere rechtskonforme Widerrufsbelehrung:\u00a0https:\/\/scil-profile.de\/ueber-uns\/widerrufsbelehrung\/\" \/>\n<meta property=\"og:url\" content=\"https:\/\/scil-profile.de\/produkt\/ok-coaching-corpus-frequenz-mimik\/\" \/>\n<meta property=\"og:site_name\" content=\"SCIL Profile\" \/>\n<meta property=\"article:modified_time\" content=\"2026-02-18T11:17:59+00:00\" \/>\n<meta property=\"og:image\" content=\"https:\/\/scil-profile.de\/wp-content\/uploads\/2024\/01\/Mimik.jpeg\" \/>\n\t<meta property=\"og:image:width\" content=\"1265\" \/>\n\t<meta property=\"og:image:height\" content=\"712\" \/>\n\t<meta property=\"og:image:type\" content=\"image\/jpeg\" \/>\n<meta name=\"twitter:card\" content=\"summary_large_image\" \/>\n<meta name=\"twitter:label1\" content=\"Est. reading time\" \/>\n\t<meta name=\"twitter:data1\" content=\"5 minutes\" \/>\n<script type=\"application\/ld+json\" class=\"yoast-schema-graph\">{\"@context\":\"https:\\\/\\\/schema.org\",\"@graph\":[{\"@type\":\"WebPage\",\"@id\":\"https:\\\/\\\/scil-profile.de\\\/produkt\\\/ok-coaching-corpus-frequenz-mimik\\\/\",\"url\":\"https:\\\/\\\/scil-profile.de\\\/produkt\\\/ok-coaching-corpus-frequenz-mimik\\\/\",\"name\":\"OK Coaching | Corpus Frequenz Mimik - SCIL Profile\",\"isPartOf\":{\"@id\":\"https:\\\/\\\/scil-profile.de\\\/#website\"},\"primaryImageOfPage\":{\"@id\":\"https:\\\/\\\/scil-profile.de\\\/produkt\\\/ok-coaching-corpus-frequenz-mimik\\\/#primaryimage\"},\"image\":{\"@id\":\"https:\\\/\\\/scil-profile.de\\\/produkt\\\/ok-coaching-corpus-frequenz-mimik\\\/#primaryimage\"},\"thumbnailUrl\":\"https:\\\/\\\/scil-profile.de\\\/wp-content\\\/uploads\\\/2024\\\/01\\\/Mimik.jpeg\",\"datePublished\":\"2024-01-03T14:49:52+00:00\",\"dateModified\":\"2026-02-18T11:17:59+00:00\",\"breadcrumb\":{\"@id\":\"https:\\\/\\\/scil-profile.de\\\/produkt\\\/ok-coaching-corpus-frequenz-mimik\\\/#breadcrumb\"},\"inLanguage\":\"en-US\",\"potentialAction\":[{\"@type\":\"ReadAction\",\"target\":[\"https:\\\/\\\/scil-profile.de\\\/produkt\\\/ok-coaching-corpus-frequenz-mimik\\\/\"]}]},{\"@type\":\"ImageObject\",\"inLanguage\":\"en-US\",\"@id\":\"https:\\\/\\\/scil-profile.de\\\/produkt\\\/ok-coaching-corpus-frequenz-mimik\\\/#primaryimage\",\"url\":\"https:\\\/\\\/scil-profile.de\\\/wp-content\\\/uploads\\\/2024\\\/01\\\/Mimik.jpeg\",\"contentUrl\":\"https:\\\/\\\/scil-profile.de\\\/wp-content\\\/uploads\\\/2024\\\/01\\\/Mimik.jpeg\",\"width\":1265,\"height\":712},{\"@type\":\"BreadcrumbList\",\"@id\":\"https:\\\/\\\/scil-profile.de\\\/produkt\\\/ok-coaching-corpus-frequenz-mimik\\\/#breadcrumb\",\"itemListElement\":[{\"@type\":\"ListItem\",\"position\":1,\"name\":\"Weiterbildung\",\"item\":\"https:\\\/\\\/scil-profile.de\\\/\"},{\"@type\":\"ListItem\",\"position\":2,\"name\":\"Shop\",\"item\":\"https:\\\/\\\/scil-profile.de\\\/shop\\\/\"},{\"@type\":\"ListItem\",\"position\":3,\"name\":\"OK Coaching | Corpus Frequenz Mimik\"}]},{\"@type\":\"WebSite\",\"@id\":\"https:\\\/\\\/scil-profile.de\\\/#website\",\"url\":\"https:\\\/\\\/scil-profile.de\\\/\",\"name\":\"SCIL Profile\",\"description\":\"Entdecke und entfalte Dein Charisma. Pers\u00f6nliche Wirkung und Wahrnehmung als Schl\u00fcssel f\u00fcr mehr Erfolg.\",\"potentialAction\":[{\"@type\":\"SearchAction\",\"target\":{\"@type\":\"EntryPoint\",\"urlTemplate\":\"https:\\\/\\\/scil-profile.de\\\/?s={search_term_string}\"},\"query-input\":{\"@type\":\"PropertyValueSpecification\",\"valueRequired\":true,\"valueName\":\"search_term_string\"}}],\"inLanguage\":\"en-US\"}]}<\/script>\n<!-- \/ Yoast SEO plugin. -->","yoast_head_json":{"title":"OK Coaching | Corpus Frequenz Mimik - SCIL Profile","robots":{"index":"index","follow":"follow","max-snippet":"max-snippet:-1","max-image-preview":"max-image-preview:large","max-video-preview":"max-video-preview:-1"},"canonical":"https:\/\/scil-profile.de\/produkt\/ok-coaching-corpus-frequenz-mimik\/","og_locale":"en_US","og_type":"article","og_title":"OK Coaching | Corpus Frequenz Mimik - SCIL Profile","og_description":"Nettopreis 79,83 \u20ac zzgl. 15,17 \u20ac 19% MwSt OK-Coaching ist die Abk\u00fcrzung f\u00fcr OnlineKommunikations-Coaching. Das gro\u00dfe 1 x 1 des Minenspiels ist Gegenstand der Betrachtung in diesem Kurs. Damit Du leichter und sicherer in der Mimik Deines Vis-\u00e0-Vis lesen kannst, damit Du Deine eigene Mimik unter Konrtrolle hast und gezielt steuern kannst und damit Du zuguterletzt Deine F\u00e4higkeiten entwickelst und trainierst, mit Deiner Mimik Einfluss erst gezielt auf die Mimik und dann auf die Gedanken und Gef\u00fchle Deiner Gespr\u00e4chspartner zu nehmen. F\u00fcr eine detaillierte Kursbeschreibung scroll bitte etwas weiter nach unten. Ausschlu\u00df des Widerruffrechts: Es wird an dieser Stelle ausdr\u00fccklich darauf hingewiesen, dass das Widerrufsrecht erlischt, sobald\u00a0 die jeweiligen Kurse\u00a0 und\/oder Lizenzcodes f\u00fcr die Nutzung von Analyse-Tools freigeschaltet wurden. Der Zeitpunkt der Mitteilung \u00fcber die Freischaltung an die Kundin\/den Kunden gilt als Beginn der Ausf\u00fchrung des Vertrages. Geleistete Zahlungen werden ab diesem Zeitpunkt nicht zur\u00fcckerstattet.\u00a0Siehe dazu auch unsere rechtskonforme Widerrufsbelehrung:\u00a0https:\/\/scil-profile.de\/ueber-uns\/widerrufsbelehrung\/","og_url":"https:\/\/scil-profile.de\/produkt\/ok-coaching-corpus-frequenz-mimik\/","og_site_name":"SCIL Profile","article_modified_time":"2026-02-18T11:17:59+00:00","og_image":[{"width":1265,"height":712,"url":"https:\/\/scil-profile.de\/wp-content\/uploads\/2024\/01\/Mimik.jpeg","type":"image\/jpeg"}],"twitter_card":"summary_large_image","twitter_misc":{"Est. reading time":"5 minutes"},"schema":{"@context":"https:\/\/schema.org","@graph":[{"@type":"WebPage","@id":"https:\/\/scil-profile.de\/produkt\/ok-coaching-corpus-frequenz-mimik\/","url":"https:\/\/scil-profile.de\/produkt\/ok-coaching-corpus-frequenz-mimik\/","name":"OK Coaching | Corpus Frequenz Mimik - SCIL Profile","isPartOf":{"@id":"https:\/\/scil-profile.de\/#website"},"primaryImageOfPage":{"@id":"https:\/\/scil-profile.de\/produkt\/ok-coaching-corpus-frequenz-mimik\/#primaryimage"},"image":{"@id":"https:\/\/scil-profile.de\/produkt\/ok-coaching-corpus-frequenz-mimik\/#primaryimage"},"thumbnailUrl":"https:\/\/scil-profile.de\/wp-content\/uploads\/2024\/01\/Mimik.jpeg","datePublished":"2024-01-03T14:49:52+00:00","dateModified":"2026-02-18T11:17:59+00:00","breadcrumb":{"@id":"https:\/\/scil-profile.de\/produkt\/ok-coaching-corpus-frequenz-mimik\/#breadcrumb"},"inLanguage":"en-US","potentialAction":[{"@type":"ReadAction","target":["https:\/\/scil-profile.de\/produkt\/ok-coaching-corpus-frequenz-mimik\/"]}]},{"@type":"ImageObject","inLanguage":"en-US","@id":"https:\/\/scil-profile.de\/produkt\/ok-coaching-corpus-frequenz-mimik\/#primaryimage","url":"https:\/\/scil-profile.de\/wp-content\/uploads\/2024\/01\/Mimik.jpeg","contentUrl":"https:\/\/scil-profile.de\/wp-content\/uploads\/2024\/01\/Mimik.jpeg","width":1265,"height":712},{"@type":"BreadcrumbList","@id":"https:\/\/scil-profile.de\/produkt\/ok-coaching-corpus-frequenz-mimik\/#breadcrumb","itemListElement":[{"@type":"ListItem","position":1,"name":"Weiterbildung","item":"https:\/\/scil-profile.de\/"},{"@type":"ListItem","position":2,"name":"Shop","item":"https:\/\/scil-profile.de\/shop\/"},{"@type":"ListItem","position":3,"name":"OK Coaching | Corpus Frequenz Mimik"}]},{"@type":"WebSite","@id":"https:\/\/scil-profile.de\/#website","url":"https:\/\/scil-profile.de\/","name":"SCIL Profile","description":"Entdecke und entfalte Dein Charisma. Pers\u00f6nliche Wirkung und Wahrnehmung als Schl\u00fcssel f\u00fcr mehr Erfolg.","potentialAction":[{"@type":"SearchAction","target":{"@type":"EntryPoint","urlTemplate":"https:\/\/scil-profile.de\/?s={search_term_string}"},"query-input":{"@type":"PropertyValueSpecification","valueRequired":true,"valueName":"search_term_string"}}],"inLanguage":"en-US"}]}},"_links":{"self":[{"href":"https:\/\/scil-profile.de\/en\/wp-json\/wp\/v2\/product\/80510","targetHints":{"allow":["GET"]}}],"collection":[{"href":"https:\/\/scil-profile.de\/en\/wp-json\/wp\/v2\/product"}],"about":[{"href":"https:\/\/scil-profile.de\/en\/wp-json\/wp\/v2\/types\/product"}],"wp:featuredmedia":[{"embeddable":true,"href":"https:\/\/scil-profile.de\/en\/wp-json\/wp\/v2\/media\/80893"}],"wp:attachment":[{"href":"https:\/\/scil-profile.de\/en\/wp-json\/wp\/v2\/media?parent=80510"}],"wp:term":[{"taxonomy":"product_brand","embeddable":true,"href":"https:\/\/scil-profile.de\/en\/wp-json\/wp\/v2\/product_brand?post=80510"},{"taxonomy":"product_cat","embeddable":true,"href":"https:\/\/scil-profile.de\/en\/wp-json\/wp\/v2\/product_cat?post=80510"},{"taxonomy":"product_tag","embeddable":true,"href":"https:\/\/scil-profile.de\/en\/wp-json\/wp\/v2\/product_tag?post=80510"}],"curies":[{"name":"wp","href":"https:\/\/api.w.org\/{rel}","templated":true}]}}