{"id":80504,"date":"2024-01-03T15:43:00","date_gmt":"2024-01-03T14:43:00","guid":{"rendered":"https:\/\/scil-profile.de\/?post_type=product&#038;p=80504"},"modified":"2026-02-18T12:27:36","modified_gmt":"2026-02-18T11:27:36","slug":"ok-coaching-corpus-frequenz-gestik","status":"publish","type":"product","link":"https:\/\/scil-profile.de\/en\/produkt\/ok-coaching-corpus-frequenz-gestik\/","title":{"rendered":"OK Coaching | Corpus Frequenz Gestik"},"content":{"rendered":"<strong>OK-Coaching <\/strong>ist die Abk\u00fcrzung f\u00fcr<em><strong> O<\/strong><\/em>nline<em><strong>K<\/strong><\/em>ommunikations-Coaching. <strong>Dieser Kurs besteht aus insgesamt 4 Lektionen, 50 Themenmodulen und enth\u00e4lt 31 Tests bzw. interaktive Elemente<em>.<\/em><\/strong> Ziel des Kurses ist es, Dein Kommunikationsrepertoire auf der Corpus-Frequenz <strong>Gestik <\/strong>zu festigen und zu erweitern. Und zwar so, wie es im folgenden beschrieben ist:<br><br>\r\n<p class=\"p1\">Eine alte Volksweisheit besagt \u201eH\u00e4nde sprechen B\u00e4nde\u201c. Gemeint ist damit urspru\u0308nglich, dass sich an den H\u00e4nden ablesen l\u00e4sst, wes Geistes Kind jemand ist bzw. zu welcher sozialen Schicht er geh\u00f6rt. Gleichwohl sprechen die H\u00e4nde aber auch im u\u0308bertragenen Sinne B\u00e4nde. Zumindest ist das bei bei Dir so, da Du u\u0308ber eine starke Gestik verfu\u0308gst. Mit stark ist hier gemeint, dass Du bei anderen den Eindruck hinterl\u00e4sst, dass Du das gesprochene Wort mittels Deiner Gestik gekonnt unterstreichst. Du vermittelst anderen das Gefu\u0308hl, dassDu in jeder Situation die gestikularischen Register zu ziehen in der Lage bist, die der verbalen Aussage auf der nonverbalen Ebene Nachdruck verleihen. Bei Botschaften von grunds\u00e4tzlicher Bedeutung setzt Du gro\u00dfe und ausladende Gesten ein, bei eher nebens\u00e4chlichen Mitteilungen reduzierst Du Dich auf kleinere Gesten. Du erweckst bei anderen den Eindruck, dass Du Deine Gestik bewusst kontrollierst und nutzt.<\/p>\r\n<p class=\"p1\">Der Bereich der Gestik umfasst neben der nonverbalen Kommunikation der H\u00e4nde u\u0308brigens auch die Bewegungen des Kopfes, der Schultern, der Arme, der Ges\u00e4sspartie, der Beine und der Fu\u0308\u00dfe. Andere erleben Dich als Person, die nicht nur ihre eigene Gestik zur Unterstu\u0308tzung verbaler Aussagen nutzt, sondern auch die Gestik anderer genau beobachtest und selbst kleinste Ver\u00e4nderungen sofort wahrnimmst. Dieser Eindruck entsteht mitunter auch dadurch, dass Du auf die entsprechenden Wahrnehmungen spontan reagierst. So ist zum Beispiel bei Dir h\u00e4ufig zu beobachten, dass Du &#8211; eine stimmige \u201eChemie\u201c zwischen den sich begegnenden Personen vorausgesetzt &#8211; das Kopfnicken des Gegenu\u0308bers mit einem eigenen Kopfnicken unterstu\u0308tzt. Menschen, die in diesem Wirkungsbereich eine \u00e4hnliche Ausrichtung aufweisen, werden sich auch ohne Worte sehr schnell und gut mit Dir verst\u00e4ndigen.<\/p>\r\n<img fetchpriority=\"high\" decoding=\"async\" src=\"https:\/\/scil-profile.de\/wp-content\/uploads\/2024\/01\/Icon_Gestik-300x262.png\" alt=\"\" width=\"431\" height=\"376\" class=\" wp-image-120324 alignleft\" srcset=\"https:\/\/scil-profile.de\/wp-content\/uploads\/2024\/01\/Icon_Gestik-300x262.png 300w, https:\/\/scil-profile.de\/wp-content\/uploads\/2024\/01\/Icon_Gestik-1024x893.png 1024w, https:\/\/scil-profile.de\/wp-content\/uploads\/2024\/01\/Icon_Gestik-768x670.png 768w, https:\/\/scil-profile.de\/wp-content\/uploads\/2024\/01\/Icon_Gestik-1536x1340.png 1536w, https:\/\/scil-profile.de\/wp-content\/uploads\/2024\/01\/Icon_Gestik-2048x1787.png 2048w, https:\/\/scil-profile.de\/wp-content\/uploads\/2024\/01\/Icon_Gestik-624x544.png 624w, https:\/\/scil-profile.de\/wp-content\/uploads\/2024\/01\/Icon_Gestik-600x523.png 600w\" sizes=\"(max-width: 431px) 100vw, 431px\" \/>Um Dich bei der Erweiterung Deines Repertoires in dem zuvor beschriebenen Sinne\u00a0<em><strong> <\/strong><\/em>erfolgreich begleiten zu k\u00f6nnen, behandeln wir in diesem Kurs u.a. die folgenden Fragen und trainieren die daraus resultierenden \u00dcbungen mit Dir:\r\n<ul>\r\n \t<li><em>Aus welchen Gr\u00fcnden lohnt es sich, sich mit dem Thema Gestik intensiv zu befassen?<\/em><\/li>\r\n \t<li><em>Spricht der K\u00f6rper immer die Wahrheit?<\/em><\/li>\r\n \t<li><em>Resultiert die K\u00f6rperhaltung ausschlie\u00dflich aus der Inneren Haltung?<\/em><\/li>\r\n \t<li><em>Sind k\u00f6rpersprachliche T\u00e4uschungen im Au\u00dfen m\u00f6glich?<\/em><\/li>\r\n \t<li><em>Wie lassen sich diese T\u00e4uschungen entlarven?<\/em><\/li>\r\n \t<li><em>Was bedeuten die Begriffe, Rapport, Pacing und Leading?<\/em><\/li>\r\n \t<li><em>Worauf kommt es an, wenn man seine aktuelle Gem\u00fctsverfassung f\u00fcr andere Menschen sichtbar machen m\u00f6chte?<\/em><\/li>\r\n \t<li><em>Arbeitest Du in diesem Kurs nur daran, dass Du als Pers\u00f6nlichkeit mit einer starken Auspr\u00e4gung auf der Corpus-Frequenz Gestik wahrgenommen wirst oder wirkt sich das auch auf Deine tats\u00e4chlichen diesbez\u00fcglichen Kompetenzen aus?<\/em><\/li>\r\n<\/ul>\r\n\r\n<ul class=\"wp-block-list\"><!-- \/wp:post-content --><\/ul>\r\n<h6><!-- \/wp:list --><\/h6>\r\nAuf die letzte Frage hier schon mal eine erste konkrete Antwort, die so \u00fcbrigens\u00a0 auch f\u00fcr alle anderen Frequenzen gilt:<strong> Spiel wird zum Schein. Schein wird zum Sein. Sein wird zum Spiel. <\/strong>Du trainierst in diesem Kurs auf sehr spielerische Art und Weise, den beabsichtigten Eindruck zu erwecken. Arbeitest Du aktiv und intensiv genug an diesem Eindruck oder Schein, dringt dies \u00fcber kurz oder lang auch nach Innen. Die entsprechenden Kompetenzen werden mehr und mehr Teil Deiner Pers\u00f6nlichkeit. Und schlie\u00dflich wirst Du zunehmend Freude an dieser Art der Repertoire-Erweiterung\u00a0 haben, sodass Deine Motivation und die F\u00e4higkeiten steigen, immer wieder aufs Neue damit zu spielen und Dich weiterzuentwickeln.<em> Spiel wird zum Schein =<\/em><strong> Deine Wahrnehmung wird sch\u00e4rfer und Deine Ausstrahlung kontiunierlich s0uver\u00e4ner. <\/strong><em>Schein wird zum Sein =<\/em><strong>\u00a0 Du erweckst das Charisma in Dir wieder zum Leben und bringst es zur Entfaltung. <\/strong><em>Sein wird zum Spiel =\u00a0<\/em><strong>Du wirst sukzessive virtuoser und ziehst immer mehr Register gelingender und gewinnender Kommunikation.<\/strong><br><br>\r\n\r\n&nbsp;\r\n\r\n&nbsp;\r\n<h6><strong>Ausschluss des Widerruffrechts:<\/strong><\/h6>\r\n<h6><strong>Es wird an dieser Stelle darauf hingewiesen, dass das Widerrufsrecht erlischt, sobald\u00a0 die jeweiligen Kurse\u00a0 und\/oder Lizenzcodes f\u00fcr die Nutzung von Analyse-Tools freigeschaltet wurden. Der Zeitpunkt der Mitteilung \u00fcber die Freischaltung an die Kundin\/den Kunden gilt als Beginn der Ausf\u00fchrung des Vertrages. Geleistete Zahlungen werden ab diesem Zeitpunkt nicht zur\u00fcckerstattet. Mit Durchf\u00fchrung und Abschlu\u00df des Bestell- und Bezahlvorgangs stimmen Sie dieser Vereinbarung ausdr\u00fccklich zu.<span>\u00a0<\/span><\/strong><strong>Siehe dazu auch unsere rechtskonforme Widerrufsbelehrung:<span>\u00a0<\/span><a href=\"https:\/\/scil-profile.de\/ueber-uns\/widerrufsbelehrung\/\">https:\/\/scil-profile.de\/ueber-uns\/widerrufsbelehrung\/<\/a><\/strong><\/h6><!-- \/wp:freeform -->","protected":false},"excerpt":{"rendered":"<p><strong>Nettopreis 79,83 \u20ac <\/strong><span>zzgl. 15,17 \u20ac 19% MwSt<\/span><\/p>\n<p>Schluss mit dem \u201eHosentaschen-Dilemma\u201c oder dem \u201eSicherheitsgriff\u201c am Glas. Deine Gestik ist der Turbolader f\u00fcr dein Charisma. In meinem kompakten Online-Coaching zeige ich dir, wie du lebendig, offen und sympathisch wirkst \u2013 egal ob im Zoom-Call oder auf der B\u00fchne. In diesem Coachingmodul geht es um souver\u00e4ne Gestik f\u00fcr Vortragsredner, F\u00fchrungs- und Verlaufskr\u00e4fte. Verwandle Deine Gestik in ein Werkzeug, das Deine Worte nicht nur begleitet, sondern verst\u00e4rkt. Damit Du Pr\u00e4senz zeigen kannst, auch ohne ein Wort zu sagen. Detailiertere Kursinformationen findest Du, wenn Du weiter nach unten scrollst.<\/p>\n<h6><strong>Ausschluss des Widerruffrechts:<\/strong><\/h6>\n<h6><strong>Es wird an dieser Stelle darauf hingewiesen, dass das Widerrufsrecht erlischt, sobald\u00a0 die jeweiligen Kurse\u00a0 und\/oder Lizenzcodes f\u00fcr die Nutzung von Analyse-Tools freigeschaltet wurden. Der Zeitpunkt der Mitteilung \u00fcber die Freischaltung an die Kundin\/den Kunden gilt als Beginn der Ausf\u00fchrung des Vertrages. Geleistete Zahlungen werden ab diesem Zeitpunkt nicht zur\u00fcckerstattet. Mit Durchf\u00fchrung und Abschlu\u00df des Bestell- und Bezahlvorgangs stimmen Sie dieser Vereinbarung ausdr\u00fccklich zu.<span>\u00a0<\/span><\/strong><strong>Siehe dazu auch unsere rechtskonforme Widerrufsbelehrung:<span>\u00a0<\/span><a href=\"https:\/\/scil-profile.de\/ueber-uns\/widerrufsbelehrung\/\">https:\/\/scil-profile.de\/ueber-uns\/widerrufsbelehrung\/<\/a><\/strong><\/h6>\n","protected":false},"featured_media":80897,"template":"","meta":{"pmpro_default_level":""},"product_brand":[],"product_cat":[139],"product_tag":[],"class_list":{"0":"post-80504","1":"product","2":"type-product","3":"status-publish","4":"has-post-thumbnail","6":"product_cat-scil-profile","7":"pmpro-has-access","9":"first","10":"instock","11":"virtual","12":"taxable","13":"purchasable","14":"product-type-simple"},"yoast_head":"<!-- This site is optimized with the Yoast SEO plugin v27.3 - https:\/\/yoast.com\/product\/yoast-seo-wordpress\/ -->\n<title>OK Coaching | Corpus Frequenz Gestik - SCIL Profile<\/title>\n<meta name=\"robots\" content=\"index, follow, max-snippet:-1, max-image-preview:large, max-video-preview:-1\" \/>\n<link rel=\"canonical\" href=\"https:\/\/scil-profile.de\/produkt\/ok-coaching-corpus-frequenz-gestik\/\" \/>\n<meta property=\"og:locale\" content=\"en_US\" \/>\n<meta property=\"og:type\" content=\"article\" \/>\n<meta property=\"og:title\" content=\"OK Coaching | Corpus Frequenz Gestik - SCIL Profile\" \/>\n<meta property=\"og:description\" content=\"Nettopreis 79,83 \u20ac zzgl. 15,17 \u20ac 19% MwSt  Schluss mit dem \u201eHosentaschen-Dilemma\u201c oder dem \u201eSicherheitsgriff\u201c am Glas. Deine Gestik ist der Turbolader f\u00fcr dein Charisma. In meinem kompakten Online-Coaching zeige ich dir, wie du lebendig, offen und sympathisch wirkst \u2013 egal ob im Zoom-Call oder auf der B\u00fchne. In diesem Coachingmodul geht es um souver\u00e4ne Gestik f\u00fcr Vortragsredner, F\u00fchrungs- und Verlaufskr\u00e4fte. Verwandle Deine Gestik in ein Werkzeug, das Deine Worte nicht nur begleitet, sondern verst\u00e4rkt. Damit Du Pr\u00e4senz zeigen kannst, auch ohne ein Wort zu sagen. Detailiertere Kursinformationen findest Du, wenn Du weiter nach unten scrollst. Ausschluss des Widerruffrechts: Es wird an dieser Stelle darauf hingewiesen, dass das Widerrufsrecht erlischt, sobald\u00a0 die jeweiligen Kurse\u00a0 und\/oder Lizenzcodes f\u00fcr die Nutzung von Analyse-Tools freigeschaltet wurden. Der Zeitpunkt der Mitteilung \u00fcber die Freischaltung an die Kundin\/den Kunden gilt als Beginn der Ausf\u00fchrung des Vertrages. Geleistete Zahlungen werden ab diesem Zeitpunkt nicht zur\u00fcckerstattet. Mit Durchf\u00fchrung und Abschlu\u00df des Bestell- und Bezahlvorgangs stimmen Sie dieser Vereinbarung ausdr\u00fccklich zu.\u00a0Siehe dazu auch unsere rechtskonforme Widerrufsbelehrung:\u00a0https:\/\/scil-profile.de\/ueber-uns\/widerrufsbelehrung\/\" \/>\n<meta property=\"og:url\" content=\"https:\/\/scil-profile.de\/produkt\/ok-coaching-corpus-frequenz-gestik\/\" \/>\n<meta property=\"og:site_name\" content=\"SCIL Profile\" \/>\n<meta property=\"article:modified_time\" content=\"2026-02-18T11:27:36+00:00\" \/>\n<meta property=\"og:image\" content=\"https:\/\/scil-profile.de\/wp-content\/uploads\/2024\/01\/Gestik.jpeg\" \/>\n\t<meta property=\"og:image:width\" content=\"1265\" \/>\n\t<meta property=\"og:image:height\" content=\"712\" \/>\n\t<meta property=\"og:image:type\" content=\"image\/jpeg\" \/>\n<meta name=\"twitter:card\" content=\"summary_large_image\" \/>\n<meta name=\"twitter:label1\" content=\"Est. reading time\" \/>\n\t<meta name=\"twitter:data1\" content=\"5 minutes\" \/>\n<script type=\"application\/ld+json\" class=\"yoast-schema-graph\">{\"@context\":\"https:\\\/\\\/schema.org\",\"@graph\":[{\"@type\":\"WebPage\",\"@id\":\"https:\\\/\\\/scil-profile.de\\\/produkt\\\/ok-coaching-corpus-frequenz-gestik\\\/\",\"url\":\"https:\\\/\\\/scil-profile.de\\\/produkt\\\/ok-coaching-corpus-frequenz-gestik\\\/\",\"name\":\"OK Coaching | Corpus Frequenz Gestik - SCIL Profile\",\"isPartOf\":{\"@id\":\"https:\\\/\\\/scil-profile.de\\\/#website\"},\"primaryImageOfPage\":{\"@id\":\"https:\\\/\\\/scil-profile.de\\\/produkt\\\/ok-coaching-corpus-frequenz-gestik\\\/#primaryimage\"},\"image\":{\"@id\":\"https:\\\/\\\/scil-profile.de\\\/produkt\\\/ok-coaching-corpus-frequenz-gestik\\\/#primaryimage\"},\"thumbnailUrl\":\"https:\\\/\\\/scil-profile.de\\\/wp-content\\\/uploads\\\/2024\\\/01\\\/Gestik.jpeg\",\"datePublished\":\"2024-01-03T14:43:00+00:00\",\"dateModified\":\"2026-02-18T11:27:36+00:00\",\"breadcrumb\":{\"@id\":\"https:\\\/\\\/scil-profile.de\\\/produkt\\\/ok-coaching-corpus-frequenz-gestik\\\/#breadcrumb\"},\"inLanguage\":\"en-US\",\"potentialAction\":[{\"@type\":\"ReadAction\",\"target\":[\"https:\\\/\\\/scil-profile.de\\\/produkt\\\/ok-coaching-corpus-frequenz-gestik\\\/\"]}]},{\"@type\":\"ImageObject\",\"inLanguage\":\"en-US\",\"@id\":\"https:\\\/\\\/scil-profile.de\\\/produkt\\\/ok-coaching-corpus-frequenz-gestik\\\/#primaryimage\",\"url\":\"https:\\\/\\\/scil-profile.de\\\/wp-content\\\/uploads\\\/2024\\\/01\\\/Gestik.jpeg\",\"contentUrl\":\"https:\\\/\\\/scil-profile.de\\\/wp-content\\\/uploads\\\/2024\\\/01\\\/Gestik.jpeg\",\"width\":1265,\"height\":712},{\"@type\":\"BreadcrumbList\",\"@id\":\"https:\\\/\\\/scil-profile.de\\\/produkt\\\/ok-coaching-corpus-frequenz-gestik\\\/#breadcrumb\",\"itemListElement\":[{\"@type\":\"ListItem\",\"position\":1,\"name\":\"Weiterbildung\",\"item\":\"https:\\\/\\\/scil-profile.de\\\/\"},{\"@type\":\"ListItem\",\"position\":2,\"name\":\"Shop\",\"item\":\"https:\\\/\\\/scil-profile.de\\\/shop\\\/\"},{\"@type\":\"ListItem\",\"position\":3,\"name\":\"OK Coaching | Corpus Frequenz Gestik\"}]},{\"@type\":\"WebSite\",\"@id\":\"https:\\\/\\\/scil-profile.de\\\/#website\",\"url\":\"https:\\\/\\\/scil-profile.de\\\/\",\"name\":\"SCIL Profile\",\"description\":\"Entdecke und entfalte Dein Charisma. Pers\u00f6nliche Wirkung und Wahrnehmung als Schl\u00fcssel f\u00fcr mehr Erfolg.\",\"potentialAction\":[{\"@type\":\"SearchAction\",\"target\":{\"@type\":\"EntryPoint\",\"urlTemplate\":\"https:\\\/\\\/scil-profile.de\\\/?s={search_term_string}\"},\"query-input\":{\"@type\":\"PropertyValueSpecification\",\"valueRequired\":true,\"valueName\":\"search_term_string\"}}],\"inLanguage\":\"en-US\"}]}<\/script>\n<!-- \/ Yoast SEO plugin. -->","yoast_head_json":{"title":"OK Coaching | Corpus Frequenz Gestik - SCIL Profile","robots":{"index":"index","follow":"follow","max-snippet":"max-snippet:-1","max-image-preview":"max-image-preview:large","max-video-preview":"max-video-preview:-1"},"canonical":"https:\/\/scil-profile.de\/produkt\/ok-coaching-corpus-frequenz-gestik\/","og_locale":"en_US","og_type":"article","og_title":"OK Coaching | Corpus Frequenz Gestik - SCIL Profile","og_description":"Nettopreis 79,83 \u20ac zzgl. 15,17 \u20ac 19% MwSt  Schluss mit dem \u201eHosentaschen-Dilemma\u201c oder dem \u201eSicherheitsgriff\u201c am Glas. Deine Gestik ist der Turbolader f\u00fcr dein Charisma. In meinem kompakten Online-Coaching zeige ich dir, wie du lebendig, offen und sympathisch wirkst \u2013 egal ob im Zoom-Call oder auf der B\u00fchne. In diesem Coachingmodul geht es um souver\u00e4ne Gestik f\u00fcr Vortragsredner, F\u00fchrungs- und Verlaufskr\u00e4fte. Verwandle Deine Gestik in ein Werkzeug, das Deine Worte nicht nur begleitet, sondern verst\u00e4rkt. Damit Du Pr\u00e4senz zeigen kannst, auch ohne ein Wort zu sagen. Detailiertere Kursinformationen findest Du, wenn Du weiter nach unten scrollst. Ausschluss des Widerruffrechts: Es wird an dieser Stelle darauf hingewiesen, dass das Widerrufsrecht erlischt, sobald\u00a0 die jeweiligen Kurse\u00a0 und\/oder Lizenzcodes f\u00fcr die Nutzung von Analyse-Tools freigeschaltet wurden. Der Zeitpunkt der Mitteilung \u00fcber die Freischaltung an die Kundin\/den Kunden gilt als Beginn der Ausf\u00fchrung des Vertrages. Geleistete Zahlungen werden ab diesem Zeitpunkt nicht zur\u00fcckerstattet. Mit Durchf\u00fchrung und Abschlu\u00df des Bestell- und Bezahlvorgangs stimmen Sie dieser Vereinbarung ausdr\u00fccklich zu.\u00a0Siehe dazu auch unsere rechtskonforme Widerrufsbelehrung:\u00a0https:\/\/scil-profile.de\/ueber-uns\/widerrufsbelehrung\/","og_url":"https:\/\/scil-profile.de\/produkt\/ok-coaching-corpus-frequenz-gestik\/","og_site_name":"SCIL Profile","article_modified_time":"2026-02-18T11:27:36+00:00","og_image":[{"width":1265,"height":712,"url":"https:\/\/scil-profile.de\/wp-content\/uploads\/2024\/01\/Gestik.jpeg","type":"image\/jpeg"}],"twitter_card":"summary_large_image","twitter_misc":{"Est. reading time":"5 minutes"},"schema":{"@context":"https:\/\/schema.org","@graph":[{"@type":"WebPage","@id":"https:\/\/scil-profile.de\/produkt\/ok-coaching-corpus-frequenz-gestik\/","url":"https:\/\/scil-profile.de\/produkt\/ok-coaching-corpus-frequenz-gestik\/","name":"OK Coaching | Corpus Frequenz Gestik - SCIL Profile","isPartOf":{"@id":"https:\/\/scil-profile.de\/#website"},"primaryImageOfPage":{"@id":"https:\/\/scil-profile.de\/produkt\/ok-coaching-corpus-frequenz-gestik\/#primaryimage"},"image":{"@id":"https:\/\/scil-profile.de\/produkt\/ok-coaching-corpus-frequenz-gestik\/#primaryimage"},"thumbnailUrl":"https:\/\/scil-profile.de\/wp-content\/uploads\/2024\/01\/Gestik.jpeg","datePublished":"2024-01-03T14:43:00+00:00","dateModified":"2026-02-18T11:27:36+00:00","breadcrumb":{"@id":"https:\/\/scil-profile.de\/produkt\/ok-coaching-corpus-frequenz-gestik\/#breadcrumb"},"inLanguage":"en-US","potentialAction":[{"@type":"ReadAction","target":["https:\/\/scil-profile.de\/produkt\/ok-coaching-corpus-frequenz-gestik\/"]}]},{"@type":"ImageObject","inLanguage":"en-US","@id":"https:\/\/scil-profile.de\/produkt\/ok-coaching-corpus-frequenz-gestik\/#primaryimage","url":"https:\/\/scil-profile.de\/wp-content\/uploads\/2024\/01\/Gestik.jpeg","contentUrl":"https:\/\/scil-profile.de\/wp-content\/uploads\/2024\/01\/Gestik.jpeg","width":1265,"height":712},{"@type":"BreadcrumbList","@id":"https:\/\/scil-profile.de\/produkt\/ok-coaching-corpus-frequenz-gestik\/#breadcrumb","itemListElement":[{"@type":"ListItem","position":1,"name":"Weiterbildung","item":"https:\/\/scil-profile.de\/"},{"@type":"ListItem","position":2,"name":"Shop","item":"https:\/\/scil-profile.de\/shop\/"},{"@type":"ListItem","position":3,"name":"OK Coaching | Corpus Frequenz Gestik"}]},{"@type":"WebSite","@id":"https:\/\/scil-profile.de\/#website","url":"https:\/\/scil-profile.de\/","name":"SCIL Profile","description":"Entdecke und entfalte Dein Charisma. Pers\u00f6nliche Wirkung und Wahrnehmung als Schl\u00fcssel f\u00fcr mehr Erfolg.","potentialAction":[{"@type":"SearchAction","target":{"@type":"EntryPoint","urlTemplate":"https:\/\/scil-profile.de\/?s={search_term_string}"},"query-input":{"@type":"PropertyValueSpecification","valueRequired":true,"valueName":"search_term_string"}}],"inLanguage":"en-US"}]}},"_links":{"self":[{"href":"https:\/\/scil-profile.de\/en\/wp-json\/wp\/v2\/product\/80504","targetHints":{"allow":["GET"]}}],"collection":[{"href":"https:\/\/scil-profile.de\/en\/wp-json\/wp\/v2\/product"}],"about":[{"href":"https:\/\/scil-profile.de\/en\/wp-json\/wp\/v2\/types\/product"}],"wp:featuredmedia":[{"embeddable":true,"href":"https:\/\/scil-profile.de\/en\/wp-json\/wp\/v2\/media\/80897"}],"wp:attachment":[{"href":"https:\/\/scil-profile.de\/en\/wp-json\/wp\/v2\/media?parent=80504"}],"wp:term":[{"taxonomy":"product_brand","embeddable":true,"href":"https:\/\/scil-profile.de\/en\/wp-json\/wp\/v2\/product_brand?post=80504"},{"taxonomy":"product_cat","embeddable":true,"href":"https:\/\/scil-profile.de\/en\/wp-json\/wp\/v2\/product_cat?post=80504"},{"taxonomy":"product_tag","embeddable":true,"href":"https:\/\/scil-profile.de\/en\/wp-json\/wp\/v2\/product_tag?post=80504"}],"curies":[{"name":"wp","href":"https:\/\/api.w.org\/{rel}","templated":true}]}}