{"id":80499,"date":"2024-01-03T15:37:02","date_gmt":"2024-01-03T14:37:02","guid":{"rendered":"https:\/\/scil-profile.de\/?post_type=product&#038;p=80499"},"modified":"2026-02-18T12:09:28","modified_gmt":"2026-02-18T11:09:28","slug":"ok-coaching-corpus-modul-erscheinungsbild","status":"publish","type":"product","link":"https:\/\/scil-profile.de\/en\/produkt\/ok-coaching-corpus-modul-erscheinungsbild\/","title":{"rendered":"OK Coaching | Corpus Frequenz Erscheinungsbild"},"content":{"rendered":"<p><strong>OK-Coaching <\/strong>ist die Abk\u00fcrzung f\u00fcr<em><strong> O<\/strong><\/em>nline<em><strong>K<\/strong><\/em>ommunikations-Coaching. <strong>Dieser Kurs besteht aus insgesamt 2 Lektionen, 25 Themenmodulen und enth\u00e4lt 7 interaktive Elemente<em>.<\/em><\/strong> Ziel des Kurses ist es, Dein Kommunikationsrepertoire auf der Corpus-Frequenz <strong>\u00c4u\u00dferes Erscheinungsbild<\/strong> zu festigen und zu erweitern. Und zwar so, wie es im folgenden beschrieben ist:<\/p>\n<p class=\"p1\">Du wirst von anderen Menschen als \u00e4u\u00dferlich stimmige Person wahrgenommen. Andere erleben Dich als einen Menschen, der seine \u00c4u\u00dferlichkeit gezielt auf die unterschiedlichen Kontexte einstellen und dort die jeweils beabsichtigte Wirkung erzielen kann. Deshalb kommt es bei Dir auch h\u00e4ufiger vor, dass Du in unterschiedlichen Kontexten auch durchaus sehr unterschiedlich gekleidet bist. Ob die jeweilige Kleidung von den anderen Personen im Rahmen dieser Begegnung als angemessen oder unangemessen empfunden wird, ist in starkem Masse davon abh\u00e4ngig, welche Absicht Du jeweils verfolgst. Du vermitteln dabei nahezu immer das Gefu\u0308hl, dass Du Dich in Deiner jeweiligen \u201eHaut der Inszenierung\u201c wohlf\u00fchlst. Du hinterl\u00e4sst bei anderen Menschen den Eindruck einer Person, die mit ihrem K\u00f6rper und allen damit verbundenen \u00c4u\u00dferlichkeiten sehr bewusst und gezielt umgeht. Das betrifft Aspekte der Kleidung und Schuhe ebenso wie die Wahl modischer Accessoires, die Gestaltung der Haare, der kosmetischen Pflege an H\u00e4nden und Fu\u0308\u00dfen sowie im Gesicht. Jedes Detail scheint von Dir bewusst gew\u00e4hlt und gezielt eingesetzt zu sein. Bei \u00e4hnlich ausgepr\u00e4gten Personen hast Du durch die \u00e4u\u00dfere Erscheinung auf dieser Ebene sehr schnellen Zugang und triffst auf eine spontane Akzeptanz und positive Resonanz. Menschen, die hier weniger stark ausgepr\u00e4gt sind, haben aber natu\u0308rlich trotzdem die M\u00f6glichkeit, eine gute Wirkung auf andere zu entfalten. Insbesondere bei Personen, denen das Erscheinungsbild nicht so wichtig ist<\/p>\n<p><img fetchpriority=\"high\" decoding=\"async\" src=\"https:\/\/scil-profile.de\/wp-content\/uploads\/2024\/01\/CE1_Icon_Erscheinungsbild-624x323-1-300x155.png\" alt=\"\" width=\"716\" height=\"370\" class=\"wp-image-120313 alignleft\" srcset=\"https:\/\/scil-profile.de\/wp-content\/uploads\/2024\/01\/CE1_Icon_Erscheinungsbild-624x323-1-300x155.png 300w, https:\/\/scil-profile.de\/wp-content\/uploads\/2024\/01\/CE1_Icon_Erscheinungsbild-624x323-1-600x311.png 600w, https:\/\/scil-profile.de\/wp-content\/uploads\/2024\/01\/CE1_Icon_Erscheinungsbild-624x323-1.png 624w\" sizes=\"(max-width: 716px) 100vw, 716px\" \/>Um Dich bei der Erweiterung Deines Repertoires in dem zuvor beschriebenen Sinne\u00a0<em><strong> <\/strong><\/em>erfolgreich begleiten zu k\u00f6nnen, behandeln wir in diesem Kurs u.a. die folgenden Fragen und trainieren die daraus ableitbaren \u00dcbungen mit Dir:<\/p>\n<ul>\n<li>Welche Rolle spielt das pers\u00f6nliche Wohlgef\u00fchl bei der Wahl der Kleidung?<\/li>\n<li>Wie hoch ist der zu zahlende Preis, wenn Du Dich gerne auff\u00e4llig kleidest, Dein Gespr\u00e4chspartner aber eher dezente Kleidung mag?<\/li>\n<li>Fr\u00fchjahr, Sommer, Herbst oder Winter &#8211; Welcher Typ bist Du?<\/li>\n<li>Was bringt es Dir, wenn Du Deine Jahreszeit kennst und wie kannst Du das in Deiner Kleidung ber\u00fccksichtigen?<\/li>\n<li>Welche Frauen- und M\u00e4nner-K\u00f6rperbau-Typen gibt es?<\/li>\n<li>Worauf solltest Du abh\u00e4ngig vom eigenen K\u00f6rperbau unbedingt achten?<\/li>\n<li>Was kommt besser an: Der eigene Stil oder die Anpassung an den Dresscode von Gespr\u00e4chspartnern?<\/li>\n<li>Wie l\u00e4sst sich das Spiel mit den &#8220;Statements bestimmter Rollen&#8221; treffsicher spielen?<\/li>\n<li>Arbeitest Du in diesem Kurs nur daran, dass Du als Pers\u00f6nlichkeit mit starker Ausstrahlung im Bereich \u00c4u\u00dferes Erscheinungsbild wahrgenommen wirst oder wirken sich die Besch\u00e4ftigung mit der Thematik und die \u00dcbungen auch dauerhaft auf Dein \u00c4u\u00dferes Erscheinungsbild und Deinen Umgang mit dem Dreesscode aus?<\/li>\n<\/ul>\n<ul class=\"wp-block-list\"><\/ul>\n<p>Auf die letzte Frage hier schon mal eine erste konkrete Antwort, die so \u00fcbrigens\u00a0 auch f\u00fcr alle anderen Frequenzen gilt:<strong> Spiel wird zum Schein. Schein wird zum Sein. Sein wird zum Spiel. <\/strong>Du trainierst in diesem Kurs auf sehr spielerische Art und Weise, den beabsichtigten Eindruck zu erwecken. Arbeitest Du aktiv und intensiv genug an diesem Eindruck oder Schein, dringt dies \u00fcber kurz oder lang auch nach Innen. Die entsprechenden Kompetenzen werden mehr und mehr Teil Deiner Pers\u00f6nlichkeit. Und schlie\u00dflich wirst Du zunehmend Freude an dieser Art der Repertoire-Erweiterung\u00a0 haben, sodass Deine Motivation und die F\u00e4higkeiten steigen, immer wieder aufs Neue damit zu spielen und Dich weiterzuentwickeln.<em> Spiel wird zum Schein =<\/em><strong> Deine Wahrnehmung wird sch\u00e4rfer und Deine Ausstrahlung kontinuierlich souver\u00e4ner. <\/strong><em>Schein wird zum Sein =<\/em><strong>\u00a0 Du erweckst das Charisma in Dir wieder zum Leben und bringst es zur Entfaltung. <\/strong><em>Sein wird zum Spiel =\u00a0<\/em><strong>Du wirst sukzessive virtuoser und ziehst immer mehr Register gelingender und gewinnender Kommunikation.<\/strong><\/p>\n<p>&nbsp;<\/p>\n<h6><strong>Ausschluss des Widerruffrechtse<\/strong><\/h6>\n<h6><strong>Es wird an dieser Stelle ausdr\u00fccklich darauf hingewiesen, dass das Widerrufsrecht erlischt, sobald\u00a0 die jeweiligen Kurse\u00a0 und\/oder Lizenzcodes f\u00fcr die Nutzung von Analyse-Tools freigeschaltet wurden. Der Zeitpunkt der Mitteilung \u00fcber die Freischaltung an die Kundin\/den Kunden gilt als Beginn der Ausf\u00fchrung des Vertrages. Geleistete Zahlungen werden ab diesem Zeitpunkt nicht zur\u00fcckerstattet.<span>\u00a0<\/span><\/strong><strong>Siehe dazu auch unsere rechtskonforme Widerrufsbelehrung:<span>\u00a0<\/span><a href=\"https:\/\/scil-profile.de\/ueber-uns\/widerrufsbelehrung\/\">https:\/\/scil-profile.de\/ueber-uns\/widerrufsbelehrung\/<\/a><\/strong><\/h6>\n<h6><\/h6>\n","protected":false},"excerpt":{"rendered":"<p><strong>Nettopreis 79,83 \u20ac <\/strong><span>zzgl. 15,17 \u20ac 19% MwSt<\/span><\/p>\n<p>Was der Barcode an der Supermarkt-Kasse ist, ist der Dresscode in der pers\u00f6nlichen Begegnung. In Bruchteilen von Sekunden entscheidet Dein Vis-\u00e0-Vis &#8220;Mag ich, oder mag ich nicht. Passt zu mir, oder passt eben nicht zu mir.&#8221; Du wirst aufgrund Deiner \u00c4u\u00dferen Erscheinung bewertet. Ob es Dir nun passt, oder nicht. Du kennst sicher die Redewendung &#8220;F\u00fcr den ersten Eindruck gibt es keine zweite Chance.&#8221; Nutz die Gunst dieses Augenblicks und sorg durch die bewusste Wahl Deines Outfits f\u00fcr eine hohe Akzeptanz. In diesem OK Coachingmodul behandeln wir alle hierf\u00fcr wichtigen Aspekte und inspirieren Dich dahingehend, dass Du auch durch Deine \u00c4u\u00dfere Erscheinung noch mehr Menschen f\u00fcr Dich und Deine Sache gewinnst. F\u00fcr mehr Kursdetails scroll bitte runter.<\/p>\n<h6><\/h6>\n<h6><strong>Ausschluss des Widerruffrechts:<\/strong><\/h6>\n<h6><strong>Es wird an dieser Stelle ausdr\u00fccklich darauf hingewiesen, dass das Widerrufsrecht erlischt, sobald\u00a0 die jeweiligen Kurse\u00a0 und\/oder Lizenzcodes f\u00fcr die Nutzung von Analyse-Tools freigeschaltet wurden. Der Zeitpunkt der Mitteilung \u00fcber die Freischaltung an die Kundin\/den Kunden gilt als Beginn der Ausf\u00fchrung des Vertrages. Geleistete Zahlungen werden ab diesem Zeitpunkt nicht zur\u00fcckerstattet.<span>\u00a0<\/span><\/strong><strong>Siehe dazu auch unsere rechtskonforme Widerrufsbelehrung:<span>\u00a0<\/span><a href=\"https:\/\/scil-profile.de\/ueber-uns\/widerrufsbelehrung\/\">https:\/\/scil-profile.de\/ueber-uns\/widerrufsbelehrung\/<\/a><\/strong><\/h6>\n","protected":false},"featured_media":80901,"template":"","meta":{"pmpro_default_level":""},"product_brand":[],"product_cat":[139],"product_tag":[],"class_list":{"0":"post-80499","1":"product","2":"type-product","3":"status-publish","4":"has-post-thumbnail","6":"product_cat-scil-profile","7":"pmpro-has-access","9":"first","10":"instock","11":"virtual","12":"taxable","13":"purchasable","14":"product-type-simple"},"yoast_head":"<!-- This site is optimized with the Yoast SEO plugin v27.3 - https:\/\/yoast.com\/product\/yoast-seo-wordpress\/ -->\n<title>OK Coaching | Corpus Frequenz Erscheinungsbild - SCIL Profile<\/title>\n<meta name=\"robots\" content=\"index, follow, max-snippet:-1, max-image-preview:large, max-video-preview:-1\" \/>\n<link rel=\"canonical\" href=\"https:\/\/scil-profile.de\/produkt\/ok-coaching-corpus-modul-erscheinungsbild\/\" \/>\n<meta property=\"og:locale\" content=\"en_US\" \/>\n<meta property=\"og:type\" content=\"article\" \/>\n<meta property=\"og:title\" content=\"OK Coaching | Corpus Frequenz Erscheinungsbild - SCIL Profile\" \/>\n<meta property=\"og:description\" content=\"Nettopreis 79,83 \u20ac zzgl. 15,17 \u20ac 19% MwSt  Was der Barcode an der Supermarkt-Kasse ist, ist der Dresscode in der pers\u00f6nlichen Begegnung. In Bruchteilen von Sekunden entscheidet Dein Vis-\u00e0-Vis &quot;Mag ich, oder mag ich nicht. Passt zu mir, oder passt eben nicht zu mir.&quot; Du wirst aufgrund Deiner \u00c4u\u00dferen Erscheinung bewertet. Ob es Dir nun passt, oder nicht. Du kennst sicher die Redewendung &quot;F\u00fcr den ersten Eindruck gibt es keine zweite Chance.&quot; Nutz die Gunst dieses Augenblicks und sorg durch die bewusste Wahl Deines Outfits f\u00fcr eine hohe Akzeptanz. In diesem OK Coachingmodul behandeln wir alle hierf\u00fcr wichtigen Aspekte und inspirieren Dich dahingehend, dass Du auch durch Deine \u00c4u\u00dfere Erscheinung noch mehr Menschen f\u00fcr Dich und Deine Sache gewinnst. F\u00fcr mehr Kursdetails scroll bitte runter.  Ausschluss des Widerruffrechts: Es wird an dieser Stelle ausdr\u00fccklich darauf hingewiesen, dass das Widerrufsrecht erlischt, sobald\u00a0 die jeweiligen Kurse\u00a0 und\/oder Lizenzcodes f\u00fcr die Nutzung von Analyse-Tools freigeschaltet wurden. Der Zeitpunkt der Mitteilung \u00fcber die Freischaltung an die Kundin\/den Kunden gilt als Beginn der Ausf\u00fchrung des Vertrages. Geleistete Zahlungen werden ab diesem Zeitpunkt nicht zur\u00fcckerstattet.\u00a0Siehe dazu auch unsere rechtskonforme Widerrufsbelehrung:\u00a0https:\/\/scil-profile.de\/ueber-uns\/widerrufsbelehrung\/\" \/>\n<meta property=\"og:url\" content=\"https:\/\/scil-profile.de\/produkt\/ok-coaching-corpus-modul-erscheinungsbild\/\" \/>\n<meta property=\"og:site_name\" content=\"SCIL Profile\" \/>\n<meta property=\"article:modified_time\" content=\"2026-02-18T11:09:28+00:00\" \/>\n<meta property=\"og:image\" content=\"https:\/\/scil-profile.de\/wp-content\/uploads\/2024\/01\/Ers-cheinungsbild.jpeg\" \/>\n\t<meta property=\"og:image:width\" content=\"1265\" \/>\n\t<meta property=\"og:image:height\" content=\"712\" \/>\n\t<meta property=\"og:image:type\" content=\"image\/jpeg\" \/>\n<meta name=\"twitter:card\" content=\"summary_large_image\" \/>\n<meta name=\"twitter:label1\" content=\"Est. reading time\" \/>\n\t<meta name=\"twitter:data1\" content=\"5 minutes\" \/>\n<script type=\"application\/ld+json\" class=\"yoast-schema-graph\">{\"@context\":\"https:\\\/\\\/schema.org\",\"@graph\":[{\"@type\":\"WebPage\",\"@id\":\"https:\\\/\\\/scil-profile.de\\\/produkt\\\/ok-coaching-corpus-modul-erscheinungsbild\\\/\",\"url\":\"https:\\\/\\\/scil-profile.de\\\/produkt\\\/ok-coaching-corpus-modul-erscheinungsbild\\\/\",\"name\":\"OK Coaching | Corpus Frequenz Erscheinungsbild - SCIL Profile\",\"isPartOf\":{\"@id\":\"https:\\\/\\\/scil-profile.de\\\/#website\"},\"primaryImageOfPage\":{\"@id\":\"https:\\\/\\\/scil-profile.de\\\/produkt\\\/ok-coaching-corpus-modul-erscheinungsbild\\\/#primaryimage\"},\"image\":{\"@id\":\"https:\\\/\\\/scil-profile.de\\\/produkt\\\/ok-coaching-corpus-modul-erscheinungsbild\\\/#primaryimage\"},\"thumbnailUrl\":\"https:\\\/\\\/scil-profile.de\\\/wp-content\\\/uploads\\\/2024\\\/01\\\/Ers-cheinungsbild.jpeg\",\"datePublished\":\"2024-01-03T14:37:02+00:00\",\"dateModified\":\"2026-02-18T11:09:28+00:00\",\"breadcrumb\":{\"@id\":\"https:\\\/\\\/scil-profile.de\\\/produkt\\\/ok-coaching-corpus-modul-erscheinungsbild\\\/#breadcrumb\"},\"inLanguage\":\"en-US\",\"potentialAction\":[{\"@type\":\"ReadAction\",\"target\":[\"https:\\\/\\\/scil-profile.de\\\/produkt\\\/ok-coaching-corpus-modul-erscheinungsbild\\\/\"]}]},{\"@type\":\"ImageObject\",\"inLanguage\":\"en-US\",\"@id\":\"https:\\\/\\\/scil-profile.de\\\/produkt\\\/ok-coaching-corpus-modul-erscheinungsbild\\\/#primaryimage\",\"url\":\"https:\\\/\\\/scil-profile.de\\\/wp-content\\\/uploads\\\/2024\\\/01\\\/Ers-cheinungsbild.jpeg\",\"contentUrl\":\"https:\\\/\\\/scil-profile.de\\\/wp-content\\\/uploads\\\/2024\\\/01\\\/Ers-cheinungsbild.jpeg\",\"width\":1265,\"height\":712},{\"@type\":\"BreadcrumbList\",\"@id\":\"https:\\\/\\\/scil-profile.de\\\/produkt\\\/ok-coaching-corpus-modul-erscheinungsbild\\\/#breadcrumb\",\"itemListElement\":[{\"@type\":\"ListItem\",\"position\":1,\"name\":\"Weiterbildung\",\"item\":\"https:\\\/\\\/scil-profile.de\\\/\"},{\"@type\":\"ListItem\",\"position\":2,\"name\":\"Shop\",\"item\":\"https:\\\/\\\/scil-profile.de\\\/shop\\\/\"},{\"@type\":\"ListItem\",\"position\":3,\"name\":\"OK Coaching | Corpus Frequenz Erscheinungsbild\"}]},{\"@type\":\"WebSite\",\"@id\":\"https:\\\/\\\/scil-profile.de\\\/#website\",\"url\":\"https:\\\/\\\/scil-profile.de\\\/\",\"name\":\"SCIL Profile\",\"description\":\"Entdecke und entfalte Dein Charisma. Pers\u00f6nliche Wirkung und Wahrnehmung als Schl\u00fcssel f\u00fcr mehr Erfolg.\",\"potentialAction\":[{\"@type\":\"SearchAction\",\"target\":{\"@type\":\"EntryPoint\",\"urlTemplate\":\"https:\\\/\\\/scil-profile.de\\\/?s={search_term_string}\"},\"query-input\":{\"@type\":\"PropertyValueSpecification\",\"valueRequired\":true,\"valueName\":\"search_term_string\"}}],\"inLanguage\":\"en-US\"}]}<\/script>\n<!-- \/ Yoast SEO plugin. -->","yoast_head_json":{"title":"OK Coaching | Corpus Frequenz Erscheinungsbild - SCIL Profile","robots":{"index":"index","follow":"follow","max-snippet":"max-snippet:-1","max-image-preview":"max-image-preview:large","max-video-preview":"max-video-preview:-1"},"canonical":"https:\/\/scil-profile.de\/produkt\/ok-coaching-corpus-modul-erscheinungsbild\/","og_locale":"en_US","og_type":"article","og_title":"OK Coaching | Corpus Frequenz Erscheinungsbild - SCIL Profile","og_description":"Nettopreis 79,83 \u20ac zzgl. 15,17 \u20ac 19% MwSt  Was der Barcode an der Supermarkt-Kasse ist, ist der Dresscode in der pers\u00f6nlichen Begegnung. In Bruchteilen von Sekunden entscheidet Dein Vis-\u00e0-Vis \"Mag ich, oder mag ich nicht. Passt zu mir, oder passt eben nicht zu mir.\" Du wirst aufgrund Deiner \u00c4u\u00dferen Erscheinung bewertet. Ob es Dir nun passt, oder nicht. Du kennst sicher die Redewendung \"F\u00fcr den ersten Eindruck gibt es keine zweite Chance.\" Nutz die Gunst dieses Augenblicks und sorg durch die bewusste Wahl Deines Outfits f\u00fcr eine hohe Akzeptanz. In diesem OK Coachingmodul behandeln wir alle hierf\u00fcr wichtigen Aspekte und inspirieren Dich dahingehend, dass Du auch durch Deine \u00c4u\u00dfere Erscheinung noch mehr Menschen f\u00fcr Dich und Deine Sache gewinnst. F\u00fcr mehr Kursdetails scroll bitte runter.  Ausschluss des Widerruffrechts: Es wird an dieser Stelle ausdr\u00fccklich darauf hingewiesen, dass das Widerrufsrecht erlischt, sobald\u00a0 die jeweiligen Kurse\u00a0 und\/oder Lizenzcodes f\u00fcr die Nutzung von Analyse-Tools freigeschaltet wurden. Der Zeitpunkt der Mitteilung \u00fcber die Freischaltung an die Kundin\/den Kunden gilt als Beginn der Ausf\u00fchrung des Vertrages. Geleistete Zahlungen werden ab diesem Zeitpunkt nicht zur\u00fcckerstattet.\u00a0Siehe dazu auch unsere rechtskonforme Widerrufsbelehrung:\u00a0https:\/\/scil-profile.de\/ueber-uns\/widerrufsbelehrung\/","og_url":"https:\/\/scil-profile.de\/produkt\/ok-coaching-corpus-modul-erscheinungsbild\/","og_site_name":"SCIL Profile","article_modified_time":"2026-02-18T11:09:28+00:00","og_image":[{"width":1265,"height":712,"url":"https:\/\/scil-profile.de\/wp-content\/uploads\/2024\/01\/Ers-cheinungsbild.jpeg","type":"image\/jpeg"}],"twitter_card":"summary_large_image","twitter_misc":{"Est. reading time":"5 minutes"},"schema":{"@context":"https:\/\/schema.org","@graph":[{"@type":"WebPage","@id":"https:\/\/scil-profile.de\/produkt\/ok-coaching-corpus-modul-erscheinungsbild\/","url":"https:\/\/scil-profile.de\/produkt\/ok-coaching-corpus-modul-erscheinungsbild\/","name":"OK Coaching | Corpus Frequenz Erscheinungsbild - SCIL Profile","isPartOf":{"@id":"https:\/\/scil-profile.de\/#website"},"primaryImageOfPage":{"@id":"https:\/\/scil-profile.de\/produkt\/ok-coaching-corpus-modul-erscheinungsbild\/#primaryimage"},"image":{"@id":"https:\/\/scil-profile.de\/produkt\/ok-coaching-corpus-modul-erscheinungsbild\/#primaryimage"},"thumbnailUrl":"https:\/\/scil-profile.de\/wp-content\/uploads\/2024\/01\/Ers-cheinungsbild.jpeg","datePublished":"2024-01-03T14:37:02+00:00","dateModified":"2026-02-18T11:09:28+00:00","breadcrumb":{"@id":"https:\/\/scil-profile.de\/produkt\/ok-coaching-corpus-modul-erscheinungsbild\/#breadcrumb"},"inLanguage":"en-US","potentialAction":[{"@type":"ReadAction","target":["https:\/\/scil-profile.de\/produkt\/ok-coaching-corpus-modul-erscheinungsbild\/"]}]},{"@type":"ImageObject","inLanguage":"en-US","@id":"https:\/\/scil-profile.de\/produkt\/ok-coaching-corpus-modul-erscheinungsbild\/#primaryimage","url":"https:\/\/scil-profile.de\/wp-content\/uploads\/2024\/01\/Ers-cheinungsbild.jpeg","contentUrl":"https:\/\/scil-profile.de\/wp-content\/uploads\/2024\/01\/Ers-cheinungsbild.jpeg","width":1265,"height":712},{"@type":"BreadcrumbList","@id":"https:\/\/scil-profile.de\/produkt\/ok-coaching-corpus-modul-erscheinungsbild\/#breadcrumb","itemListElement":[{"@type":"ListItem","position":1,"name":"Weiterbildung","item":"https:\/\/scil-profile.de\/"},{"@type":"ListItem","position":2,"name":"Shop","item":"https:\/\/scil-profile.de\/shop\/"},{"@type":"ListItem","position":3,"name":"OK Coaching | Corpus Frequenz Erscheinungsbild"}]},{"@type":"WebSite","@id":"https:\/\/scil-profile.de\/#website","url":"https:\/\/scil-profile.de\/","name":"SCIL Profile","description":"Entdecke und entfalte Dein Charisma. Pers\u00f6nliche Wirkung und Wahrnehmung als Schl\u00fcssel f\u00fcr mehr Erfolg.","potentialAction":[{"@type":"SearchAction","target":{"@type":"EntryPoint","urlTemplate":"https:\/\/scil-profile.de\/?s={search_term_string}"},"query-input":{"@type":"PropertyValueSpecification","valueRequired":true,"valueName":"search_term_string"}}],"inLanguage":"en-US"}]}},"_links":{"self":[{"href":"https:\/\/scil-profile.de\/en\/wp-json\/wp\/v2\/product\/80499","targetHints":{"allow":["GET"]}}],"collection":[{"href":"https:\/\/scil-profile.de\/en\/wp-json\/wp\/v2\/product"}],"about":[{"href":"https:\/\/scil-profile.de\/en\/wp-json\/wp\/v2\/types\/product"}],"wp:featuredmedia":[{"embeddable":true,"href":"https:\/\/scil-profile.de\/en\/wp-json\/wp\/v2\/media\/80901"}],"wp:attachment":[{"href":"https:\/\/scil-profile.de\/en\/wp-json\/wp\/v2\/media?parent=80499"}],"wp:term":[{"taxonomy":"product_brand","embeddable":true,"href":"https:\/\/scil-profile.de\/en\/wp-json\/wp\/v2\/product_brand?post=80499"},{"taxonomy":"product_cat","embeddable":true,"href":"https:\/\/scil-profile.de\/en\/wp-json\/wp\/v2\/product_cat?post=80499"},{"taxonomy":"product_tag","embeddable":true,"href":"https:\/\/scil-profile.de\/en\/wp-json\/wp\/v2\/product_tag?post=80499"}],"curies":[{"name":"wp","href":"https:\/\/api.w.org\/{rel}","templated":true}]}}