{"id":80484,"date":"2024-01-03T15:31:33","date_gmt":"2024-01-03T14:31:33","guid":{"rendered":"https:\/\/scil-profile.de\/?post_type=product&#038;p=80484"},"modified":"2026-02-18T11:57:35","modified_gmt":"2026-02-18T10:57:35","slug":"ok-coaching-sensus-modul-innere-ueberzeugung","status":"publish","type":"product","link":"https:\/\/scil-profile.de\/en\/produkt\/ok-coaching-sensus-modul-innere-ueberzeugung\/","title":{"rendered":"OK Coaching | Sensus Frequenz Innere \u00dcberzeugung"},"content":{"rendered":"<strong>OK-Coaching<\/strong> ist die Abk\u00fcrzung f\u00fcr <strong><em>O<\/em><\/strong>nline<strong><em>K<\/em><\/strong>ommunikations-Coaching. <strong>Dieser Kurs besteht aus insgesamt 4 Lektionen, 37 Themenmodulen und enth\u00e4lt 8 unterschiedlich schwierige Tests bzw. interaktive Elemente<em>.<\/em><\/strong> Ziel des Kurses ist es, Dein Kommunikationsrepertoire auf der Sensus-Frequenz <strong>Innere \u00dcberzeugung<\/strong>\u00a0 zu festigen und zu erweitern. Und zwar so, wie es im folgenden beschrieben ist:<br><br>\r\n\r\nDu erweckst bei anderen den Eindruck, dass Du von klaren inneren Einstellungen und Haltungen zu Dir selbst, zu anderen Menschen sowie zu den im Miteinander jeweils aktuellen Sachthemen geleitet wirst.\r\n\r\nDu wirst von anderen erlebt als Jemand, der &#8211; wenn Du Dich f\u00fcr etwas entschieden hast &#8211; dies auch voll und ganz willst und die Dinge deshalb meistens auch besser tust als Du es m\u00fcsstest. <br><br> Bei Dir hat man den Eindruck, dass Du von einer inneren Begeisterung getragen wirst und es verstehst, Dir auch weniger geliebte Themen als n\u00fctzlich und gewinnbringend zu erschlie\u00dfen. Selbst wenn Du eine Situation oder Sache als unangenehm empfindest, Dich aber f\u00fcr diese entschieden hast, erweckst Du den Eindruck, dass Du auch dem noch etwas Positives abgewinnen kannst.\r\n\r\nDu vermittelst in Deinen Begegnungen mit anderen Menschen den Eindruck, dass Du von einem grunds\u00e4tzlichen Wohlwollen anderen gegen\u00fcber begleitet bist. Durch Deine Wirkung gibst Du anderen das Gef\u00fchl, dass sie respektiert und wertgesch\u00e4tzt oder zumindest akzeptiert <br><br> werden. Andere nehmen Dich als Jemanden wahr, der in der Lage ist, eine optimistische Einstellung zu entwickeln und diese auch ausstrahlt. Du erweckst den Eindruck, dass Du weniger nach Gr\u00fcnden suchst, warum eine Sache nicht funktioniert, sondern eher nach brauchbaren L\u00f6sungen.\r\n\r\nBist Du allerdings davon \u00fcberzeugt, dass eine bestimmtes Vorhaben nicht denk-, geschweige denn machbar ist und deshalb scheitern wird, vertrittst Du selbst Positionen, die sich total gegens\u00e4tzlich zu den \u00dcberzeugungen Deiner Gespr\u00e4chspartner verhalten oder stehst Du anderen Menschen bzw. Sachen eher ablehnend gegen\u00fcber, so machst Du auch in diesen F\u00e4llen keinen Hehl aus Deinen \u00dcberzeugungen und trittst vehement daf\u00fcr ein.\r\n\r\n<img fetchpriority=\"high\" decoding=\"async\" src=\"https:\/\/scil-profile.de\/wp-content\/uploads\/2024\/01\/Icon_Innere-Ueberzeugung-300x262.png\" alt=\"\" width=\"436\" height=\"381\" class=\" wp-image-120301 alignleft\" srcset=\"https:\/\/scil-profile.de\/wp-content\/uploads\/2024\/01\/Icon_Innere-Ueberzeugung-300x262.png 300w, https:\/\/scil-profile.de\/wp-content\/uploads\/2024\/01\/Icon_Innere-Ueberzeugung-1024x893.png 1024w, https:\/\/scil-profile.de\/wp-content\/uploads\/2024\/01\/Icon_Innere-Ueberzeugung-768x670.png 768w, https:\/\/scil-profile.de\/wp-content\/uploads\/2024\/01\/Icon_Innere-Ueberzeugung-1536x1340.png 1536w, https:\/\/scil-profile.de\/wp-content\/uploads\/2024\/01\/Icon_Innere-Ueberzeugung-2048x1787.png 2048w, https:\/\/scil-profile.de\/wp-content\/uploads\/2024\/01\/Icon_Innere-Ueberzeugung-624x544.png 624w, https:\/\/scil-profile.de\/wp-content\/uploads\/2024\/01\/Icon_Innere-Ueberzeugung-600x523.png 600w\" sizes=\"(max-width: 436px) 100vw, 436px\" \/><br><br>Um Dich bei der Erweiterung Deines Repertoires in dem zuvor beschriebenen Sinne\u00a0<em><strong> <\/strong><\/em>erfolgreich begleiten zu k\u00f6nnen, behandeln wir in diesem Kurs u.a. die folgenden Fragen und trainieren die daraus ableitbaren \u00dcbungen mit Dir:\r\n<ul>\r\n \t<li style=\"list-style-type: none;\">\r\n<ul>\r\n \t<li><em>Wie kommen Glaubenss\u00e4tze zustande?<\/em><\/li>\r\n \t<li><em>Welche Deiner Glaubenss\u00e4tze sind Dir bekannt und bewusst?<\/em><\/li>\r\n \t<li><em>Welche dieser Glaubenss\u00e4tze h\u00e4ltst Du f\u00fcr konstruktiv und welche f\u00fcr destruktiv?\u00a0<\/em><\/li>\r\n \t<li><em>Lassen sich alte und tief verankerte Glaubenss\u00e4tze einfach so \u00fcberschreiben?<\/em><\/li>\r\n \t<li><em>Wenn das m\u00f6glich ist, wie geht es?<\/em><\/li>\r\n \t<li><em>Falls kein \u00dcberschreiben m\u00f6glich ist, wie dann am besten mit den destruktiven Glaubenss\u00e4tzen umgehen?<\/em><\/li>\r\n \t<li>Zu welcher der folgenden Kategorien f\u00fchlst Du Dich am ehesten zugeh\u00f6rig?\r\nSelbstzweifler | Selbstannehmer | Selbstsbewu\u00dfter oder Geringsch\u00e4zer | Akzeptierer | Wertsch\u00e4tzer oder Pessisimist | Realist | Optimist oder Verharrer | Bewahrer | Beweger?<\/li>\r\n \t<li>Was bedeutet Deine diesbez\u00fcgliche Selbsteinsch\u00e4tzung f\u00fcr Deine Wahrnehmungs- und Wirkungskompetenz?<\/li>\r\n \t<li><em>Arbeitest Du in diesem Kurs nur daran, dass Du als Pers\u00f6nlichkeit mit ausgpr\u00e4gten Kompetenzen im Bereich Innere \u00dcberzeugung wahrgenommen wirst ooder wirkt sich die Besch\u00e4ftigung mit der Thematik und die \u00dcbungen auch auf Deine tats\u00e4chliche Innere \u00dcberzeugung aus?<\/em><\/li>\r\n<\/ul>\r\n<\/li>\r\n<\/ul>\r\n&nbsp;\r\n<ul class=\"wp-block-list\"><\/ul>\r\nAuf die letzte Frage hier schon mal eine erste konkrete Antwort, die so \u00fcbrigens\u00a0 auch f\u00fcr alle anderen Frequenzen gilt:<strong> Spiel wird zum Schein. Schein wird zum Sein. Sein wird zum Spiel. <\/strong>Du trainierst in diesem Kurs auf sehr spielerische Art und Weise, den beabsichtigten Eindruck zu erwecken. Arbeitest Du aktiv und intensiv genug an diesem Eindruck oder Schein, dringt dies \u00fcber kurz oder lang auch nach Innen. Die entsprechenden Kompetenzen werden mehr und mehr Teil Deiner Pers\u00f6nlichkeit. Und schlie\u00dflich wirst Du zunehmend Freude an dieser Art der Repertoire-Erweiterung\u00a0 haben, sodass Deine Motivation und die F\u00e4higkeiten steigen, immer wieder aufs Neue damit zu spielen und Dich weiterzuentwickeln.<em> Spiel wird zum Schein =<\/em><strong> Deine Wahrnehmung wird sch\u00e4rfer und Deine Ausstrahlung kontiunierlich souver\u00e4ner. <\/strong><em>Schein wird zum Sein =<\/em><strong>\u00a0 Du erweckst das Charisma in Dir wieder zum Leben und bringst es zur Entfaltung. <\/strong><em>Sein wird zum Spiel =\u00a0<\/em><strong>Du wirst sukzessive virtuoser und ziehst immer mehr Register gelingender und gewinnender Kommunikation.<\/strong>\r\n\r\n<!-- \/wp:post-content -->\r\n\r\n<br><br> Ausschlu\u00df des Widerruffrechts:\r\n<h6><strong>Es wird an dieser Stelle ausdr\u00fccklich darauf hingewiesen, dass das Widerrufsrecht erlischt, sobald\u00a0 die jeweiligen Kurse\u00a0 und\/oder Lizenzcodes f\u00fcr die Nutzung von Analyse-Tools freigeschaltet wurden. Der Zeitpunkt der Mitteilung \u00fcber die Freischaltung an die Kundin\/den Kunden gilt als Beginn der Ausf\u00fchrung des Vertrages. Geleistete Zahlungen werden ab diesem Zeitpunkt nicht zur\u00fcckerstattet.<span>\u00a0<\/span><\/strong><strong>Siehe dazu auch unsere rechtskonforme Widerrufsbelehrung:<span>\u00a0<\/span><a href=\"https:\/\/scil-profile.de\/ueber-uns\/widerrufsbelehrung\/\">https:\/\/scil-profile.de\/ueber-uns\/widerrufsbelehrung\/<\/a><\/strong><\/h6><!-- \/wp:freeform -->","protected":false},"excerpt":{"rendered":"<p><strong>Nettopreis 79,83 \u20ac <\/strong><span>zzgl. 15,17 \u20ac 19% MwSt<\/span><\/p>\n<p>OK-Coaching ist die Abk\u00fcrzung f\u00fcr Online-Kommunikations-Coaching. In diesem Kurs geht es um Innere \u00dcberzeugungen und Glaubenss\u00e4tze. Sie haben erhebliche Auswirkung darauf, wie wir mit uns und anderen Menschen umgehen. Hier geht es darum, in der Selbstreflektion Glaubensmuster und Innere \u00dcberzeugungen bewu\u00dft zu machen, die Konsequenzen aufzuzeigen und zu einem konstruktiven Umgang mit den pers\u00f6nlichen Inneren \u00dcberzeugungen zu bef\u00e4higen. Detaillierte Informationen dazu findest Du in der ausf\u00fchrlichen Produktbeschreibung weiter unten.<\/p>\n<h6><strong>Ausschlu\u00df des Widerruffrechts:<\/strong><\/h6>\n<h6><strong>Es wird an dieser Stelle ausdr\u00fccklich darauf hingewiesen, dass das Widerrufsrecht erlischt, sobald\u00a0 die jeweiligen Kurse\u00a0 und\/oder Lizenzcodes f\u00fcr die Nutzung von Analyse-Tools freigeschaltet wurden. Der Zeitpunkt der Mitteilung \u00fcber die Freischaltung an die Kundin\/den Kunden gilt als Beginn der Ausf\u00fchrung des Vertrages. Geleistete Zahlungen werden ab diesem Zeitpunkt nicht zur\u00fcckerstattet.<span>\u00a0<\/span><\/strong><strong>Siehe dazu auch unsere rechtskonforme Widerrufsbelehrung:<span>\u00a0<\/span><a href=\"https:\/\/scil-profile.de\/ueber-uns\/widerrufsbelehrung\/\">https:\/\/scil-profile.de\/ueber-uns\/widerrufsbelehrung\/<\/a><\/strong><\/h6>\n","protected":false},"featured_media":80913,"template":"","meta":{"pmpro_default_level":""},"product_brand":[],"product_cat":[139],"product_tag":[],"class_list":{"0":"post-80484","1":"product","2":"type-product","3":"status-publish","4":"has-post-thumbnail","6":"product_cat-scil-profile","7":"pmpro-has-access","9":"first","10":"instock","11":"virtual","12":"taxable","13":"purchasable","14":"product-type-simple"},"yoast_head":"<!-- This site is optimized with the Yoast SEO plugin v27.3 - https:\/\/yoast.com\/product\/yoast-seo-wordpress\/ -->\n<title>OK Coaching | Sensus Frequenz Innere \u00dcberzeugung - SCIL Profile<\/title>\n<meta name=\"robots\" content=\"index, follow, max-snippet:-1, max-image-preview:large, max-video-preview:-1\" \/>\n<link rel=\"canonical\" href=\"https:\/\/scil-profile.de\/produkt\/ok-coaching-sensus-modul-innere-ueberzeugung\/\" \/>\n<meta property=\"og:locale\" content=\"en_US\" \/>\n<meta property=\"og:type\" content=\"article\" \/>\n<meta property=\"og:title\" content=\"OK Coaching | Sensus Frequenz Innere \u00dcberzeugung - SCIL Profile\" \/>\n<meta property=\"og:description\" content=\"Nettopreis 79,83 \u20ac zzgl. 15,17 \u20ac 19% MwSt  OK-Coaching ist die Abk\u00fcrzung f\u00fcr Online-Kommunikations-Coaching. In diesem Kurs geht es um Innere \u00dcberzeugungen und Glaubenss\u00e4tze. Sie haben erhebliche Auswirkung darauf, wie wir mit uns und anderen Menschen umgehen. Hier geht es darum, in der Selbstreflektion Glaubensmuster und Innere \u00dcberzeugungen bewu\u00dft zu machen, die Konsequenzen aufzuzeigen und zu einem konstruktiven Umgang mit den pers\u00f6nlichen Inneren \u00dcberzeugungen zu bef\u00e4higen. Detaillierte Informationen dazu findest Du in der ausf\u00fchrlichen Produktbeschreibung weiter unten. Ausschlu\u00df des Widerruffrechts: Es wird an dieser Stelle ausdr\u00fccklich darauf hingewiesen, dass das Widerrufsrecht erlischt, sobald\u00a0 die jeweiligen Kurse\u00a0 und\/oder Lizenzcodes f\u00fcr die Nutzung von Analyse-Tools freigeschaltet wurden. Der Zeitpunkt der Mitteilung \u00fcber die Freischaltung an die Kundin\/den Kunden gilt als Beginn der Ausf\u00fchrung des Vertrages. Geleistete Zahlungen werden ab diesem Zeitpunkt nicht zur\u00fcckerstattet.\u00a0Siehe dazu auch unsere rechtskonforme Widerrufsbelehrung:\u00a0https:\/\/scil-profile.de\/ueber-uns\/widerrufsbelehrung\/\" \/>\n<meta property=\"og:url\" content=\"https:\/\/scil-profile.de\/produkt\/ok-coaching-sensus-modul-innere-ueberzeugung\/\" \/>\n<meta property=\"og:site_name\" content=\"SCIL Profile\" \/>\n<meta property=\"article:modified_time\" content=\"2026-02-18T10:57:35+00:00\" \/>\n<meta property=\"og:image\" content=\"https:\/\/scil-profile.de\/wp-content\/uploads\/2024\/01\/InnereU\u0308berzeugung.jpeg\" \/>\n\t<meta property=\"og:image:width\" content=\"1265\" \/>\n\t<meta property=\"og:image:height\" content=\"712\" \/>\n\t<meta property=\"og:image:type\" content=\"image\/jpeg\" \/>\n<meta name=\"twitter:card\" content=\"summary_large_image\" \/>\n<meta name=\"twitter:label1\" content=\"Est. reading time\" \/>\n\t<meta name=\"twitter:data1\" content=\"5 minutes\" \/>\n<script type=\"application\/ld+json\" class=\"yoast-schema-graph\">{\"@context\":\"https:\\\/\\\/schema.org\",\"@graph\":[{\"@type\":\"WebPage\",\"@id\":\"https:\\\/\\\/scil-profile.de\\\/produkt\\\/ok-coaching-sensus-modul-innere-ueberzeugung\\\/\",\"url\":\"https:\\\/\\\/scil-profile.de\\\/produkt\\\/ok-coaching-sensus-modul-innere-ueberzeugung\\\/\",\"name\":\"OK Coaching | Sensus Frequenz Innere \u00dcberzeugung - SCIL Profile\",\"isPartOf\":{\"@id\":\"https:\\\/\\\/scil-profile.de\\\/#website\"},\"primaryImageOfPage\":{\"@id\":\"https:\\\/\\\/scil-profile.de\\\/produkt\\\/ok-coaching-sensus-modul-innere-ueberzeugung\\\/#primaryimage\"},\"image\":{\"@id\":\"https:\\\/\\\/scil-profile.de\\\/produkt\\\/ok-coaching-sensus-modul-innere-ueberzeugung\\\/#primaryimage\"},\"thumbnailUrl\":\"https:\\\/\\\/scil-profile.de\\\/wp-content\\\/uploads\\\/2024\\\/01\\\/InnereU\u0308berzeugung.jpeg\",\"datePublished\":\"2024-01-03T14:31:33+00:00\",\"dateModified\":\"2026-02-18T10:57:35+00:00\",\"breadcrumb\":{\"@id\":\"https:\\\/\\\/scil-profile.de\\\/produkt\\\/ok-coaching-sensus-modul-innere-ueberzeugung\\\/#breadcrumb\"},\"inLanguage\":\"en-US\",\"potentialAction\":[{\"@type\":\"ReadAction\",\"target\":[\"https:\\\/\\\/scil-profile.de\\\/produkt\\\/ok-coaching-sensus-modul-innere-ueberzeugung\\\/\"]}]},{\"@type\":\"ImageObject\",\"inLanguage\":\"en-US\",\"@id\":\"https:\\\/\\\/scil-profile.de\\\/produkt\\\/ok-coaching-sensus-modul-innere-ueberzeugung\\\/#primaryimage\",\"url\":\"https:\\\/\\\/scil-profile.de\\\/wp-content\\\/uploads\\\/2024\\\/01\\\/InnereU\u0308berzeugung.jpeg\",\"contentUrl\":\"https:\\\/\\\/scil-profile.de\\\/wp-content\\\/uploads\\\/2024\\\/01\\\/InnereU\u0308berzeugung.jpeg\",\"width\":1265,\"height\":712},{\"@type\":\"BreadcrumbList\",\"@id\":\"https:\\\/\\\/scil-profile.de\\\/produkt\\\/ok-coaching-sensus-modul-innere-ueberzeugung\\\/#breadcrumb\",\"itemListElement\":[{\"@type\":\"ListItem\",\"position\":1,\"name\":\"Weiterbildung\",\"item\":\"https:\\\/\\\/scil-profile.de\\\/\"},{\"@type\":\"ListItem\",\"position\":2,\"name\":\"Shop\",\"item\":\"https:\\\/\\\/scil-profile.de\\\/shop\\\/\"},{\"@type\":\"ListItem\",\"position\":3,\"name\":\"OK Coaching | Sensus Frequenz Innere \u00dcberzeugung\"}]},{\"@type\":\"WebSite\",\"@id\":\"https:\\\/\\\/scil-profile.de\\\/#website\",\"url\":\"https:\\\/\\\/scil-profile.de\\\/\",\"name\":\"SCIL Profile\",\"description\":\"Entdecke und entfalte Dein Charisma. Pers\u00f6nliche Wirkung und Wahrnehmung als Schl\u00fcssel f\u00fcr mehr Erfolg.\",\"potentialAction\":[{\"@type\":\"SearchAction\",\"target\":{\"@type\":\"EntryPoint\",\"urlTemplate\":\"https:\\\/\\\/scil-profile.de\\\/?s={search_term_string}\"},\"query-input\":{\"@type\":\"PropertyValueSpecification\",\"valueRequired\":true,\"valueName\":\"search_term_string\"}}],\"inLanguage\":\"en-US\"}]}<\/script>\n<!-- \/ Yoast SEO plugin. -->","yoast_head_json":{"title":"OK Coaching | Sensus Frequenz Innere \u00dcberzeugung - SCIL Profile","robots":{"index":"index","follow":"follow","max-snippet":"max-snippet:-1","max-image-preview":"max-image-preview:large","max-video-preview":"max-video-preview:-1"},"canonical":"https:\/\/scil-profile.de\/produkt\/ok-coaching-sensus-modul-innere-ueberzeugung\/","og_locale":"en_US","og_type":"article","og_title":"OK Coaching | Sensus Frequenz Innere \u00dcberzeugung - SCIL Profile","og_description":"Nettopreis 79,83 \u20ac zzgl. 15,17 \u20ac 19% MwSt  OK-Coaching ist die Abk\u00fcrzung f\u00fcr Online-Kommunikations-Coaching. In diesem Kurs geht es um Innere \u00dcberzeugungen und Glaubenss\u00e4tze. Sie haben erhebliche Auswirkung darauf, wie wir mit uns und anderen Menschen umgehen. Hier geht es darum, in der Selbstreflektion Glaubensmuster und Innere \u00dcberzeugungen bewu\u00dft zu machen, die Konsequenzen aufzuzeigen und zu einem konstruktiven Umgang mit den pers\u00f6nlichen Inneren \u00dcberzeugungen zu bef\u00e4higen. Detaillierte Informationen dazu findest Du in der ausf\u00fchrlichen Produktbeschreibung weiter unten. Ausschlu\u00df des Widerruffrechts: Es wird an dieser Stelle ausdr\u00fccklich darauf hingewiesen, dass das Widerrufsrecht erlischt, sobald\u00a0 die jeweiligen Kurse\u00a0 und\/oder Lizenzcodes f\u00fcr die Nutzung von Analyse-Tools freigeschaltet wurden. Der Zeitpunkt der Mitteilung \u00fcber die Freischaltung an die Kundin\/den Kunden gilt als Beginn der Ausf\u00fchrung des Vertrages. Geleistete Zahlungen werden ab diesem Zeitpunkt nicht zur\u00fcckerstattet.\u00a0Siehe dazu auch unsere rechtskonforme Widerrufsbelehrung:\u00a0https:\/\/scil-profile.de\/ueber-uns\/widerrufsbelehrung\/","og_url":"https:\/\/scil-profile.de\/produkt\/ok-coaching-sensus-modul-innere-ueberzeugung\/","og_site_name":"SCIL Profile","article_modified_time":"2026-02-18T10:57:35+00:00","og_image":[{"width":1265,"height":712,"url":"https:\/\/scil-profile.de\/wp-content\/uploads\/2024\/01\/InnereU\u0308berzeugung.jpeg","type":"image\/jpeg"}],"twitter_card":"summary_large_image","twitter_misc":{"Est. reading time":"5 minutes"},"schema":{"@context":"https:\/\/schema.org","@graph":[{"@type":"WebPage","@id":"https:\/\/scil-profile.de\/produkt\/ok-coaching-sensus-modul-innere-ueberzeugung\/","url":"https:\/\/scil-profile.de\/produkt\/ok-coaching-sensus-modul-innere-ueberzeugung\/","name":"OK Coaching | Sensus Frequenz Innere \u00dcberzeugung - SCIL Profile","isPartOf":{"@id":"https:\/\/scil-profile.de\/#website"},"primaryImageOfPage":{"@id":"https:\/\/scil-profile.de\/produkt\/ok-coaching-sensus-modul-innere-ueberzeugung\/#primaryimage"},"image":{"@id":"https:\/\/scil-profile.de\/produkt\/ok-coaching-sensus-modul-innere-ueberzeugung\/#primaryimage"},"thumbnailUrl":"https:\/\/scil-profile.de\/wp-content\/uploads\/2024\/01\/InnereU\u0308berzeugung.jpeg","datePublished":"2024-01-03T14:31:33+00:00","dateModified":"2026-02-18T10:57:35+00:00","breadcrumb":{"@id":"https:\/\/scil-profile.de\/produkt\/ok-coaching-sensus-modul-innere-ueberzeugung\/#breadcrumb"},"inLanguage":"en-US","potentialAction":[{"@type":"ReadAction","target":["https:\/\/scil-profile.de\/produkt\/ok-coaching-sensus-modul-innere-ueberzeugung\/"]}]},{"@type":"ImageObject","inLanguage":"en-US","@id":"https:\/\/scil-profile.de\/produkt\/ok-coaching-sensus-modul-innere-ueberzeugung\/#primaryimage","url":"https:\/\/scil-profile.de\/wp-content\/uploads\/2024\/01\/InnereU\u0308berzeugung.jpeg","contentUrl":"https:\/\/scil-profile.de\/wp-content\/uploads\/2024\/01\/InnereU\u0308berzeugung.jpeg","width":1265,"height":712},{"@type":"BreadcrumbList","@id":"https:\/\/scil-profile.de\/produkt\/ok-coaching-sensus-modul-innere-ueberzeugung\/#breadcrumb","itemListElement":[{"@type":"ListItem","position":1,"name":"Weiterbildung","item":"https:\/\/scil-profile.de\/"},{"@type":"ListItem","position":2,"name":"Shop","item":"https:\/\/scil-profile.de\/shop\/"},{"@type":"ListItem","position":3,"name":"OK Coaching | Sensus Frequenz Innere \u00dcberzeugung"}]},{"@type":"WebSite","@id":"https:\/\/scil-profile.de\/#website","url":"https:\/\/scil-profile.de\/","name":"SCIL Profile","description":"Entdecke und entfalte Dein Charisma. Pers\u00f6nliche Wirkung und Wahrnehmung als Schl\u00fcssel f\u00fcr mehr Erfolg.","potentialAction":[{"@type":"SearchAction","target":{"@type":"EntryPoint","urlTemplate":"https:\/\/scil-profile.de\/?s={search_term_string}"},"query-input":{"@type":"PropertyValueSpecification","valueRequired":true,"valueName":"search_term_string"}}],"inLanguage":"en-US"}]}},"_links":{"self":[{"href":"https:\/\/scil-profile.de\/en\/wp-json\/wp\/v2\/product\/80484","targetHints":{"allow":["GET"]}}],"collection":[{"href":"https:\/\/scil-profile.de\/en\/wp-json\/wp\/v2\/product"}],"about":[{"href":"https:\/\/scil-profile.de\/en\/wp-json\/wp\/v2\/types\/product"}],"wp:featuredmedia":[{"embeddable":true,"href":"https:\/\/scil-profile.de\/en\/wp-json\/wp\/v2\/media\/80913"}],"wp:attachment":[{"href":"https:\/\/scil-profile.de\/en\/wp-json\/wp\/v2\/media?parent=80484"}],"wp:term":[{"taxonomy":"product_brand","embeddable":true,"href":"https:\/\/scil-profile.de\/en\/wp-json\/wp\/v2\/product_brand?post=80484"},{"taxonomy":"product_cat","embeddable":true,"href":"https:\/\/scil-profile.de\/en\/wp-json\/wp\/v2\/product_cat?post=80484"},{"taxonomy":"product_tag","embeddable":true,"href":"https:\/\/scil-profile.de\/en\/wp-json\/wp\/v2\/product_tag?post=80484"}],"curies":[{"name":"wp","href":"https:\/\/api.w.org\/{rel}","templated":true}]}}