{"id":60886,"date":"2021-02-15T18:21:56","date_gmt":"2021-02-15T17:21:56","guid":{"rendered":"https:\/\/scil-profile.de\/?post_type=product&#038;p=60886"},"modified":"2025-02-03T11:25:39","modified_gmt":"2025-02-03T10:25:39","slug":"scil-diagnostik","status":"publish","type":"product","link":"https:\/\/scil-profile.de\/en\/produkt\/scil-diagnostik\/","title":{"rendered":"SCIL Profile Tiefenevaluation und Auswertungsgespr\u00e4ch"},"content":{"rendered":"<h2>SCIL Profile Tiefenevaluation und Auswertungsgespr\u00e4ch<\/h2>\n<p>Die Qualit\u00e4t zwischenmenschlicher Begegnungen wird ma\u00dfgeblich durch die Wirkung bestimmt, die die sich begegnenden Menschen aufeinander aus\u00fcben und aneinander wahrnehmen. Die eigene Wahrnehmung ist abh\u00e4ngig von der pers\u00f6nlichen Wirkung. Wirkung und Wahrnehmung sind ein unzertrennliches Geschwisterpaar. Durch das SCIL Profile erf\u00e4hrst Du, wo die hohen und wo die niedrigen Auspr\u00e4gungen Deiner Wirkungs- und Wahrnehmungsompetenzen sind und was Du tun kannst, um diese in Balance zu bringen.<\/p>\n<p>SCIL Profile ist das von Andreas Bornh\u00e4u\u00dfer entwickelte Konzept zur objektiven Bestimmung der Wahrnehmung und Wirkung von Menschen. Rund 140.000 Menschen haben bisher (\u00fcber einem Zeitraum von 30 Jahren 1994 bis 2024) an den Evauationsverfahren teilgenommen und damit zur wissenschaftlichen Absicherung der Diagnostik beigetragen. Im Gegensatz zu den g\u00e4ngigen Pers\u00f6nlichkeitsanalysen geht es hier nicht um\u00a0 das schematische\u00a0 Abbilden eines unver\u00e4nderbaren\u00a0 \u201eProfils\u201c. Vielmehr werden das momentane Wahrnehmungs- und Wirkungsrepertoire erfasst und konkrete Hilfestellungen abgeleitet, die dieses individuelle Repertoire erweitern helfen.<\/p>\n<h2>Dieses Produkt beinhaltet die folgenden Dienstleistungen und Services<strong><\/strong><strong><\/strong><\/h2>\n<ul>\n<li><span style=\"color: #ff9900;\"><strong>webbasierte Evaluation<\/strong> <\/span>Deines pers\u00f6nlichen Wirkungs-und Wahrnehmungs-Profils<\/li>\n<li>automatisierte <span style=\"color: #ff9900;\"><strong>Auswertung<\/strong><\/span> Deiner Eingaben<\/li>\n<li>zweifache grafische Darstellung Deines individuellen <span style=\"color: #ff9900;\"><strong>Interaktionsprofil<\/strong><\/span> in Form eines Polygons und eines Balkendiagramms<\/li>\n<li><strong><span style=\"color: #ff9900;\">Auswertungsgespr\u00e4ch<\/span><\/strong> in Form eines LiveOnline-Meeting mit Andreas Bornh\u00e4u\u00dfer, dem Urheber und Lizenzgeber des SCIL Profile<\/li>\n<li><span style=\"color: #ff9900;\"><strong>40-seitige Dokumentation<\/strong><\/span> mit wichtigen Hintergrundinformationen und einer detaillierten Beschreibung Deiner Wahrnehmungs- und Wirkungskompetenzen<\/li>\n<\/ul>\n<p>&nbsp;<\/p>\n<p><strong>Ausschlu\u00df des Widerruffrechts:<\/strong><\/p>\n<p>Es wird an dieser Stelle ausdr\u00fccklich darauf hingewiesen, dass das Widerrufsrecht erlischt, sobald\u00a0 die jeweiligen Kurse\u00a0 und\/oder Lizenzcodes f\u00fcr die Nutzung von Analyse-Tools freigeschaltet wurden. Der Zeitpunkt der Mitteilung \u00fcber die Freischaltung an die Kundin\/den Kunden gilt als Beginn der Ausf\u00fchrung des Vertrages. Geleistete Zahlungen werden ab diesem Zeitpunkt nicht zur\u00fcckerstattet.Siehe dazu auch unsere <span style=\"color: #0000ff;\"><strong><a href=\"ps:\/\/scil-profile.de\/ueber-uns\/widerrufsbelehrung\/\" style=\"color: #0000ff;\">rechtskonforme Widerrufsbelehrung.<\/a><\/strong><\/span><\/p>\n","protected":false},"excerpt":{"rendered":"<div class=\"woocommerce-product-details__short-description\">\n<p><strong>Nettopreis 605,04 \u20ac<\/strong> zzgl. 114,96 \u20ac 19% MwSt<\/p>\n<p><span>Gelingende Kommunikation sorgt f\u00fcr <span style=\"color: #ff9900;\"><strong>Begegnungen, <\/strong><\/span><\/span><span><span style=\"color: #ff9900;\"><strong>dank derer es nachher allen Beteiligten besser geht.<\/strong> <\/span><\/span><span>Und das gelingt mit dem SCIL Profile. Durch diese <strong><span style=\"color: #ff9900;\">Tiefenavaluation<\/span><\/strong>\u00a0 erf\u00e4hrst Du, wo die hohen und wo die niedrigen Auspr\u00e4gungen Deiner <span style=\"color: #ff9900;\"><strong>Wirkungs- und Wahrnehmungsompetenzen<\/strong><\/span> sind und was Du tun kannst, um diese in Balance zu bringen. <\/span>Damit Du erstens genau wei\u00dft, wie Du wirkst und warum Du wahrnimmst, wie Du wahrnimmst. Und damit Du zweitens zuk\u00fcnftig in noch mehr Situationen bei noch mehr Menschen <strong><span style=\"color: #ff9900;\">die Resonanz ausl\u00f6sen<\/span><\/strong> kannst, <span style=\"color: #ff9900;\"><strong>die Du ausl\u00f6sen m\u00f6chtest<\/strong><\/span>. Getreu unserem Motto: <span style=\"color: #ff9900;\"><strong>CREATING MORE AUTHENTIC SMILES. <\/strong><\/span><\/p>\n<\/div>\n<p class=\"wc-gzd-additional-info delivery-time-info\"><span style=\"color: #000000;\">Lieferzeit: Du erh\u00e4ltst Deinen LogIn-Code innerhalb von max. 12 Stunden nach Bezahlung.<\/span><\/p>\n<h6><strong>Ausschlu\u00df des Widerruffrechts:<\/strong><\/h6>\n<h6><strong>Es wird an dieser Stelle ausdr\u00fccklich darauf hingewiesen, dass das Widerrufsrecht erlischt, sobald\u00a0 die jeweiligen Kurse\u00a0 und\/oder Lizenzcodes f\u00fcr die Nutzung von Analyse-Tools freigeschaltet wurden. Der Zeitpunkt der Mitteilung \u00fcber die Freischaltung an die Kundin\/den Kunden gilt als Beginn der Ausf\u00fchrung des Vertrages. Geleistete Zahlungen werden ab diesem Zeitpunkt nicht zur\u00fcckerstattet.<span>\u00a0<\/span><\/strong><strong>Siehe dazu auch unsere rechtskonforme Widerrufsbelehrung:<span>\u00a0<\/span><a href=\"https:\/\/scil-profile.de\/ueber-uns\/widerrufsbelehrung\/\">https:\/\/scil-profile.de\/ueber-uns\/widerrufsbelehrung\/<\/a><\/strong><\/h6>\n","protected":false},"featured_media":61851,"template":"","meta":{"pmpro_default_level":""},"product_brand":[],"product_cat":[616],"product_tag":[],"class_list":{"0":"post-60886","1":"product","2":"type-product","3":"status-publish","4":"has-post-thumbnail","6":"product_cat-analyse","7":"pmpro-has-access","9":"first","10":"instock","11":"taxable","12":"shipping-taxable","13":"purchasable","14":"product-type-simple"},"yoast_head":"<!-- This site is optimized with the Yoast SEO plugin v27.3 - https:\/\/yoast.com\/product\/yoast-seo-wordpress\/ -->\n<title>SCIL Profile Tiefenevaluation und Auswertungsgespr\u00e4ch - SCIL Profile<\/title>\n<meta name=\"robots\" content=\"index, follow, max-snippet:-1, max-image-preview:large, max-video-preview:-1\" \/>\n<link rel=\"canonical\" href=\"https:\/\/scil-profile.de\/produkt\/scil-diagnostik\/\" \/>\n<meta property=\"og:locale\" content=\"en_US\" \/>\n<meta property=\"og:type\" content=\"article\" \/>\n<meta property=\"og:title\" content=\"SCIL Profile Tiefenevaluation und Auswertungsgespr\u00e4ch - SCIL Profile\" \/>\n<meta property=\"og:description\" content=\"Nettopreis 605,04 \u20ac zzgl. 114,96 \u20ac 19% MwSt  Gelingende Kommunikation sorgt f\u00fcr Begegnungen, dank derer es nachher allen Beteiligten besser geht. Und das gelingt mit dem SCIL Profile. Durch diese Tiefenavaluation\u00a0 erf\u00e4hrst Du, wo die hohen und wo die niedrigen Auspr\u00e4gungen Deiner Wirkungs- und Wahrnehmungsompetenzen sind und was Du tun kannst, um diese in Balance zu bringen. Damit Du erstens genau wei\u00dft, wie Du wirkst und warum Du wahrnimmst, wie Du wahrnimmst. Und damit Du zweitens zuk\u00fcnftig in noch mehr Situationen bei noch mehr Menschen die Resonanz ausl\u00f6sen kannst, die Du ausl\u00f6sen m\u00f6chtest. Getreu unserem Motto: CREATING MORE AUTHENTIC SMILES.    Lieferzeit: Du erh\u00e4ltst Deinen LogIn-Code innerhalb von max. 12 Stunden nach Bezahlung.  Ausschlu\u00df des Widerruffrechts: Es wird an dieser Stelle ausdr\u00fccklich darauf hingewiesen, dass das Widerrufsrecht erlischt, sobald\u00a0 die jeweiligen Kurse\u00a0 und\/oder Lizenzcodes f\u00fcr die Nutzung von Analyse-Tools freigeschaltet wurden. Der Zeitpunkt der Mitteilung \u00fcber die Freischaltung an die Kundin\/den Kunden gilt als Beginn der Ausf\u00fchrung des Vertrages. Geleistete Zahlungen werden ab diesem Zeitpunkt nicht zur\u00fcckerstattet.\u00a0Siehe dazu auch unsere rechtskonforme Widerrufsbelehrung:\u00a0https:\/\/scil-profile.de\/ueber-uns\/widerrufsbelehrung\/\" \/>\n<meta property=\"og:url\" content=\"https:\/\/scil-profile.de\/produkt\/scil-diagnostik\/\" \/>\n<meta property=\"og:site_name\" content=\"SCIL Profile\" \/>\n<meta property=\"article:modified_time\" content=\"2025-02-03T10:25:39+00:00\" \/>\n<meta property=\"og:image\" content=\"https:\/\/scil-profile.de\/wp-content\/uploads\/2021\/04\/SCIL-Profile-Diagramm.png\" \/>\n\t<meta property=\"og:image:width\" content=\"1404\" \/>\n\t<meta property=\"og:image:height\" content=\"1104\" \/>\n\t<meta property=\"og:image:type\" content=\"image\/png\" \/>\n<meta name=\"twitter:card\" content=\"summary_large_image\" \/>\n<meta name=\"twitter:label1\" content=\"Est. reading time\" \/>\n\t<meta name=\"twitter:data1\" content=\"2 minutes\" \/>\n<script type=\"application\/ld+json\" class=\"yoast-schema-graph\">{\"@context\":\"https:\\\/\\\/schema.org\",\"@graph\":[{\"@type\":\"WebPage\",\"@id\":\"https:\\\/\\\/scil-profile.de\\\/produkt\\\/scil-diagnostik\\\/\",\"url\":\"https:\\\/\\\/scil-profile.de\\\/produkt\\\/scil-diagnostik\\\/\",\"name\":\"SCIL Profile Tiefenevaluation und Auswertungsgespr\u00e4ch - SCIL Profile\",\"isPartOf\":{\"@id\":\"https:\\\/\\\/scil-profile.de\\\/#website\"},\"primaryImageOfPage\":{\"@id\":\"https:\\\/\\\/scil-profile.de\\\/produkt\\\/scil-diagnostik\\\/#primaryimage\"},\"image\":{\"@id\":\"https:\\\/\\\/scil-profile.de\\\/produkt\\\/scil-diagnostik\\\/#primaryimage\"},\"thumbnailUrl\":\"https:\\\/\\\/scil-profile.de\\\/wp-content\\\/uploads\\\/2021\\\/04\\\/SCIL-Profile-Diagramm.png\",\"datePublished\":\"2021-02-15T17:21:56+00:00\",\"dateModified\":\"2025-02-03T10:25:39+00:00\",\"breadcrumb\":{\"@id\":\"https:\\\/\\\/scil-profile.de\\\/produkt\\\/scil-diagnostik\\\/#breadcrumb\"},\"inLanguage\":\"en-US\",\"potentialAction\":[{\"@type\":\"ReadAction\",\"target\":[\"https:\\\/\\\/scil-profile.de\\\/produkt\\\/scil-diagnostik\\\/\"]}]},{\"@type\":\"ImageObject\",\"inLanguage\":\"en-US\",\"@id\":\"https:\\\/\\\/scil-profile.de\\\/produkt\\\/scil-diagnostik\\\/#primaryimage\",\"url\":\"https:\\\/\\\/scil-profile.de\\\/wp-content\\\/uploads\\\/2021\\\/04\\\/SCIL-Profile-Diagramm.png\",\"contentUrl\":\"https:\\\/\\\/scil-profile.de\\\/wp-content\\\/uploads\\\/2021\\\/04\\\/SCIL-Profile-Diagramm.png\",\"width\":1404,\"height\":1104},{\"@type\":\"BreadcrumbList\",\"@id\":\"https:\\\/\\\/scil-profile.de\\\/produkt\\\/scil-diagnostik\\\/#breadcrumb\",\"itemListElement\":[{\"@type\":\"ListItem\",\"position\":1,\"name\":\"Weiterbildung\",\"item\":\"https:\\\/\\\/scil-profile.de\\\/\"},{\"@type\":\"ListItem\",\"position\":2,\"name\":\"Shop\",\"item\":\"https:\\\/\\\/scil-profile.de\\\/shop\\\/\"},{\"@type\":\"ListItem\",\"position\":3,\"name\":\"SCIL Profile Tiefenevaluation und Auswertungsgespr\u00e4ch\"}]},{\"@type\":\"WebSite\",\"@id\":\"https:\\\/\\\/scil-profile.de\\\/#website\",\"url\":\"https:\\\/\\\/scil-profile.de\\\/\",\"name\":\"SCIL Profile\",\"description\":\"Entdecke und entfalte Dein Charisma. Pers\u00f6nliche Wirkung und Wahrnehmung als Schl\u00fcssel f\u00fcr mehr Erfolg.\",\"potentialAction\":[{\"@type\":\"SearchAction\",\"target\":{\"@type\":\"EntryPoint\",\"urlTemplate\":\"https:\\\/\\\/scil-profile.de\\\/?s={search_term_string}\"},\"query-input\":{\"@type\":\"PropertyValueSpecification\",\"valueRequired\":true,\"valueName\":\"search_term_string\"}}],\"inLanguage\":\"en-US\"}]}<\/script>\n<!-- \/ Yoast SEO plugin. -->","yoast_head_json":{"title":"SCIL Profile Tiefenevaluation und Auswertungsgespr\u00e4ch - SCIL Profile","robots":{"index":"index","follow":"follow","max-snippet":"max-snippet:-1","max-image-preview":"max-image-preview:large","max-video-preview":"max-video-preview:-1"},"canonical":"https:\/\/scil-profile.de\/produkt\/scil-diagnostik\/","og_locale":"en_US","og_type":"article","og_title":"SCIL Profile Tiefenevaluation und Auswertungsgespr\u00e4ch - SCIL Profile","og_description":"Nettopreis 605,04 \u20ac zzgl. 114,96 \u20ac 19% MwSt  Gelingende Kommunikation sorgt f\u00fcr Begegnungen, dank derer es nachher allen Beteiligten besser geht. Und das gelingt mit dem SCIL Profile. Durch diese Tiefenavaluation\u00a0 erf\u00e4hrst Du, wo die hohen und wo die niedrigen Auspr\u00e4gungen Deiner Wirkungs- und Wahrnehmungsompetenzen sind und was Du tun kannst, um diese in Balance zu bringen. Damit Du erstens genau wei\u00dft, wie Du wirkst und warum Du wahrnimmst, wie Du wahrnimmst. Und damit Du zweitens zuk\u00fcnftig in noch mehr Situationen bei noch mehr Menschen die Resonanz ausl\u00f6sen kannst, die Du ausl\u00f6sen m\u00f6chtest. Getreu unserem Motto: CREATING MORE AUTHENTIC SMILES.    Lieferzeit: Du erh\u00e4ltst Deinen LogIn-Code innerhalb von max. 12 Stunden nach Bezahlung.  Ausschlu\u00df des Widerruffrechts: Es wird an dieser Stelle ausdr\u00fccklich darauf hingewiesen, dass das Widerrufsrecht erlischt, sobald\u00a0 die jeweiligen Kurse\u00a0 und\/oder Lizenzcodes f\u00fcr die Nutzung von Analyse-Tools freigeschaltet wurden. Der Zeitpunkt der Mitteilung \u00fcber die Freischaltung an die Kundin\/den Kunden gilt als Beginn der Ausf\u00fchrung des Vertrages. Geleistete Zahlungen werden ab diesem Zeitpunkt nicht zur\u00fcckerstattet.\u00a0Siehe dazu auch unsere rechtskonforme Widerrufsbelehrung:\u00a0https:\/\/scil-profile.de\/ueber-uns\/widerrufsbelehrung\/","og_url":"https:\/\/scil-profile.de\/produkt\/scil-diagnostik\/","og_site_name":"SCIL Profile","article_modified_time":"2025-02-03T10:25:39+00:00","og_image":[{"width":1404,"height":1104,"url":"https:\/\/scil-profile.de\/wp-content\/uploads\/2021\/04\/SCIL-Profile-Diagramm.png","type":"image\/png"}],"twitter_card":"summary_large_image","twitter_misc":{"Est. reading time":"2 minutes"},"schema":{"@context":"https:\/\/schema.org","@graph":[{"@type":"WebPage","@id":"https:\/\/scil-profile.de\/produkt\/scil-diagnostik\/","url":"https:\/\/scil-profile.de\/produkt\/scil-diagnostik\/","name":"SCIL Profile Tiefenevaluation und Auswertungsgespr\u00e4ch - SCIL Profile","isPartOf":{"@id":"https:\/\/scil-profile.de\/#website"},"primaryImageOfPage":{"@id":"https:\/\/scil-profile.de\/produkt\/scil-diagnostik\/#primaryimage"},"image":{"@id":"https:\/\/scil-profile.de\/produkt\/scil-diagnostik\/#primaryimage"},"thumbnailUrl":"https:\/\/scil-profile.de\/wp-content\/uploads\/2021\/04\/SCIL-Profile-Diagramm.png","datePublished":"2021-02-15T17:21:56+00:00","dateModified":"2025-02-03T10:25:39+00:00","breadcrumb":{"@id":"https:\/\/scil-profile.de\/produkt\/scil-diagnostik\/#breadcrumb"},"inLanguage":"en-US","potentialAction":[{"@type":"ReadAction","target":["https:\/\/scil-profile.de\/produkt\/scil-diagnostik\/"]}]},{"@type":"ImageObject","inLanguage":"en-US","@id":"https:\/\/scil-profile.de\/produkt\/scil-diagnostik\/#primaryimage","url":"https:\/\/scil-profile.de\/wp-content\/uploads\/2021\/04\/SCIL-Profile-Diagramm.png","contentUrl":"https:\/\/scil-profile.de\/wp-content\/uploads\/2021\/04\/SCIL-Profile-Diagramm.png","width":1404,"height":1104},{"@type":"BreadcrumbList","@id":"https:\/\/scil-profile.de\/produkt\/scil-diagnostik\/#breadcrumb","itemListElement":[{"@type":"ListItem","position":1,"name":"Weiterbildung","item":"https:\/\/scil-profile.de\/"},{"@type":"ListItem","position":2,"name":"Shop","item":"https:\/\/scil-profile.de\/shop\/"},{"@type":"ListItem","position":3,"name":"SCIL Profile Tiefenevaluation und Auswertungsgespr\u00e4ch"}]},{"@type":"WebSite","@id":"https:\/\/scil-profile.de\/#website","url":"https:\/\/scil-profile.de\/","name":"SCIL Profile","description":"Entdecke und entfalte Dein Charisma. Pers\u00f6nliche Wirkung und Wahrnehmung als Schl\u00fcssel f\u00fcr mehr Erfolg.","potentialAction":[{"@type":"SearchAction","target":{"@type":"EntryPoint","urlTemplate":"https:\/\/scil-profile.de\/?s={search_term_string}"},"query-input":{"@type":"PropertyValueSpecification","valueRequired":true,"valueName":"search_term_string"}}],"inLanguage":"en-US"}]}},"_links":{"self":[{"href":"https:\/\/scil-profile.de\/en\/wp-json\/wp\/v2\/product\/60886","targetHints":{"allow":["GET"]}}],"collection":[{"href":"https:\/\/scil-profile.de\/en\/wp-json\/wp\/v2\/product"}],"about":[{"href":"https:\/\/scil-profile.de\/en\/wp-json\/wp\/v2\/types\/product"}],"wp:featuredmedia":[{"embeddable":true,"href":"https:\/\/scil-profile.de\/en\/wp-json\/wp\/v2\/media\/61851"}],"wp:attachment":[{"href":"https:\/\/scil-profile.de\/en\/wp-json\/wp\/v2\/media?parent=60886"}],"wp:term":[{"taxonomy":"product_brand","embeddable":true,"href":"https:\/\/scil-profile.de\/en\/wp-json\/wp\/v2\/product_brand?post=60886"},{"taxonomy":"product_cat","embeddable":true,"href":"https:\/\/scil-profile.de\/en\/wp-json\/wp\/v2\/product_cat?post=60886"},{"taxonomy":"product_tag","embeddable":true,"href":"https:\/\/scil-profile.de\/en\/wp-json\/wp\/v2\/product_tag?post=60886"}],"curies":[{"name":"wp","href":"https:\/\/api.w.org\/{rel}","templated":true}]}}