{"id":57612,"date":"2020-10-27T18:48:34","date_gmt":"2020-10-27T17:48:34","guid":{"rendered":"https:\/\/scil-profile.de\/produkt\/import-placeholder-for-2945\/"},"modified":"2025-11-02T21:49:01","modified_gmt":"2025-11-02T20:49:01","slug":"scil-video-coachingprogramm","status":"publish","type":"product","link":"https:\/\/scil-profile.de\/en\/produkt\/scil-video-coachingprogramm\/","title":{"rendered":"SCIL Profile VideoCoaching | Selbstlernprogramm"},"content":{"rendered":"<div id=\"tab-description\" class=\"panel entry-content active\">\n<p>Gewinnen Sie mit dem SCIL Profile Videocoaching an Ausstrahlung und Anziehungskraft. Erweitern Sie Ihr bestehendes Wirkungs- und Wahrnehmungs-Repertoire. Trainieren Sie in 16 Video-Modulen alle wirkungsrelevanten Faktoren. Durch dieses Training verbessern Sie Ihre Wahrnehmungskompetenz und werden durch pers\u00f6nliche Ausstrahlung und \u00dcberzeugungskraft noch mehr Menschen f\u00fcr sich und Ihre Sache gewinnen. 16 Videomodule \u00e0 jeweils rund 45 Minuten zu den Themen<\/p>\n<ul>\n<li>Emotionalit\u00e4t<\/li>\n<li>Gestik<\/li>\n<li>Strukturiertheit<\/li>\n<li>Bildhaftigkeit<\/li>\n<li>Innere Pr\u00e4senz<\/li>\n<li>Erscheinungsbild<\/li>\n<li>Analytik<\/li>\n<li>Beredsamkeit<\/li>\n<li>Prozessorientierung<\/li>\n<li>R\u00e4umliche Pr\u00e4senz<\/li>\n<li>Sachlichkeit<\/li>\n<li>Artikulation<\/li>\n<li>Innere \u00dcberzeugung<\/li>\n<li>Mimik<\/li>\n<li>Zielorientierung<\/li>\n<li>Stimme<\/li>\n<\/ul>\n<p>Zu jedem Modul stehen Ihnen diverse schriftliche \u00dcbungsmateralien sowie ein Dokument \u201cDas Wichtigste in K\u00fcrze\u201d zur Verf\u00fcgung, das die wichtigsten Inhalte des jeweiligen Moduls in der gebotenen K\u00fcrze beschreibt. Mit Bestellung des SCIL Profile Coachingprogramms erwerben Sie eine 1-j\u00e4hrige Nutzungs-Lizenz. Sp\u00e4testens 12 Stunden nach Bestellung und Bezahlung bekommen Sie von uns einen Lizenzcode per eMail zugesandt.<\/p>\n<\/div>\n","protected":false},"excerpt":{"rendered":"<div class=\"product-short-description\">\n<p><strong>Nettopreis 823,53 \u20ac<\/strong> zzgl. 156,47 \u20ac 19% MwSt<\/p>\n<p>Leistungsumfang:<\/p>\n<ul>\n<li>Lizenzcode g\u00fcltig f\u00fcr 12 Monate<\/li>\n<li>16 x 45-min\u00fctige Videomodule<\/li>\n<li>umfangreiches Workbook<\/li>\n<li>zahlreiche \u00dcbungsbl\u00e4tter<\/li>\n<\/ul>\n<\/div>\n","protected":false},"featured_media":80990,"template":"","meta":{"pmpro_default_level":""},"product_brand":[],"product_cat":[111,75],"product_tag":[],"class_list":{"0":"post-57612","1":"product","2":"type-product","3":"status-publish","4":"has-post-thumbnail","6":"product_cat-webbasiert","7":"product_cat-weiterbildung","8":"pmpro-has-access","10":"first","11":"instock","12":"virtual","13":"taxable","14":"purchasable","15":"product-type-simple"},"yoast_head":"<!-- This site is optimized with the Yoast SEO plugin v27.3 - https:\/\/yoast.com\/product\/yoast-seo-wordpress\/ -->\n<title>SCIL Profile VideoCoaching | Selbstlernprogramm - SCIL Profile<\/title>\n<meta name=\"robots\" content=\"index, follow, max-snippet:-1, max-image-preview:large, max-video-preview:-1\" \/>\n<link rel=\"canonical\" href=\"https:\/\/scil-profile.de\/produkt\/scil-video-coachingprogramm\/\" \/>\n<meta property=\"og:locale\" content=\"en_US\" \/>\n<meta property=\"og:type\" content=\"article\" \/>\n<meta property=\"og:title\" content=\"SCIL Profile VideoCoaching | Selbstlernprogramm - SCIL Profile\" \/>\n<meta property=\"og:description\" content=\"Nettopreis 823,53 \u20ac zzgl. 156,47 \u20ac 19% MwSt  Leistungsumfang:   Lizenzcode g\u00fcltig f\u00fcr 12 Monate  16 x 45-min\u00fctige Videomodule  umfangreiches Workbook  zahlreiche \u00dcbungsbl\u00e4tter\" \/>\n<meta property=\"og:url\" content=\"https:\/\/scil-profile.de\/produkt\/scil-video-coachingprogramm\/\" \/>\n<meta property=\"og:site_name\" content=\"SCIL Profile\" \/>\n<meta property=\"article:modified_time\" content=\"2025-11-02T20:49:01+00:00\" \/>\n<meta property=\"og:image\" content=\"https:\/\/scil-profile.de\/wp-content\/uploads\/2020\/10\/Bildschirmfoto-2024-01-05-um-21.11.58.png\" \/>\n\t<meta property=\"og:image:width\" content=\"1566\" \/>\n\t<meta property=\"og:image:height\" content=\"926\" \/>\n\t<meta property=\"og:image:type\" content=\"image\/png\" \/>\n<meta name=\"twitter:card\" content=\"summary_large_image\" \/>\n<meta name=\"twitter:label1\" content=\"Est. reading time\" \/>\n\t<meta name=\"twitter:data1\" content=\"1 minute\" \/>\n<script type=\"application\/ld+json\" class=\"yoast-schema-graph\">{\"@context\":\"https:\\\/\\\/schema.org\",\"@graph\":[{\"@type\":\"WebPage\",\"@id\":\"https:\\\/\\\/scil-profile.de\\\/produkt\\\/scil-video-coachingprogramm\\\/\",\"url\":\"https:\\\/\\\/scil-profile.de\\\/produkt\\\/scil-video-coachingprogramm\\\/\",\"name\":\"SCIL Profile VideoCoaching | Selbstlernprogramm - SCIL Profile\",\"isPartOf\":{\"@id\":\"https:\\\/\\\/scil-profile.de\\\/#website\"},\"primaryImageOfPage\":{\"@id\":\"https:\\\/\\\/scil-profile.de\\\/produkt\\\/scil-video-coachingprogramm\\\/#primaryimage\"},\"image\":{\"@id\":\"https:\\\/\\\/scil-profile.de\\\/produkt\\\/scil-video-coachingprogramm\\\/#primaryimage\"},\"thumbnailUrl\":\"https:\\\/\\\/scil-profile.de\\\/wp-content\\\/uploads\\\/2020\\\/10\\\/Bildschirmfoto-2024-01-05-um-21.11.58.png\",\"datePublished\":\"2020-10-27T17:48:34+00:00\",\"dateModified\":\"2025-11-02T20:49:01+00:00\",\"breadcrumb\":{\"@id\":\"https:\\\/\\\/scil-profile.de\\\/produkt\\\/scil-video-coachingprogramm\\\/#breadcrumb\"},\"inLanguage\":\"en-US\",\"potentialAction\":[{\"@type\":\"ReadAction\",\"target\":[\"https:\\\/\\\/scil-profile.de\\\/produkt\\\/scil-video-coachingprogramm\\\/\"]}]},{\"@type\":\"ImageObject\",\"inLanguage\":\"en-US\",\"@id\":\"https:\\\/\\\/scil-profile.de\\\/produkt\\\/scil-video-coachingprogramm\\\/#primaryimage\",\"url\":\"https:\\\/\\\/scil-profile.de\\\/wp-content\\\/uploads\\\/2020\\\/10\\\/Bildschirmfoto-2024-01-05-um-21.11.58.png\",\"contentUrl\":\"https:\\\/\\\/scil-profile.de\\\/wp-content\\\/uploads\\\/2020\\\/10\\\/Bildschirmfoto-2024-01-05-um-21.11.58.png\",\"width\":1566,\"height\":926},{\"@type\":\"BreadcrumbList\",\"@id\":\"https:\\\/\\\/scil-profile.de\\\/produkt\\\/scil-video-coachingprogramm\\\/#breadcrumb\",\"itemListElement\":[{\"@type\":\"ListItem\",\"position\":1,\"name\":\"Weiterbildung\",\"item\":\"https:\\\/\\\/scil-profile.de\\\/\"},{\"@type\":\"ListItem\",\"position\":2,\"name\":\"Shop\",\"item\":\"https:\\\/\\\/scil-profile.de\\\/shop\\\/\"},{\"@type\":\"ListItem\",\"position\":3,\"name\":\"SCIL Profile VideoCoaching | Selbstlernprogramm\"}]},{\"@type\":\"WebSite\",\"@id\":\"https:\\\/\\\/scil-profile.de\\\/#website\",\"url\":\"https:\\\/\\\/scil-profile.de\\\/\",\"name\":\"SCIL Profile\",\"description\":\"Entdecke und entfalte Dein Charisma. Pers\u00f6nliche Wirkung und Wahrnehmung als Schl\u00fcssel f\u00fcr mehr Erfolg.\",\"potentialAction\":[{\"@type\":\"SearchAction\",\"target\":{\"@type\":\"EntryPoint\",\"urlTemplate\":\"https:\\\/\\\/scil-profile.de\\\/?s={search_term_string}\"},\"query-input\":{\"@type\":\"PropertyValueSpecification\",\"valueRequired\":true,\"valueName\":\"search_term_string\"}}],\"inLanguage\":\"en-US\"}]}<\/script>\n<!-- \/ Yoast SEO plugin. -->","yoast_head_json":{"title":"SCIL Profile VideoCoaching | Selbstlernprogramm - SCIL Profile","robots":{"index":"index","follow":"follow","max-snippet":"max-snippet:-1","max-image-preview":"max-image-preview:large","max-video-preview":"max-video-preview:-1"},"canonical":"https:\/\/scil-profile.de\/produkt\/scil-video-coachingprogramm\/","og_locale":"en_US","og_type":"article","og_title":"SCIL Profile VideoCoaching | Selbstlernprogramm - SCIL Profile","og_description":"Nettopreis 823,53 \u20ac zzgl. 156,47 \u20ac 19% MwSt  Leistungsumfang:   Lizenzcode g\u00fcltig f\u00fcr 12 Monate  16 x 45-min\u00fctige Videomodule  umfangreiches Workbook  zahlreiche \u00dcbungsbl\u00e4tter","og_url":"https:\/\/scil-profile.de\/produkt\/scil-video-coachingprogramm\/","og_site_name":"SCIL Profile","article_modified_time":"2025-11-02T20:49:01+00:00","og_image":[{"width":1566,"height":926,"url":"https:\/\/scil-profile.de\/wp-content\/uploads\/2020\/10\/Bildschirmfoto-2024-01-05-um-21.11.58.png","type":"image\/png"}],"twitter_card":"summary_large_image","twitter_misc":{"Est. reading time":"1 minute"},"schema":{"@context":"https:\/\/schema.org","@graph":[{"@type":"WebPage","@id":"https:\/\/scil-profile.de\/produkt\/scil-video-coachingprogramm\/","url":"https:\/\/scil-profile.de\/produkt\/scil-video-coachingprogramm\/","name":"SCIL Profile VideoCoaching | Selbstlernprogramm - SCIL Profile","isPartOf":{"@id":"https:\/\/scil-profile.de\/#website"},"primaryImageOfPage":{"@id":"https:\/\/scil-profile.de\/produkt\/scil-video-coachingprogramm\/#primaryimage"},"image":{"@id":"https:\/\/scil-profile.de\/produkt\/scil-video-coachingprogramm\/#primaryimage"},"thumbnailUrl":"https:\/\/scil-profile.de\/wp-content\/uploads\/2020\/10\/Bildschirmfoto-2024-01-05-um-21.11.58.png","datePublished":"2020-10-27T17:48:34+00:00","dateModified":"2025-11-02T20:49:01+00:00","breadcrumb":{"@id":"https:\/\/scil-profile.de\/produkt\/scil-video-coachingprogramm\/#breadcrumb"},"inLanguage":"en-US","potentialAction":[{"@type":"ReadAction","target":["https:\/\/scil-profile.de\/produkt\/scil-video-coachingprogramm\/"]}]},{"@type":"ImageObject","inLanguage":"en-US","@id":"https:\/\/scil-profile.de\/produkt\/scil-video-coachingprogramm\/#primaryimage","url":"https:\/\/scil-profile.de\/wp-content\/uploads\/2020\/10\/Bildschirmfoto-2024-01-05-um-21.11.58.png","contentUrl":"https:\/\/scil-profile.de\/wp-content\/uploads\/2020\/10\/Bildschirmfoto-2024-01-05-um-21.11.58.png","width":1566,"height":926},{"@type":"BreadcrumbList","@id":"https:\/\/scil-profile.de\/produkt\/scil-video-coachingprogramm\/#breadcrumb","itemListElement":[{"@type":"ListItem","position":1,"name":"Weiterbildung","item":"https:\/\/scil-profile.de\/"},{"@type":"ListItem","position":2,"name":"Shop","item":"https:\/\/scil-profile.de\/shop\/"},{"@type":"ListItem","position":3,"name":"SCIL Profile VideoCoaching | Selbstlernprogramm"}]},{"@type":"WebSite","@id":"https:\/\/scil-profile.de\/#website","url":"https:\/\/scil-profile.de\/","name":"SCIL Profile","description":"Entdecke und entfalte Dein Charisma. Pers\u00f6nliche Wirkung und Wahrnehmung als Schl\u00fcssel f\u00fcr mehr Erfolg.","potentialAction":[{"@type":"SearchAction","target":{"@type":"EntryPoint","urlTemplate":"https:\/\/scil-profile.de\/?s={search_term_string}"},"query-input":{"@type":"PropertyValueSpecification","valueRequired":true,"valueName":"search_term_string"}}],"inLanguage":"en-US"}]}},"_links":{"self":[{"href":"https:\/\/scil-profile.de\/en\/wp-json\/wp\/v2\/product\/57612","targetHints":{"allow":["GET"]}}],"collection":[{"href":"https:\/\/scil-profile.de\/en\/wp-json\/wp\/v2\/product"}],"about":[{"href":"https:\/\/scil-profile.de\/en\/wp-json\/wp\/v2\/types\/product"}],"wp:featuredmedia":[{"embeddable":true,"href":"https:\/\/scil-profile.de\/en\/wp-json\/wp\/v2\/media\/80990"}],"wp:attachment":[{"href":"https:\/\/scil-profile.de\/en\/wp-json\/wp\/v2\/media?parent=57612"}],"wp:term":[{"taxonomy":"product_brand","embeddable":true,"href":"https:\/\/scil-profile.de\/en\/wp-json\/wp\/v2\/product_brand?post=57612"},{"taxonomy":"product_cat","embeddable":true,"href":"https:\/\/scil-profile.de\/en\/wp-json\/wp\/v2\/product_cat?post=57612"},{"taxonomy":"product_tag","embeddable":true,"href":"https:\/\/scil-profile.de\/en\/wp-json\/wp\/v2\/product_tag?post=57612"}],"curies":[{"name":"wp","href":"https:\/\/api.w.org\/{rel}","templated":true}]}}