{"id":120731,"date":"2026-03-26T17:05:53","date_gmt":"2026-03-26T16:05:53","guid":{"rendered":"https:\/\/scil-profile.de\/?post_type=product&#038;p=120731"},"modified":"2026-04-06T11:26:20","modified_gmt":"2026-04-06T09:26:20","slug":"aufstiegscode-bundle","status":"publish","type":"product","link":"https:\/\/scil-profile.de\/en\/produkt\/aufstiegscode-bundle\/","title":{"rendered":"AufstiegsCode Bundle"},"content":{"rendered":"<p class=\"bundle-subtitle\">Das perfekte Paket f\u00fcr Deinen Aufstiegsstart. Dieses geb\u00fcndelte Angebot enth\u00e4t<\/p>\n<ol class=\"bundle-list\" role=\"list\">\n<li>Buch AufstiegsCode zum deutschen Ladenpreis von 22 \u20ac (inkl 7% MwSt)<\/li>\n<li>Webbasierte Erhebung Deines pers\u00f6nlichen Kommunikations-Profils<\/li>\n<li>Automatisierte Auswertung Deiner Eingaben<\/li>\n<li>Zweifache grafische Darstellung Deines individuellen Interaktionsprofils (Polygon &amp; Balkendiagramm)<\/li>\n<li>40-seitige Dokumentation mit wichtigen Hintergrundinformationen und detaillierter Beschreibung Deiner Wahrnehmungs- und Wirkungskompetenzen<\/li>\n<li>60-min\u00fctiges Auswertungsgespr\u00e4ch mit einem der Autoren Deiner Wahl die Positionen 2 bis 6 haben einen Gesamtwert in H\u00f6he von 720 \u20ac)<\/li>\n<li>2 \u00d7 webbasierte Coachingmodule aus dem OK-Coachingprogramm Deiner Wahl (im Wert von 190 \u20ac)<\/li>\n<\/ol>\n<h2><strong>Gesamtwert regul\u00e4r: 932 \u20ac | Du bekommst es f\u00fcr nur 540 \u20ac brutto<\/strong><\/h2>\n","protected":false},"excerpt":{"rendered":"<p><strong>453,78 \u20ac netto<\/strong> (zzgl. 86,22 \u20ac MwSt)<\/p>\n<p class=\"bundle-subtitle\">Das perfekte Paket f\u00fcr Deinen Aufstiegsstart. Dieses geb\u00fcndelte Angebot enth\u00e4t<\/p>\n<ol class=\"bundle-list\" role=\"list\">\n<li>Buch AufstiegsCode (im Wert von regul\u00e4r 22 \u20ac)<\/li>\n<li>Webbasierte Erhebung Deines pers\u00f6nlichen Kommunikations-Profils<\/li>\n<li>Automatisierte Auswertung Deiner Eingaben<\/li>\n<li>Zweifache grafische Darstellung Deines individuellen Interaktionsprofils (Polygon &amp; Balkendiagramm)<\/li>\n<li>40-seitige Dokumentation mit wichtigen Hintergrundinformationen und detaillierter Beschreibung Deiner Wahrnehmungs- und Wirkungskompetenzen<\/li>\n<li>60-min\u00fctiges Auswertungsgespr\u00e4ch mit einem der Autoren Deiner Wahl die Positionen 2 bis 6 haben einen Gesamtwert in H\u00f6he von 720 \u20ac)<\/li>\n<li>2 \u00d7 webbasierte Coachingmodule aus dem OK-Coachingprogramm Deiner Wahl (im Wert von 190 \u20ac)<\/li>\n<\/ol>\n<p>&nbsp;<\/p>\n","protected":false},"featured_media":120740,"template":"","meta":{"pmpro_default_level":""},"product_brand":[],"product_cat":[623,570,139],"product_tag":[],"class_list":{"0":"post-120731","1":"product","2":"type-product","3":"status-publish","4":"has-post-thumbnail","6":"product_cat-e-learning","7":"product_cat-liveonline-and-more","8":"product_cat-scil-profile","9":"pmpro-has-access","11":"first","12":"instock","13":"sale","14":"taxable","15":"shipping-taxable","16":"purchasable","17":"product-type-simple"},"yoast_head":"<!-- This site is optimized with the Yoast SEO plugin v27.3 - https:\/\/yoast.com\/product\/yoast-seo-wordpress\/ -->\n<title>AufstiegsCode Bundle - SCIL Profile<\/title>\n<meta name=\"robots\" content=\"index, follow, max-snippet:-1, max-image-preview:large, max-video-preview:-1\" \/>\n<link rel=\"canonical\" href=\"https:\/\/scil-profile.de\/produkt\/aufstiegscode-bundle\/\" \/>\n<meta property=\"og:locale\" content=\"en_US\" \/>\n<meta property=\"og:type\" content=\"article\" \/>\n<meta property=\"og:title\" content=\"AufstiegsCode Bundle - SCIL Profile\" \/>\n<meta property=\"og:description\" content=\"453,78 \u20ac netto (zzgl. 86,22 \u20ac MwSt) Das perfekte Paket f\u00fcr Deinen Aufstiegsstart. Dieses geb\u00fcndelte Angebot enth\u00e4t    Buch AufstiegsCode (im Wert von regul\u00e4r 22 \u20ac)  Webbasierte Erhebung Deines pers\u00f6nlichen Kommunikations-Profils  Automatisierte Auswertung Deiner Eingaben  Zweifache grafische Darstellung Deines individuellen Interaktionsprofils (Polygon &amp; Balkendiagramm)  40-seitige Dokumentation mit wichtigen Hintergrundinformationen und detaillierter Beschreibung Deiner Wahrnehmungs- und Wirkungskompetenzen  60-min\u00fctiges Auswertungsgespr\u00e4ch mit einem der Autoren Deiner Wahl die Positionen 2 bis 6 haben einen Gesamtwert in H\u00f6he von 720 \u20ac)  2 \u00d7 webbasierte Coachingmodule aus dem OK-Coachingprogramm Deiner Wahl (im Wert von 190 \u20ac)  &nbsp;\" \/>\n<meta property=\"og:url\" content=\"https:\/\/scil-profile.de\/produkt\/aufstiegscode-bundle\/\" \/>\n<meta property=\"og:site_name\" content=\"SCIL Profile\" \/>\n<meta property=\"article:modified_time\" content=\"2026-04-06T09:26:20+00:00\" \/>\n<meta property=\"og:image\" content=\"https:\/\/scil-profile.de\/wp-content\/uploads\/2026\/03\/bundle-2.jpg\" \/>\n\t<meta property=\"og:image:width\" content=\"1200\" \/>\n\t<meta property=\"og:image:height\" content=\"540\" \/>\n\t<meta property=\"og:image:type\" content=\"image\/jpeg\" \/>\n<meta name=\"twitter:card\" content=\"summary_large_image\" \/>\n<meta name=\"twitter:label1\" content=\"Est. reading time\" \/>\n\t<meta name=\"twitter:data1\" content=\"1 minute\" \/>\n<script type=\"application\/ld+json\" class=\"yoast-schema-graph\">{\"@context\":\"https:\\\/\\\/schema.org\",\"@graph\":[{\"@type\":\"WebPage\",\"@id\":\"https:\\\/\\\/scil-profile.de\\\/produkt\\\/aufstiegscode-bundle\\\/\",\"url\":\"https:\\\/\\\/scil-profile.de\\\/produkt\\\/aufstiegscode-bundle\\\/\",\"name\":\"AufstiegsCode Bundle - SCIL Profile\",\"isPartOf\":{\"@id\":\"https:\\\/\\\/scil-profile.de\\\/#website\"},\"primaryImageOfPage\":{\"@id\":\"https:\\\/\\\/scil-profile.de\\\/produkt\\\/aufstiegscode-bundle\\\/#primaryimage\"},\"image\":{\"@id\":\"https:\\\/\\\/scil-profile.de\\\/produkt\\\/aufstiegscode-bundle\\\/#primaryimage\"},\"thumbnailUrl\":\"https:\\\/\\\/scil-profile.de\\\/wp-content\\\/uploads\\\/2026\\\/03\\\/bundle-2.jpg\",\"datePublished\":\"2026-03-26T16:05:53+00:00\",\"dateModified\":\"2026-04-06T09:26:20+00:00\",\"breadcrumb\":{\"@id\":\"https:\\\/\\\/scil-profile.de\\\/produkt\\\/aufstiegscode-bundle\\\/#breadcrumb\"},\"inLanguage\":\"en-US\",\"potentialAction\":[{\"@type\":\"ReadAction\",\"target\":[\"https:\\\/\\\/scil-profile.de\\\/produkt\\\/aufstiegscode-bundle\\\/\"]}]},{\"@type\":\"ImageObject\",\"inLanguage\":\"en-US\",\"@id\":\"https:\\\/\\\/scil-profile.de\\\/produkt\\\/aufstiegscode-bundle\\\/#primaryimage\",\"url\":\"https:\\\/\\\/scil-profile.de\\\/wp-content\\\/uploads\\\/2026\\\/03\\\/bundle-2.jpg\",\"contentUrl\":\"https:\\\/\\\/scil-profile.de\\\/wp-content\\\/uploads\\\/2026\\\/03\\\/bundle-2.jpg\",\"width\":1200,\"height\":540},{\"@type\":\"BreadcrumbList\",\"@id\":\"https:\\\/\\\/scil-profile.de\\\/produkt\\\/aufstiegscode-bundle\\\/#breadcrumb\",\"itemListElement\":[{\"@type\":\"ListItem\",\"position\":1,\"name\":\"Weiterbildung\",\"item\":\"https:\\\/\\\/scil-profile.de\\\/\"},{\"@type\":\"ListItem\",\"position\":2,\"name\":\"Shop\",\"item\":\"https:\\\/\\\/scil-profile.de\\\/shop\\\/\"},{\"@type\":\"ListItem\",\"position\":3,\"name\":\"AufstiegsCode Bundle\"}]},{\"@type\":\"WebSite\",\"@id\":\"https:\\\/\\\/scil-profile.de\\\/#website\",\"url\":\"https:\\\/\\\/scil-profile.de\\\/\",\"name\":\"SCIL Profile\",\"description\":\"Entdecke und entfalte Dein Charisma. Pers\u00f6nliche Wirkung und Wahrnehmung als Schl\u00fcssel f\u00fcr mehr Erfolg.\",\"potentialAction\":[{\"@type\":\"SearchAction\",\"target\":{\"@type\":\"EntryPoint\",\"urlTemplate\":\"https:\\\/\\\/scil-profile.de\\\/?s={search_term_string}\"},\"query-input\":{\"@type\":\"PropertyValueSpecification\",\"valueRequired\":true,\"valueName\":\"search_term_string\"}}],\"inLanguage\":\"en-US\"}]}<\/script>\n<!-- \/ Yoast SEO plugin. -->","yoast_head_json":{"title":"AufstiegsCode Bundle - SCIL Profile","robots":{"index":"index","follow":"follow","max-snippet":"max-snippet:-1","max-image-preview":"max-image-preview:large","max-video-preview":"max-video-preview:-1"},"canonical":"https:\/\/scil-profile.de\/produkt\/aufstiegscode-bundle\/","og_locale":"en_US","og_type":"article","og_title":"AufstiegsCode Bundle - SCIL Profile","og_description":"453,78 \u20ac netto (zzgl. 86,22 \u20ac MwSt) Das perfekte Paket f\u00fcr Deinen Aufstiegsstart. Dieses geb\u00fcndelte Angebot enth\u00e4t    Buch AufstiegsCode (im Wert von regul\u00e4r 22 \u20ac)  Webbasierte Erhebung Deines pers\u00f6nlichen Kommunikations-Profils  Automatisierte Auswertung Deiner Eingaben  Zweifache grafische Darstellung Deines individuellen Interaktionsprofils (Polygon &amp; Balkendiagramm)  40-seitige Dokumentation mit wichtigen Hintergrundinformationen und detaillierter Beschreibung Deiner Wahrnehmungs- und Wirkungskompetenzen  60-min\u00fctiges Auswertungsgespr\u00e4ch mit einem der Autoren Deiner Wahl die Positionen 2 bis 6 haben einen Gesamtwert in H\u00f6he von 720 \u20ac)  2 \u00d7 webbasierte Coachingmodule aus dem OK-Coachingprogramm Deiner Wahl (im Wert von 190 \u20ac)  &nbsp;","og_url":"https:\/\/scil-profile.de\/produkt\/aufstiegscode-bundle\/","og_site_name":"SCIL Profile","article_modified_time":"2026-04-06T09:26:20+00:00","og_image":[{"width":1200,"height":540,"url":"https:\/\/scil-profile.de\/wp-content\/uploads\/2026\/03\/bundle-2.jpg","type":"image\/jpeg"}],"twitter_card":"summary_large_image","twitter_misc":{"Est. reading time":"1 minute"},"schema":{"@context":"https:\/\/schema.org","@graph":[{"@type":"WebPage","@id":"https:\/\/scil-profile.de\/produkt\/aufstiegscode-bundle\/","url":"https:\/\/scil-profile.de\/produkt\/aufstiegscode-bundle\/","name":"AufstiegsCode Bundle - SCIL Profile","isPartOf":{"@id":"https:\/\/scil-profile.de\/#website"},"primaryImageOfPage":{"@id":"https:\/\/scil-profile.de\/produkt\/aufstiegscode-bundle\/#primaryimage"},"image":{"@id":"https:\/\/scil-profile.de\/produkt\/aufstiegscode-bundle\/#primaryimage"},"thumbnailUrl":"https:\/\/scil-profile.de\/wp-content\/uploads\/2026\/03\/bundle-2.jpg","datePublished":"2026-03-26T16:05:53+00:00","dateModified":"2026-04-06T09:26:20+00:00","breadcrumb":{"@id":"https:\/\/scil-profile.de\/produkt\/aufstiegscode-bundle\/#breadcrumb"},"inLanguage":"en-US","potentialAction":[{"@type":"ReadAction","target":["https:\/\/scil-profile.de\/produkt\/aufstiegscode-bundle\/"]}]},{"@type":"ImageObject","inLanguage":"en-US","@id":"https:\/\/scil-profile.de\/produkt\/aufstiegscode-bundle\/#primaryimage","url":"https:\/\/scil-profile.de\/wp-content\/uploads\/2026\/03\/bundle-2.jpg","contentUrl":"https:\/\/scil-profile.de\/wp-content\/uploads\/2026\/03\/bundle-2.jpg","width":1200,"height":540},{"@type":"BreadcrumbList","@id":"https:\/\/scil-profile.de\/produkt\/aufstiegscode-bundle\/#breadcrumb","itemListElement":[{"@type":"ListItem","position":1,"name":"Weiterbildung","item":"https:\/\/scil-profile.de\/"},{"@type":"ListItem","position":2,"name":"Shop","item":"https:\/\/scil-profile.de\/shop\/"},{"@type":"ListItem","position":3,"name":"AufstiegsCode Bundle"}]},{"@type":"WebSite","@id":"https:\/\/scil-profile.de\/#website","url":"https:\/\/scil-profile.de\/","name":"SCIL Profile","description":"Entdecke und entfalte Dein Charisma. Pers\u00f6nliche Wirkung und Wahrnehmung als Schl\u00fcssel f\u00fcr mehr Erfolg.","potentialAction":[{"@type":"SearchAction","target":{"@type":"EntryPoint","urlTemplate":"https:\/\/scil-profile.de\/?s={search_term_string}"},"query-input":{"@type":"PropertyValueSpecification","valueRequired":true,"valueName":"search_term_string"}}],"inLanguage":"en-US"}]}},"_links":{"self":[{"href":"https:\/\/scil-profile.de\/en\/wp-json\/wp\/v2\/product\/120731","targetHints":{"allow":["GET"]}}],"collection":[{"href":"https:\/\/scil-profile.de\/en\/wp-json\/wp\/v2\/product"}],"about":[{"href":"https:\/\/scil-profile.de\/en\/wp-json\/wp\/v2\/types\/product"}],"wp:featuredmedia":[{"embeddable":true,"href":"https:\/\/scil-profile.de\/en\/wp-json\/wp\/v2\/media\/120740"}],"wp:attachment":[{"href":"https:\/\/scil-profile.de\/en\/wp-json\/wp\/v2\/media?parent=120731"}],"wp:term":[{"taxonomy":"product_brand","embeddable":true,"href":"https:\/\/scil-profile.de\/en\/wp-json\/wp\/v2\/product_brand?post=120731"},{"taxonomy":"product_cat","embeddable":true,"href":"https:\/\/scil-profile.de\/en\/wp-json\/wp\/v2\/product_cat?post=120731"},{"taxonomy":"product_tag","embeddable":true,"href":"https:\/\/scil-profile.de\/en\/wp-json\/wp\/v2\/product_tag?post=120731"}],"curies":[{"name":"wp","href":"https:\/\/api.w.org\/{rel}","templated":true}]}}