{"id":113994,"date":"2025-07-03T17:07:28","date_gmt":"2025-07-03T15:07:28","guid":{"rendered":"https:\/\/scil-profile.de\/?post_type=product&#038;p=113994"},"modified":"2025-09-24T18:12:00","modified_gmt":"2025-09-24T16:12:00","slug":"master-club","status":"publish","type":"product","link":"https:\/\/scil-profile.de\/en\/produkt\/master-club\/","title":{"rendered":"Master Club"},"content":{"rendered":"<p><strong>Die genaue Produktbeschreibung folgt zeitnah. Aber hier kannst Du Dir schon mal den One-Pager herunterladen.<\/strong><\/p>\n<p>&nbsp;<\/p>\n<p><a href=\"https:\/\/scil-profile.de\/wp-content\/uploads\/2025\/09\/OnePager_MasterCub_2025.pdf\"><img decoding=\"async\" src=\"https:\/\/scil-profile.de\/wp-content\/uploads\/2025\/07\/Icon_Download-300x294.png\" alt=\"\" width=\"127\" height=\"124\" class=\"alignnone wp-image-113184\" srcset=\"https:\/\/scil-profile.de\/wp-content\/uploads\/2025\/07\/Icon_Download-300x294.png 300w, https:\/\/scil-profile.de\/wp-content\/uploads\/2025\/07\/Icon_Download-768x752.png 768w, https:\/\/scil-profile.de\/wp-content\/uploads\/2025\/07\/Icon_Download-624x611.png 624w, https:\/\/scil-profile.de\/wp-content\/uploads\/2025\/07\/Icon_Download-600x588.png 600w, https:\/\/scil-profile.de\/wp-content\/uploads\/2025\/07\/Icon_Download.png 780w\" sizes=\"(max-width: 127px) 100vw, 127px\" \/><\/a><\/p>\n","protected":false},"excerpt":{"rendered":"<p>Die genaue Produktbeschreibung folgt zeitnah. Aber hier kannst Du Dir schon mal den One-Pager herunterladen. &nbsp;<\/p>\n","protected":false},"featured_media":114378,"template":"","meta":{"pmpro_default_level":""},"product_brand":[],"product_cat":[111,139],"product_tag":[],"class_list":{"0":"post-113994","1":"product","2":"type-product","3":"status-publish","4":"has-post-thumbnail","6":"product_cat-webbasiert","7":"product_cat-scil-profile","8":"pmpro-has-access","10":"first","11":"instock","12":"taxable","13":"shipping-taxable","14":"purchasable","15":"product-type-simple"},"yoast_head":"<!-- This site is optimized with the Yoast SEO plugin v27.3 - https:\/\/yoast.com\/product\/yoast-seo-wordpress\/ -->\n<title>Master Club - SCIL Profile<\/title>\n<meta name=\"robots\" content=\"index, follow, max-snippet:-1, max-image-preview:large, max-video-preview:-1\" \/>\n<link rel=\"canonical\" href=\"https:\/\/scil-profile.de\/produkt\/master-club\/\" \/>\n<meta property=\"og:locale\" content=\"en_US\" \/>\n<meta property=\"og:type\" content=\"article\" \/>\n<meta property=\"og:title\" content=\"Master Club - SCIL Profile\" \/>\n<meta property=\"og:description\" content=\"Die genaue Produktbeschreibung folgt zeitnah. Aber hier kannst Du Dir schon mal den One-Pager herunterladen. &nbsp;\" \/>\n<meta property=\"og:url\" content=\"https:\/\/scil-profile.de\/produkt\/master-club\/\" \/>\n<meta property=\"og:site_name\" content=\"SCIL Profile\" \/>\n<meta property=\"article:modified_time\" content=\"2025-09-24T16:12:00+00:00\" \/>\n<meta property=\"og:image\" content=\"https:\/\/scil-profile.de\/wp-content\/uploads\/2025\/07\/Master-Club-Icon.png\" \/>\n\t<meta property=\"og:image:width\" content=\"1080\" \/>\n\t<meta property=\"og:image:height\" content=\"1080\" \/>\n\t<meta property=\"og:image:type\" content=\"image\/png\" \/>\n<meta name=\"twitter:card\" content=\"summary_large_image\" \/>\n<meta name=\"twitter:label1\" content=\"Est. reading time\" \/>\n\t<meta name=\"twitter:data1\" content=\"1 minute\" \/>\n<script type=\"application\/ld+json\" class=\"yoast-schema-graph\">{\"@context\":\"https:\\\/\\\/schema.org\",\"@graph\":[{\"@type\":\"WebPage\",\"@id\":\"https:\\\/\\\/scil-profile.de\\\/produkt\\\/master-club\\\/\",\"url\":\"https:\\\/\\\/scil-profile.de\\\/produkt\\\/master-club\\\/\",\"name\":\"Master Club - SCIL Profile\",\"isPartOf\":{\"@id\":\"https:\\\/\\\/scil-profile.de\\\/#website\"},\"primaryImageOfPage\":{\"@id\":\"https:\\\/\\\/scil-profile.de\\\/produkt\\\/master-club\\\/#primaryimage\"},\"image\":{\"@id\":\"https:\\\/\\\/scil-profile.de\\\/produkt\\\/master-club\\\/#primaryimage\"},\"thumbnailUrl\":\"https:\\\/\\\/scil-profile.de\\\/wp-content\\\/uploads\\\/2025\\\/07\\\/Master-Club-Icon.png\",\"datePublished\":\"2025-07-03T15:07:28+00:00\",\"dateModified\":\"2025-09-24T16:12:00+00:00\",\"breadcrumb\":{\"@id\":\"https:\\\/\\\/scil-profile.de\\\/produkt\\\/master-club\\\/#breadcrumb\"},\"inLanguage\":\"en-US\",\"potentialAction\":[{\"@type\":\"ReadAction\",\"target\":[\"https:\\\/\\\/scil-profile.de\\\/produkt\\\/master-club\\\/\"]}]},{\"@type\":\"ImageObject\",\"inLanguage\":\"en-US\",\"@id\":\"https:\\\/\\\/scil-profile.de\\\/produkt\\\/master-club\\\/#primaryimage\",\"url\":\"https:\\\/\\\/scil-profile.de\\\/wp-content\\\/uploads\\\/2025\\\/07\\\/Master-Club-Icon.png\",\"contentUrl\":\"https:\\\/\\\/scil-profile.de\\\/wp-content\\\/uploads\\\/2025\\\/07\\\/Master-Club-Icon.png\",\"width\":1080,\"height\":1080},{\"@type\":\"BreadcrumbList\",\"@id\":\"https:\\\/\\\/scil-profile.de\\\/produkt\\\/master-club\\\/#breadcrumb\",\"itemListElement\":[{\"@type\":\"ListItem\",\"position\":1,\"name\":\"Weiterbildung\",\"item\":\"https:\\\/\\\/scil-profile.de\\\/\"},{\"@type\":\"ListItem\",\"position\":2,\"name\":\"Shop\",\"item\":\"https:\\\/\\\/scil-profile.de\\\/shop\\\/\"},{\"@type\":\"ListItem\",\"position\":3,\"name\":\"Master Club\"}]},{\"@type\":\"WebSite\",\"@id\":\"https:\\\/\\\/scil-profile.de\\\/#website\",\"url\":\"https:\\\/\\\/scil-profile.de\\\/\",\"name\":\"SCIL Profile\",\"description\":\"Entdecke und entfalte Dein Charisma. Pers\u00f6nliche Wirkung und Wahrnehmung als Schl\u00fcssel f\u00fcr mehr Erfolg.\",\"potentialAction\":[{\"@type\":\"SearchAction\",\"target\":{\"@type\":\"EntryPoint\",\"urlTemplate\":\"https:\\\/\\\/scil-profile.de\\\/?s={search_term_string}\"},\"query-input\":{\"@type\":\"PropertyValueSpecification\",\"valueRequired\":true,\"valueName\":\"search_term_string\"}}],\"inLanguage\":\"en-US\"}]}<\/script>\n<!-- \/ Yoast SEO plugin. -->","yoast_head_json":{"title":"Master Club - SCIL Profile","robots":{"index":"index","follow":"follow","max-snippet":"max-snippet:-1","max-image-preview":"max-image-preview:large","max-video-preview":"max-video-preview:-1"},"canonical":"https:\/\/scil-profile.de\/produkt\/master-club\/","og_locale":"en_US","og_type":"article","og_title":"Master Club - SCIL Profile","og_description":"Die genaue Produktbeschreibung folgt zeitnah. Aber hier kannst Du Dir schon mal den One-Pager herunterladen. &nbsp;","og_url":"https:\/\/scil-profile.de\/produkt\/master-club\/","og_site_name":"SCIL Profile","article_modified_time":"2025-09-24T16:12:00+00:00","og_image":[{"width":1080,"height":1080,"url":"https:\/\/scil-profile.de\/wp-content\/uploads\/2025\/07\/Master-Club-Icon.png","type":"image\/png"}],"twitter_card":"summary_large_image","twitter_misc":{"Est. reading time":"1 minute"},"schema":{"@context":"https:\/\/schema.org","@graph":[{"@type":"WebPage","@id":"https:\/\/scil-profile.de\/produkt\/master-club\/","url":"https:\/\/scil-profile.de\/produkt\/master-club\/","name":"Master Club - SCIL Profile","isPartOf":{"@id":"https:\/\/scil-profile.de\/#website"},"primaryImageOfPage":{"@id":"https:\/\/scil-profile.de\/produkt\/master-club\/#primaryimage"},"image":{"@id":"https:\/\/scil-profile.de\/produkt\/master-club\/#primaryimage"},"thumbnailUrl":"https:\/\/scil-profile.de\/wp-content\/uploads\/2025\/07\/Master-Club-Icon.png","datePublished":"2025-07-03T15:07:28+00:00","dateModified":"2025-09-24T16:12:00+00:00","breadcrumb":{"@id":"https:\/\/scil-profile.de\/produkt\/master-club\/#breadcrumb"},"inLanguage":"en-US","potentialAction":[{"@type":"ReadAction","target":["https:\/\/scil-profile.de\/produkt\/master-club\/"]}]},{"@type":"ImageObject","inLanguage":"en-US","@id":"https:\/\/scil-profile.de\/produkt\/master-club\/#primaryimage","url":"https:\/\/scil-profile.de\/wp-content\/uploads\/2025\/07\/Master-Club-Icon.png","contentUrl":"https:\/\/scil-profile.de\/wp-content\/uploads\/2025\/07\/Master-Club-Icon.png","width":1080,"height":1080},{"@type":"BreadcrumbList","@id":"https:\/\/scil-profile.de\/produkt\/master-club\/#breadcrumb","itemListElement":[{"@type":"ListItem","position":1,"name":"Weiterbildung","item":"https:\/\/scil-profile.de\/"},{"@type":"ListItem","position":2,"name":"Shop","item":"https:\/\/scil-profile.de\/shop\/"},{"@type":"ListItem","position":3,"name":"Master Club"}]},{"@type":"WebSite","@id":"https:\/\/scil-profile.de\/#website","url":"https:\/\/scil-profile.de\/","name":"SCIL Profile","description":"Entdecke und entfalte Dein Charisma. Pers\u00f6nliche Wirkung und Wahrnehmung als Schl\u00fcssel f\u00fcr mehr Erfolg.","potentialAction":[{"@type":"SearchAction","target":{"@type":"EntryPoint","urlTemplate":"https:\/\/scil-profile.de\/?s={search_term_string}"},"query-input":{"@type":"PropertyValueSpecification","valueRequired":true,"valueName":"search_term_string"}}],"inLanguage":"en-US"}]}},"_links":{"self":[{"href":"https:\/\/scil-profile.de\/en\/wp-json\/wp\/v2\/product\/113994","targetHints":{"allow":["GET"]}}],"collection":[{"href":"https:\/\/scil-profile.de\/en\/wp-json\/wp\/v2\/product"}],"about":[{"href":"https:\/\/scil-profile.de\/en\/wp-json\/wp\/v2\/types\/product"}],"wp:featuredmedia":[{"embeddable":true,"href":"https:\/\/scil-profile.de\/en\/wp-json\/wp\/v2\/media\/114378"}],"wp:attachment":[{"href":"https:\/\/scil-profile.de\/en\/wp-json\/wp\/v2\/media?parent=113994"}],"wp:term":[{"taxonomy":"product_brand","embeddable":true,"href":"https:\/\/scil-profile.de\/en\/wp-json\/wp\/v2\/product_brand?post=113994"},{"taxonomy":"product_cat","embeddable":true,"href":"https:\/\/scil-profile.de\/en\/wp-json\/wp\/v2\/product_cat?post=113994"},{"taxonomy":"product_tag","embeddable":true,"href":"https:\/\/scil-profile.de\/en\/wp-json\/wp\/v2\/product_tag?post=113994"}],"curies":[{"name":"wp","href":"https:\/\/api.w.org\/{rel}","templated":true}]}}