{"id":106531,"date":"2025-03-01T14:54:44","date_gmt":"2025-03-01T13:54:44","guid":{"rendered":"https:\/\/scil-profile.de\/?post_type=product&#038;p=106531"},"modified":"2025-03-01T14:54:44","modified_gmt":"2025-03-01T13:54:44","slug":"kommunikative-inklusion-anleitung-fuer-ein-respektvolles-miteinander-in-unternehmen-und-gesellschaft","status":"publish","type":"product","link":"https:\/\/scil-profile.de\/en\/produkt\/kommunikative-inklusion-anleitung-fuer-ein-respektvolles-miteinander-in-unternehmen-und-gesellschaft\/","title":{"rendered":"Kommunikative Inklusion &#8211; Anleitung f\u00fcr ein respektvolles Miteinander in Unternehmen und Gesellschaft"},"content":{"rendered":"<div class=\"h3\">Respektvoll kommunizieren in Unternehmen und Gesellschaft<\/div>\n<div class=\"visible-desktop\">\n<div id=\"updateLongDescriptionDesktop\" class=\"longDescription\">\n<p>In einer Welt, die sich stetig ver\u00e4ndert, ist erfolgreiche Kommunikation ein entscheidender Schl\u00fcssel zum Gelingen von Zusammenarbeit und gemeinschaftlichen Prozessen. Das Buch zeigt, wie bedeutend es ist, in Unternehmen und der Gesellschaft einen<strong>respektvollen und wertsch\u00e4tzenden Umgang<\/strong>zu f\u00f6rdern. Der Autor er\u00f6ffnet einen umfassenden Einblick in die Dynamik von Sprache als wichtiges Instrument der Inklusion und f\u00fchrt konkrete Ans\u00e4tze zur F\u00f6rderung einer offenen Dialogkultur vor.<\/p>\n<p>Das Buch beleuchtet die Herausforderungen und Chancen, die sich aus der<strong>Vermeidung diskriminierender Sprache<\/strong>und dem bewussten Einsatz<strong>inklusiver Kommunikation<\/strong>ergeben. Anhand praxisnaher Beispiele wird aufgezeigt, wie kommunikative Barrieren \u00fcberwunden und Vielfalt konstruktiv genutzt werden k\u00f6nnen.<\/p>\n<p>Ob es um die Anpassung von F\u00fchrungsstilen in Zeiten disruptiver Ver\u00e4nderungen, die Implementierung von New-Work-Konzepten oder die Rolle pers\u00f6nlicher und kultureller Hintergr\u00fcnde in der Kommunikation geht \u2013 dieses Buch bietet praxisorientierte L\u00f6sungswege f\u00fcr eine Zukunft, in der alle eine Stimme haben. Ein unverzichtbares Werk f\u00fcr alle, die einen Wandel hin zu echtem Miteinander gestalten wollen.<\/p>\n<\/div>\n<table cellspacing=\"0\" id=\"includedServices\">\n<tbody>\n<tr class=\"attribute_item_sapOrderNumber_wrapper\">\n<th scope=\"row\">Bestell-Nr.:<\/th>\n<td class=\"attribute_item_sapOrderNumber\">E12165<\/td>\n<\/tr>\n<tr class=\"attribute_item_isbn_wrapper\">\n<th scope=\"row\">ISBN:<\/th>\n<td class=\"attribute_item_isbn\">978-3-7910-6566-3<\/td>\n<\/tr>\n<tr class=\"attribute_item_edition_wrapper\">\n<th scope=\"row\" class=\"book_tmpl_show\">Auflage:<\/th>\n<td class=\"attribute_item_edition\">1. Auflage 2025<\/td>\n<\/tr>\n<tr class=\"attribute_item_unitAmount_wrapper\">\n<th scope=\"row\">Umfang:<\/th>\n<td><span class=\"attribute_item_unitAmount\">150<\/span>\u00a0<span class=\"attribute_item_unitDimension\">Seiten<\/span><\/td>\n<\/tr>\n<tr class=\"attribute_item_cover_wrapper\">\n<th scope=\"row\">Einband:<\/th>\n<td class=\"attribute_item_cover\">Broschur<\/td>\n<\/tr>\n<\/tbody>\n<\/table>\n<\/div>\n","protected":false},"excerpt":{"rendered":"<p>Respektvoll kommunizieren in Unternehmen und Gesellschaft In einer Welt, die sich stetig ver\u00e4ndert, ist erfolgreiche Kommunikation ein entscheidender Schl\u00fcssel zum Gelingen von Zusammenarbeit und gemeinschaftlichen&hellip;<\/p>\n","protected":false},"featured_media":106532,"template":"","meta":{"pmpro_default_level":""},"product_brand":[],"product_cat":[90],"product_tag":[],"class_list":{"0":"post-106531","1":"product","2":"type-product","3":"status-publish","4":"has-post-thumbnail","6":"product_cat-print","7":"pmpro-has-access","9":"first","10":"instock","11":"taxable","12":"shipping-taxable","13":"purchasable","14":"product-type-simple"},"yoast_head":"<!-- This site is optimized with the Yoast SEO plugin v27.3 - https:\/\/yoast.com\/product\/yoast-seo-wordpress\/ -->\n<title>Kommunikative Inklusion - Anleitung f\u00fcr ein respektvolles Miteinander in Unternehmen und Gesellschaft - SCIL Profile<\/title>\n<meta name=\"robots\" content=\"index, follow, max-snippet:-1, max-image-preview:large, max-video-preview:-1\" \/>\n<link rel=\"canonical\" href=\"https:\/\/scil-profile.de\/produkt\/kommunikative-inklusion-anleitung-fuer-ein-respektvolles-miteinander-in-unternehmen-und-gesellschaft\/\" \/>\n<meta property=\"og:locale\" content=\"en_US\" \/>\n<meta property=\"og:type\" content=\"article\" \/>\n<meta property=\"og:title\" content=\"Kommunikative Inklusion - Anleitung f\u00fcr ein respektvolles Miteinander in Unternehmen und Gesellschaft - SCIL Profile\" \/>\n<meta property=\"og:description\" content=\"Respektvoll kommunizieren in Unternehmen und Gesellschaft In einer Welt, die sich stetig ver\u00e4ndert, ist erfolgreiche Kommunikation ein entscheidender Schl\u00fcssel zum Gelingen von Zusammenarbeit und gemeinschaftlichen&hellip;\" \/>\n<meta property=\"og:url\" content=\"https:\/\/scil-profile.de\/produkt\/kommunikative-inklusion-anleitung-fuer-ein-respektvolles-miteinander-in-unternehmen-und-gesellschaft\/\" \/>\n<meta property=\"og:site_name\" content=\"SCIL Profile\" \/>\n<meta property=\"og:image\" content=\"https:\/\/scil-profile.de\/wp-content\/uploads\/2025\/03\/Bildschirmfoto-2025-03-01-um-14.53.34.png\" \/>\n\t<meta property=\"og:image:width\" content=\"549\" \/>\n\t<meta property=\"og:image:height\" content=\"693\" \/>\n\t<meta property=\"og:image:type\" content=\"image\/png\" \/>\n<meta name=\"twitter:card\" content=\"summary_large_image\" \/>\n<meta name=\"twitter:label1\" content=\"Est. reading time\" \/>\n\t<meta name=\"twitter:data1\" content=\"2 minutes\" \/>\n<script type=\"application\/ld+json\" class=\"yoast-schema-graph\">{\"@context\":\"https:\\\/\\\/schema.org\",\"@graph\":[{\"@type\":\"WebPage\",\"@id\":\"https:\\\/\\\/scil-profile.de\\\/produkt\\\/kommunikative-inklusion-anleitung-fuer-ein-respektvolles-miteinander-in-unternehmen-und-gesellschaft\\\/\",\"url\":\"https:\\\/\\\/scil-profile.de\\\/produkt\\\/kommunikative-inklusion-anleitung-fuer-ein-respektvolles-miteinander-in-unternehmen-und-gesellschaft\\\/\",\"name\":\"Kommunikative Inklusion - Anleitung f\u00fcr ein respektvolles Miteinander in Unternehmen und Gesellschaft - SCIL Profile\",\"isPartOf\":{\"@id\":\"https:\\\/\\\/scil-profile.de\\\/#website\"},\"primaryImageOfPage\":{\"@id\":\"https:\\\/\\\/scil-profile.de\\\/produkt\\\/kommunikative-inklusion-anleitung-fuer-ein-respektvolles-miteinander-in-unternehmen-und-gesellschaft\\\/#primaryimage\"},\"image\":{\"@id\":\"https:\\\/\\\/scil-profile.de\\\/produkt\\\/kommunikative-inklusion-anleitung-fuer-ein-respektvolles-miteinander-in-unternehmen-und-gesellschaft\\\/#primaryimage\"},\"thumbnailUrl\":\"https:\\\/\\\/scil-profile.de\\\/wp-content\\\/uploads\\\/2025\\\/03\\\/Bildschirmfoto-2025-03-01-um-14.53.34.png\",\"datePublished\":\"2025-03-01T13:54:44+00:00\",\"breadcrumb\":{\"@id\":\"https:\\\/\\\/scil-profile.de\\\/produkt\\\/kommunikative-inklusion-anleitung-fuer-ein-respektvolles-miteinander-in-unternehmen-und-gesellschaft\\\/#breadcrumb\"},\"inLanguage\":\"en-US\",\"potentialAction\":[{\"@type\":\"ReadAction\",\"target\":[\"https:\\\/\\\/scil-profile.de\\\/produkt\\\/kommunikative-inklusion-anleitung-fuer-ein-respektvolles-miteinander-in-unternehmen-und-gesellschaft\\\/\"]}]},{\"@type\":\"ImageObject\",\"inLanguage\":\"en-US\",\"@id\":\"https:\\\/\\\/scil-profile.de\\\/produkt\\\/kommunikative-inklusion-anleitung-fuer-ein-respektvolles-miteinander-in-unternehmen-und-gesellschaft\\\/#primaryimage\",\"url\":\"https:\\\/\\\/scil-profile.de\\\/wp-content\\\/uploads\\\/2025\\\/03\\\/Bildschirmfoto-2025-03-01-um-14.53.34.png\",\"contentUrl\":\"https:\\\/\\\/scil-profile.de\\\/wp-content\\\/uploads\\\/2025\\\/03\\\/Bildschirmfoto-2025-03-01-um-14.53.34.png\",\"width\":549,\"height\":693},{\"@type\":\"BreadcrumbList\",\"@id\":\"https:\\\/\\\/scil-profile.de\\\/produkt\\\/kommunikative-inklusion-anleitung-fuer-ein-respektvolles-miteinander-in-unternehmen-und-gesellschaft\\\/#breadcrumb\",\"itemListElement\":[{\"@type\":\"ListItem\",\"position\":1,\"name\":\"Weiterbildung\",\"item\":\"https:\\\/\\\/scil-profile.de\\\/\"},{\"@type\":\"ListItem\",\"position\":2,\"name\":\"Shop\",\"item\":\"https:\\\/\\\/scil-profile.de\\\/shop\\\/\"},{\"@type\":\"ListItem\",\"position\":3,\"name\":\"Kommunikative Inklusion &#8211; Anleitung f\u00fcr ein respektvolles Miteinander in Unternehmen und Gesellschaft\"}]},{\"@type\":\"WebSite\",\"@id\":\"https:\\\/\\\/scil-profile.de\\\/#website\",\"url\":\"https:\\\/\\\/scil-profile.de\\\/\",\"name\":\"SCIL Profile\",\"description\":\"Entdecke und entfalte Dein Charisma. Pers\u00f6nliche Wirkung und Wahrnehmung als Schl\u00fcssel f\u00fcr mehr Erfolg.\",\"potentialAction\":[{\"@type\":\"SearchAction\",\"target\":{\"@type\":\"EntryPoint\",\"urlTemplate\":\"https:\\\/\\\/scil-profile.de\\\/?s={search_term_string}\"},\"query-input\":{\"@type\":\"PropertyValueSpecification\",\"valueRequired\":true,\"valueName\":\"search_term_string\"}}],\"inLanguage\":\"en-US\"}]}<\/script>\n<!-- \/ Yoast SEO plugin. -->","yoast_head_json":{"title":"Kommunikative Inklusion - Anleitung f\u00fcr ein respektvolles Miteinander in Unternehmen und Gesellschaft - SCIL Profile","robots":{"index":"index","follow":"follow","max-snippet":"max-snippet:-1","max-image-preview":"max-image-preview:large","max-video-preview":"max-video-preview:-1"},"canonical":"https:\/\/scil-profile.de\/produkt\/kommunikative-inklusion-anleitung-fuer-ein-respektvolles-miteinander-in-unternehmen-und-gesellschaft\/","og_locale":"en_US","og_type":"article","og_title":"Kommunikative Inklusion - Anleitung f\u00fcr ein respektvolles Miteinander in Unternehmen und Gesellschaft - SCIL Profile","og_description":"Respektvoll kommunizieren in Unternehmen und Gesellschaft In einer Welt, die sich stetig ver\u00e4ndert, ist erfolgreiche Kommunikation ein entscheidender Schl\u00fcssel zum Gelingen von Zusammenarbeit und gemeinschaftlichen&hellip;","og_url":"https:\/\/scil-profile.de\/produkt\/kommunikative-inklusion-anleitung-fuer-ein-respektvolles-miteinander-in-unternehmen-und-gesellschaft\/","og_site_name":"SCIL Profile","og_image":[{"width":549,"height":693,"url":"https:\/\/scil-profile.de\/wp-content\/uploads\/2025\/03\/Bildschirmfoto-2025-03-01-um-14.53.34.png","type":"image\/png"}],"twitter_card":"summary_large_image","twitter_misc":{"Est. reading time":"2 minutes"},"schema":{"@context":"https:\/\/schema.org","@graph":[{"@type":"WebPage","@id":"https:\/\/scil-profile.de\/produkt\/kommunikative-inklusion-anleitung-fuer-ein-respektvolles-miteinander-in-unternehmen-und-gesellschaft\/","url":"https:\/\/scil-profile.de\/produkt\/kommunikative-inklusion-anleitung-fuer-ein-respektvolles-miteinander-in-unternehmen-und-gesellschaft\/","name":"Kommunikative Inklusion - Anleitung f\u00fcr ein respektvolles Miteinander in Unternehmen und Gesellschaft - SCIL Profile","isPartOf":{"@id":"https:\/\/scil-profile.de\/#website"},"primaryImageOfPage":{"@id":"https:\/\/scil-profile.de\/produkt\/kommunikative-inklusion-anleitung-fuer-ein-respektvolles-miteinander-in-unternehmen-und-gesellschaft\/#primaryimage"},"image":{"@id":"https:\/\/scil-profile.de\/produkt\/kommunikative-inklusion-anleitung-fuer-ein-respektvolles-miteinander-in-unternehmen-und-gesellschaft\/#primaryimage"},"thumbnailUrl":"https:\/\/scil-profile.de\/wp-content\/uploads\/2025\/03\/Bildschirmfoto-2025-03-01-um-14.53.34.png","datePublished":"2025-03-01T13:54:44+00:00","breadcrumb":{"@id":"https:\/\/scil-profile.de\/produkt\/kommunikative-inklusion-anleitung-fuer-ein-respektvolles-miteinander-in-unternehmen-und-gesellschaft\/#breadcrumb"},"inLanguage":"en-US","potentialAction":[{"@type":"ReadAction","target":["https:\/\/scil-profile.de\/produkt\/kommunikative-inklusion-anleitung-fuer-ein-respektvolles-miteinander-in-unternehmen-und-gesellschaft\/"]}]},{"@type":"ImageObject","inLanguage":"en-US","@id":"https:\/\/scil-profile.de\/produkt\/kommunikative-inklusion-anleitung-fuer-ein-respektvolles-miteinander-in-unternehmen-und-gesellschaft\/#primaryimage","url":"https:\/\/scil-profile.de\/wp-content\/uploads\/2025\/03\/Bildschirmfoto-2025-03-01-um-14.53.34.png","contentUrl":"https:\/\/scil-profile.de\/wp-content\/uploads\/2025\/03\/Bildschirmfoto-2025-03-01-um-14.53.34.png","width":549,"height":693},{"@type":"BreadcrumbList","@id":"https:\/\/scil-profile.de\/produkt\/kommunikative-inklusion-anleitung-fuer-ein-respektvolles-miteinander-in-unternehmen-und-gesellschaft\/#breadcrumb","itemListElement":[{"@type":"ListItem","position":1,"name":"Weiterbildung","item":"https:\/\/scil-profile.de\/"},{"@type":"ListItem","position":2,"name":"Shop","item":"https:\/\/scil-profile.de\/shop\/"},{"@type":"ListItem","position":3,"name":"Kommunikative Inklusion &#8211; Anleitung f\u00fcr ein respektvolles Miteinander in Unternehmen und Gesellschaft"}]},{"@type":"WebSite","@id":"https:\/\/scil-profile.de\/#website","url":"https:\/\/scil-profile.de\/","name":"SCIL Profile","description":"Entdecke und entfalte Dein Charisma. Pers\u00f6nliche Wirkung und Wahrnehmung als Schl\u00fcssel f\u00fcr mehr Erfolg.","potentialAction":[{"@type":"SearchAction","target":{"@type":"EntryPoint","urlTemplate":"https:\/\/scil-profile.de\/?s={search_term_string}"},"query-input":{"@type":"PropertyValueSpecification","valueRequired":true,"valueName":"search_term_string"}}],"inLanguage":"en-US"}]}},"_links":{"self":[{"href":"https:\/\/scil-profile.de\/en\/wp-json\/wp\/v2\/product\/106531","targetHints":{"allow":["GET"]}}],"collection":[{"href":"https:\/\/scil-profile.de\/en\/wp-json\/wp\/v2\/product"}],"about":[{"href":"https:\/\/scil-profile.de\/en\/wp-json\/wp\/v2\/types\/product"}],"wp:featuredmedia":[{"embeddable":true,"href":"https:\/\/scil-profile.de\/en\/wp-json\/wp\/v2\/media\/106532"}],"wp:attachment":[{"href":"https:\/\/scil-profile.de\/en\/wp-json\/wp\/v2\/media?parent=106531"}],"wp:term":[{"taxonomy":"product_brand","embeddable":true,"href":"https:\/\/scil-profile.de\/en\/wp-json\/wp\/v2\/product_brand?post=106531"},{"taxonomy":"product_cat","embeddable":true,"href":"https:\/\/scil-profile.de\/en\/wp-json\/wp\/v2\/product_cat?post=106531"},{"taxonomy":"product_tag","embeddable":true,"href":"https:\/\/scil-profile.de\/en\/wp-json\/wp\/v2\/product_tag?post=106531"}],"curies":[{"name":"wp","href":"https:\/\/api.w.org\/{rel}","templated":true}]}}